{"id":459,"date":"2025-01-08T21:37:31","date_gmt":"2025-01-08T20:37:31","guid":{"rendered":"https:\/\/sinodrew.austor.pl\/?post_type=product&#038;p=459"},"modified":"2025-01-19T21:35:35","modified_gmt":"2025-01-19T20:35:35","slug":"strugarka-czterostronna-vk-b416d","status":"publish","type":"product","link":"https:\/\/sinodrew.pl\/en\/product\/strugarka-czterostronna-vk-b416d\/","title":{"rendered":"VK-B416D Four-sided planer"},"content":{"rendered":"<p>VK-B630D Four-sided planer for dry wood <strong>VK-B416D<\/strong> do drewna suchego.<\/p>\n<p><strong>Technical specifications:<\/strong><\/p>\n<table border=\"1\" cellpadding=\"10\" cellspacing=\"0\">\n<thead>\n<tr>\n<th>Specification<\/th>\n<th>Value<\/th>\n<\/tr>\n<\/thead>\n<tbody>\n<tr>\n<td>Working width<\/td>\n<td>25\u2013160 mm<\/td>\n<\/tr>\n<tr>\n<td>Working thickness<\/td>\n<td>8\u2013100 mm<\/td>\n<\/tr>\n<tr>\n<td>Min. cutting length<\/td>\n<td>580 mm \/ 300 mm<\/td>\n<\/tr>\n<tr>\n<td>Feeding speed<\/td>\n<td>od 5 do 36 m\/min<\/td>\n<\/tr>\n<tr>\n<td>Total power<\/td>\n<td>38,25 kW<\/td>\n<\/tr>\n<tr>\n<td>Main spindle speed<\/td>\n<td>6000 rpm<\/td>\n<\/tr>\n<tr>\n<td>Trimming blade diameter<\/td>\n<td>\u03a6120 mm<\/td>\n<\/tr>\n<tr>\n<td>Blade diameter<\/td>\n<td>\u03a640 mm<\/td>\n<\/tr>\n<tr>\n<td rowspan=\"3\">Blades diameter<\/td>\n<td>Lewe \/ Prawe: \u03a6100 &#8211; \u03a6200mm<\/td>\n<\/tr>\n<tr>\n<td>Pierwsze g\u00f3rne: \u03a6100 &#8211; \u03a6200mm<\/td>\n<\/tr>\n<tr>\n<td>Pierwsze dolne: \u03a6100mm<\/td>\n<\/tr>\n<tr>\n<td>Sawblade diameter<\/td>\n<td>\u03a6305 x \u03a650 mm<\/td>\n<\/tr>\n<tr>\n<td>Power on individual spindles:<\/td>\n<td>Upper: 7,5 kW, Lower: 5,5 kW<\/td>\n<\/tr>\n<tr>\n<td>Saw spindle motor power<\/td>\n<td>22 kW<\/td>\n<\/tr>\n<tr>\n<td>Spindle lifting motor power<\/td>\n<td>0,75 kW<\/td>\n<\/tr>\n<tr>\n<td>Press lifting motor power<\/td>\n<td>0,75 kW<\/td>\n<\/tr>\n<tr>\n<td rowspan=\"4\">Blade motor power<\/td>\n<td>Left: 3 kW<\/td>\n<\/tr>\n<tr>\n<td>Right: 3 kW<\/td>\n<\/tr>\n<tr>\n<td>Pierwsze g\u00f3rne: 4 kW<\/td>\n<\/tr>\n<tr>\n<td>Pierwsze dolne: 3 kW<\/td>\n<\/tr>\n<tr>\n<td>Feeding motor power<\/td>\n<td>2,2 kW<\/td>\n<\/tr>\n<tr>\n<td>Pneumatic source pressure<\/td>\n<td>0,6 MPa<\/td>\n<\/tr>\n<tr>\n<td>Suction port diameter<\/td>\n<td>6 x \u03a6150mm<\/td>\n<\/tr>\n<tr>\n<td>Weight<\/td>\n<td>3000 kg<\/td>\n<\/tr>\n<tr>\n<td>Dimensions<\/td>\n<td>3770 x 1550 x 1660 mm<\/td>\n<\/tr>\n<\/tbody>\n<\/table>","protected":false},"excerpt":{"rendered":"<p>Strugarka czterostronna VK-B416D do drewna suchego. Specyfikacja techniczna: Specyfikacja Warto\u015b\u0107 Zakres szeroko\u015bci roboczej 25\u2013160 mm Zakres grubo\u015bci roboczej 8\u2013100 mm Minimalna d\u0142ugo\u015b\u0107 ci\u0119cia 580 mm \/ 300 mm Pr\u0119dko\u015b\u0107 posuwu od 5 do 36 m\/min Moc ca\u0142kowita 38,25 kW Pr\u0119dko\u015b\u0107 wrzeciona 6000 obr\/min \u015arednica ostrza przycinaj\u0105cego \u03a6120 mm \u015arednica ostrza [&hellip;]<\/p>","protected":false},"featured_media":461,"comment_status":"open","ping_status":"closed","template":"","meta":[],"product_brand":[],"product_cat":[40,42],"product_tag":[],"class_list":{"0":"post-459","1":"product","2":"type-product","3":"status-publish","4":"has-post-thumbnail","6":"product_cat-strugarki","7":"product_cat-strugarki-czterostronne","9":"first","10":"onbackorder","11":"shipping-taxable","12":"product-type-simple"},"yoast_head":"<!-- This site is optimized with the Yoast SEO plugin v25.6 - https:\/\/yoast.com\/wordpress\/plugins\/seo\/ -->\n<title>Strugarka czterostronna VK-B416D - SINODREW<\/title>\n<meta name=\"robots\" content=\"noindex, follow\" \/>\n<meta property=\"og:locale\" content=\"en_GB\" \/>\n<meta property=\"og:type\" content=\"article\" \/>\n<meta property=\"og:title\" content=\"Strugarka czterostronna VK-B416D - SINODREW\" \/>\n<meta property=\"og:description\" content=\"Strugarka czterostronna VK-B416D do drewna suchego. Specyfikacja techniczna: Specyfikacja Warto\u015b\u0107 Zakres szeroko\u015bci roboczej 25\u2013160 mm Zakres grubo\u015bci roboczej 8\u2013100 mm Minimalna d\u0142ugo\u015b\u0107 ci\u0119cia 580 mm \/ 300 mm Pr\u0119dko\u015b\u0107 posuwu od 5 do 36 m\/min Moc ca\u0142kowita 38,25 kW Pr\u0119dko\u015b\u0107 wrzeciona 6000 obr\/min \u015arednica ostrza przycinaj\u0105cego \u03a6120 mm \u015arednica ostrza [&hellip;]\" \/>\n<meta property=\"og:url\" content=\"https:\/\/sinodrew.pl\/en\/product\/strugarka-czterostronna-vk-b416d\/\" \/>\n<meta property=\"og:site_name\" content=\"SINODREW\" \/>\n<meta property=\"article:modified_time\" content=\"2025-01-19T20:35:35+00:00\" \/>\n<meta property=\"og:image\" content=\"https:\/\/sinodrew.pl\/wp-content\/uploads\/2025\/01\/B416B.png\" \/>\n\t<meta property=\"og:image:width\" content=\"800\" \/>\n\t<meta property=\"og:image:height\" content=\"655\" \/>\n\t<meta property=\"og:image:type\" content=\"image\/png\" \/>\n<meta name=\"twitter:card\" content=\"summary_large_image\" \/>\n<meta name=\"twitter:label1\" content=\"Estimated reading time\" \/>\n\t<meta name=\"twitter:data1\" content=\"2 minutes\" \/>\n<script type=\"application\/ld+json\" class=\"yoast-schema-graph\">{\"@context\":\"https:\/\/schema.org\",\"@graph\":[{\"@type\":\"WebPage\",\"@id\":\"https:\/\/sinodrew.pl\/en\/product\/strugarka-czterostronna-vk-b416d\/\",\"url\":\"https:\/\/sinodrew.pl\/en\/product\/strugarka-czterostronna-vk-b416d\/\",\"name\":\"Strugarka czterostronna VK-B416D - SINODREW\",\"isPartOf\":{\"@id\":\"https:\/\/sinodrew.pl\/en\/#website\"},\"primaryImageOfPage\":{\"@id\":\"https:\/\/sinodrew.pl\/en\/product\/strugarka-czterostronna-vk-b416d\/#primaryimage\"},\"image\":{\"@id\":\"https:\/\/sinodrew.pl\/en\/product\/strugarka-czterostronna-vk-b416d\/#primaryimage\"},\"thumbnailUrl\":\"https:\/\/sinodrew.pl\/wp-content\/uploads\/2025\/01\/B416B.png\",\"datePublished\":\"2025-01-08T20:37:31+00:00\",\"dateModified\":\"2025-01-19T20:35:35+00:00\",\"breadcrumb\":{\"@id\":\"https:\/\/sinodrew.pl\/en\/product\/strugarka-czterostronna-vk-b416d\/#breadcrumb\"},\"inLanguage\":\"en-GB\",\"potentialAction\":[{\"@type\":\"ReadAction\",\"target\":[\"https:\/\/sinodrew.pl\/en\/product\/strugarka-czterostronna-vk-b416d\/\"]}]},{\"@type\":\"ImageObject\",\"inLanguage\":\"en-GB\",\"@id\":\"https:\/\/sinodrew.pl\/en\/product\/strugarka-czterostronna-vk-b416d\/#primaryimage\",\"url\":\"https:\/\/sinodrew.pl\/wp-content\/uploads\/2025\/01\/B416B.png\",\"contentUrl\":\"https:\/\/sinodrew.pl\/wp-content\/uploads\/2025\/01\/B416B.png\",\"width\":800,\"height\":655},{\"@type\":\"BreadcrumbList\",\"@id\":\"https:\/\/sinodrew.pl\/en\/product\/strugarka-czterostronna-vk-b416d\/#breadcrumb\",\"itemListElement\":[{\"@type\":\"ListItem\",\"position\":1,\"name\":\"Strona g\u0142\u00f3wna\",\"item\":\"https:\/\/sinodrew.pl\/en\/\"},{\"@type\":\"ListItem\",\"position\":2,\"name\":\"Kategorie\",\"item\":\"https:\/\/sinodrew.pl\/maszyny\/\"},{\"@type\":\"ListItem\",\"position\":3,\"name\":\"Strugarka czterostronna VK-B416D\"}]},{\"@type\":\"WebSite\",\"@id\":\"https:\/\/sinodrew.pl\/en\/#website\",\"url\":\"https:\/\/sinodrew.pl\/en\/\",\"name\":\"SINODREW\",\"description\":\"\",\"publisher\":{\"@id\":\"https:\/\/sinodrew.pl\/en\/#organization\"},\"potentialAction\":[{\"@type\":\"SearchAction\",\"target\":{\"@type\":\"EntryPoint\",\"urlTemplate\":\"https:\/\/sinodrew.pl\/en\/?s={search_term_string}\"},\"query-input\":{\"@type\":\"PropertyValueSpecification\",\"valueRequired\":true,\"valueName\":\"search_term_string\"}}],\"inLanguage\":\"en-GB\"},{\"@type\":\"Organization\",\"@id\":\"https:\/\/sinodrew.pl\/en\/#organization\",\"name\":\"SINODREW\",\"url\":\"https:\/\/sinodrew.pl\/en\/\",\"logo\":{\"@type\":\"ImageObject\",\"inLanguage\":\"en-GB\",\"@id\":\"https:\/\/sinodrew.pl\/en\/#\/schema\/logo\/image\/\",\"url\":\"https:\/\/sinodrew.pl\/wp-content\/uploads\/2024\/12\/sinodrew_logo.jpg\",\"contentUrl\":\"https:\/\/sinodrew.pl\/wp-content\/uploads\/2024\/12\/sinodrew_logo.jpg\",\"width\":2300,\"height\":971,\"caption\":\"SINODREW\"},\"image\":{\"@id\":\"https:\/\/sinodrew.pl\/en\/#\/schema\/logo\/image\/\"}}]}<\/script>\n<!-- \/ Yoast SEO plugin. -->","yoast_head_json":{"title":"Strugarka czterostronna VK-B416D - SINODREW","robots":{"index":"noindex","follow":"follow"},"og_locale":"en_GB","og_type":"article","og_title":"Strugarka czterostronna VK-B416D - SINODREW","og_description":"Strugarka czterostronna VK-B416D do drewna suchego. Specyfikacja techniczna: Specyfikacja Warto\u015b\u0107 Zakres szeroko\u015bci roboczej 25\u2013160 mm Zakres grubo\u015bci roboczej 8\u2013100 mm Minimalna d\u0142ugo\u015b\u0107 ci\u0119cia 580 mm \/ 300 mm Pr\u0119dko\u015b\u0107 posuwu od 5 do 36 m\/min Moc ca\u0142kowita 38,25 kW Pr\u0119dko\u015b\u0107 wrzeciona 6000 obr\/min \u015arednica ostrza przycinaj\u0105cego \u03a6120 mm \u015arednica ostrza [&hellip;]","og_url":"https:\/\/sinodrew.pl\/en\/product\/strugarka-czterostronna-vk-b416d\/","og_site_name":"SINODREW","article_modified_time":"2025-01-19T20:35:35+00:00","og_image":[{"width":800,"height":655,"url":"https:\/\/sinodrew.pl\/wp-content\/uploads\/2025\/01\/B416B.png","type":"image\/png"}],"twitter_card":"summary_large_image","twitter_misc":{"Estimated reading time":"2 minutes"},"schema":{"@context":"https:\/\/schema.org","@graph":[{"@type":"WebPage","@id":"https:\/\/sinodrew.pl\/en\/product\/strugarka-czterostronna-vk-b416d\/","url":"https:\/\/sinodrew.pl\/en\/product\/strugarka-czterostronna-vk-b416d\/","name":"Strugarka czterostronna VK-B416D - SINODREW","isPartOf":{"@id":"https:\/\/sinodrew.pl\/en\/#website"},"primaryImageOfPage":{"@id":"https:\/\/sinodrew.pl\/en\/product\/strugarka-czterostronna-vk-b416d\/#primaryimage"},"image":{"@id":"https:\/\/sinodrew.pl\/en\/product\/strugarka-czterostronna-vk-b416d\/#primaryimage"},"thumbnailUrl":"https:\/\/sinodrew.pl\/wp-content\/uploads\/2025\/01\/B416B.png","datePublished":"2025-01-08T20:37:31+00:00","dateModified":"2025-01-19T20:35:35+00:00","breadcrumb":{"@id":"https:\/\/sinodrew.pl\/en\/product\/strugarka-czterostronna-vk-b416d\/#breadcrumb"},"inLanguage":"en-GB","potentialAction":[{"@type":"ReadAction","target":["https:\/\/sinodrew.pl\/en\/product\/strugarka-czterostronna-vk-b416d\/"]}]},{"@type":"ImageObject","inLanguage":"en-GB","@id":"https:\/\/sinodrew.pl\/en\/product\/strugarka-czterostronna-vk-b416d\/#primaryimage","url":"https:\/\/sinodrew.pl\/wp-content\/uploads\/2025\/01\/B416B.png","contentUrl":"https:\/\/sinodrew.pl\/wp-content\/uploads\/2025\/01\/B416B.png","width":800,"height":655},{"@type":"BreadcrumbList","@id":"https:\/\/sinodrew.pl\/en\/product\/strugarka-czterostronna-vk-b416d\/#breadcrumb","itemListElement":[{"@type":"ListItem","position":1,"name":"Strona g\u0142\u00f3wna","item":"https:\/\/sinodrew.pl\/en\/"},{"@type":"ListItem","position":2,"name":"Kategorie","item":"https:\/\/sinodrew.pl\/maszyny\/"},{"@type":"ListItem","position":3,"name":"Strugarka czterostronna VK-B416D"}]},{"@type":"WebSite","@id":"https:\/\/sinodrew.pl\/en\/#website","url":"https:\/\/sinodrew.pl\/en\/","name":"SINODREW","description":"","publisher":{"@id":"https:\/\/sinodrew.pl\/en\/#organization"},"potentialAction":[{"@type":"SearchAction","target":{"@type":"EntryPoint","urlTemplate":"https:\/\/sinodrew.pl\/en\/?s={search_term_string}"},"query-input":{"@type":"PropertyValueSpecification","valueRequired":true,"valueName":"search_term_string"}}],"inLanguage":"en-GB"},{"@type":"Organization","@id":"https:\/\/sinodrew.pl\/en\/#organization","name":"SINODREW","url":"https:\/\/sinodrew.pl\/en\/","logo":{"@type":"ImageObject","inLanguage":"en-GB","@id":"https:\/\/sinodrew.pl\/en\/#\/schema\/logo\/image\/","url":"https:\/\/sinodrew.pl\/wp-content\/uploads\/2024\/12\/sinodrew_logo.jpg","contentUrl":"https:\/\/sinodrew.pl\/wp-content\/uploads\/2024\/12\/sinodrew_logo.jpg","width":2300,"height":971,"caption":"SINODREW"},"image":{"@id":"https:\/\/sinodrew.pl\/en\/#\/schema\/logo\/image\/"}}]}},"_links":{"self":[{"href":"https:\/\/sinodrew.pl\/en\/wp-json\/wp\/v2\/product\/459","targetHints":{"allow":["GET"]}}],"collection":[{"href":"https:\/\/sinodrew.pl\/en\/wp-json\/wp\/v2\/product"}],"about":[{"href":"https:\/\/sinodrew.pl\/en\/wp-json\/wp\/v2\/types\/product"}],"replies":[{"embeddable":true,"href":"https:\/\/sinodrew.pl\/en\/wp-json\/wp\/v2\/comments?post=459"}],"wp:featuredmedia":[{"embeddable":true,"href":"https:\/\/sinodrew.pl\/en\/wp-json\/wp\/v2\/media\/461"}],"wp:attachment":[{"href":"https:\/\/sinodrew.pl\/en\/wp-json\/wp\/v2\/media?parent=459"}],"wp:term":[{"taxonomy":"product_brand","embeddable":true,"href":"https:\/\/sinodrew.pl\/en\/wp-json\/wp\/v2\/product_brand?post=459"},{"taxonomy":"product_cat","embeddable":true,"href":"https:\/\/sinodrew.pl\/en\/wp-json\/wp\/v2\/product_cat?post=459"},{"taxonomy":"product_tag","embeddable":true,"href":"https:\/\/sinodrew.pl\/en\/wp-json\/wp\/v2\/product_tag?post=459"}],"curies":[{"name":"wp","href":"https:\/\/api.w.org\/{rel}","templated":true}]}}