{"id":417,"date":"2024-12-30T22:10:49","date_gmt":"2024-12-30T21:10:49","guid":{"rendered":"https:\/\/sinodrew.austor.pl\/?post_type=product&#038;p=417"},"modified":"2024-12-30T23:05:48","modified_gmt":"2024-12-30T22:05:48","slug":"strugarko-frezarka-czterostronna","status":"publish","type":"product","link":"https:\/\/sinodrew.pl\/en\/product\/strugarko-frezarka-czterostronna\/","title":{"rendered":"Strugarko-frezarka (czterostronna)"},"content":{"rendered":"<p>Machine capable of planing on four sides.<\/p>\n<table>\n<caption>Machine specifications<\/caption>\n<tr>\n<th>Description<\/th>\n<th>Value<\/th>\n<\/tr>\n<tr>\n<td>Max. thickness<\/td>\n<td>400 mm<\/td>\n<\/tr>\n<tr>\n<td>Height \/ thickness<\/td>\n<td>od 20 do 120 mm<\/td>\n<\/tr>\n<tr>\n<td>Left\/right spindles<\/td>\n<td>3 kW + 3 kW \u2013 7000 obr.\/min.<\/td>\n<\/tr>\n<tr>\n<td>Horizontal planings<\/td>\n<td>5 kW \u2013 8000 obr.\/min.<\/td>\n<\/tr>\n<\/table>\n<p>Machine new, in stock. A simple and very functional machine, very solid construction.<br \/>\nPossible transportation within Poland.<br \/>\nFeel free to contact us about purchases or cooperating with us on woodworking machines and more.<br \/>\nWe are an importer with many years of experience. We import customised machines and models in standard configuration. Our product range includes: <a href=\"https:\/\/sinodrew.pl\/en\/product-category\/wielopila\/\">multi-saws<\/a>, presses, adhesive application machines, <a href=\"https:\/\/sinodrew.pl\/en\/product-category\/strugarki\/\">planers<\/a>, grinders, etc.<\/p>","protected":false},"excerpt":{"rendered":"<p>Maszyna z mo\u017cliwo\u015bci\u0105 strugania z czterech stron Specyfikacja Maszyny Opis Warto\u015b\u0107 Maksymalna szeroko\u015b\u0107 400 mm Wysoko\u015b\u0107\/grubo\u015b\u0107 od 20 do 120 mm Wrzeciona lewe\/prawe 3 kW + 3 kW \u2013 7000 obr.\/min. Strugania poziome silnik 5 kW \u2013 8000 obr.\/min. Maszyna nowa, na stanie magazynowym. Proste i bardzo funkcjonalne urz\u0105dzenie, bardzo [&hellip;]<\/p>","protected":false},"featured_media":440,"comment_status":"open","ping_status":"closed","template":"","meta":[],"product_brand":[],"product_cat":[40],"product_tag":[],"class_list":{"0":"post-417","1":"product","2":"type-product","3":"status-publish","4":"has-post-thumbnail","6":"product_cat-strugarki","8":"first","9":"instock","10":"shipping-taxable","11":"product-type-simple"},"yoast_head":"<!-- This site is optimized with the Yoast SEO plugin v25.6 - https:\/\/yoast.com\/wordpress\/plugins\/seo\/ -->\n<title>Strugarko-frezarka (czterostronna) - SINODREW<\/title>\n<meta name=\"robots\" content=\"index, follow, max-snippet:-1, max-image-preview:large, max-video-preview:-1\" \/>\n<link rel=\"canonical\" href=\"https:\/\/sinodrew.pl\/en\/product\/strugarko-frezarka-czterostronna\/\" \/>\n<meta property=\"og:locale\" content=\"en_GB\" \/>\n<meta property=\"og:type\" content=\"article\" \/>\n<meta property=\"og:title\" content=\"Strugarko-frezarka (czterostronna) - SINODREW\" \/>\n<meta property=\"og:description\" content=\"Maszyna z mo\u017cliwo\u015bci\u0105 strugania z czterech stron Specyfikacja Maszyny Opis Warto\u015b\u0107 Maksymalna szeroko\u015b\u0107 400 mm Wysoko\u015b\u0107\/grubo\u015b\u0107 od 20 do 120 mm Wrzeciona lewe\/prawe 3 kW + 3 kW \u2013 7000 obr.\/min. Strugania poziome silnik 5 kW \u2013 8000 obr.\/min. Maszyna nowa, na stanie magazynowym. Proste i bardzo funkcjonalne urz\u0105dzenie, bardzo [&hellip;]\" \/>\n<meta property=\"og:url\" content=\"https:\/\/sinodrew.pl\/en\/product\/strugarko-frezarka-czterostronna\/\" \/>\n<meta property=\"og:site_name\" content=\"SINODREW\" \/>\n<meta property=\"article:modified_time\" content=\"2024-12-30T22:05:48+00:00\" \/>\n<meta property=\"og:image\" content=\"https:\/\/sinodrew.pl\/wp-content\/uploads\/2024\/12\/image3.png\" \/>\n\t<meta property=\"og:image:width\" content=\"338\" \/>\n\t<meta property=\"og:image:height\" content=\"600\" \/>\n\t<meta property=\"og:image:type\" content=\"image\/png\" \/>\n<meta name=\"twitter:card\" content=\"summary_large_image\" \/>\n<meta name=\"twitter:label1\" content=\"Estimated reading time\" \/>\n\t<meta name=\"twitter:data1\" content=\"1 minute\" \/>\n<script type=\"application\/ld+json\" class=\"yoast-schema-graph\">{\"@context\":\"https:\/\/schema.org\",\"@graph\":[{\"@type\":\"WebPage\",\"@id\":\"https:\/\/sinodrew.pl\/en\/product\/strugarko-frezarka-czterostronna\/\",\"url\":\"https:\/\/sinodrew.pl\/en\/product\/strugarko-frezarka-czterostronna\/\",\"name\":\"Strugarko-frezarka (czterostronna) - SINODREW\",\"isPartOf\":{\"@id\":\"https:\/\/sinodrew.pl\/en\/#website\"},\"primaryImageOfPage\":{\"@id\":\"https:\/\/sinodrew.pl\/en\/product\/strugarko-frezarka-czterostronna\/#primaryimage\"},\"image\":{\"@id\":\"https:\/\/sinodrew.pl\/en\/product\/strugarko-frezarka-czterostronna\/#primaryimage\"},\"thumbnailUrl\":\"https:\/\/sinodrew.pl\/wp-content\/uploads\/2024\/12\/image3.png\",\"datePublished\":\"2024-12-30T21:10:49+00:00\",\"dateModified\":\"2024-12-30T22:05:48+00:00\",\"breadcrumb\":{\"@id\":\"https:\/\/sinodrew.pl\/en\/product\/strugarko-frezarka-czterostronna\/#breadcrumb\"},\"inLanguage\":\"en-GB\",\"potentialAction\":[{\"@type\":\"ReadAction\",\"target\":[\"https:\/\/sinodrew.pl\/en\/product\/strugarko-frezarka-czterostronna\/\"]}]},{\"@type\":\"ImageObject\",\"inLanguage\":\"en-GB\",\"@id\":\"https:\/\/sinodrew.pl\/en\/product\/strugarko-frezarka-czterostronna\/#primaryimage\",\"url\":\"https:\/\/sinodrew.pl\/wp-content\/uploads\/2024\/12\/image3.png\",\"contentUrl\":\"https:\/\/sinodrew.pl\/wp-content\/uploads\/2024\/12\/image3.png\",\"width\":338,\"height\":600},{\"@type\":\"BreadcrumbList\",\"@id\":\"https:\/\/sinodrew.pl\/en\/product\/strugarko-frezarka-czterostronna\/#breadcrumb\",\"itemListElement\":[{\"@type\":\"ListItem\",\"position\":1,\"name\":\"Strona g\u0142\u00f3wna\",\"item\":\"https:\/\/sinodrew.pl\/en\/\"},{\"@type\":\"ListItem\",\"position\":2,\"name\":\"Kategorie\",\"item\":\"https:\/\/sinodrew.pl\/maszyny\/\"},{\"@type\":\"ListItem\",\"position\":3,\"name\":\"Strugarko-frezarka (czterostronna)\"}]},{\"@type\":\"WebSite\",\"@id\":\"https:\/\/sinodrew.pl\/en\/#website\",\"url\":\"https:\/\/sinodrew.pl\/en\/\",\"name\":\"SINODREW\",\"description\":\"\",\"publisher\":{\"@id\":\"https:\/\/sinodrew.pl\/en\/#organization\"},\"potentialAction\":[{\"@type\":\"SearchAction\",\"target\":{\"@type\":\"EntryPoint\",\"urlTemplate\":\"https:\/\/sinodrew.pl\/en\/?s={search_term_string}\"},\"query-input\":{\"@type\":\"PropertyValueSpecification\",\"valueRequired\":true,\"valueName\":\"search_term_string\"}}],\"inLanguage\":\"en-GB\"},{\"@type\":\"Organization\",\"@id\":\"https:\/\/sinodrew.pl\/en\/#organization\",\"name\":\"SINODREW\",\"url\":\"https:\/\/sinodrew.pl\/en\/\",\"logo\":{\"@type\":\"ImageObject\",\"inLanguage\":\"en-GB\",\"@id\":\"https:\/\/sinodrew.pl\/en\/#\/schema\/logo\/image\/\",\"url\":\"https:\/\/sinodrew.pl\/wp-content\/uploads\/2024\/12\/sinodrew_logo.jpg\",\"contentUrl\":\"https:\/\/sinodrew.pl\/wp-content\/uploads\/2024\/12\/sinodrew_logo.jpg\",\"width\":2300,\"height\":971,\"caption\":\"SINODREW\"},\"image\":{\"@id\":\"https:\/\/sinodrew.pl\/en\/#\/schema\/logo\/image\/\"}}]}<\/script>\n<!-- \/ Yoast SEO plugin. -->","yoast_head_json":{"title":"Strugarko-frezarka (czterostronna) - SINODREW","robots":{"index":"index","follow":"follow","max-snippet":"max-snippet:-1","max-image-preview":"max-image-preview:large","max-video-preview":"max-video-preview:-1"},"canonical":"https:\/\/sinodrew.pl\/en\/product\/strugarko-frezarka-czterostronna\/","og_locale":"en_GB","og_type":"article","og_title":"Strugarko-frezarka (czterostronna) - SINODREW","og_description":"Maszyna z mo\u017cliwo\u015bci\u0105 strugania z czterech stron Specyfikacja Maszyny Opis Warto\u015b\u0107 Maksymalna szeroko\u015b\u0107 400 mm Wysoko\u015b\u0107\/grubo\u015b\u0107 od 20 do 120 mm Wrzeciona lewe\/prawe 3 kW + 3 kW \u2013 7000 obr.\/min. Strugania poziome silnik 5 kW \u2013 8000 obr.\/min. Maszyna nowa, na stanie magazynowym. Proste i bardzo funkcjonalne urz\u0105dzenie, bardzo [&hellip;]","og_url":"https:\/\/sinodrew.pl\/en\/product\/strugarko-frezarka-czterostronna\/","og_site_name":"SINODREW","article_modified_time":"2024-12-30T22:05:48+00:00","og_image":[{"width":338,"height":600,"url":"https:\/\/sinodrew.pl\/wp-content\/uploads\/2024\/12\/image3.png","type":"image\/png"}],"twitter_card":"summary_large_image","twitter_misc":{"Estimated reading time":"1 minute"},"schema":{"@context":"https:\/\/schema.org","@graph":[{"@type":"WebPage","@id":"https:\/\/sinodrew.pl\/en\/product\/strugarko-frezarka-czterostronna\/","url":"https:\/\/sinodrew.pl\/en\/product\/strugarko-frezarka-czterostronna\/","name":"Strugarko-frezarka (czterostronna) - SINODREW","isPartOf":{"@id":"https:\/\/sinodrew.pl\/en\/#website"},"primaryImageOfPage":{"@id":"https:\/\/sinodrew.pl\/en\/product\/strugarko-frezarka-czterostronna\/#primaryimage"},"image":{"@id":"https:\/\/sinodrew.pl\/en\/product\/strugarko-frezarka-czterostronna\/#primaryimage"},"thumbnailUrl":"https:\/\/sinodrew.pl\/wp-content\/uploads\/2024\/12\/image3.png","datePublished":"2024-12-30T21:10:49+00:00","dateModified":"2024-12-30T22:05:48+00:00","breadcrumb":{"@id":"https:\/\/sinodrew.pl\/en\/product\/strugarko-frezarka-czterostronna\/#breadcrumb"},"inLanguage":"en-GB","potentialAction":[{"@type":"ReadAction","target":["https:\/\/sinodrew.pl\/en\/product\/strugarko-frezarka-czterostronna\/"]}]},{"@type":"ImageObject","inLanguage":"en-GB","@id":"https:\/\/sinodrew.pl\/en\/product\/strugarko-frezarka-czterostronna\/#primaryimage","url":"https:\/\/sinodrew.pl\/wp-content\/uploads\/2024\/12\/image3.png","contentUrl":"https:\/\/sinodrew.pl\/wp-content\/uploads\/2024\/12\/image3.png","width":338,"height":600},{"@type":"BreadcrumbList","@id":"https:\/\/sinodrew.pl\/en\/product\/strugarko-frezarka-czterostronna\/#breadcrumb","itemListElement":[{"@type":"ListItem","position":1,"name":"Strona g\u0142\u00f3wna","item":"https:\/\/sinodrew.pl\/en\/"},{"@type":"ListItem","position":2,"name":"Kategorie","item":"https:\/\/sinodrew.pl\/maszyny\/"},{"@type":"ListItem","position":3,"name":"Strugarko-frezarka (czterostronna)"}]},{"@type":"WebSite","@id":"https:\/\/sinodrew.pl\/en\/#website","url":"https:\/\/sinodrew.pl\/en\/","name":"SINODREW","description":"","publisher":{"@id":"https:\/\/sinodrew.pl\/en\/#organization"},"potentialAction":[{"@type":"SearchAction","target":{"@type":"EntryPoint","urlTemplate":"https:\/\/sinodrew.pl\/en\/?s={search_term_string}"},"query-input":{"@type":"PropertyValueSpecification","valueRequired":true,"valueName":"search_term_string"}}],"inLanguage":"en-GB"},{"@type":"Organization","@id":"https:\/\/sinodrew.pl\/en\/#organization","name":"SINODREW","url":"https:\/\/sinodrew.pl\/en\/","logo":{"@type":"ImageObject","inLanguage":"en-GB","@id":"https:\/\/sinodrew.pl\/en\/#\/schema\/logo\/image\/","url":"https:\/\/sinodrew.pl\/wp-content\/uploads\/2024\/12\/sinodrew_logo.jpg","contentUrl":"https:\/\/sinodrew.pl\/wp-content\/uploads\/2024\/12\/sinodrew_logo.jpg","width":2300,"height":971,"caption":"SINODREW"},"image":{"@id":"https:\/\/sinodrew.pl\/en\/#\/schema\/logo\/image\/"}}]}},"_links":{"self":[{"href":"https:\/\/sinodrew.pl\/en\/wp-json\/wp\/v2\/product\/417","targetHints":{"allow":["GET"]}}],"collection":[{"href":"https:\/\/sinodrew.pl\/en\/wp-json\/wp\/v2\/product"}],"about":[{"href":"https:\/\/sinodrew.pl\/en\/wp-json\/wp\/v2\/types\/product"}],"replies":[{"embeddable":true,"href":"https:\/\/sinodrew.pl\/en\/wp-json\/wp\/v2\/comments?post=417"}],"wp:featuredmedia":[{"embeddable":true,"href":"https:\/\/sinodrew.pl\/en\/wp-json\/wp\/v2\/media\/440"}],"wp:attachment":[{"href":"https:\/\/sinodrew.pl\/en\/wp-json\/wp\/v2\/media?parent=417"}],"wp:term":[{"taxonomy":"product_brand","embeddable":true,"href":"https:\/\/sinodrew.pl\/en\/wp-json\/wp\/v2\/product_brand?post=417"},{"taxonomy":"product_cat","embeddable":true,"href":"https:\/\/sinodrew.pl\/en\/wp-json\/wp\/v2\/product_cat?post=417"},{"taxonomy":"product_tag","embeddable":true,"href":"https:\/\/sinodrew.pl\/en\/wp-json\/wp\/v2\/product_tag?post=417"}],"curies":[{"name":"wp","href":"https:\/\/api.w.org\/{rel}","templated":true}]}}