{"id":393,"date":"2024-12-30T21:46:14","date_gmt":"2024-12-30T20:46:14","guid":{"rendered":"https:\/\/sinodrew.austor.pl\/?post_type=product&#038;p=393"},"modified":"2025-10-28T13:55:49","modified_gmt":"2025-10-28T12:55:49","slug":"trak-tarczowy-wielopila-mq250","status":"publish","type":"product","link":"https:\/\/sinodrew.pl\/en\/product\/trak-tarczowy-wielopila-mq250\/","title":{"rendered":"Trak tarczowy dwuwa\u0142owy wielopi\u0142a MQ250"},"content":{"rendered":"<p>Trak tarczowy dwuwa\u0142owy wielopi\u0142a MQ250 przeznaczony jest do rozcinania k\u0142ody o \u015brednicy od 100 do 250 mm. Wymiary zewn\u0119trzne maszyny to 3800 x 1200 x 1650 mm. D\u0142ugo\u015b\u0107 k\u0142ody od 500-4000 mm, trak mo\u017ce by\u0107 ofertowany jako cz\u0119\u015b\u0107 linii technologicznej. Zakres pr\u0119dko\u015bci posuwu regulowany na falowniku 3-15m\/min. Dwa silniki nap\u0119du wrzecion po 30 kW oraz moc nap\u0119du posuwu 1,5 kW. Obroty wa\u0142\u00f3w pi\u0142owych 2800 obr.\/min. Zasilanie standardowe 3x400V, 50Hz. \u015arednica pi\u0142y to 366 mm, maksymalnie 10 szt. na jednym wale. Masa ca\u0142kowita obrabiarki to 2500 kg.<\/p>\n<p>We also offer models with less and more power and cutting diameters up to 500mm.<\/p>\n<p>Our company sells sliding table saws, thin-cutting band saws, multi-saws, planing machines, thicknessers, pelletisers, glue spreaders, hydraulic veneering presses, machines and lines for pallet production, finger jointing lines.<\/p>\n<p>We also invite trade companies to cooperate with us; we offer attractive discounts for regular cooperation.<\/p>\n<table>\n<thead>\n<tr>\n<th><\/th>\n<th>ZQ 200<\/th>\n<th>ZQ 250<\/th>\n<th>ZQ 300<\/th>\n<th>ZQ 350<\/th>\n<\/tr>\n<\/thead>\n<tbody>\n<tr>\n<td>Cutting length<\/td>\n<td>450-4000 mm<\/td>\n<td>600-4000 mm<\/td>\n<td>600-4000 mm<\/td>\n<td>800-4000 mm<\/td>\n<\/tr>\n<tr>\n<td>Cutting diameter<\/td>\n<td>60-200 mm<\/td>\n<td>80-250 mm<\/td>\n<td>150-300 mm<\/td>\n<td>150-300 mm<\/td>\n<\/tr>\n<tr>\n<td>Saw blade diameter<\/td>\n<td>305 x 2,6 mm<\/td>\n<td>366 x 3,0 mm<\/td>\n<td>438 x 3,8 mm<\/td>\n<td>480 x 4,2 mm<\/td>\n<\/tr>\n<tr>\n<td>Spindle speed<\/td>\n<td>3800 rpm<\/td>\n<td>3800 rpm<\/td>\n<td>3800 rpm<\/td>\n<td>3980 rpm<\/td>\n<\/tr>\n<tr>\n<td>Main motor power<\/td>\n<td>2 x 22 kW<\/td>\n<td>2 x 37 kW<\/td>\n<td>2 x 37 kW<\/td>\n<td>2 x 37 kW<\/td>\n<\/tr>\n<tr>\n<td>Performance<\/td>\n<td>2-3 m\u00b3\/h<\/td>\n<td>4-5 m\u00b3\/h<\/td>\n<td>5-6 m\u00b3\/h<\/td>\n<td>6-7 m\u00b3\/h<\/td>\n<\/tr>\n<tr>\n<td>Dimensions<\/td>\n<td>3340 x 950 x 1400 mm<\/td>\n<td>3600 x 950 x 1500 mm<\/td>\n<td>3800 x 1200 x 1600 mm<\/td>\n<td>3800 x 1300 x 1700 mm<\/td>\n<\/tr>\n<tr>\n<td>Weight<\/td>\n<td>1700 kg<\/td>\n<td>2200 kg<\/td>\n<td>3000 kg<\/td>\n<td>3300 kg<\/td>\n<\/tr>\n<\/tbody>\n<\/table>","protected":false},"excerpt":{"rendered":"<p>Trak tarczowy dwuwa\u0142owy wielopi\u0142a MQ250 przeznaczony jest do rozcinania k\u0142ody o \u015brednicy od 100 do 250 mm. Wymiary zewn\u0119trzne maszyny to 3800 x 1200 x 1650 mm. D\u0142ugo\u015b\u0107 k\u0142ody od 500-4000 mm, trak mo\u017ce by\u0107 ofertowany jako cz\u0119\u015b\u0107 linii technologicznej. Zakres pr\u0119dko\u015bci posuwu regulowany na falowniku 3-15m\/min. Dwa silniki nap\u0119du [&hellip;]<\/p>","protected":false},"featured_media":2059,"comment_status":"open","ping_status":"closed","template":"","meta":[],"product_brand":[],"product_cat":[39],"product_tag":[],"class_list":{"0":"post-393","1":"product","2":"type-product","3":"status-publish","4":"has-post-thumbnail","6":"product_cat-wielopily","8":"first","9":"instock","10":"featured","11":"shipping-taxable","12":"product-type-simple"},"yoast_head":"<!-- This site is optimized with the Yoast SEO plugin v25.6 - https:\/\/yoast.com\/wordpress\/plugins\/seo\/ -->\n<title>Trak tarczowy dwuwa\u0142owy wielopi\u0142a MQ250 - SINODREW<\/title>\n<meta name=\"robots\" content=\"noindex, follow\" \/>\n<meta property=\"og:locale\" content=\"en_GB\" \/>\n<meta property=\"og:type\" content=\"article\" \/>\n<meta property=\"og:title\" content=\"Trak tarczowy dwuwa\u0142owy wielopi\u0142a MQ250 - SINODREW\" \/>\n<meta property=\"og:description\" content=\"Trak tarczowy dwuwa\u0142owy wielopi\u0142a MQ250 przeznaczony jest do rozcinania k\u0142ody o \u015brednicy od 100 do 250 mm. Wymiary zewn\u0119trzne maszyny to 3800 x 1200 x 1650 mm. D\u0142ugo\u015b\u0107 k\u0142ody od 500-4000 mm, trak mo\u017ce by\u0107 ofertowany jako cz\u0119\u015b\u0107 linii technologicznej. Zakres pr\u0119dko\u015bci posuwu regulowany na falowniku 3-15m\/min. Dwa silniki nap\u0119du [&hellip;]\" \/>\n<meta property=\"og:url\" content=\"https:\/\/sinodrew.pl\/en\/product\/trak-tarczowy-wielopila-mq250\/\" \/>\n<meta property=\"og:site_name\" content=\"SINODREW\" \/>\n<meta property=\"article:modified_time\" content=\"2025-10-28T12:55:49+00:00\" \/>\n<meta property=\"og:image\" content=\"https:\/\/sinodrew.pl\/wp-content\/uploads\/2025\/03\/trak1.jpg\" \/>\n\t<meta property=\"og:image:width\" content=\"933\" \/>\n\t<meta property=\"og:image:height\" content=\"700\" \/>\n\t<meta property=\"og:image:type\" content=\"image\/jpeg\" \/>\n<meta name=\"twitter:card\" content=\"summary_large_image\" \/>\n<meta name=\"twitter:label1\" content=\"Estimated reading time\" \/>\n\t<meta name=\"twitter:data1\" content=\"2 minutes\" \/>\n<script type=\"application\/ld+json\" class=\"yoast-schema-graph\">{\"@context\":\"https:\/\/schema.org\",\"@graph\":[{\"@type\":\"WebPage\",\"@id\":\"https:\/\/sinodrew.pl\/en\/product\/trak-tarczowy-wielopila-mq250\/\",\"url\":\"https:\/\/sinodrew.pl\/en\/product\/trak-tarczowy-wielopila-mq250\/\",\"name\":\"Trak tarczowy dwuwa\u0142owy wielopi\u0142a MQ250 - SINODREW\",\"isPartOf\":{\"@id\":\"https:\/\/sinodrew.pl\/en\/#website\"},\"primaryImageOfPage\":{\"@id\":\"https:\/\/sinodrew.pl\/en\/product\/trak-tarczowy-wielopila-mq250\/#primaryimage\"},\"image\":{\"@id\":\"https:\/\/sinodrew.pl\/en\/product\/trak-tarczowy-wielopila-mq250\/#primaryimage\"},\"thumbnailUrl\":\"https:\/\/sinodrew.pl\/wp-content\/uploads\/2025\/03\/trak1.jpg\",\"datePublished\":\"2024-12-30T20:46:14+00:00\",\"dateModified\":\"2025-10-28T12:55:49+00:00\",\"breadcrumb\":{\"@id\":\"https:\/\/sinodrew.pl\/en\/product\/trak-tarczowy-wielopila-mq250\/#breadcrumb\"},\"inLanguage\":\"en-GB\",\"potentialAction\":[{\"@type\":\"ReadAction\",\"target\":[\"https:\/\/sinodrew.pl\/en\/product\/trak-tarczowy-wielopila-mq250\/\"]}]},{\"@type\":\"ImageObject\",\"inLanguage\":\"en-GB\",\"@id\":\"https:\/\/sinodrew.pl\/en\/product\/trak-tarczowy-wielopila-mq250\/#primaryimage\",\"url\":\"https:\/\/sinodrew.pl\/wp-content\/uploads\/2025\/03\/trak1.jpg\",\"contentUrl\":\"https:\/\/sinodrew.pl\/wp-content\/uploads\/2025\/03\/trak1.jpg\",\"width\":933,\"height\":700},{\"@type\":\"BreadcrumbList\",\"@id\":\"https:\/\/sinodrew.pl\/en\/product\/trak-tarczowy-wielopila-mq250\/#breadcrumb\",\"itemListElement\":[{\"@type\":\"ListItem\",\"position\":1,\"name\":\"Strona g\u0142\u00f3wna\",\"item\":\"https:\/\/sinodrew.pl\/en\/\"},{\"@type\":\"ListItem\",\"position\":2,\"name\":\"Kategorie\",\"item\":\"https:\/\/sinodrew.pl\/maszyny\/\"},{\"@type\":\"ListItem\",\"position\":3,\"name\":\"Trak tarczowy dwuwa\u0142owy wielopi\u0142a MQ250\"}]},{\"@type\":\"WebSite\",\"@id\":\"https:\/\/sinodrew.pl\/en\/#website\",\"url\":\"https:\/\/sinodrew.pl\/en\/\",\"name\":\"SINODREW\",\"description\":\"\",\"publisher\":{\"@id\":\"https:\/\/sinodrew.pl\/en\/#organization\"},\"potentialAction\":[{\"@type\":\"SearchAction\",\"target\":{\"@type\":\"EntryPoint\",\"urlTemplate\":\"https:\/\/sinodrew.pl\/en\/?s={search_term_string}\"},\"query-input\":{\"@type\":\"PropertyValueSpecification\",\"valueRequired\":true,\"valueName\":\"search_term_string\"}}],\"inLanguage\":\"en-GB\"},{\"@type\":\"Organization\",\"@id\":\"https:\/\/sinodrew.pl\/en\/#organization\",\"name\":\"SINODREW\",\"url\":\"https:\/\/sinodrew.pl\/en\/\",\"logo\":{\"@type\":\"ImageObject\",\"inLanguage\":\"en-GB\",\"@id\":\"https:\/\/sinodrew.pl\/en\/#\/schema\/logo\/image\/\",\"url\":\"https:\/\/sinodrew.pl\/wp-content\/uploads\/2024\/12\/sinodrew_logo.jpg\",\"contentUrl\":\"https:\/\/sinodrew.pl\/wp-content\/uploads\/2024\/12\/sinodrew_logo.jpg\",\"width\":2300,\"height\":971,\"caption\":\"SINODREW\"},\"image\":{\"@id\":\"https:\/\/sinodrew.pl\/en\/#\/schema\/logo\/image\/\"}}]}<\/script>\n<!-- \/ Yoast SEO plugin. -->","yoast_head_json":{"title":"Trak tarczowy dwuwa\u0142owy wielopi\u0142a MQ250 - SINODREW","robots":{"index":"noindex","follow":"follow"},"og_locale":"en_GB","og_type":"article","og_title":"Trak tarczowy dwuwa\u0142owy wielopi\u0142a MQ250 - SINODREW","og_description":"Trak tarczowy dwuwa\u0142owy wielopi\u0142a MQ250 przeznaczony jest do rozcinania k\u0142ody o \u015brednicy od 100 do 250 mm. Wymiary zewn\u0119trzne maszyny to 3800 x 1200 x 1650 mm. D\u0142ugo\u015b\u0107 k\u0142ody od 500-4000 mm, trak mo\u017ce by\u0107 ofertowany jako cz\u0119\u015b\u0107 linii technologicznej. Zakres pr\u0119dko\u015bci posuwu regulowany na falowniku 3-15m\/min. Dwa silniki nap\u0119du [&hellip;]","og_url":"https:\/\/sinodrew.pl\/en\/product\/trak-tarczowy-wielopila-mq250\/","og_site_name":"SINODREW","article_modified_time":"2025-10-28T12:55:49+00:00","og_image":[{"width":933,"height":700,"url":"https:\/\/sinodrew.pl\/wp-content\/uploads\/2025\/03\/trak1.jpg","type":"image\/jpeg"}],"twitter_card":"summary_large_image","twitter_misc":{"Estimated reading time":"2 minutes"},"schema":{"@context":"https:\/\/schema.org","@graph":[{"@type":"WebPage","@id":"https:\/\/sinodrew.pl\/en\/product\/trak-tarczowy-wielopila-mq250\/","url":"https:\/\/sinodrew.pl\/en\/product\/trak-tarczowy-wielopila-mq250\/","name":"Trak tarczowy dwuwa\u0142owy wielopi\u0142a MQ250 - SINODREW","isPartOf":{"@id":"https:\/\/sinodrew.pl\/en\/#website"},"primaryImageOfPage":{"@id":"https:\/\/sinodrew.pl\/en\/product\/trak-tarczowy-wielopila-mq250\/#primaryimage"},"image":{"@id":"https:\/\/sinodrew.pl\/en\/product\/trak-tarczowy-wielopila-mq250\/#primaryimage"},"thumbnailUrl":"https:\/\/sinodrew.pl\/wp-content\/uploads\/2025\/03\/trak1.jpg","datePublished":"2024-12-30T20:46:14+00:00","dateModified":"2025-10-28T12:55:49+00:00","breadcrumb":{"@id":"https:\/\/sinodrew.pl\/en\/product\/trak-tarczowy-wielopila-mq250\/#breadcrumb"},"inLanguage":"en-GB","potentialAction":[{"@type":"ReadAction","target":["https:\/\/sinodrew.pl\/en\/product\/trak-tarczowy-wielopila-mq250\/"]}]},{"@type":"ImageObject","inLanguage":"en-GB","@id":"https:\/\/sinodrew.pl\/en\/product\/trak-tarczowy-wielopila-mq250\/#primaryimage","url":"https:\/\/sinodrew.pl\/wp-content\/uploads\/2025\/03\/trak1.jpg","contentUrl":"https:\/\/sinodrew.pl\/wp-content\/uploads\/2025\/03\/trak1.jpg","width":933,"height":700},{"@type":"BreadcrumbList","@id":"https:\/\/sinodrew.pl\/en\/product\/trak-tarczowy-wielopila-mq250\/#breadcrumb","itemListElement":[{"@type":"ListItem","position":1,"name":"Strona g\u0142\u00f3wna","item":"https:\/\/sinodrew.pl\/en\/"},{"@type":"ListItem","position":2,"name":"Kategorie","item":"https:\/\/sinodrew.pl\/maszyny\/"},{"@type":"ListItem","position":3,"name":"Trak tarczowy dwuwa\u0142owy wielopi\u0142a MQ250"}]},{"@type":"WebSite","@id":"https:\/\/sinodrew.pl\/en\/#website","url":"https:\/\/sinodrew.pl\/en\/","name":"SINODREW","description":"","publisher":{"@id":"https:\/\/sinodrew.pl\/en\/#organization"},"potentialAction":[{"@type":"SearchAction","target":{"@type":"EntryPoint","urlTemplate":"https:\/\/sinodrew.pl\/en\/?s={search_term_string}"},"query-input":{"@type":"PropertyValueSpecification","valueRequired":true,"valueName":"search_term_string"}}],"inLanguage":"en-GB"},{"@type":"Organization","@id":"https:\/\/sinodrew.pl\/en\/#organization","name":"SINODREW","url":"https:\/\/sinodrew.pl\/en\/","logo":{"@type":"ImageObject","inLanguage":"en-GB","@id":"https:\/\/sinodrew.pl\/en\/#\/schema\/logo\/image\/","url":"https:\/\/sinodrew.pl\/wp-content\/uploads\/2024\/12\/sinodrew_logo.jpg","contentUrl":"https:\/\/sinodrew.pl\/wp-content\/uploads\/2024\/12\/sinodrew_logo.jpg","width":2300,"height":971,"caption":"SINODREW"},"image":{"@id":"https:\/\/sinodrew.pl\/en\/#\/schema\/logo\/image\/"}}]}},"_links":{"self":[{"href":"https:\/\/sinodrew.pl\/en\/wp-json\/wp\/v2\/product\/393","targetHints":{"allow":["GET"]}}],"collection":[{"href":"https:\/\/sinodrew.pl\/en\/wp-json\/wp\/v2\/product"}],"about":[{"href":"https:\/\/sinodrew.pl\/en\/wp-json\/wp\/v2\/types\/product"}],"replies":[{"embeddable":true,"href":"https:\/\/sinodrew.pl\/en\/wp-json\/wp\/v2\/comments?post=393"}],"wp:featuredmedia":[{"embeddable":true,"href":"https:\/\/sinodrew.pl\/en\/wp-json\/wp\/v2\/media\/2059"}],"wp:attachment":[{"href":"https:\/\/sinodrew.pl\/en\/wp-json\/wp\/v2\/media?parent=393"}],"wp:term":[{"taxonomy":"product_brand","embeddable":true,"href":"https:\/\/sinodrew.pl\/en\/wp-json\/wp\/v2\/product_brand?post=393"},{"taxonomy":"product_cat","embeddable":true,"href":"https:\/\/sinodrew.pl\/en\/wp-json\/wp\/v2\/product_cat?post=393"},{"taxonomy":"product_tag","embeddable":true,"href":"https:\/\/sinodrew.pl\/en\/wp-json\/wp\/v2\/product_tag?post=393"}],"curies":[{"name":"wp","href":"https:\/\/api.w.org\/{rel}","templated":true}]}}