{"id":387,"date":"2024-12-30T01:26:14","date_gmt":"2024-12-30T00:26:14","guid":{"rendered":"https:\/\/sinodrew.austor.pl\/?post_type=product&#038;p=387"},"modified":"2024-12-30T01:26:43","modified_gmt":"2024-12-30T00:26:43","slug":"strugarka-heblarka-czterostronna-grubosciowka-mb404s","status":"publish","type":"product","link":"https:\/\/sinodrew.pl\/en\/product\/strugarka-heblarka-czterostronna-grubosciowka-mb404s\/","title":{"rendered":"MB404S Four-side planer"},"content":{"rendered":"<p><strong>Four-side planer<\/strong><strong><\/strong><\/p>\n<table>\n<thead>\n<tr>\n<th colspan=\"2\">Technical specifications:<\/th>\n<\/tr>\n<\/thead>\n<tbody>\n<tr>\n<td>Planing capabilities<\/td>\n<td>Four sides<\/td>\n<\/tr>\n<tr>\n<td>Working thickness<\/td>\n<td>400 mm<\/td>\n<\/tr>\n<tr>\n<td>Height \/ thickness<\/td>\n<td>20 - 120 mm<\/td>\n<\/tr>\n<tr>\n<td rowspan=\"2\">Motor parameters:<\/td>\n<td style=\"background-color: #f9f9f9;\">Wrzeciona boczne: 2 x 2,2 kW, 7000 obr.\/min<\/td>\n<\/tr>\n<tr>\n<td style=\"background-color: #f9f9f9;\">Struganie poziome: Silnik 5,5 kW, 5200 obr.\/min<\/td>\n<\/tr>\n<\/tbody>\n<\/table>\n<p>&nbsp;<br \/>\n<strong>Additional information:<\/strong><br \/>\n\u2013 The machine is new and available in stock.<br \/>\n\u2013 It is characterised by a simple but extremely functional and very robust design,<\/p>\n<p><strong>Transport:<\/strong><br \/>\n\u2013 Can be transported within Poland.<\/p>","protected":false},"excerpt":{"rendered":"<p>Strugarka\/heblarka czterostronna Specyfikacja techniczna: Mo\u017cliwo\u015b\u0107 strugania Z czterech stron Zakres grubo\u015bci roboczej 400 mm Wysoko\u015b\u0107\/grubo\u015b\u0107 Od 20 do 120 mm Parametry silnik\u00f3w: Wrzeciona boczne: 2 x 2,2 kW, 7000 obr.\/min Struganie poziome: Silnik 5,5 kW, 5200 obr.\/min &nbsp; Informacje dodatkowe: &#8211; Maszyna jest nowa i dost\u0119pna w magazynie. &#8211; Charakteryzuje [&hellip;]<\/p>","protected":false},"featured_media":388,"comment_status":"open","ping_status":"closed","template":"","meta":[],"product_brand":[],"product_cat":[40],"product_tag":[],"class_list":{"0":"post-387","1":"product","2":"type-product","3":"status-publish","4":"has-post-thumbnail","6":"product_cat-strugarki","8":"first","9":"instock","10":"shipping-taxable","11":"product-type-simple"},"yoast_head":"<!-- This site is optimized with the Yoast SEO plugin v25.6 - https:\/\/yoast.com\/wordpress\/plugins\/seo\/ -->\n<title>Strugarka\/heblarka czterostronna grubo\u015bci\u00f3wka MB404S - SINODREW<\/title>\n<meta name=\"robots\" content=\"index, follow, max-snippet:-1, max-image-preview:large, max-video-preview:-1\" \/>\n<link rel=\"canonical\" href=\"https:\/\/sinodrew.pl\/en\/product\/strugarka-heblarka-czterostronna-grubosciowka-mb404s\/\" \/>\n<meta property=\"og:locale\" content=\"en_GB\" \/>\n<meta property=\"og:type\" content=\"article\" \/>\n<meta property=\"og:title\" content=\"Strugarka\/heblarka czterostronna grubo\u015bci\u00f3wka MB404S - SINODREW\" \/>\n<meta property=\"og:description\" content=\"Strugarka\/heblarka czterostronna Specyfikacja techniczna: Mo\u017cliwo\u015b\u0107 strugania Z czterech stron Zakres grubo\u015bci roboczej 400 mm Wysoko\u015b\u0107\/grubo\u015b\u0107 Od 20 do 120 mm Parametry silnik\u00f3w: Wrzeciona boczne: 2 x 2,2 kW, 7000 obr.\/min Struganie poziome: Silnik 5,5 kW, 5200 obr.\/min &nbsp; Informacje dodatkowe: &#8211; Maszyna jest nowa i dost\u0119pna w magazynie. &#8211; Charakteryzuje [&hellip;]\" \/>\n<meta property=\"og:url\" content=\"https:\/\/sinodrew.pl\/en\/product\/strugarka-heblarka-czterostronna-grubosciowka-mb404s\/\" \/>\n<meta property=\"og:site_name\" content=\"SINODREW\" \/>\n<meta property=\"article:modified_time\" content=\"2024-12-30T00:26:43+00:00\" \/>\n<meta property=\"og:image\" content=\"https:\/\/sinodrew.pl\/wp-content\/uploads\/2024\/12\/mb404s.jpg\" \/>\n\t<meta property=\"og:image:width\" content=\"609\" \/>\n\t<meta property=\"og:image:height\" content=\"700\" \/>\n\t<meta property=\"og:image:type\" content=\"image\/jpeg\" \/>\n<meta name=\"twitter:card\" content=\"summary_large_image\" \/>\n<meta name=\"twitter:label1\" content=\"Estimated reading time\" \/>\n\t<meta name=\"twitter:data1\" content=\"1 minute\" \/>\n<script type=\"application\/ld+json\" class=\"yoast-schema-graph\">{\"@context\":\"https:\/\/schema.org\",\"@graph\":[{\"@type\":\"WebPage\",\"@id\":\"https:\/\/sinodrew.pl\/en\/product\/strugarka-heblarka-czterostronna-grubosciowka-mb404s\/\",\"url\":\"https:\/\/sinodrew.pl\/en\/product\/strugarka-heblarka-czterostronna-grubosciowka-mb404s\/\",\"name\":\"Strugarka\/heblarka czterostronna grubo\u015bci\u00f3wka MB404S - SINODREW\",\"isPartOf\":{\"@id\":\"https:\/\/sinodrew.pl\/en\/#website\"},\"primaryImageOfPage\":{\"@id\":\"https:\/\/sinodrew.pl\/en\/product\/strugarka-heblarka-czterostronna-grubosciowka-mb404s\/#primaryimage\"},\"image\":{\"@id\":\"https:\/\/sinodrew.pl\/en\/product\/strugarka-heblarka-czterostronna-grubosciowka-mb404s\/#primaryimage\"},\"thumbnailUrl\":\"https:\/\/sinodrew.pl\/wp-content\/uploads\/2024\/12\/mb404s.jpg\",\"datePublished\":\"2024-12-30T00:26:14+00:00\",\"dateModified\":\"2024-12-30T00:26:43+00:00\",\"breadcrumb\":{\"@id\":\"https:\/\/sinodrew.pl\/en\/product\/strugarka-heblarka-czterostronna-grubosciowka-mb404s\/#breadcrumb\"},\"inLanguage\":\"en-GB\",\"potentialAction\":[{\"@type\":\"ReadAction\",\"target\":[\"https:\/\/sinodrew.pl\/en\/product\/strugarka-heblarka-czterostronna-grubosciowka-mb404s\/\"]}]},{\"@type\":\"ImageObject\",\"inLanguage\":\"en-GB\",\"@id\":\"https:\/\/sinodrew.pl\/en\/product\/strugarka-heblarka-czterostronna-grubosciowka-mb404s\/#primaryimage\",\"url\":\"https:\/\/sinodrew.pl\/wp-content\/uploads\/2024\/12\/mb404s.jpg\",\"contentUrl\":\"https:\/\/sinodrew.pl\/wp-content\/uploads\/2024\/12\/mb404s.jpg\",\"width\":609,\"height\":700},{\"@type\":\"BreadcrumbList\",\"@id\":\"https:\/\/sinodrew.pl\/en\/product\/strugarka-heblarka-czterostronna-grubosciowka-mb404s\/#breadcrumb\",\"itemListElement\":[{\"@type\":\"ListItem\",\"position\":1,\"name\":\"Strona g\u0142\u00f3wna\",\"item\":\"https:\/\/sinodrew.pl\/en\/\"},{\"@type\":\"ListItem\",\"position\":2,\"name\":\"Kategorie\",\"item\":\"https:\/\/sinodrew.pl\/maszyny\/\"},{\"@type\":\"ListItem\",\"position\":3,\"name\":\"Strugarka\/heblarka czterostronna grubo\u015bci\u00f3wka MB404S\"}]},{\"@type\":\"WebSite\",\"@id\":\"https:\/\/sinodrew.pl\/en\/#website\",\"url\":\"https:\/\/sinodrew.pl\/en\/\",\"name\":\"SINODREW\",\"description\":\"\",\"publisher\":{\"@id\":\"https:\/\/sinodrew.pl\/en\/#organization\"},\"potentialAction\":[{\"@type\":\"SearchAction\",\"target\":{\"@type\":\"EntryPoint\",\"urlTemplate\":\"https:\/\/sinodrew.pl\/en\/?s={search_term_string}\"},\"query-input\":{\"@type\":\"PropertyValueSpecification\",\"valueRequired\":true,\"valueName\":\"search_term_string\"}}],\"inLanguage\":\"en-GB\"},{\"@type\":\"Organization\",\"@id\":\"https:\/\/sinodrew.pl\/en\/#organization\",\"name\":\"SINODREW\",\"url\":\"https:\/\/sinodrew.pl\/en\/\",\"logo\":{\"@type\":\"ImageObject\",\"inLanguage\":\"en-GB\",\"@id\":\"https:\/\/sinodrew.pl\/en\/#\/schema\/logo\/image\/\",\"url\":\"https:\/\/sinodrew.pl\/wp-content\/uploads\/2024\/12\/sinodrew_logo.jpg\",\"contentUrl\":\"https:\/\/sinodrew.pl\/wp-content\/uploads\/2024\/12\/sinodrew_logo.jpg\",\"width\":2300,\"height\":971,\"caption\":\"SINODREW\"},\"image\":{\"@id\":\"https:\/\/sinodrew.pl\/en\/#\/schema\/logo\/image\/\"}}]}<\/script>\n<!-- \/ Yoast SEO plugin. -->","yoast_head_json":{"title":"Strugarka\/heblarka czterostronna grubo\u015bci\u00f3wka MB404S - SINODREW","robots":{"index":"index","follow":"follow","max-snippet":"max-snippet:-1","max-image-preview":"max-image-preview:large","max-video-preview":"max-video-preview:-1"},"canonical":"https:\/\/sinodrew.pl\/en\/product\/strugarka-heblarka-czterostronna-grubosciowka-mb404s\/","og_locale":"en_GB","og_type":"article","og_title":"Strugarka\/heblarka czterostronna grubo\u015bci\u00f3wka MB404S - SINODREW","og_description":"Strugarka\/heblarka czterostronna Specyfikacja techniczna: Mo\u017cliwo\u015b\u0107 strugania Z czterech stron Zakres grubo\u015bci roboczej 400 mm Wysoko\u015b\u0107\/grubo\u015b\u0107 Od 20 do 120 mm Parametry silnik\u00f3w: Wrzeciona boczne: 2 x 2,2 kW, 7000 obr.\/min Struganie poziome: Silnik 5,5 kW, 5200 obr.\/min &nbsp; Informacje dodatkowe: &#8211; Maszyna jest nowa i dost\u0119pna w magazynie. &#8211; Charakteryzuje [&hellip;]","og_url":"https:\/\/sinodrew.pl\/en\/product\/strugarka-heblarka-czterostronna-grubosciowka-mb404s\/","og_site_name":"SINODREW","article_modified_time":"2024-12-30T00:26:43+00:00","og_image":[{"width":609,"height":700,"url":"https:\/\/sinodrew.pl\/wp-content\/uploads\/2024\/12\/mb404s.jpg","type":"image\/jpeg"}],"twitter_card":"summary_large_image","twitter_misc":{"Estimated reading time":"1 minute"},"schema":{"@context":"https:\/\/schema.org","@graph":[{"@type":"WebPage","@id":"https:\/\/sinodrew.pl\/en\/product\/strugarka-heblarka-czterostronna-grubosciowka-mb404s\/","url":"https:\/\/sinodrew.pl\/en\/product\/strugarka-heblarka-czterostronna-grubosciowka-mb404s\/","name":"Strugarka\/heblarka czterostronna grubo\u015bci\u00f3wka MB404S - SINODREW","isPartOf":{"@id":"https:\/\/sinodrew.pl\/en\/#website"},"primaryImageOfPage":{"@id":"https:\/\/sinodrew.pl\/en\/product\/strugarka-heblarka-czterostronna-grubosciowka-mb404s\/#primaryimage"},"image":{"@id":"https:\/\/sinodrew.pl\/en\/product\/strugarka-heblarka-czterostronna-grubosciowka-mb404s\/#primaryimage"},"thumbnailUrl":"https:\/\/sinodrew.pl\/wp-content\/uploads\/2024\/12\/mb404s.jpg","datePublished":"2024-12-30T00:26:14+00:00","dateModified":"2024-12-30T00:26:43+00:00","breadcrumb":{"@id":"https:\/\/sinodrew.pl\/en\/product\/strugarka-heblarka-czterostronna-grubosciowka-mb404s\/#breadcrumb"},"inLanguage":"en-GB","potentialAction":[{"@type":"ReadAction","target":["https:\/\/sinodrew.pl\/en\/product\/strugarka-heblarka-czterostronna-grubosciowka-mb404s\/"]}]},{"@type":"ImageObject","inLanguage":"en-GB","@id":"https:\/\/sinodrew.pl\/en\/product\/strugarka-heblarka-czterostronna-grubosciowka-mb404s\/#primaryimage","url":"https:\/\/sinodrew.pl\/wp-content\/uploads\/2024\/12\/mb404s.jpg","contentUrl":"https:\/\/sinodrew.pl\/wp-content\/uploads\/2024\/12\/mb404s.jpg","width":609,"height":700},{"@type":"BreadcrumbList","@id":"https:\/\/sinodrew.pl\/en\/product\/strugarka-heblarka-czterostronna-grubosciowka-mb404s\/#breadcrumb","itemListElement":[{"@type":"ListItem","position":1,"name":"Strona g\u0142\u00f3wna","item":"https:\/\/sinodrew.pl\/en\/"},{"@type":"ListItem","position":2,"name":"Kategorie","item":"https:\/\/sinodrew.pl\/maszyny\/"},{"@type":"ListItem","position":3,"name":"Strugarka\/heblarka czterostronna grubo\u015bci\u00f3wka MB404S"}]},{"@type":"WebSite","@id":"https:\/\/sinodrew.pl\/en\/#website","url":"https:\/\/sinodrew.pl\/en\/","name":"SINODREW","description":"","publisher":{"@id":"https:\/\/sinodrew.pl\/en\/#organization"},"potentialAction":[{"@type":"SearchAction","target":{"@type":"EntryPoint","urlTemplate":"https:\/\/sinodrew.pl\/en\/?s={search_term_string}"},"query-input":{"@type":"PropertyValueSpecification","valueRequired":true,"valueName":"search_term_string"}}],"inLanguage":"en-GB"},{"@type":"Organization","@id":"https:\/\/sinodrew.pl\/en\/#organization","name":"SINODREW","url":"https:\/\/sinodrew.pl\/en\/","logo":{"@type":"ImageObject","inLanguage":"en-GB","@id":"https:\/\/sinodrew.pl\/en\/#\/schema\/logo\/image\/","url":"https:\/\/sinodrew.pl\/wp-content\/uploads\/2024\/12\/sinodrew_logo.jpg","contentUrl":"https:\/\/sinodrew.pl\/wp-content\/uploads\/2024\/12\/sinodrew_logo.jpg","width":2300,"height":971,"caption":"SINODREW"},"image":{"@id":"https:\/\/sinodrew.pl\/en\/#\/schema\/logo\/image\/"}}]}},"_links":{"self":[{"href":"https:\/\/sinodrew.pl\/en\/wp-json\/wp\/v2\/product\/387","targetHints":{"allow":["GET"]}}],"collection":[{"href":"https:\/\/sinodrew.pl\/en\/wp-json\/wp\/v2\/product"}],"about":[{"href":"https:\/\/sinodrew.pl\/en\/wp-json\/wp\/v2\/types\/product"}],"replies":[{"embeddable":true,"href":"https:\/\/sinodrew.pl\/en\/wp-json\/wp\/v2\/comments?post=387"}],"wp:featuredmedia":[{"embeddable":true,"href":"https:\/\/sinodrew.pl\/en\/wp-json\/wp\/v2\/media\/388"}],"wp:attachment":[{"href":"https:\/\/sinodrew.pl\/en\/wp-json\/wp\/v2\/media?parent=387"}],"wp:term":[{"taxonomy":"product_brand","embeddable":true,"href":"https:\/\/sinodrew.pl\/en\/wp-json\/wp\/v2\/product_brand?post=387"},{"taxonomy":"product_cat","embeddable":true,"href":"https:\/\/sinodrew.pl\/en\/wp-json\/wp\/v2\/product_cat?post=387"},{"taxonomy":"product_tag","embeddable":true,"href":"https:\/\/sinodrew.pl\/en\/wp-json\/wp\/v2\/product_tag?post=387"}],"curies":[{"name":"wp","href":"https:\/\/api.w.org\/{rel}","templated":true}]}}