{"id":176,"date":"2024-11-28T22:58:55","date_gmt":"2024-11-28T21:58:55","guid":{"rendered":"https:\/\/sinodrew.austor.pl\/?post_type=product&#038;p=176"},"modified":"2024-12-27T22:23:31","modified_gmt":"2024-12-27T21:23:31","slug":"strugarka-vk-l9312","status":"publish","type":"product","link":"https:\/\/sinodrew.pl\/en\/product\/strugarka-vk-l9312\/","title":{"rendered":"VK-L9312 Planer saw"},"content":{"rendered":"<div>\n<table style=\"border:1px solid black; border-collapse: collapse;\">\n<tr>\n<th colspan=\"2\" style=\"text-align:center;\">Specyfikacja techniczna<\/th>\n<\/tr>\n<tr>\n<td><strong>Min. working width<\/strong><\/td>\n<td>120 mm<\/td>\n<\/tr>\n<tr>\n<td><strong>Working length<\/strong><\/td>\n<td>200-6000 mm<\/td>\n<\/tr>\n<tr>\n<td><strong>Maximum thickness<\/strong><\/td>\n<td>55 mm<\/td>\n<\/tr>\n<tr>\n<td><strong>Upper \/ Lower shaft motor power<\/strong><\/td>\n<td>5,5 kW \/ 5,5 kW<\/td>\n<\/tr>\n<tr>\n<td><strong>Feeding motor power<\/strong><\/td>\n<td>1,5 kW<\/td>\n<\/tr>\n<tr>\n<td><strong>Planer shaft \/ Sawblade diameter<\/strong><\/td>\n<td>\u03a630 mm<\/td>\n<\/tr>\n<tr>\n<td><strong>Lifting \/ Sawblade motor power<\/strong><\/td>\n<td>7,5 kW \/ 0,37 kW<\/td>\n<\/tr>\n<tr>\n<td><strong>Feeding speed<\/strong><\/td>\n<td>6-20 m\/min<\/td>\n<\/tr>\n<tr>\n<td><strong>Total power<\/strong><\/td>\n<td>20,37 kW<\/td>\n<\/tr>\n<tr>\n<td><strong>Size<\/strong><\/td>\n<td>1950 x 1000 x 1400 mm<\/td>\n<\/tr>\n<\/table>\n<div>","protected":false},"excerpt":{"rendered":"<p>Specyfikacja techniczna Minimalna szeroko\u015b\u0107 robocza 120 mm D\u0142ugo\u015b\u0107 robocza 200-6000 mm Maksymalna grubo\u015b\u0107 55 mm Moc silnika g\u00f3rnego\/dolnego wa\u0142u 5,5 kW \/ 5,5 kW Moc silnika posuwu 1,5 kW \u015arednica wa\u0142u strugarki\/tarczy pi\u0142y \u03a630 mm Moc silnika pi\u0142y\/podnoszenia 7,5 kW \/ 0,37 kW Pr\u0119dko\u015b\u0107 posuwu 6-20 m\/min Moc ca\u0142kowita 20,37 [&hellip;]<\/p>","protected":false},"featured_media":177,"comment_status":"open","ping_status":"closed","template":"","meta":[],"product_brand":[],"product_cat":[40],"product_tag":[],"class_list":{"0":"post-176","1":"product","2":"type-product","3":"status-publish","4":"has-post-thumbnail","6":"product_cat-strugarki","8":"first","9":"onbackorder","10":"shipping-taxable","11":"product-type-simple"},"yoast_head":"<!-- This site is optimized with the Yoast SEO plugin v25.6 - https:\/\/yoast.com\/wordpress\/plugins\/seo\/ -->\n<title>Strugarka VK-L9312 - SINODREW<\/title>\n<meta name=\"robots\" content=\"index, follow, max-snippet:-1, max-image-preview:large, max-video-preview:-1\" \/>\n<link rel=\"canonical\" href=\"https:\/\/sinodrew.pl\/en\/product\/strugarka-vk-l9312\/\" \/>\n<meta property=\"og:locale\" content=\"en_GB\" \/>\n<meta property=\"og:type\" content=\"article\" \/>\n<meta property=\"og:title\" content=\"Strugarka VK-L9312 - SINODREW\" \/>\n<meta property=\"og:description\" content=\"Specyfikacja techniczna Minimalna szeroko\u015b\u0107 robocza 120 mm D\u0142ugo\u015b\u0107 robocza 200-6000 mm Maksymalna grubo\u015b\u0107 55 mm Moc silnika g\u00f3rnego\/dolnego wa\u0142u 5,5 kW \/ 5,5 kW Moc silnika posuwu 1,5 kW \u015arednica wa\u0142u strugarki\/tarczy pi\u0142y \u03a630 mm Moc silnika pi\u0142y\/podnoszenia 7,5 kW \/ 0,37 kW Pr\u0119dko\u015b\u0107 posuwu 6-20 m\/min Moc ca\u0142kowita 20,37 [&hellip;]\" \/>\n<meta property=\"og:url\" content=\"https:\/\/sinodrew.pl\/en\/product\/strugarka-vk-l9312\/\" \/>\n<meta property=\"og:site_name\" content=\"SINODREW\" \/>\n<meta property=\"article:modified_time\" content=\"2024-12-27T21:23:31+00:00\" \/>\n<meta property=\"og:image\" content=\"https:\/\/sinodrew.pl\/wp-content\/uploads\/2024\/11\/VK-L9312.png\" \/>\n\t<meta property=\"og:image:width\" content=\"1236\" \/>\n\t<meta property=\"og:image:height\" content=\"760\" \/>\n\t<meta property=\"og:image:type\" content=\"image\/png\" \/>\n<meta name=\"twitter:card\" content=\"summary_large_image\" \/>\n<script type=\"application\/ld+json\" class=\"yoast-schema-graph\">{\"@context\":\"https:\/\/schema.org\",\"@graph\":[{\"@type\":\"WebPage\",\"@id\":\"https:\/\/sinodrew.pl\/en\/product\/strugarka-vk-l9312\/\",\"url\":\"https:\/\/sinodrew.pl\/en\/product\/strugarka-vk-l9312\/\",\"name\":\"Strugarka VK-L9312 - SINODREW\",\"isPartOf\":{\"@id\":\"https:\/\/sinodrew.pl\/en\/#website\"},\"primaryImageOfPage\":{\"@id\":\"https:\/\/sinodrew.pl\/en\/product\/strugarka-vk-l9312\/#primaryimage\"},\"image\":{\"@id\":\"https:\/\/sinodrew.pl\/en\/product\/strugarka-vk-l9312\/#primaryimage\"},\"thumbnailUrl\":\"https:\/\/sinodrew.pl\/wp-content\/uploads\/2024\/11\/VK-L9312.png\",\"datePublished\":\"2024-11-28T21:58:55+00:00\",\"dateModified\":\"2024-12-27T21:23:31+00:00\",\"breadcrumb\":{\"@id\":\"https:\/\/sinodrew.pl\/en\/product\/strugarka-vk-l9312\/#breadcrumb\"},\"inLanguage\":\"en-GB\",\"potentialAction\":[{\"@type\":\"ReadAction\",\"target\":[\"https:\/\/sinodrew.pl\/en\/product\/strugarka-vk-l9312\/\"]}]},{\"@type\":\"ImageObject\",\"inLanguage\":\"en-GB\",\"@id\":\"https:\/\/sinodrew.pl\/en\/product\/strugarka-vk-l9312\/#primaryimage\",\"url\":\"https:\/\/sinodrew.pl\/wp-content\/uploads\/2024\/11\/VK-L9312.png\",\"contentUrl\":\"https:\/\/sinodrew.pl\/wp-content\/uploads\/2024\/11\/VK-L9312.png\",\"width\":1236,\"height\":760},{\"@type\":\"BreadcrumbList\",\"@id\":\"https:\/\/sinodrew.pl\/en\/product\/strugarka-vk-l9312\/#breadcrumb\",\"itemListElement\":[{\"@type\":\"ListItem\",\"position\":1,\"name\":\"Strona g\u0142\u00f3wna\",\"item\":\"https:\/\/sinodrew.pl\/en\/\"},{\"@type\":\"ListItem\",\"position\":2,\"name\":\"Kategorie\",\"item\":\"https:\/\/sinodrew.pl\/maszyny\/\"},{\"@type\":\"ListItem\",\"position\":3,\"name\":\"Strugarka VK-L9312\"}]},{\"@type\":\"WebSite\",\"@id\":\"https:\/\/sinodrew.pl\/en\/#website\",\"url\":\"https:\/\/sinodrew.pl\/en\/\",\"name\":\"SINODREW\",\"description\":\"\",\"publisher\":{\"@id\":\"https:\/\/sinodrew.pl\/en\/#organization\"},\"potentialAction\":[{\"@type\":\"SearchAction\",\"target\":{\"@type\":\"EntryPoint\",\"urlTemplate\":\"https:\/\/sinodrew.pl\/en\/?s={search_term_string}\"},\"query-input\":{\"@type\":\"PropertyValueSpecification\",\"valueRequired\":true,\"valueName\":\"search_term_string\"}}],\"inLanguage\":\"en-GB\"},{\"@type\":\"Organization\",\"@id\":\"https:\/\/sinodrew.pl\/en\/#organization\",\"name\":\"SINODREW\",\"url\":\"https:\/\/sinodrew.pl\/en\/\",\"logo\":{\"@type\":\"ImageObject\",\"inLanguage\":\"en-GB\",\"@id\":\"https:\/\/sinodrew.pl\/en\/#\/schema\/logo\/image\/\",\"url\":\"https:\/\/sinodrew.pl\/wp-content\/uploads\/2024\/12\/sinodrew_logo.jpg\",\"contentUrl\":\"https:\/\/sinodrew.pl\/wp-content\/uploads\/2024\/12\/sinodrew_logo.jpg\",\"width\":2300,\"height\":971,\"caption\":\"SINODREW\"},\"image\":{\"@id\":\"https:\/\/sinodrew.pl\/en\/#\/schema\/logo\/image\/\"}}]}<\/script>\n<!-- \/ Yoast SEO plugin. -->","yoast_head_json":{"title":"Strugarka VK-L9312 - SINODREW","robots":{"index":"index","follow":"follow","max-snippet":"max-snippet:-1","max-image-preview":"max-image-preview:large","max-video-preview":"max-video-preview:-1"},"canonical":"https:\/\/sinodrew.pl\/en\/product\/strugarka-vk-l9312\/","og_locale":"en_GB","og_type":"article","og_title":"Strugarka VK-L9312 - SINODREW","og_description":"Specyfikacja techniczna Minimalna szeroko\u015b\u0107 robocza 120 mm D\u0142ugo\u015b\u0107 robocza 200-6000 mm Maksymalna grubo\u015b\u0107 55 mm Moc silnika g\u00f3rnego\/dolnego wa\u0142u 5,5 kW \/ 5,5 kW Moc silnika posuwu 1,5 kW \u015arednica wa\u0142u strugarki\/tarczy pi\u0142y \u03a630 mm Moc silnika pi\u0142y\/podnoszenia 7,5 kW \/ 0,37 kW Pr\u0119dko\u015b\u0107 posuwu 6-20 m\/min Moc ca\u0142kowita 20,37 [&hellip;]","og_url":"https:\/\/sinodrew.pl\/en\/product\/strugarka-vk-l9312\/","og_site_name":"SINODREW","article_modified_time":"2024-12-27T21:23:31+00:00","og_image":[{"width":1236,"height":760,"url":"https:\/\/sinodrew.pl\/wp-content\/uploads\/2024\/11\/VK-L9312.png","type":"image\/png"}],"twitter_card":"summary_large_image","schema":{"@context":"https:\/\/schema.org","@graph":[{"@type":"WebPage","@id":"https:\/\/sinodrew.pl\/en\/product\/strugarka-vk-l9312\/","url":"https:\/\/sinodrew.pl\/en\/product\/strugarka-vk-l9312\/","name":"Strugarka VK-L9312 - SINODREW","isPartOf":{"@id":"https:\/\/sinodrew.pl\/en\/#website"},"primaryImageOfPage":{"@id":"https:\/\/sinodrew.pl\/en\/product\/strugarka-vk-l9312\/#primaryimage"},"image":{"@id":"https:\/\/sinodrew.pl\/en\/product\/strugarka-vk-l9312\/#primaryimage"},"thumbnailUrl":"https:\/\/sinodrew.pl\/wp-content\/uploads\/2024\/11\/VK-L9312.png","datePublished":"2024-11-28T21:58:55+00:00","dateModified":"2024-12-27T21:23:31+00:00","breadcrumb":{"@id":"https:\/\/sinodrew.pl\/en\/product\/strugarka-vk-l9312\/#breadcrumb"},"inLanguage":"en-GB","potentialAction":[{"@type":"ReadAction","target":["https:\/\/sinodrew.pl\/en\/product\/strugarka-vk-l9312\/"]}]},{"@type":"ImageObject","inLanguage":"en-GB","@id":"https:\/\/sinodrew.pl\/en\/product\/strugarka-vk-l9312\/#primaryimage","url":"https:\/\/sinodrew.pl\/wp-content\/uploads\/2024\/11\/VK-L9312.png","contentUrl":"https:\/\/sinodrew.pl\/wp-content\/uploads\/2024\/11\/VK-L9312.png","width":1236,"height":760},{"@type":"BreadcrumbList","@id":"https:\/\/sinodrew.pl\/en\/product\/strugarka-vk-l9312\/#breadcrumb","itemListElement":[{"@type":"ListItem","position":1,"name":"Strona g\u0142\u00f3wna","item":"https:\/\/sinodrew.pl\/en\/"},{"@type":"ListItem","position":2,"name":"Kategorie","item":"https:\/\/sinodrew.pl\/maszyny\/"},{"@type":"ListItem","position":3,"name":"Strugarka VK-L9312"}]},{"@type":"WebSite","@id":"https:\/\/sinodrew.pl\/en\/#website","url":"https:\/\/sinodrew.pl\/en\/","name":"SINODREW","description":"","publisher":{"@id":"https:\/\/sinodrew.pl\/en\/#organization"},"potentialAction":[{"@type":"SearchAction","target":{"@type":"EntryPoint","urlTemplate":"https:\/\/sinodrew.pl\/en\/?s={search_term_string}"},"query-input":{"@type":"PropertyValueSpecification","valueRequired":true,"valueName":"search_term_string"}}],"inLanguage":"en-GB"},{"@type":"Organization","@id":"https:\/\/sinodrew.pl\/en\/#organization","name":"SINODREW","url":"https:\/\/sinodrew.pl\/en\/","logo":{"@type":"ImageObject","inLanguage":"en-GB","@id":"https:\/\/sinodrew.pl\/en\/#\/schema\/logo\/image\/","url":"https:\/\/sinodrew.pl\/wp-content\/uploads\/2024\/12\/sinodrew_logo.jpg","contentUrl":"https:\/\/sinodrew.pl\/wp-content\/uploads\/2024\/12\/sinodrew_logo.jpg","width":2300,"height":971,"caption":"SINODREW"},"image":{"@id":"https:\/\/sinodrew.pl\/en\/#\/schema\/logo\/image\/"}}]}},"_links":{"self":[{"href":"https:\/\/sinodrew.pl\/en\/wp-json\/wp\/v2\/product\/176","targetHints":{"allow":["GET"]}}],"collection":[{"href":"https:\/\/sinodrew.pl\/en\/wp-json\/wp\/v2\/product"}],"about":[{"href":"https:\/\/sinodrew.pl\/en\/wp-json\/wp\/v2\/types\/product"}],"replies":[{"embeddable":true,"href":"https:\/\/sinodrew.pl\/en\/wp-json\/wp\/v2\/comments?post=176"}],"wp:featuredmedia":[{"embeddable":true,"href":"https:\/\/sinodrew.pl\/en\/wp-json\/wp\/v2\/media\/177"}],"wp:attachment":[{"href":"https:\/\/sinodrew.pl\/en\/wp-json\/wp\/v2\/media?parent=176"}],"wp:term":[{"taxonomy":"product_brand","embeddable":true,"href":"https:\/\/sinodrew.pl\/en\/wp-json\/wp\/v2\/product_brand?post=176"},{"taxonomy":"product_cat","embeddable":true,"href":"https:\/\/sinodrew.pl\/en\/wp-json\/wp\/v2\/product_cat?post=176"},{"taxonomy":"product_tag","embeddable":true,"href":"https:\/\/sinodrew.pl\/en\/wp-json\/wp\/v2\/product_tag?post=176"}],"curies":[{"name":"wp","href":"https:\/\/api.w.org\/{rel}","templated":true}]}}