{"id":171,"date":"2024-11-27T00:08:19","date_gmt":"2024-11-26T23:08:19","guid":{"rendered":"https:\/\/sinodrew.austor.pl\/?post_type=product&#038;p=171"},"modified":"2025-10-28T13:45:17","modified_gmt":"2025-10-28T12:45:17","slug":"optymalizerka-vk-j200","status":"publish","type":"product","link":"https:\/\/sinodrew.pl\/en\/product\/optymalizerka-vk-j200\/","title":{"rendered":"Optymalizerka VK-J200"},"content":{"rendered":"<p><b>VK-J200<\/b> Optimizing Cut-off saw <strong>VK-J200<\/strong><br \/>\nThe VK-J200 automatic crosscut saw is a powerful device for precision cutting. It features a maximum working width of 120 mm and a cutting depth of up to 20 mm. With a cutting range of 6-60 mm, it provides great versatility. It has a 16.47 kW motor and a feeder with a speed of 5-25 m\/min. The machine's dimensions are 1800 x 1000 x 1500 mm. It is ideal for applications requiring high power and accuracy in cutting.<\/p>\n<div>\n<table style=\"border: 1px solid black; border-collapse: collapse;\">\n<tbody>\n<tr>\n<th colspan=\"2\" style=\"text-align: center;\">Specyfikacja techniczna<\/th>\n<\/tr>\n<tr>\n<td><strong>Max. working width<\/strong><\/td>\n<td>120 mm<\/td>\n<\/tr>\n<tr>\n<td><strong>Min. working width<\/strong><\/td>\n<td>10 mm<\/td>\n<\/tr>\n<tr>\n<td><strong>Max. cutting depth<\/strong><\/td>\n<td>20 mm<\/td>\n<\/tr>\n<tr>\n<td><strong>Working range<\/strong><\/td>\n<td>6-60 mm<\/td>\n<\/tr>\n<tr>\n<td><strong>Power<\/strong><\/td>\n<td>16.47 kW<\/td>\n<\/tr>\n<tr>\n<td><strong>Feed\/lifting motor power<\/strong><\/td>\n<td>1.1 kW \/ 0.37 kW<\/td>\n<\/tr>\n<tr>\n<td><strong>Spindle diameter<\/strong><\/td>\n<td>5-25 m\/min<\/td>\n<\/tr>\n<tr>\n<td><strong>Feeding speed<\/strong><\/td>\n<td>20,37 kW<\/td>\n<\/tr>\n<tr>\n<td><strong>Size<\/strong><\/td>\n<td>1800 x 1000 x 1500 mm<\/td>\n<\/tr>\n<\/tbody>\n<\/table>\n<div><\/div>\n<\/div>","protected":false},"excerpt":{"rendered":"<p>Optymalizerka, Pi\u0142a poprzeczna automatyczna VK-J200 Pi\u0142a poprzeczna automatyczna VK-J200 to wydajne urz\u0105dzenie do precyzyjnego ci\u0119cia. Charakteryzuje si\u0119 maksymaln\u0105 szeroko\u015bci\u0105 robocz\u0105 120 mm i g\u0142\u0119boko\u015bci\u0105 ci\u0119cia do 20 mm. Dzi\u0119ki zakresowi ci\u0119cia 6-60 mm, zapewnia du\u017c\u0105 wszechstronno\u015b\u0107. Posiada silnik o mocy 16.47 kW, a tak\u017ce podajnik o pr\u0119dko\u015bci 5-25 m\/min. Wymiary [&hellip;]<\/p>","protected":false},"featured_media":172,"comment_status":"open","ping_status":"closed","template":"","meta":[],"product_brand":[],"product_cat":[35],"product_tag":[],"class_list":{"0":"post-171","1":"product","2":"type-product","3":"status-publish","4":"has-post-thumbnail","6":"product_cat-optymalizerki","8":"first","9":"onbackorder","10":"featured","11":"shipping-taxable","12":"product-type-simple"},"yoast_head":"<!-- This site is optimized with the Yoast SEO plugin v25.6 - https:\/\/yoast.com\/wordpress\/plugins\/seo\/ -->\n<title>Optymalizerka VK-J200 - SINODREW<\/title>\n<meta name=\"robots\" content=\"noindex, follow\" \/>\n<meta property=\"og:locale\" content=\"en_GB\" \/>\n<meta property=\"og:type\" content=\"article\" \/>\n<meta property=\"og:title\" content=\"Optymalizerka VK-J200 - SINODREW\" \/>\n<meta property=\"og:description\" content=\"Optymalizerka, Pi\u0142a poprzeczna automatyczna VK-J200 Pi\u0142a poprzeczna automatyczna VK-J200 to wydajne urz\u0105dzenie do precyzyjnego ci\u0119cia. Charakteryzuje si\u0119 maksymaln\u0105 szeroko\u015bci\u0105 robocz\u0105 120 mm i g\u0142\u0119boko\u015bci\u0105 ci\u0119cia do 20 mm. Dzi\u0119ki zakresowi ci\u0119cia 6-60 mm, zapewnia du\u017c\u0105 wszechstronno\u015b\u0107. Posiada silnik o mocy 16.47 kW, a tak\u017ce podajnik o pr\u0119dko\u015bci 5-25 m\/min. Wymiary [&hellip;]\" \/>\n<meta property=\"og:url\" content=\"https:\/\/sinodrew.pl\/en\/product\/optymalizerka-vk-j200\/\" \/>\n<meta property=\"og:site_name\" content=\"SINODREW\" \/>\n<meta property=\"article:modified_time\" content=\"2025-10-28T12:45:17+00:00\" \/>\n<meta property=\"og:image\" content=\"https:\/\/sinodrew.pl\/wp-content\/uploads\/2024\/11\/VK-J200.png\" \/>\n\t<meta property=\"og:image:width\" content=\"799\" \/>\n\t<meta property=\"og:image:height\" content=\"655\" \/>\n\t<meta property=\"og:image:type\" content=\"image\/png\" \/>\n<meta name=\"twitter:card\" content=\"summary_large_image\" \/>\n<meta name=\"twitter:label1\" content=\"Estimated reading time\" \/>\n\t<meta name=\"twitter:data1\" content=\"1 minute\" \/>\n<script type=\"application\/ld+json\" class=\"yoast-schema-graph\">{\"@context\":\"https:\/\/schema.org\",\"@graph\":[{\"@type\":\"WebPage\",\"@id\":\"https:\/\/sinodrew.pl\/en\/product\/optymalizerka-vk-j200\/\",\"url\":\"https:\/\/sinodrew.pl\/en\/product\/optymalizerka-vk-j200\/\",\"name\":\"Optymalizerka VK-J200 - SINODREW\",\"isPartOf\":{\"@id\":\"https:\/\/sinodrew.pl\/en\/#website\"},\"primaryImageOfPage\":{\"@id\":\"https:\/\/sinodrew.pl\/en\/product\/optymalizerka-vk-j200\/#primaryimage\"},\"image\":{\"@id\":\"https:\/\/sinodrew.pl\/en\/product\/optymalizerka-vk-j200\/#primaryimage\"},\"thumbnailUrl\":\"https:\/\/sinodrew.pl\/wp-content\/uploads\/2024\/11\/VK-J200.png\",\"datePublished\":\"2024-11-26T23:08:19+00:00\",\"dateModified\":\"2025-10-28T12:45:17+00:00\",\"breadcrumb\":{\"@id\":\"https:\/\/sinodrew.pl\/en\/product\/optymalizerka-vk-j200\/#breadcrumb\"},\"inLanguage\":\"en-GB\",\"potentialAction\":[{\"@type\":\"ReadAction\",\"target\":[\"https:\/\/sinodrew.pl\/en\/product\/optymalizerka-vk-j200\/\"]}]},{\"@type\":\"ImageObject\",\"inLanguage\":\"en-GB\",\"@id\":\"https:\/\/sinodrew.pl\/en\/product\/optymalizerka-vk-j200\/#primaryimage\",\"url\":\"https:\/\/sinodrew.pl\/wp-content\/uploads\/2024\/11\/VK-J200.png\",\"contentUrl\":\"https:\/\/sinodrew.pl\/wp-content\/uploads\/2024\/11\/VK-J200.png\",\"width\":799,\"height\":655,\"caption\":\"Optymalizerka na bia\u0142ym tle. Wida\u0107 na niej logo Sino.\"},{\"@type\":\"BreadcrumbList\",\"@id\":\"https:\/\/sinodrew.pl\/en\/product\/optymalizerka-vk-j200\/#breadcrumb\",\"itemListElement\":[{\"@type\":\"ListItem\",\"position\":1,\"name\":\"Strona g\u0142\u00f3wna\",\"item\":\"https:\/\/sinodrew.pl\/en\/\"},{\"@type\":\"ListItem\",\"position\":2,\"name\":\"Kategorie\",\"item\":\"https:\/\/sinodrew.pl\/maszyny\/\"},{\"@type\":\"ListItem\",\"position\":3,\"name\":\"Optymalizerka VK-J200\"}]},{\"@type\":\"WebSite\",\"@id\":\"https:\/\/sinodrew.pl\/en\/#website\",\"url\":\"https:\/\/sinodrew.pl\/en\/\",\"name\":\"SINODREW\",\"description\":\"\",\"publisher\":{\"@id\":\"https:\/\/sinodrew.pl\/en\/#organization\"},\"potentialAction\":[{\"@type\":\"SearchAction\",\"target\":{\"@type\":\"EntryPoint\",\"urlTemplate\":\"https:\/\/sinodrew.pl\/en\/?s={search_term_string}\"},\"query-input\":{\"@type\":\"PropertyValueSpecification\",\"valueRequired\":true,\"valueName\":\"search_term_string\"}}],\"inLanguage\":\"en-GB\"},{\"@type\":\"Organization\",\"@id\":\"https:\/\/sinodrew.pl\/en\/#organization\",\"name\":\"SINODREW\",\"url\":\"https:\/\/sinodrew.pl\/en\/\",\"logo\":{\"@type\":\"ImageObject\",\"inLanguage\":\"en-GB\",\"@id\":\"https:\/\/sinodrew.pl\/en\/#\/schema\/logo\/image\/\",\"url\":\"https:\/\/sinodrew.pl\/wp-content\/uploads\/2024\/12\/sinodrew_logo.jpg\",\"contentUrl\":\"https:\/\/sinodrew.pl\/wp-content\/uploads\/2024\/12\/sinodrew_logo.jpg\",\"width\":2300,\"height\":971,\"caption\":\"SINODREW\"},\"image\":{\"@id\":\"https:\/\/sinodrew.pl\/en\/#\/schema\/logo\/image\/\"}}]}<\/script>\n<!-- \/ Yoast SEO plugin. -->","yoast_head_json":{"title":"Optymalizerka VK-J200 - SINODREW","robots":{"index":"noindex","follow":"follow"},"og_locale":"en_GB","og_type":"article","og_title":"Optymalizerka VK-J200 - SINODREW","og_description":"Optymalizerka, Pi\u0142a poprzeczna automatyczna VK-J200 Pi\u0142a poprzeczna automatyczna VK-J200 to wydajne urz\u0105dzenie do precyzyjnego ci\u0119cia. Charakteryzuje si\u0119 maksymaln\u0105 szeroko\u015bci\u0105 robocz\u0105 120 mm i g\u0142\u0119boko\u015bci\u0105 ci\u0119cia do 20 mm. Dzi\u0119ki zakresowi ci\u0119cia 6-60 mm, zapewnia du\u017c\u0105 wszechstronno\u015b\u0107. Posiada silnik o mocy 16.47 kW, a tak\u017ce podajnik o pr\u0119dko\u015bci 5-25 m\/min. Wymiary [&hellip;]","og_url":"https:\/\/sinodrew.pl\/en\/product\/optymalizerka-vk-j200\/","og_site_name":"SINODREW","article_modified_time":"2025-10-28T12:45:17+00:00","og_image":[{"width":799,"height":655,"url":"https:\/\/sinodrew.pl\/wp-content\/uploads\/2024\/11\/VK-J200.png","type":"image\/png"}],"twitter_card":"summary_large_image","twitter_misc":{"Estimated reading time":"1 minute"},"schema":{"@context":"https:\/\/schema.org","@graph":[{"@type":"WebPage","@id":"https:\/\/sinodrew.pl\/en\/product\/optymalizerka-vk-j200\/","url":"https:\/\/sinodrew.pl\/en\/product\/optymalizerka-vk-j200\/","name":"Optymalizerka VK-J200 - SINODREW","isPartOf":{"@id":"https:\/\/sinodrew.pl\/en\/#website"},"primaryImageOfPage":{"@id":"https:\/\/sinodrew.pl\/en\/product\/optymalizerka-vk-j200\/#primaryimage"},"image":{"@id":"https:\/\/sinodrew.pl\/en\/product\/optymalizerka-vk-j200\/#primaryimage"},"thumbnailUrl":"https:\/\/sinodrew.pl\/wp-content\/uploads\/2024\/11\/VK-J200.png","datePublished":"2024-11-26T23:08:19+00:00","dateModified":"2025-10-28T12:45:17+00:00","breadcrumb":{"@id":"https:\/\/sinodrew.pl\/en\/product\/optymalizerka-vk-j200\/#breadcrumb"},"inLanguage":"en-GB","potentialAction":[{"@type":"ReadAction","target":["https:\/\/sinodrew.pl\/en\/product\/optymalizerka-vk-j200\/"]}]},{"@type":"ImageObject","inLanguage":"en-GB","@id":"https:\/\/sinodrew.pl\/en\/product\/optymalizerka-vk-j200\/#primaryimage","url":"https:\/\/sinodrew.pl\/wp-content\/uploads\/2024\/11\/VK-J200.png","contentUrl":"https:\/\/sinodrew.pl\/wp-content\/uploads\/2024\/11\/VK-J200.png","width":799,"height":655,"caption":"Optymalizerka na bia\u0142ym tle. Wida\u0107 na niej logo Sino."},{"@type":"BreadcrumbList","@id":"https:\/\/sinodrew.pl\/en\/product\/optymalizerka-vk-j200\/#breadcrumb","itemListElement":[{"@type":"ListItem","position":1,"name":"Strona g\u0142\u00f3wna","item":"https:\/\/sinodrew.pl\/en\/"},{"@type":"ListItem","position":2,"name":"Kategorie","item":"https:\/\/sinodrew.pl\/maszyny\/"},{"@type":"ListItem","position":3,"name":"Optymalizerka VK-J200"}]},{"@type":"WebSite","@id":"https:\/\/sinodrew.pl\/en\/#website","url":"https:\/\/sinodrew.pl\/en\/","name":"SINODREW","description":"","publisher":{"@id":"https:\/\/sinodrew.pl\/en\/#organization"},"potentialAction":[{"@type":"SearchAction","target":{"@type":"EntryPoint","urlTemplate":"https:\/\/sinodrew.pl\/en\/?s={search_term_string}"},"query-input":{"@type":"PropertyValueSpecification","valueRequired":true,"valueName":"search_term_string"}}],"inLanguage":"en-GB"},{"@type":"Organization","@id":"https:\/\/sinodrew.pl\/en\/#organization","name":"SINODREW","url":"https:\/\/sinodrew.pl\/en\/","logo":{"@type":"ImageObject","inLanguage":"en-GB","@id":"https:\/\/sinodrew.pl\/en\/#\/schema\/logo\/image\/","url":"https:\/\/sinodrew.pl\/wp-content\/uploads\/2024\/12\/sinodrew_logo.jpg","contentUrl":"https:\/\/sinodrew.pl\/wp-content\/uploads\/2024\/12\/sinodrew_logo.jpg","width":2300,"height":971,"caption":"SINODREW"},"image":{"@id":"https:\/\/sinodrew.pl\/en\/#\/schema\/logo\/image\/"}}]}},"_links":{"self":[{"href":"https:\/\/sinodrew.pl\/en\/wp-json\/wp\/v2\/product\/171","targetHints":{"allow":["GET"]}}],"collection":[{"href":"https:\/\/sinodrew.pl\/en\/wp-json\/wp\/v2\/product"}],"about":[{"href":"https:\/\/sinodrew.pl\/en\/wp-json\/wp\/v2\/types\/product"}],"replies":[{"embeddable":true,"href":"https:\/\/sinodrew.pl\/en\/wp-json\/wp\/v2\/comments?post=171"}],"wp:featuredmedia":[{"embeddable":true,"href":"https:\/\/sinodrew.pl\/en\/wp-json\/wp\/v2\/media\/172"}],"wp:attachment":[{"href":"https:\/\/sinodrew.pl\/en\/wp-json\/wp\/v2\/media?parent=171"}],"wp:term":[{"taxonomy":"product_brand","embeddable":true,"href":"https:\/\/sinodrew.pl\/en\/wp-json\/wp\/v2\/product_brand?post=171"},{"taxonomy":"product_cat","embeddable":true,"href":"https:\/\/sinodrew.pl\/en\/wp-json\/wp\/v2\/product_cat?post=171"},{"taxonomy":"product_tag","embeddable":true,"href":"https:\/\/sinodrew.pl\/en\/wp-json\/wp\/v2\/product_tag?post=171"}],"curies":[{"name":"wp","href":"https:\/\/api.w.org\/{rel}","templated":true}]}}