{"id":169,"date":"2024-11-26T23:59:49","date_gmt":"2024-11-26T22:59:49","guid":{"rendered":"https:\/\/sinodrew.austor.pl\/?post_type=product&#038;p=169"},"modified":"2026-01-28T07:32:02","modified_gmt":"2026-01-28T06:32:02","slug":"pila-ukosnica-vk-b406","status":"publish","type":"product","link":"https:\/\/sinodrew.pl\/en\/product\/pila-ukosnica-vk-b406\/","title":{"rendered":"VK-B406 Automatic crawler type planer"},"content":{"rendered":"<div>\n<table style=\"border:1px solid black;\">\n<tr>\n<th colspan=\"2\" style=\"text-align:center;\">Technical specifications:<\/th>\n<\/tr>\n<tr>\n<td>Work table size<\/td>\n<td>710 x 435 mm<\/td>\n<\/tr>\n<tr>\n<td>Max. working width<\/td>\n<td>406 mm<\/td>\n<\/tr>\n<tr>\n<td>Working thickness<\/td>\n<td>10-90 mm<\/td>\n<\/tr>\n<tr>\n<td>Processing range<\/td>\n<td>5-150 mm<\/td>\n<\/tr>\n<tr>\n<td>Maximum thickness<\/td>\n<td>6 mm<\/td>\n<\/tr>\n<tr>\n<td>Min. working length<\/td>\n<td>185 mm<\/td>\n<\/tr>\n<tr>\n<td>Feeding speed<\/td>\n<td>6 &#8211; 17 m\/min<\/td>\n<\/tr>\n<tr>\n<td>Feeding motor power<\/td>\n<td>4 kW<\/td>\n<\/tr>\n<tr>\n<td>Spindle motor power<\/td>\n<td>0.4 kW<\/td>\n<\/tr>\n<tr>\n<td>Weight<\/td>\n<td>440 kg<\/td>\n<\/tr>\n<tr>\n<td>Dimensions<\/td>\n<td>810 x 1100 x 1260 mm<\/td>\n<\/tr>\n<\/table>\n<div>","protected":false},"excerpt":{"rendered":"<p>Specyfikacja techniczna: Rozmiar przestrzeni roboczej 710 x 435 mm Maks. szeroko\u015b\u0107 robocza 406 mm Grubo\u015b\u0107 ci\u0119cia 10-90 mm Zakres przetwarzania 5-150 mm Maksymalna grubo\u015b\u0107 6 mm Minimalna d\u0142ugo\u015b\u0107 185 mm Pr\u0119dko\u015b\u0107 podajnika 6 &#8211; 17 m\/min Moc silnika podaj\u0105cego 4 kW Moc silnika pi\u0142y 0.4 kW Waga 440 kg Wymiary [&hellip;]<\/p>","protected":false},"featured_media":170,"comment_status":"open","ping_status":"closed","template":"","meta":[],"product_brand":[],"product_cat":[40],"product_tag":[],"class_list":{"0":"post-169","1":"product","2":"type-product","3":"status-publish","4":"has-post-thumbnail","6":"product_cat-strugarki","8":"first","9":"onbackorder","10":"shipping-taxable","11":"product-type-simple"},"yoast_head":"<!-- This site is optimized with the Yoast SEO plugin v25.6 - https:\/\/yoast.com\/wordpress\/plugins\/seo\/ -->\n<title>Automatyczna strugarka g\u0105sienicowa VK-B406 - SINODREW<\/title>\n<meta name=\"robots\" content=\"index, follow, max-snippet:-1, max-image-preview:large, max-video-preview:-1\" \/>\n<link rel=\"canonical\" href=\"https:\/\/sinodrew.pl\/en\/product\/pila-ukosnica-vk-b406\/\" \/>\n<meta property=\"og:locale\" content=\"en_GB\" \/>\n<meta property=\"og:type\" content=\"article\" \/>\n<meta property=\"og:title\" content=\"Automatyczna strugarka g\u0105sienicowa VK-B406 - SINODREW\" \/>\n<meta property=\"og:description\" content=\"Specyfikacja techniczna: Rozmiar przestrzeni roboczej 710 x 435 mm Maks. szeroko\u015b\u0107 robocza 406 mm Grubo\u015b\u0107 ci\u0119cia 10-90 mm Zakres przetwarzania 5-150 mm Maksymalna grubo\u015b\u0107 6 mm Minimalna d\u0142ugo\u015b\u0107 185 mm Pr\u0119dko\u015b\u0107 podajnika 6 &#8211; 17 m\/min Moc silnika podaj\u0105cego 4 kW Moc silnika pi\u0142y 0.4 kW Waga 440 kg Wymiary [&hellip;]\" \/>\n<meta property=\"og:url\" content=\"https:\/\/sinodrew.pl\/en\/product\/pila-ukosnica-vk-b406\/\" \/>\n<meta property=\"og:site_name\" content=\"SINODREW\" \/>\n<meta property=\"article:modified_time\" content=\"2026-01-28T06:32:02+00:00\" \/>\n<meta property=\"og:image\" content=\"https:\/\/sinodrew.pl\/wp-content\/uploads\/2024\/11\/VK-B406.png\" \/>\n\t<meta property=\"og:image:width\" content=\"840\" \/>\n\t<meta property=\"og:image:height\" content=\"796\" \/>\n\t<meta property=\"og:image:type\" content=\"image\/png\" \/>\n<meta name=\"twitter:card\" content=\"summary_large_image\" \/>\n<script type=\"application\/ld+json\" class=\"yoast-schema-graph\">{\"@context\":\"https:\/\/schema.org\",\"@graph\":[{\"@type\":\"WebPage\",\"@id\":\"https:\/\/sinodrew.pl\/en\/product\/pila-ukosnica-vk-b406\/\",\"url\":\"https:\/\/sinodrew.pl\/en\/product\/pila-ukosnica-vk-b406\/\",\"name\":\"Automatyczna strugarka g\u0105sienicowa VK-B406 - SINODREW\",\"isPartOf\":{\"@id\":\"https:\/\/sinodrew.pl\/en\/#website\"},\"primaryImageOfPage\":{\"@id\":\"https:\/\/sinodrew.pl\/en\/product\/pila-ukosnica-vk-b406\/#primaryimage\"},\"image\":{\"@id\":\"https:\/\/sinodrew.pl\/en\/product\/pila-ukosnica-vk-b406\/#primaryimage\"},\"thumbnailUrl\":\"https:\/\/sinodrew.pl\/wp-content\/uploads\/2024\/11\/VK-B406.png\",\"datePublished\":\"2024-11-26T22:59:49+00:00\",\"dateModified\":\"2026-01-28T06:32:02+00:00\",\"breadcrumb\":{\"@id\":\"https:\/\/sinodrew.pl\/en\/product\/pila-ukosnica-vk-b406\/#breadcrumb\"},\"inLanguage\":\"en-GB\",\"potentialAction\":[{\"@type\":\"ReadAction\",\"target\":[\"https:\/\/sinodrew.pl\/en\/product\/pila-ukosnica-vk-b406\/\"]}]},{\"@type\":\"ImageObject\",\"inLanguage\":\"en-GB\",\"@id\":\"https:\/\/sinodrew.pl\/en\/product\/pila-ukosnica-vk-b406\/#primaryimage\",\"url\":\"https:\/\/sinodrew.pl\/wp-content\/uploads\/2024\/11\/VK-B406.png\",\"contentUrl\":\"https:\/\/sinodrew.pl\/wp-content\/uploads\/2024\/11\/VK-B406.png\",\"width\":840,\"height\":796},{\"@type\":\"BreadcrumbList\",\"@id\":\"https:\/\/sinodrew.pl\/en\/product\/pila-ukosnica-vk-b406\/#breadcrumb\",\"itemListElement\":[{\"@type\":\"ListItem\",\"position\":1,\"name\":\"Strona g\u0142\u00f3wna\",\"item\":\"https:\/\/sinodrew.pl\/en\/\"},{\"@type\":\"ListItem\",\"position\":2,\"name\":\"Kategorie\",\"item\":\"https:\/\/sinodrew.pl\/maszyny\/\"},{\"@type\":\"ListItem\",\"position\":3,\"name\":\"Automatyczna strugarka g\u0105sienicowa VK-B406\"}]},{\"@type\":\"WebSite\",\"@id\":\"https:\/\/sinodrew.pl\/en\/#website\",\"url\":\"https:\/\/sinodrew.pl\/en\/\",\"name\":\"SINODREW\",\"description\":\"\",\"publisher\":{\"@id\":\"https:\/\/sinodrew.pl\/en\/#organization\"},\"potentialAction\":[{\"@type\":\"SearchAction\",\"target\":{\"@type\":\"EntryPoint\",\"urlTemplate\":\"https:\/\/sinodrew.pl\/en\/?s={search_term_string}\"},\"query-input\":{\"@type\":\"PropertyValueSpecification\",\"valueRequired\":true,\"valueName\":\"search_term_string\"}}],\"inLanguage\":\"en-GB\"},{\"@type\":\"Organization\",\"@id\":\"https:\/\/sinodrew.pl\/en\/#organization\",\"name\":\"SINODREW\",\"url\":\"https:\/\/sinodrew.pl\/en\/\",\"logo\":{\"@type\":\"ImageObject\",\"inLanguage\":\"en-GB\",\"@id\":\"https:\/\/sinodrew.pl\/en\/#\/schema\/logo\/image\/\",\"url\":\"https:\/\/sinodrew.pl\/wp-content\/uploads\/2024\/12\/sinodrew_logo.jpg\",\"contentUrl\":\"https:\/\/sinodrew.pl\/wp-content\/uploads\/2024\/12\/sinodrew_logo.jpg\",\"width\":2300,\"height\":971,\"caption\":\"SINODREW\"},\"image\":{\"@id\":\"https:\/\/sinodrew.pl\/en\/#\/schema\/logo\/image\/\"}}]}<\/script>\n<!-- \/ Yoast SEO plugin. -->","yoast_head_json":{"title":"Automatyczna strugarka g\u0105sienicowa VK-B406 - SINODREW","robots":{"index":"index","follow":"follow","max-snippet":"max-snippet:-1","max-image-preview":"max-image-preview:large","max-video-preview":"max-video-preview:-1"},"canonical":"https:\/\/sinodrew.pl\/en\/product\/pila-ukosnica-vk-b406\/","og_locale":"en_GB","og_type":"article","og_title":"Automatyczna strugarka g\u0105sienicowa VK-B406 - SINODREW","og_description":"Specyfikacja techniczna: Rozmiar przestrzeni roboczej 710 x 435 mm Maks. szeroko\u015b\u0107 robocza 406 mm Grubo\u015b\u0107 ci\u0119cia 10-90 mm Zakres przetwarzania 5-150 mm Maksymalna grubo\u015b\u0107 6 mm Minimalna d\u0142ugo\u015b\u0107 185 mm Pr\u0119dko\u015b\u0107 podajnika 6 &#8211; 17 m\/min Moc silnika podaj\u0105cego 4 kW Moc silnika pi\u0142y 0.4 kW Waga 440 kg Wymiary [&hellip;]","og_url":"https:\/\/sinodrew.pl\/en\/product\/pila-ukosnica-vk-b406\/","og_site_name":"SINODREW","article_modified_time":"2026-01-28T06:32:02+00:00","og_image":[{"width":840,"height":796,"url":"https:\/\/sinodrew.pl\/wp-content\/uploads\/2024\/11\/VK-B406.png","type":"image\/png"}],"twitter_card":"summary_large_image","schema":{"@context":"https:\/\/schema.org","@graph":[{"@type":"WebPage","@id":"https:\/\/sinodrew.pl\/en\/product\/pila-ukosnica-vk-b406\/","url":"https:\/\/sinodrew.pl\/en\/product\/pila-ukosnica-vk-b406\/","name":"Automatyczna strugarka g\u0105sienicowa VK-B406 - SINODREW","isPartOf":{"@id":"https:\/\/sinodrew.pl\/en\/#website"},"primaryImageOfPage":{"@id":"https:\/\/sinodrew.pl\/en\/product\/pila-ukosnica-vk-b406\/#primaryimage"},"image":{"@id":"https:\/\/sinodrew.pl\/en\/product\/pila-ukosnica-vk-b406\/#primaryimage"},"thumbnailUrl":"https:\/\/sinodrew.pl\/wp-content\/uploads\/2024\/11\/VK-B406.png","datePublished":"2024-11-26T22:59:49+00:00","dateModified":"2026-01-28T06:32:02+00:00","breadcrumb":{"@id":"https:\/\/sinodrew.pl\/en\/product\/pila-ukosnica-vk-b406\/#breadcrumb"},"inLanguage":"en-GB","potentialAction":[{"@type":"ReadAction","target":["https:\/\/sinodrew.pl\/en\/product\/pila-ukosnica-vk-b406\/"]}]},{"@type":"ImageObject","inLanguage":"en-GB","@id":"https:\/\/sinodrew.pl\/en\/product\/pila-ukosnica-vk-b406\/#primaryimage","url":"https:\/\/sinodrew.pl\/wp-content\/uploads\/2024\/11\/VK-B406.png","contentUrl":"https:\/\/sinodrew.pl\/wp-content\/uploads\/2024\/11\/VK-B406.png","width":840,"height":796},{"@type":"BreadcrumbList","@id":"https:\/\/sinodrew.pl\/en\/product\/pila-ukosnica-vk-b406\/#breadcrumb","itemListElement":[{"@type":"ListItem","position":1,"name":"Strona g\u0142\u00f3wna","item":"https:\/\/sinodrew.pl\/en\/"},{"@type":"ListItem","position":2,"name":"Kategorie","item":"https:\/\/sinodrew.pl\/maszyny\/"},{"@type":"ListItem","position":3,"name":"Automatyczna strugarka g\u0105sienicowa VK-B406"}]},{"@type":"WebSite","@id":"https:\/\/sinodrew.pl\/en\/#website","url":"https:\/\/sinodrew.pl\/en\/","name":"SINODREW","description":"","publisher":{"@id":"https:\/\/sinodrew.pl\/en\/#organization"},"potentialAction":[{"@type":"SearchAction","target":{"@type":"EntryPoint","urlTemplate":"https:\/\/sinodrew.pl\/en\/?s={search_term_string}"},"query-input":{"@type":"PropertyValueSpecification","valueRequired":true,"valueName":"search_term_string"}}],"inLanguage":"en-GB"},{"@type":"Organization","@id":"https:\/\/sinodrew.pl\/en\/#organization","name":"SINODREW","url":"https:\/\/sinodrew.pl\/en\/","logo":{"@type":"ImageObject","inLanguage":"en-GB","@id":"https:\/\/sinodrew.pl\/en\/#\/schema\/logo\/image\/","url":"https:\/\/sinodrew.pl\/wp-content\/uploads\/2024\/12\/sinodrew_logo.jpg","contentUrl":"https:\/\/sinodrew.pl\/wp-content\/uploads\/2024\/12\/sinodrew_logo.jpg","width":2300,"height":971,"caption":"SINODREW"},"image":{"@id":"https:\/\/sinodrew.pl\/en\/#\/schema\/logo\/image\/"}}]}},"_links":{"self":[{"href":"https:\/\/sinodrew.pl\/en\/wp-json\/wp\/v2\/product\/169","targetHints":{"allow":["GET"]}}],"collection":[{"href":"https:\/\/sinodrew.pl\/en\/wp-json\/wp\/v2\/product"}],"about":[{"href":"https:\/\/sinodrew.pl\/en\/wp-json\/wp\/v2\/types\/product"}],"replies":[{"embeddable":true,"href":"https:\/\/sinodrew.pl\/en\/wp-json\/wp\/v2\/comments?post=169"}],"wp:featuredmedia":[{"embeddable":true,"href":"https:\/\/sinodrew.pl\/en\/wp-json\/wp\/v2\/media\/170"}],"wp:attachment":[{"href":"https:\/\/sinodrew.pl\/en\/wp-json\/wp\/v2\/media?parent=169"}],"wp:term":[{"taxonomy":"product_brand","embeddable":true,"href":"https:\/\/sinodrew.pl\/en\/wp-json\/wp\/v2\/product_brand?post=169"},{"taxonomy":"product_cat","embeddable":true,"href":"https:\/\/sinodrew.pl\/en\/wp-json\/wp\/v2\/product_cat?post=169"},{"taxonomy":"product_tag","embeddable":true,"href":"https:\/\/sinodrew.pl\/en\/wp-json\/wp\/v2\/product_tag?post=169"}],"curies":[{"name":"wp","href":"https:\/\/api.w.org\/{rel}","templated":true}]}}