{"id":163,"date":"2024-11-26T22:46:48","date_gmt":"2024-11-26T21:46:48","guid":{"rendered":"https:\/\/sinodrew.austor.pl\/?post_type=product&#038;p=163"},"modified":"2024-12-27T21:04:39","modified_gmt":"2024-12-27T20:04:39","slug":"pila-wzdluzna-dolna-vk-j164","status":"publish","type":"product","link":"https:\/\/sinodrew.pl\/en\/product\/pila-wzdluzna-dolna-vk-j164\/","title":{"rendered":"VK-J164 Bottom rip saw"},"content":{"rendered":"<p>VK-J164 Bottom rip saw<\/p>\n<p><strong>Technical specifications:<\/strong><\/p>\n<table border=\"1\">\n<tr>\n<th>Specification<\/th>\n<th>Value<\/th>\n<\/tr>\n<tr>\n<td><strong>Sawing thickness<\/strong><\/td>\n<td>10-120 mm<\/td>\n<\/tr>\n<tr>\n<td><strong>Max. working width<\/strong><\/td>\n<td>640 mm<\/td>\n<\/tr>\n<tr>\n<td><strong>Min. feed length<\/strong><\/td>\n<td>260 mm<\/td>\n<\/tr>\n<tr>\n<td><strong>Sawblade diameter<\/strong><\/td>\n<td>405-500 mm<\/td>\n<\/tr>\n<tr>\n<td><strong>Feeding speed<\/strong><\/td>\n<td>10-33 m\/min.<\/td>\n<\/tr>\n<tr>\n<td><strong>Spindle motor power<\/strong><\/td>\n<td>15 kW<\/td>\n<\/tr>\n<tr>\n<td><strong>Feeding motor power<\/strong><\/td>\n<td>2.2\/0.25 kW<\/td>\n<\/tr>\n<tr>\n<td><strong>Total power<\/strong><\/td>\n<td>17.45 kW<\/td>\n<\/tr>\n<tr>\n<td><strong>Work desk size<\/strong><\/td>\n<td>2020 x 1170mm<\/td>\n<\/tr>\n<tr>\n<td><strong>Weight<\/strong><\/td>\n<td>1900 kg<\/td>\n<\/tr>\n<tr>\n<td><strong>Dimensions<\/strong><\/td>\n<td>2260 x 1850 x 1450 mm<\/td>\n<\/tr>\n<\/table>","protected":false},"excerpt":{"rendered":"<p>Pi\u0142a wzd\u0142u\u017cna dolna VK-J164 Specyfikacja techniczna: Specyfikacja Warto\u015b\u0107 Grubo\u015b\u0107 (zakres ci\u0119cia) 10-120 mm Maks. szeroko\u015b\u0107 robocza 640 mm Min. d\u0142ugo\u015b\u0107 elementu 260 mm \u015arednica pi\u0142y 405-500 mm Pr\u0119dko\u015b\u0107 podawania (falownik) 10-33 m\/min. Moc silnika pi\u0142y 15 kW Moc nap\u0119du posuwu 2.2\/0.25 kW Moc ca\u0142kowita 17.45 kW Przestrze\u0144 robocza 2020 x [&hellip;]<\/p>","protected":false},"featured_media":164,"comment_status":"open","ping_status":"closed","template":"","meta":[],"product_brand":[],"product_cat":[38],"product_tag":[],"class_list":{"0":"post-163","1":"product","2":"type-product","3":"status-publish","4":"has-post-thumbnail","6":"product_cat-pily-wzdluzne","8":"first","9":"onbackorder","10":"shipping-taxable","11":"product-type-simple"},"yoast_head":"<!-- This site is optimized with the Yoast SEO plugin v25.6 - https:\/\/yoast.com\/wordpress\/plugins\/seo\/ -->\n<title>Pi\u0142a wzd\u0142u\u017cna dolna VK-J164 - SINODREW<\/title>\n<meta name=\"robots\" content=\"index, follow, max-snippet:-1, max-image-preview:large, max-video-preview:-1\" \/>\n<link rel=\"canonical\" href=\"https:\/\/sinodrew.pl\/en\/product\/pila-wzdluzna-dolna-vk-j164\/\" \/>\n<meta property=\"og:locale\" content=\"en_GB\" \/>\n<meta property=\"og:type\" content=\"article\" \/>\n<meta property=\"og:title\" content=\"Pi\u0142a wzd\u0142u\u017cna dolna VK-J164 - SINODREW\" \/>\n<meta property=\"og:description\" content=\"Pi\u0142a wzd\u0142u\u017cna dolna VK-J164 Specyfikacja techniczna: Specyfikacja Warto\u015b\u0107 Grubo\u015b\u0107 (zakres ci\u0119cia) 10-120 mm Maks. szeroko\u015b\u0107 robocza 640 mm Min. d\u0142ugo\u015b\u0107 elementu 260 mm \u015arednica pi\u0142y 405-500 mm Pr\u0119dko\u015b\u0107 podawania (falownik) 10-33 m\/min. Moc silnika pi\u0142y 15 kW Moc nap\u0119du posuwu 2.2\/0.25 kW Moc ca\u0142kowita 17.45 kW Przestrze\u0144 robocza 2020 x [&hellip;]\" \/>\n<meta property=\"og:url\" content=\"https:\/\/sinodrew.pl\/en\/product\/pila-wzdluzna-dolna-vk-j164\/\" \/>\n<meta property=\"og:site_name\" content=\"SINODREW\" \/>\n<meta property=\"article:modified_time\" content=\"2024-12-27T20:04:39+00:00\" \/>\n<meta property=\"og:image\" content=\"https:\/\/sinodrew.pl\/wp-content\/uploads\/2024\/11\/VK-J164.png\" \/>\n\t<meta property=\"og:image:width\" content=\"800\" \/>\n\t<meta property=\"og:image:height\" content=\"640\" \/>\n\t<meta property=\"og:image:type\" content=\"image\/png\" \/>\n<meta name=\"twitter:card\" content=\"summary_large_image\" \/>\n<script type=\"application\/ld+json\" class=\"yoast-schema-graph\">{\"@context\":\"https:\/\/schema.org\",\"@graph\":[{\"@type\":\"WebPage\",\"@id\":\"https:\/\/sinodrew.pl\/en\/product\/pila-wzdluzna-dolna-vk-j164\/\",\"url\":\"https:\/\/sinodrew.pl\/en\/product\/pila-wzdluzna-dolna-vk-j164\/\",\"name\":\"Pi\u0142a wzd\u0142u\u017cna dolna VK-J164 - SINODREW\",\"isPartOf\":{\"@id\":\"https:\/\/sinodrew.pl\/en\/#website\"},\"primaryImageOfPage\":{\"@id\":\"https:\/\/sinodrew.pl\/en\/product\/pila-wzdluzna-dolna-vk-j164\/#primaryimage\"},\"image\":{\"@id\":\"https:\/\/sinodrew.pl\/en\/product\/pila-wzdluzna-dolna-vk-j164\/#primaryimage\"},\"thumbnailUrl\":\"https:\/\/sinodrew.pl\/wp-content\/uploads\/2024\/11\/VK-J164.png\",\"datePublished\":\"2024-11-26T21:46:48+00:00\",\"dateModified\":\"2024-12-27T20:04:39+00:00\",\"breadcrumb\":{\"@id\":\"https:\/\/sinodrew.pl\/en\/product\/pila-wzdluzna-dolna-vk-j164\/#breadcrumb\"},\"inLanguage\":\"en-GB\",\"potentialAction\":[{\"@type\":\"ReadAction\",\"target\":[\"https:\/\/sinodrew.pl\/en\/product\/pila-wzdluzna-dolna-vk-j164\/\"]}]},{\"@type\":\"ImageObject\",\"inLanguage\":\"en-GB\",\"@id\":\"https:\/\/sinodrew.pl\/en\/product\/pila-wzdluzna-dolna-vk-j164\/#primaryimage\",\"url\":\"https:\/\/sinodrew.pl\/wp-content\/uploads\/2024\/11\/VK-J164.png\",\"contentUrl\":\"https:\/\/sinodrew.pl\/wp-content\/uploads\/2024\/11\/VK-J164.png\",\"width\":800,\"height\":640},{\"@type\":\"BreadcrumbList\",\"@id\":\"https:\/\/sinodrew.pl\/en\/product\/pila-wzdluzna-dolna-vk-j164\/#breadcrumb\",\"itemListElement\":[{\"@type\":\"ListItem\",\"position\":1,\"name\":\"Strona g\u0142\u00f3wna\",\"item\":\"https:\/\/sinodrew.pl\/en\/\"},{\"@type\":\"ListItem\",\"position\":2,\"name\":\"Kategorie\",\"item\":\"https:\/\/sinodrew.pl\/maszyny\/\"},{\"@type\":\"ListItem\",\"position\":3,\"name\":\"Pi\u0142a wzd\u0142u\u017cna dolna VK-J164\"}]},{\"@type\":\"WebSite\",\"@id\":\"https:\/\/sinodrew.pl\/en\/#website\",\"url\":\"https:\/\/sinodrew.pl\/en\/\",\"name\":\"SINODREW\",\"description\":\"\",\"publisher\":{\"@id\":\"https:\/\/sinodrew.pl\/en\/#organization\"},\"potentialAction\":[{\"@type\":\"SearchAction\",\"target\":{\"@type\":\"EntryPoint\",\"urlTemplate\":\"https:\/\/sinodrew.pl\/en\/?s={search_term_string}\"},\"query-input\":{\"@type\":\"PropertyValueSpecification\",\"valueRequired\":true,\"valueName\":\"search_term_string\"}}],\"inLanguage\":\"en-GB\"},{\"@type\":\"Organization\",\"@id\":\"https:\/\/sinodrew.pl\/en\/#organization\",\"name\":\"SINODREW\",\"url\":\"https:\/\/sinodrew.pl\/en\/\",\"logo\":{\"@type\":\"ImageObject\",\"inLanguage\":\"en-GB\",\"@id\":\"https:\/\/sinodrew.pl\/en\/#\/schema\/logo\/image\/\",\"url\":\"https:\/\/sinodrew.pl\/wp-content\/uploads\/2024\/12\/sinodrew_logo.jpg\",\"contentUrl\":\"https:\/\/sinodrew.pl\/wp-content\/uploads\/2024\/12\/sinodrew_logo.jpg\",\"width\":2300,\"height\":971,\"caption\":\"SINODREW\"},\"image\":{\"@id\":\"https:\/\/sinodrew.pl\/en\/#\/schema\/logo\/image\/\"}}]}<\/script>\n<!-- \/ Yoast SEO plugin. -->","yoast_head_json":{"title":"Pi\u0142a wzd\u0142u\u017cna dolna VK-J164 - SINODREW","robots":{"index":"index","follow":"follow","max-snippet":"max-snippet:-1","max-image-preview":"max-image-preview:large","max-video-preview":"max-video-preview:-1"},"canonical":"https:\/\/sinodrew.pl\/en\/product\/pila-wzdluzna-dolna-vk-j164\/","og_locale":"en_GB","og_type":"article","og_title":"Pi\u0142a wzd\u0142u\u017cna dolna VK-J164 - SINODREW","og_description":"Pi\u0142a wzd\u0142u\u017cna dolna VK-J164 Specyfikacja techniczna: Specyfikacja Warto\u015b\u0107 Grubo\u015b\u0107 (zakres ci\u0119cia) 10-120 mm Maks. szeroko\u015b\u0107 robocza 640 mm Min. d\u0142ugo\u015b\u0107 elementu 260 mm \u015arednica pi\u0142y 405-500 mm Pr\u0119dko\u015b\u0107 podawania (falownik) 10-33 m\/min. Moc silnika pi\u0142y 15 kW Moc nap\u0119du posuwu 2.2\/0.25 kW Moc ca\u0142kowita 17.45 kW Przestrze\u0144 robocza 2020 x [&hellip;]","og_url":"https:\/\/sinodrew.pl\/en\/product\/pila-wzdluzna-dolna-vk-j164\/","og_site_name":"SINODREW","article_modified_time":"2024-12-27T20:04:39+00:00","og_image":[{"width":800,"height":640,"url":"https:\/\/sinodrew.pl\/wp-content\/uploads\/2024\/11\/VK-J164.png","type":"image\/png"}],"twitter_card":"summary_large_image","schema":{"@context":"https:\/\/schema.org","@graph":[{"@type":"WebPage","@id":"https:\/\/sinodrew.pl\/en\/product\/pila-wzdluzna-dolna-vk-j164\/","url":"https:\/\/sinodrew.pl\/en\/product\/pila-wzdluzna-dolna-vk-j164\/","name":"Pi\u0142a wzd\u0142u\u017cna dolna VK-J164 - SINODREW","isPartOf":{"@id":"https:\/\/sinodrew.pl\/en\/#website"},"primaryImageOfPage":{"@id":"https:\/\/sinodrew.pl\/en\/product\/pila-wzdluzna-dolna-vk-j164\/#primaryimage"},"image":{"@id":"https:\/\/sinodrew.pl\/en\/product\/pila-wzdluzna-dolna-vk-j164\/#primaryimage"},"thumbnailUrl":"https:\/\/sinodrew.pl\/wp-content\/uploads\/2024\/11\/VK-J164.png","datePublished":"2024-11-26T21:46:48+00:00","dateModified":"2024-12-27T20:04:39+00:00","breadcrumb":{"@id":"https:\/\/sinodrew.pl\/en\/product\/pila-wzdluzna-dolna-vk-j164\/#breadcrumb"},"inLanguage":"en-GB","potentialAction":[{"@type":"ReadAction","target":["https:\/\/sinodrew.pl\/en\/product\/pila-wzdluzna-dolna-vk-j164\/"]}]},{"@type":"ImageObject","inLanguage":"en-GB","@id":"https:\/\/sinodrew.pl\/en\/product\/pila-wzdluzna-dolna-vk-j164\/#primaryimage","url":"https:\/\/sinodrew.pl\/wp-content\/uploads\/2024\/11\/VK-J164.png","contentUrl":"https:\/\/sinodrew.pl\/wp-content\/uploads\/2024\/11\/VK-J164.png","width":800,"height":640},{"@type":"BreadcrumbList","@id":"https:\/\/sinodrew.pl\/en\/product\/pila-wzdluzna-dolna-vk-j164\/#breadcrumb","itemListElement":[{"@type":"ListItem","position":1,"name":"Strona g\u0142\u00f3wna","item":"https:\/\/sinodrew.pl\/en\/"},{"@type":"ListItem","position":2,"name":"Kategorie","item":"https:\/\/sinodrew.pl\/maszyny\/"},{"@type":"ListItem","position":3,"name":"Pi\u0142a wzd\u0142u\u017cna dolna VK-J164"}]},{"@type":"WebSite","@id":"https:\/\/sinodrew.pl\/en\/#website","url":"https:\/\/sinodrew.pl\/en\/","name":"SINODREW","description":"","publisher":{"@id":"https:\/\/sinodrew.pl\/en\/#organization"},"potentialAction":[{"@type":"SearchAction","target":{"@type":"EntryPoint","urlTemplate":"https:\/\/sinodrew.pl\/en\/?s={search_term_string}"},"query-input":{"@type":"PropertyValueSpecification","valueRequired":true,"valueName":"search_term_string"}}],"inLanguage":"en-GB"},{"@type":"Organization","@id":"https:\/\/sinodrew.pl\/en\/#organization","name":"SINODREW","url":"https:\/\/sinodrew.pl\/en\/","logo":{"@type":"ImageObject","inLanguage":"en-GB","@id":"https:\/\/sinodrew.pl\/en\/#\/schema\/logo\/image\/","url":"https:\/\/sinodrew.pl\/wp-content\/uploads\/2024\/12\/sinodrew_logo.jpg","contentUrl":"https:\/\/sinodrew.pl\/wp-content\/uploads\/2024\/12\/sinodrew_logo.jpg","width":2300,"height":971,"caption":"SINODREW"},"image":{"@id":"https:\/\/sinodrew.pl\/en\/#\/schema\/logo\/image\/"}}]}},"_links":{"self":[{"href":"https:\/\/sinodrew.pl\/en\/wp-json\/wp\/v2\/product\/163","targetHints":{"allow":["GET"]}}],"collection":[{"href":"https:\/\/sinodrew.pl\/en\/wp-json\/wp\/v2\/product"}],"about":[{"href":"https:\/\/sinodrew.pl\/en\/wp-json\/wp\/v2\/types\/product"}],"replies":[{"embeddable":true,"href":"https:\/\/sinodrew.pl\/en\/wp-json\/wp\/v2\/comments?post=163"}],"wp:featuredmedia":[{"embeddable":true,"href":"https:\/\/sinodrew.pl\/en\/wp-json\/wp\/v2\/media\/164"}],"wp:attachment":[{"href":"https:\/\/sinodrew.pl\/en\/wp-json\/wp\/v2\/media?parent=163"}],"wp:term":[{"taxonomy":"product_brand","embeddable":true,"href":"https:\/\/sinodrew.pl\/en\/wp-json\/wp\/v2\/product_brand?post=163"},{"taxonomy":"product_cat","embeddable":true,"href":"https:\/\/sinodrew.pl\/en\/wp-json\/wp\/v2\/product_cat?post=163"},{"taxonomy":"product_tag","embeddable":true,"href":"https:\/\/sinodrew.pl\/en\/wp-json\/wp\/v2\/product_tag?post=163"}],"curies":[{"name":"wp","href":"https:\/\/api.w.org\/{rel}","templated":true}]}}