{"id":161,"date":"2024-11-26T22:29:55","date_gmt":"2024-11-26T21:29:55","guid":{"rendered":"https:\/\/sinodrew.austor.pl\/?post_type=product&#038;p=161"},"modified":"2024-12-27T21:04:46","modified_gmt":"2024-12-27T20:04:46","slug":"pila-wzdluzna-dolna-vk-j163b","status":"publish","type":"product","link":"https:\/\/sinodrew.pl\/en\/product\/pila-wzdluzna-dolna-vk-j163b\/","title":{"rendered":"VK-J163B Bottom rip saw"},"content":{"rendered":"<p>VK-J163B Bottom rip saw<\/p>\n<p><strong>Technical specifications:<\/strong><\/p>\n<table border=\"1\">\n<tr>\n<th>Specification<\/th>\n<th>Value<\/th>\n<\/tr>\n<tr>\n<td><strong>Sawing thickness<\/strong><\/td>\n<td>10-90 mm<\/td>\n<\/tr>\n<tr>\n<td><strong>Max. working width<\/strong><\/td>\n<td>460 mm<\/td>\n<\/tr>\n<tr>\n<td><strong>Min. feed length<\/strong><\/td>\n<td>230 mm<\/td>\n<\/tr>\n<tr>\n<td><strong>Sawblade diameter<\/strong><\/td>\n<td>355-445 mm<\/td>\n<\/tr>\n<tr>\n<td><strong>Feeding speed<\/strong><\/td>\n<td>10-33 m\/min.<\/td>\n<\/tr>\n<tr>\n<td><strong>Spindle motor power<\/strong><\/td>\n<td>11 kW<\/td>\n<\/tr>\n<tr>\n<td><strong>Feeding motor power<\/strong><\/td>\n<td>1.5\/0.25 KW<\/td>\n<\/tr>\n<tr>\n<td><strong>Total power<\/strong><\/td>\n<td>12.75 kW<\/td>\n<\/tr>\n<tr>\n<td><strong>Work desk size<\/strong><\/td>\n<td>1820 x 970mm<\/td>\n<\/tr>\n<tr>\n<td><strong>Weight<\/strong><\/td>\n<td>1600 kg<\/td>\n<\/tr>\n<tr>\n<td><strong>Dimensions<\/strong><\/td>\n<td>2100 x 1600 x 1450 mm<\/td>\n<\/tr>\n<\/table>","protected":false},"excerpt":{"rendered":"<p>Pi\u0142a wzd\u0142u\u017cna dolna VK-J163B Specyfikacja techniczna: Specyfikacja Warto\u015b\u0107 Grubo\u015b\u0107 (zakres ci\u0119cia) 10-90 mm Maksymalna szeroko\u015b\u0107 robocza 460 mm Min. d\u0142ugo\u015b\u0107 elementu 230 mm \u015arednica pi\u0142y 355-445 mm Pr\u0119dko\u015b\u0107 podawania (falownik) 10-33 m\/min. Moc silnika pi\u0142y 11 kW Moc nap\u0119du posuwu 1.5\/0.25 KW Moc ca\u0142kowita 12.75 kW Przestrze\u0144 robocza 1820 x [&hellip;]<\/p>","protected":false},"featured_media":162,"comment_status":"open","ping_status":"closed","template":"","meta":[],"product_brand":[],"product_cat":[38],"product_tag":[],"class_list":{"0":"post-161","1":"product","2":"type-product","3":"status-publish","4":"has-post-thumbnail","6":"product_cat-pily-wzdluzne","8":"first","9":"onbackorder","10":"shipping-taxable","11":"product-type-simple"},"yoast_head":"<!-- This site is optimized with the Yoast SEO plugin v25.6 - https:\/\/yoast.com\/wordpress\/plugins\/seo\/ -->\n<title>Pi\u0142a wzd\u0142u\u017cna dolna VK-J163B - SINODREW<\/title>\n<meta name=\"robots\" content=\"index, follow, max-snippet:-1, max-image-preview:large, max-video-preview:-1\" \/>\n<link rel=\"canonical\" href=\"https:\/\/sinodrew.pl\/en\/product\/pila-wzdluzna-dolna-vk-j163b\/\" \/>\n<meta property=\"og:locale\" content=\"en_GB\" \/>\n<meta property=\"og:type\" content=\"article\" \/>\n<meta property=\"og:title\" content=\"Pi\u0142a wzd\u0142u\u017cna dolna VK-J163B - SINODREW\" \/>\n<meta property=\"og:description\" content=\"Pi\u0142a wzd\u0142u\u017cna dolna VK-J163B Specyfikacja techniczna: Specyfikacja Warto\u015b\u0107 Grubo\u015b\u0107 (zakres ci\u0119cia) 10-90 mm Maksymalna szeroko\u015b\u0107 robocza 460 mm Min. d\u0142ugo\u015b\u0107 elementu 230 mm \u015arednica pi\u0142y 355-445 mm Pr\u0119dko\u015b\u0107 podawania (falownik) 10-33 m\/min. Moc silnika pi\u0142y 11 kW Moc nap\u0119du posuwu 1.5\/0.25 KW Moc ca\u0142kowita 12.75 kW Przestrze\u0144 robocza 1820 x [&hellip;]\" \/>\n<meta property=\"og:url\" content=\"https:\/\/sinodrew.pl\/en\/product\/pila-wzdluzna-dolna-vk-j163b\/\" \/>\n<meta property=\"og:site_name\" content=\"SINODREW\" \/>\n<meta property=\"article:modified_time\" content=\"2024-12-27T20:04:46+00:00\" \/>\n<meta property=\"og:image\" content=\"https:\/\/sinodrew.pl\/wp-content\/uploads\/2024\/11\/VK-J163B.png\" \/>\n\t<meta property=\"og:image:width\" content=\"799\" \/>\n\t<meta property=\"og:image:height\" content=\"655\" \/>\n\t<meta property=\"og:image:type\" content=\"image\/png\" \/>\n<meta name=\"twitter:card\" content=\"summary_large_image\" \/>\n<script type=\"application\/ld+json\" class=\"yoast-schema-graph\">{\"@context\":\"https:\/\/schema.org\",\"@graph\":[{\"@type\":\"WebPage\",\"@id\":\"https:\/\/sinodrew.pl\/en\/product\/pila-wzdluzna-dolna-vk-j163b\/\",\"url\":\"https:\/\/sinodrew.pl\/en\/product\/pila-wzdluzna-dolna-vk-j163b\/\",\"name\":\"Pi\u0142a wzd\u0142u\u017cna dolna VK-J163B - SINODREW\",\"isPartOf\":{\"@id\":\"https:\/\/sinodrew.pl\/en\/#website\"},\"primaryImageOfPage\":{\"@id\":\"https:\/\/sinodrew.pl\/en\/product\/pila-wzdluzna-dolna-vk-j163b\/#primaryimage\"},\"image\":{\"@id\":\"https:\/\/sinodrew.pl\/en\/product\/pila-wzdluzna-dolna-vk-j163b\/#primaryimage\"},\"thumbnailUrl\":\"https:\/\/sinodrew.pl\/wp-content\/uploads\/2024\/11\/VK-J163B.png\",\"datePublished\":\"2024-11-26T21:29:55+00:00\",\"dateModified\":\"2024-12-27T20:04:46+00:00\",\"breadcrumb\":{\"@id\":\"https:\/\/sinodrew.pl\/en\/product\/pila-wzdluzna-dolna-vk-j163b\/#breadcrumb\"},\"inLanguage\":\"en-GB\",\"potentialAction\":[{\"@type\":\"ReadAction\",\"target\":[\"https:\/\/sinodrew.pl\/en\/product\/pila-wzdluzna-dolna-vk-j163b\/\"]}]},{\"@type\":\"ImageObject\",\"inLanguage\":\"en-GB\",\"@id\":\"https:\/\/sinodrew.pl\/en\/product\/pila-wzdluzna-dolna-vk-j163b\/#primaryimage\",\"url\":\"https:\/\/sinodrew.pl\/wp-content\/uploads\/2024\/11\/VK-J163B.png\",\"contentUrl\":\"https:\/\/sinodrew.pl\/wp-content\/uploads\/2024\/11\/VK-J163B.png\",\"width\":799,\"height\":655},{\"@type\":\"BreadcrumbList\",\"@id\":\"https:\/\/sinodrew.pl\/en\/product\/pila-wzdluzna-dolna-vk-j163b\/#breadcrumb\",\"itemListElement\":[{\"@type\":\"ListItem\",\"position\":1,\"name\":\"Strona g\u0142\u00f3wna\",\"item\":\"https:\/\/sinodrew.pl\/en\/\"},{\"@type\":\"ListItem\",\"position\":2,\"name\":\"Kategorie\",\"item\":\"https:\/\/sinodrew.pl\/maszyny\/\"},{\"@type\":\"ListItem\",\"position\":3,\"name\":\"Pi\u0142a wzd\u0142u\u017cna dolna VK-J163B\"}]},{\"@type\":\"WebSite\",\"@id\":\"https:\/\/sinodrew.pl\/en\/#website\",\"url\":\"https:\/\/sinodrew.pl\/en\/\",\"name\":\"SINODREW\",\"description\":\"\",\"publisher\":{\"@id\":\"https:\/\/sinodrew.pl\/en\/#organization\"},\"potentialAction\":[{\"@type\":\"SearchAction\",\"target\":{\"@type\":\"EntryPoint\",\"urlTemplate\":\"https:\/\/sinodrew.pl\/en\/?s={search_term_string}\"},\"query-input\":{\"@type\":\"PropertyValueSpecification\",\"valueRequired\":true,\"valueName\":\"search_term_string\"}}],\"inLanguage\":\"en-GB\"},{\"@type\":\"Organization\",\"@id\":\"https:\/\/sinodrew.pl\/en\/#organization\",\"name\":\"SINODREW\",\"url\":\"https:\/\/sinodrew.pl\/en\/\",\"logo\":{\"@type\":\"ImageObject\",\"inLanguage\":\"en-GB\",\"@id\":\"https:\/\/sinodrew.pl\/en\/#\/schema\/logo\/image\/\",\"url\":\"https:\/\/sinodrew.pl\/wp-content\/uploads\/2024\/12\/sinodrew_logo.jpg\",\"contentUrl\":\"https:\/\/sinodrew.pl\/wp-content\/uploads\/2024\/12\/sinodrew_logo.jpg\",\"width\":2300,\"height\":971,\"caption\":\"SINODREW\"},\"image\":{\"@id\":\"https:\/\/sinodrew.pl\/en\/#\/schema\/logo\/image\/\"}}]}<\/script>\n<!-- \/ Yoast SEO plugin. -->","yoast_head_json":{"title":"Pi\u0142a wzd\u0142u\u017cna dolna VK-J163B - SINODREW","robots":{"index":"index","follow":"follow","max-snippet":"max-snippet:-1","max-image-preview":"max-image-preview:large","max-video-preview":"max-video-preview:-1"},"canonical":"https:\/\/sinodrew.pl\/en\/product\/pila-wzdluzna-dolna-vk-j163b\/","og_locale":"en_GB","og_type":"article","og_title":"Pi\u0142a wzd\u0142u\u017cna dolna VK-J163B - SINODREW","og_description":"Pi\u0142a wzd\u0142u\u017cna dolna VK-J163B Specyfikacja techniczna: Specyfikacja Warto\u015b\u0107 Grubo\u015b\u0107 (zakres ci\u0119cia) 10-90 mm Maksymalna szeroko\u015b\u0107 robocza 460 mm Min. d\u0142ugo\u015b\u0107 elementu 230 mm \u015arednica pi\u0142y 355-445 mm Pr\u0119dko\u015b\u0107 podawania (falownik) 10-33 m\/min. Moc silnika pi\u0142y 11 kW Moc nap\u0119du posuwu 1.5\/0.25 KW Moc ca\u0142kowita 12.75 kW Przestrze\u0144 robocza 1820 x [&hellip;]","og_url":"https:\/\/sinodrew.pl\/en\/product\/pila-wzdluzna-dolna-vk-j163b\/","og_site_name":"SINODREW","article_modified_time":"2024-12-27T20:04:46+00:00","og_image":[{"width":799,"height":655,"url":"https:\/\/sinodrew.pl\/wp-content\/uploads\/2024\/11\/VK-J163B.png","type":"image\/png"}],"twitter_card":"summary_large_image","schema":{"@context":"https:\/\/schema.org","@graph":[{"@type":"WebPage","@id":"https:\/\/sinodrew.pl\/en\/product\/pila-wzdluzna-dolna-vk-j163b\/","url":"https:\/\/sinodrew.pl\/en\/product\/pila-wzdluzna-dolna-vk-j163b\/","name":"Pi\u0142a wzd\u0142u\u017cna dolna VK-J163B - SINODREW","isPartOf":{"@id":"https:\/\/sinodrew.pl\/en\/#website"},"primaryImageOfPage":{"@id":"https:\/\/sinodrew.pl\/en\/product\/pila-wzdluzna-dolna-vk-j163b\/#primaryimage"},"image":{"@id":"https:\/\/sinodrew.pl\/en\/product\/pila-wzdluzna-dolna-vk-j163b\/#primaryimage"},"thumbnailUrl":"https:\/\/sinodrew.pl\/wp-content\/uploads\/2024\/11\/VK-J163B.png","datePublished":"2024-11-26T21:29:55+00:00","dateModified":"2024-12-27T20:04:46+00:00","breadcrumb":{"@id":"https:\/\/sinodrew.pl\/en\/product\/pila-wzdluzna-dolna-vk-j163b\/#breadcrumb"},"inLanguage":"en-GB","potentialAction":[{"@type":"ReadAction","target":["https:\/\/sinodrew.pl\/en\/product\/pila-wzdluzna-dolna-vk-j163b\/"]}]},{"@type":"ImageObject","inLanguage":"en-GB","@id":"https:\/\/sinodrew.pl\/en\/product\/pila-wzdluzna-dolna-vk-j163b\/#primaryimage","url":"https:\/\/sinodrew.pl\/wp-content\/uploads\/2024\/11\/VK-J163B.png","contentUrl":"https:\/\/sinodrew.pl\/wp-content\/uploads\/2024\/11\/VK-J163B.png","width":799,"height":655},{"@type":"BreadcrumbList","@id":"https:\/\/sinodrew.pl\/en\/product\/pila-wzdluzna-dolna-vk-j163b\/#breadcrumb","itemListElement":[{"@type":"ListItem","position":1,"name":"Strona g\u0142\u00f3wna","item":"https:\/\/sinodrew.pl\/en\/"},{"@type":"ListItem","position":2,"name":"Kategorie","item":"https:\/\/sinodrew.pl\/maszyny\/"},{"@type":"ListItem","position":3,"name":"Pi\u0142a wzd\u0142u\u017cna dolna VK-J163B"}]},{"@type":"WebSite","@id":"https:\/\/sinodrew.pl\/en\/#website","url":"https:\/\/sinodrew.pl\/en\/","name":"SINODREW","description":"","publisher":{"@id":"https:\/\/sinodrew.pl\/en\/#organization"},"potentialAction":[{"@type":"SearchAction","target":{"@type":"EntryPoint","urlTemplate":"https:\/\/sinodrew.pl\/en\/?s={search_term_string}"},"query-input":{"@type":"PropertyValueSpecification","valueRequired":true,"valueName":"search_term_string"}}],"inLanguage":"en-GB"},{"@type":"Organization","@id":"https:\/\/sinodrew.pl\/en\/#organization","name":"SINODREW","url":"https:\/\/sinodrew.pl\/en\/","logo":{"@type":"ImageObject","inLanguage":"en-GB","@id":"https:\/\/sinodrew.pl\/en\/#\/schema\/logo\/image\/","url":"https:\/\/sinodrew.pl\/wp-content\/uploads\/2024\/12\/sinodrew_logo.jpg","contentUrl":"https:\/\/sinodrew.pl\/wp-content\/uploads\/2024\/12\/sinodrew_logo.jpg","width":2300,"height":971,"caption":"SINODREW"},"image":{"@id":"https:\/\/sinodrew.pl\/en\/#\/schema\/logo\/image\/"}}]}},"_links":{"self":[{"href":"https:\/\/sinodrew.pl\/en\/wp-json\/wp\/v2\/product\/161","targetHints":{"allow":["GET"]}}],"collection":[{"href":"https:\/\/sinodrew.pl\/en\/wp-json\/wp\/v2\/product"}],"about":[{"href":"https:\/\/sinodrew.pl\/en\/wp-json\/wp\/v2\/types\/product"}],"replies":[{"embeddable":true,"href":"https:\/\/sinodrew.pl\/en\/wp-json\/wp\/v2\/comments?post=161"}],"wp:featuredmedia":[{"embeddable":true,"href":"https:\/\/sinodrew.pl\/en\/wp-json\/wp\/v2\/media\/162"}],"wp:attachment":[{"href":"https:\/\/sinodrew.pl\/en\/wp-json\/wp\/v2\/media?parent=161"}],"wp:term":[{"taxonomy":"product_brand","embeddable":true,"href":"https:\/\/sinodrew.pl\/en\/wp-json\/wp\/v2\/product_brand?post=161"},{"taxonomy":"product_cat","embeddable":true,"href":"https:\/\/sinodrew.pl\/en\/wp-json\/wp\/v2\/product_cat?post=161"},{"taxonomy":"product_tag","embeddable":true,"href":"https:\/\/sinodrew.pl\/en\/wp-json\/wp\/v2\/product_tag?post=161"}],"curies":[{"name":"wp","href":"https:\/\/api.w.org\/{rel}","templated":true}]}}