{"id":159,"date":"2024-11-26T22:12:32","date_gmt":"2024-11-26T21:12:32","guid":{"rendered":"https:\/\/sinodrew.austor.pl\/?post_type=product&#038;p=159"},"modified":"2025-10-28T12:37:27","modified_gmt":"2025-10-28T11:37:27","slug":"wielopila-vk-j1440","status":"publish","type":"product","link":"https:\/\/sinodrew.pl\/en\/product\/wielopila-vk-j1440\/","title":{"rendered":"VK-J1440 Multi-blade rip saw"},"content":{"rendered":"<p>VK-J1440 multi-blade rip saw for cutting rafters, tops<\/p>\n<p><strong>Technical specifications:<\/strong><\/p>\n<table border=\"1\">\n<tbody>\n<tr>\n<th>Specification<\/th>\n<th>Value<\/th>\n<\/tr>\n<tr>\n<td><strong>Sawing thickness<\/strong><\/td>\n<td>10-100 mm<\/td>\n<\/tr>\n<tr>\n<td><strong>Max. working width<\/strong><\/td>\n<td>400 mm<\/td>\n<\/tr>\n<tr>\n<td><strong>Min. feed length<\/strong><\/td>\n<td>250 mm<\/td>\n<\/tr>\n<tr>\n<td><strong>Spindle diameter<\/strong><\/td>\n<td>70 mm<\/td>\n<\/tr>\n<tr>\n<td><strong>Saw blade diameter<\/strong><\/td>\n<td>305-355 mm<\/td>\n<\/tr>\n<tr>\n<td><strong>Feeding speed<\/strong><\/td>\n<td>3-18 m\/min.<\/td>\n<\/tr>\n<tr>\n<td><strong>Spindle speed<\/strong><\/td>\n<td>3600 rpm<\/td>\n<\/tr>\n<tr>\n<td><strong>Spindle motor power<\/strong><\/td>\n<td>37 kW<\/td>\n<\/tr>\n<tr>\n<td><strong>Feeding motor power<\/strong><\/td>\n<td>3 kW<\/td>\n<\/tr>\n<tr>\n<td><strong>Total power<\/strong><\/td>\n<td>41.5 kW<\/td>\n<\/tr>\n<tr>\n<td><strong>Pressure roller\/lifting motor power<\/strong><\/td>\n<td>0,75 kW<\/td>\n<\/tr>\n<tr>\n<td><strong>Saw shaft lifting motor power<\/strong><\/td>\n<td>0,75 kW<\/td>\n<\/tr>\n<tr>\n<td><strong>Dust outlet diameter<\/strong><\/td>\n<td>150 mm \/ 2 pcs.<\/td>\n<\/tr>\n<tr>\n<td><strong>Voltage<\/strong><\/td>\n<td>380v 50Hz<\/td>\n<\/tr>\n<tr>\n<td><strong>Weight<\/strong><\/td>\n<td>1900 kg<\/td>\n<\/tr>\n<tr>\n<td><strong>Dimensions<\/strong><\/td>\n<td>2800 x 1250 x 1700 mm<\/td>\n<\/tr>\n<\/tbody>\n<\/table>","protected":false},"excerpt":{"rendered":"<p>Wielopi\u0142a VK-J1440 do 100 mm do ci\u0119cia krokiew, blat\u00f3w: Specyfikacja techniczna: Specyfikacja Warto\u015b\u0107 Grubo\u015b\u0107 (zakres ci\u0119cia) 10-100 mm Maks. szeroko\u015b\u0107 robocza 400 mm Min. d\u0142ugo\u015b\u0107 elementu 250 mm \u015arednica wa\u0142u pi\u0142y 70 mm \u015arednica pi\u0142 305-355 mm Pr\u0119dko\u015b\u0107 podawania (falownik) 3-18 m\/min. Pr\u0119dko\u015b\u0107 wa\u0142u 3600 obr.\/min. Moc silnika pi\u0142y 37 [&hellip;]<\/p>","protected":false},"featured_media":160,"comment_status":"open","ping_status":"closed","template":"","meta":[],"product_brand":[],"product_cat":[39],"product_tag":[],"class_list":{"0":"post-159","1":"product","2":"type-product","3":"status-publish","4":"has-post-thumbnail","6":"product_cat-wielopily","8":"first","9":"onbackorder","10":"featured","11":"shipping-taxable","12":"product-type-simple"},"yoast_head":"<!-- This site is optimized with the Yoast SEO plugin v25.6 - https:\/\/yoast.com\/wordpress\/plugins\/seo\/ -->\n<title>Wielopi\u0142a VK-J1440 - SINODREW<\/title>\n<meta name=\"robots\" content=\"index, follow, max-snippet:-1, max-image-preview:large, max-video-preview:-1\" \/>\n<link rel=\"canonical\" href=\"https:\/\/sinodrew.pl\/en\/product\/wielopila-vk-j1440\/\" \/>\n<meta property=\"og:locale\" content=\"en_GB\" \/>\n<meta property=\"og:type\" content=\"article\" \/>\n<meta property=\"og:title\" content=\"Wielopi\u0142a VK-J1440 - SINODREW\" \/>\n<meta property=\"og:description\" content=\"Wielopi\u0142a VK-J1440 do 100 mm do ci\u0119cia krokiew, blat\u00f3w: Specyfikacja techniczna: Specyfikacja Warto\u015b\u0107 Grubo\u015b\u0107 (zakres ci\u0119cia) 10-100 mm Maks. szeroko\u015b\u0107 robocza 400 mm Min. d\u0142ugo\u015b\u0107 elementu 250 mm \u015arednica wa\u0142u pi\u0142y 70 mm \u015arednica pi\u0142 305-355 mm Pr\u0119dko\u015b\u0107 podawania (falownik) 3-18 m\/min. Pr\u0119dko\u015b\u0107 wa\u0142u 3600 obr.\/min. Moc silnika pi\u0142y 37 [&hellip;]\" \/>\n<meta property=\"og:url\" content=\"https:\/\/sinodrew.pl\/en\/product\/wielopila-vk-j1440\/\" \/>\n<meta property=\"og:site_name\" content=\"SINODREW\" \/>\n<meta property=\"article:modified_time\" content=\"2025-10-28T11:37:27+00:00\" \/>\n<meta property=\"og:image\" content=\"https:\/\/sinodrew.pl\/wp-content\/uploads\/2024\/11\/VK-J1440.png\" \/>\n\t<meta property=\"og:image:width\" content=\"799\" \/>\n\t<meta property=\"og:image:height\" content=\"655\" \/>\n\t<meta property=\"og:image:type\" content=\"image\/png\" \/>\n<meta name=\"twitter:card\" content=\"summary_large_image\" \/>\n<meta name=\"twitter:label1\" content=\"Estimated reading time\" \/>\n\t<meta name=\"twitter:data1\" content=\"1 minute\" \/>\n<script type=\"application\/ld+json\" class=\"yoast-schema-graph\">{\"@context\":\"https:\/\/schema.org\",\"@graph\":[{\"@type\":\"WebPage\",\"@id\":\"https:\/\/sinodrew.pl\/en\/product\/wielopila-vk-j1440\/\",\"url\":\"https:\/\/sinodrew.pl\/en\/product\/wielopila-vk-j1440\/\",\"name\":\"Wielopi\u0142a VK-J1440 - SINODREW\",\"isPartOf\":{\"@id\":\"https:\/\/sinodrew.pl\/en\/#website\"},\"primaryImageOfPage\":{\"@id\":\"https:\/\/sinodrew.pl\/en\/product\/wielopila-vk-j1440\/#primaryimage\"},\"image\":{\"@id\":\"https:\/\/sinodrew.pl\/en\/product\/wielopila-vk-j1440\/#primaryimage\"},\"thumbnailUrl\":\"https:\/\/sinodrew.pl\/wp-content\/uploads\/2024\/11\/VK-J1440.png\",\"datePublished\":\"2024-11-26T21:12:32+00:00\",\"dateModified\":\"2025-10-28T11:37:27+00:00\",\"breadcrumb\":{\"@id\":\"https:\/\/sinodrew.pl\/en\/product\/wielopila-vk-j1440\/#breadcrumb\"},\"inLanguage\":\"en-GB\",\"potentialAction\":[{\"@type\":\"ReadAction\",\"target\":[\"https:\/\/sinodrew.pl\/en\/product\/wielopila-vk-j1440\/\"]}]},{\"@type\":\"ImageObject\",\"inLanguage\":\"en-GB\",\"@id\":\"https:\/\/sinodrew.pl\/en\/product\/wielopila-vk-j1440\/#primaryimage\",\"url\":\"https:\/\/sinodrew.pl\/wp-content\/uploads\/2024\/11\/VK-J1440.png\",\"contentUrl\":\"https:\/\/sinodrew.pl\/wp-content\/uploads\/2024\/11\/VK-J1440.png\",\"width\":799,\"height\":655},{\"@type\":\"BreadcrumbList\",\"@id\":\"https:\/\/sinodrew.pl\/en\/product\/wielopila-vk-j1440\/#breadcrumb\",\"itemListElement\":[{\"@type\":\"ListItem\",\"position\":1,\"name\":\"Strona g\u0142\u00f3wna\",\"item\":\"https:\/\/sinodrew.pl\/en\/\"},{\"@type\":\"ListItem\",\"position\":2,\"name\":\"Kategorie\",\"item\":\"https:\/\/sinodrew.pl\/maszyny\/\"},{\"@type\":\"ListItem\",\"position\":3,\"name\":\"Wielopi\u0142a VK-J1440\"}]},{\"@type\":\"WebSite\",\"@id\":\"https:\/\/sinodrew.pl\/en\/#website\",\"url\":\"https:\/\/sinodrew.pl\/en\/\",\"name\":\"SINODREW\",\"description\":\"\",\"publisher\":{\"@id\":\"https:\/\/sinodrew.pl\/en\/#organization\"},\"potentialAction\":[{\"@type\":\"SearchAction\",\"target\":{\"@type\":\"EntryPoint\",\"urlTemplate\":\"https:\/\/sinodrew.pl\/en\/?s={search_term_string}\"},\"query-input\":{\"@type\":\"PropertyValueSpecification\",\"valueRequired\":true,\"valueName\":\"search_term_string\"}}],\"inLanguage\":\"en-GB\"},{\"@type\":\"Organization\",\"@id\":\"https:\/\/sinodrew.pl\/en\/#organization\",\"name\":\"SINODREW\",\"url\":\"https:\/\/sinodrew.pl\/en\/\",\"logo\":{\"@type\":\"ImageObject\",\"inLanguage\":\"en-GB\",\"@id\":\"https:\/\/sinodrew.pl\/en\/#\/schema\/logo\/image\/\",\"url\":\"https:\/\/sinodrew.pl\/wp-content\/uploads\/2024\/12\/sinodrew_logo.jpg\",\"contentUrl\":\"https:\/\/sinodrew.pl\/wp-content\/uploads\/2024\/12\/sinodrew_logo.jpg\",\"width\":2300,\"height\":971,\"caption\":\"SINODREW\"},\"image\":{\"@id\":\"https:\/\/sinodrew.pl\/en\/#\/schema\/logo\/image\/\"}}]}<\/script>\n<!-- \/ Yoast SEO plugin. -->","yoast_head_json":{"title":"Wielopi\u0142a VK-J1440 - SINODREW","robots":{"index":"index","follow":"follow","max-snippet":"max-snippet:-1","max-image-preview":"max-image-preview:large","max-video-preview":"max-video-preview:-1"},"canonical":"https:\/\/sinodrew.pl\/en\/product\/wielopila-vk-j1440\/","og_locale":"en_GB","og_type":"article","og_title":"Wielopi\u0142a VK-J1440 - SINODREW","og_description":"Wielopi\u0142a VK-J1440 do 100 mm do ci\u0119cia krokiew, blat\u00f3w: Specyfikacja techniczna: Specyfikacja Warto\u015b\u0107 Grubo\u015b\u0107 (zakres ci\u0119cia) 10-100 mm Maks. szeroko\u015b\u0107 robocza 400 mm Min. d\u0142ugo\u015b\u0107 elementu 250 mm \u015arednica wa\u0142u pi\u0142y 70 mm \u015arednica pi\u0142 305-355 mm Pr\u0119dko\u015b\u0107 podawania (falownik) 3-18 m\/min. Pr\u0119dko\u015b\u0107 wa\u0142u 3600 obr.\/min. Moc silnika pi\u0142y 37 [&hellip;]","og_url":"https:\/\/sinodrew.pl\/en\/product\/wielopila-vk-j1440\/","og_site_name":"SINODREW","article_modified_time":"2025-10-28T11:37:27+00:00","og_image":[{"width":799,"height":655,"url":"https:\/\/sinodrew.pl\/wp-content\/uploads\/2024\/11\/VK-J1440.png","type":"image\/png"}],"twitter_card":"summary_large_image","twitter_misc":{"Estimated reading time":"1 minute"},"schema":{"@context":"https:\/\/schema.org","@graph":[{"@type":"WebPage","@id":"https:\/\/sinodrew.pl\/en\/product\/wielopila-vk-j1440\/","url":"https:\/\/sinodrew.pl\/en\/product\/wielopila-vk-j1440\/","name":"Wielopi\u0142a VK-J1440 - SINODREW","isPartOf":{"@id":"https:\/\/sinodrew.pl\/en\/#website"},"primaryImageOfPage":{"@id":"https:\/\/sinodrew.pl\/en\/product\/wielopila-vk-j1440\/#primaryimage"},"image":{"@id":"https:\/\/sinodrew.pl\/en\/product\/wielopila-vk-j1440\/#primaryimage"},"thumbnailUrl":"https:\/\/sinodrew.pl\/wp-content\/uploads\/2024\/11\/VK-J1440.png","datePublished":"2024-11-26T21:12:32+00:00","dateModified":"2025-10-28T11:37:27+00:00","breadcrumb":{"@id":"https:\/\/sinodrew.pl\/en\/product\/wielopila-vk-j1440\/#breadcrumb"},"inLanguage":"en-GB","potentialAction":[{"@type":"ReadAction","target":["https:\/\/sinodrew.pl\/en\/product\/wielopila-vk-j1440\/"]}]},{"@type":"ImageObject","inLanguage":"en-GB","@id":"https:\/\/sinodrew.pl\/en\/product\/wielopila-vk-j1440\/#primaryimage","url":"https:\/\/sinodrew.pl\/wp-content\/uploads\/2024\/11\/VK-J1440.png","contentUrl":"https:\/\/sinodrew.pl\/wp-content\/uploads\/2024\/11\/VK-J1440.png","width":799,"height":655},{"@type":"BreadcrumbList","@id":"https:\/\/sinodrew.pl\/en\/product\/wielopila-vk-j1440\/#breadcrumb","itemListElement":[{"@type":"ListItem","position":1,"name":"Strona g\u0142\u00f3wna","item":"https:\/\/sinodrew.pl\/en\/"},{"@type":"ListItem","position":2,"name":"Kategorie","item":"https:\/\/sinodrew.pl\/maszyny\/"},{"@type":"ListItem","position":3,"name":"Wielopi\u0142a VK-J1440"}]},{"@type":"WebSite","@id":"https:\/\/sinodrew.pl\/en\/#website","url":"https:\/\/sinodrew.pl\/en\/","name":"SINODREW","description":"","publisher":{"@id":"https:\/\/sinodrew.pl\/en\/#organization"},"potentialAction":[{"@type":"SearchAction","target":{"@type":"EntryPoint","urlTemplate":"https:\/\/sinodrew.pl\/en\/?s={search_term_string}"},"query-input":{"@type":"PropertyValueSpecification","valueRequired":true,"valueName":"search_term_string"}}],"inLanguage":"en-GB"},{"@type":"Organization","@id":"https:\/\/sinodrew.pl\/en\/#organization","name":"SINODREW","url":"https:\/\/sinodrew.pl\/en\/","logo":{"@type":"ImageObject","inLanguage":"en-GB","@id":"https:\/\/sinodrew.pl\/en\/#\/schema\/logo\/image\/","url":"https:\/\/sinodrew.pl\/wp-content\/uploads\/2024\/12\/sinodrew_logo.jpg","contentUrl":"https:\/\/sinodrew.pl\/wp-content\/uploads\/2024\/12\/sinodrew_logo.jpg","width":2300,"height":971,"caption":"SINODREW"},"image":{"@id":"https:\/\/sinodrew.pl\/en\/#\/schema\/logo\/image\/"}}]}},"_links":{"self":[{"href":"https:\/\/sinodrew.pl\/en\/wp-json\/wp\/v2\/product\/159","targetHints":{"allow":["GET"]}}],"collection":[{"href":"https:\/\/sinodrew.pl\/en\/wp-json\/wp\/v2\/product"}],"about":[{"href":"https:\/\/sinodrew.pl\/en\/wp-json\/wp\/v2\/types\/product"}],"replies":[{"embeddable":true,"href":"https:\/\/sinodrew.pl\/en\/wp-json\/wp\/v2\/comments?post=159"}],"wp:featuredmedia":[{"embeddable":true,"href":"https:\/\/sinodrew.pl\/en\/wp-json\/wp\/v2\/media\/160"}],"wp:attachment":[{"href":"https:\/\/sinodrew.pl\/en\/wp-json\/wp\/v2\/media?parent=159"}],"wp:term":[{"taxonomy":"product_brand","embeddable":true,"href":"https:\/\/sinodrew.pl\/en\/wp-json\/wp\/v2\/product_brand?post=159"},{"taxonomy":"product_cat","embeddable":true,"href":"https:\/\/sinodrew.pl\/en\/wp-json\/wp\/v2\/product_cat?post=159"},{"taxonomy":"product_tag","embeddable":true,"href":"https:\/\/sinodrew.pl\/en\/wp-json\/wp\/v2\/product_tag?post=159"}],"curies":[{"name":"wp","href":"https:\/\/api.w.org\/{rel}","templated":true}]}}