{"id":157,"date":"2024-11-26T21:58:16","date_gmt":"2024-11-26T20:58:16","guid":{"rendered":"https:\/\/sinodrew.austor.pl\/?post_type=product&#038;p=157"},"modified":"2025-10-28T13:40:18","modified_gmt":"2025-10-28T12:40:18","slug":"pila-poprz-automat-vk-j602","status":"publish","type":"product","link":"https:\/\/sinodrew.pl\/en\/product\/pila-poprz-automat-vk-j602\/","title":{"rendered":"Pi\u0142a poprzeczna automatyczna VK-J602"},"content":{"rendered":"<p>Pi\u0142a poprzeczna automatyczna VK-J602<\/p>\n<p><strong>Technical specifications:<\/strong><\/p>\n<table border=\"1\">\n<tbody>\n<tr>\n<th>Specification<\/th>\n<th>Value<\/th>\n<\/tr>\n<tr>\n<td><strong>Cutting length<\/strong><\/td>\n<td>Up to 4000mm<\/td>\n<\/tr>\n<tr>\n<td><strong>Cutting thickness<\/strong><\/td>\n<td>40-440 mm<\/td>\n<\/tr>\n<tr>\n<td><strong>Working thickness<\/strong><\/td>\n<td>10-200 mm<\/td>\n<\/tr>\n<tr>\n<td><strong>Min. sawing area<\/strong><\/td>\n<td>600 mm (thickness up to 50 mm)<\/td>\n<\/tr>\n<tr>\n<td><strong>Max. sawing area<\/strong><\/td>\n<td>200 mm (width up to 200mm)<\/td>\n<\/tr>\n<tr>\n<td><strong>Saw blade diameter<\/strong><\/td>\n<td>550-650 mm<\/td>\n<\/tr>\n<tr>\n<td><strong>Saw shaft speed<\/strong><\/td>\n<td>7,5 kW\/3000 rpm<\/td>\n<\/tr>\n<tr>\n<td><strong>Servo<\/strong><\/td>\n<td>0,75 kW<\/td>\n<\/tr>\n<tr>\n<td><strong>Air pressure<\/strong><\/td>\n<td>5-6 kg\/cm\u00b2<\/td>\n<\/tr>\n<tr>\n<td><strong>Suction port diameter<\/strong><\/td>\n<td>2 x 120 mm<\/td>\n<\/tr>\n<tr>\n<td><strong>Weight<\/strong><\/td>\n<td>1050 kg<\/td>\n<\/tr>\n<tr>\n<td><strong>Dimensions<\/strong><\/td>\n<td>9600 x 1470 x 1650 mm<\/td>\n<\/tr>\n<\/tbody>\n<\/table>","protected":false},"excerpt":{"rendered":"<p>Pi\u0142a poprzeczna automatyczna VK-J602 Specyfikacja techniczna: Specification Value D\u0142ugo\u015b\u0107 ci\u0119cia do 4000 mm Szeroko\u015b\u0107 ci\u0119cia 40-440 mm Grubo\u015b\u0107 ci\u0119cia 10-200 mm Minimalny zakres ci\u0119cia 600 mm (przy grubo\u015bci 50 mm) Maksymalny zakres ci\u0119cia 200 mm (przy szeroko\u015bci 200 mm) Pi\u0142a\/\u015brednica 550-650 mm Silnik 7,5 kW\/3000 rpm Servo 0,75 kW Ci\u015bnienie [&hellip;]<\/p>","protected":false},"featured_media":1228,"comment_status":"open","ping_status":"closed","template":"","meta":[],"product_brand":[],"product_cat":[34],"product_tag":[],"class_list":{"0":"post-157","1":"product","2":"type-product","3":"status-publish","4":"has-post-thumbnail","6":"product_cat-pily-poprz-automat-sinodrew","8":"first","9":"onbackorder","10":"featured","11":"shipping-taxable","12":"product-type-simple"},"yoast_head":"<!-- This site is optimized with the Yoast SEO plugin v25.6 - https:\/\/yoast.com\/wordpress\/plugins\/seo\/ -->\n<title>Pi\u0142a poprzeczna automatyczna VK-J602 - SINODREW<\/title>\n<meta name=\"robots\" content=\"noindex, follow\" \/>\n<meta property=\"og:locale\" content=\"en_GB\" \/>\n<meta property=\"og:type\" content=\"article\" \/>\n<meta property=\"og:title\" content=\"Pi\u0142a poprzeczna automatyczna VK-J602 - SINODREW\" \/>\n<meta property=\"og:description\" content=\"Pi\u0142a poprzeczna automatyczna VK-J602 Specyfikacja techniczna: Specification Value D\u0142ugo\u015b\u0107 ci\u0119cia do 4000 mm Szeroko\u015b\u0107 ci\u0119cia 40-440 mm Grubo\u015b\u0107 ci\u0119cia 10-200 mm Minimalny zakres ci\u0119cia 600 mm (przy grubo\u015bci 50 mm) Maksymalny zakres ci\u0119cia 200 mm (przy szeroko\u015bci 200 mm) Pi\u0142a\/\u015brednica 550-650 mm Silnik 7,5 kW\/3000 rpm Servo 0,75 kW Ci\u015bnienie [&hellip;]\" \/>\n<meta property=\"og:url\" content=\"https:\/\/sinodrew.pl\/en\/product\/pila-poprz-automat-vk-j602\/\" \/>\n<meta property=\"og:site_name\" content=\"SINODREW\" \/>\n<meta property=\"article:modified_time\" content=\"2025-10-28T12:40:18+00:00\" \/>\n<meta property=\"og:image\" content=\"https:\/\/sinodrew.pl\/wp-content\/uploads\/2025\/02\/602-1.png\" \/>\n\t<meta property=\"og:image:width\" content=\"1040\" \/>\n\t<meta property=\"og:image:height\" content=\"834\" \/>\n\t<meta property=\"og:image:type\" content=\"image\/png\" \/>\n<meta name=\"twitter:card\" content=\"summary_large_image\" \/>\n<meta name=\"twitter:label1\" content=\"Estimated reading time\" \/>\n\t<meta name=\"twitter:data1\" content=\"1 minute\" \/>\n<script type=\"application\/ld+json\" class=\"yoast-schema-graph\">{\"@context\":\"https:\/\/schema.org\",\"@graph\":[{\"@type\":\"WebPage\",\"@id\":\"https:\/\/sinodrew.pl\/en\/product\/pila-poprz-automat-vk-j602\/\",\"url\":\"https:\/\/sinodrew.pl\/en\/product\/pila-poprz-automat-vk-j602\/\",\"name\":\"Pi\u0142a poprzeczna automatyczna VK-J602 - SINODREW\",\"isPartOf\":{\"@id\":\"https:\/\/sinodrew.pl\/en\/#website\"},\"primaryImageOfPage\":{\"@id\":\"https:\/\/sinodrew.pl\/en\/product\/pila-poprz-automat-vk-j602\/#primaryimage\"},\"image\":{\"@id\":\"https:\/\/sinodrew.pl\/en\/product\/pila-poprz-automat-vk-j602\/#primaryimage\"},\"thumbnailUrl\":\"https:\/\/sinodrew.pl\/wp-content\/uploads\/2025\/02\/602-1.png\",\"datePublished\":\"2024-11-26T20:58:16+00:00\",\"dateModified\":\"2025-10-28T12:40:18+00:00\",\"breadcrumb\":{\"@id\":\"https:\/\/sinodrew.pl\/en\/product\/pila-poprz-automat-vk-j602\/#breadcrumb\"},\"inLanguage\":\"en-GB\",\"potentialAction\":[{\"@type\":\"ReadAction\",\"target\":[\"https:\/\/sinodrew.pl\/en\/product\/pila-poprz-automat-vk-j602\/\"]}]},{\"@type\":\"ImageObject\",\"inLanguage\":\"en-GB\",\"@id\":\"https:\/\/sinodrew.pl\/en\/product\/pila-poprz-automat-vk-j602\/#primaryimage\",\"url\":\"https:\/\/sinodrew.pl\/wp-content\/uploads\/2025\/02\/602-1.png\",\"contentUrl\":\"https:\/\/sinodrew.pl\/wp-content\/uploads\/2025\/02\/602-1.png\",\"width\":1040,\"height\":834},{\"@type\":\"BreadcrumbList\",\"@id\":\"https:\/\/sinodrew.pl\/en\/product\/pila-poprz-automat-vk-j602\/#breadcrumb\",\"itemListElement\":[{\"@type\":\"ListItem\",\"position\":1,\"name\":\"Strona g\u0142\u00f3wna\",\"item\":\"https:\/\/sinodrew.pl\/en\/\"},{\"@type\":\"ListItem\",\"position\":2,\"name\":\"Kategorie\",\"item\":\"https:\/\/sinodrew.pl\/maszyny\/\"},{\"@type\":\"ListItem\",\"position\":3,\"name\":\"Pi\u0142a poprzeczna automatyczna VK-J602\"}]},{\"@type\":\"WebSite\",\"@id\":\"https:\/\/sinodrew.pl\/en\/#website\",\"url\":\"https:\/\/sinodrew.pl\/en\/\",\"name\":\"SINODREW\",\"description\":\"\",\"publisher\":{\"@id\":\"https:\/\/sinodrew.pl\/en\/#organization\"},\"potentialAction\":[{\"@type\":\"SearchAction\",\"target\":{\"@type\":\"EntryPoint\",\"urlTemplate\":\"https:\/\/sinodrew.pl\/en\/?s={search_term_string}\"},\"query-input\":{\"@type\":\"PropertyValueSpecification\",\"valueRequired\":true,\"valueName\":\"search_term_string\"}}],\"inLanguage\":\"en-GB\"},{\"@type\":\"Organization\",\"@id\":\"https:\/\/sinodrew.pl\/en\/#organization\",\"name\":\"SINODREW\",\"url\":\"https:\/\/sinodrew.pl\/en\/\",\"logo\":{\"@type\":\"ImageObject\",\"inLanguage\":\"en-GB\",\"@id\":\"https:\/\/sinodrew.pl\/en\/#\/schema\/logo\/image\/\",\"url\":\"https:\/\/sinodrew.pl\/wp-content\/uploads\/2024\/12\/sinodrew_logo.jpg\",\"contentUrl\":\"https:\/\/sinodrew.pl\/wp-content\/uploads\/2024\/12\/sinodrew_logo.jpg\",\"width\":2300,\"height\":971,\"caption\":\"SINODREW\"},\"image\":{\"@id\":\"https:\/\/sinodrew.pl\/en\/#\/schema\/logo\/image\/\"}}]}<\/script>\n<!-- \/ Yoast SEO plugin. -->","yoast_head_json":{"title":"Pi\u0142a poprzeczna automatyczna VK-J602 - SINODREW","robots":{"index":"noindex","follow":"follow"},"og_locale":"en_GB","og_type":"article","og_title":"Pi\u0142a poprzeczna automatyczna VK-J602 - SINODREW","og_description":"Pi\u0142a poprzeczna automatyczna VK-J602 Specyfikacja techniczna: Specification Value D\u0142ugo\u015b\u0107 ci\u0119cia do 4000 mm Szeroko\u015b\u0107 ci\u0119cia 40-440 mm Grubo\u015b\u0107 ci\u0119cia 10-200 mm Minimalny zakres ci\u0119cia 600 mm (przy grubo\u015bci 50 mm) Maksymalny zakres ci\u0119cia 200 mm (przy szeroko\u015bci 200 mm) Pi\u0142a\/\u015brednica 550-650 mm Silnik 7,5 kW\/3000 rpm Servo 0,75 kW Ci\u015bnienie [&hellip;]","og_url":"https:\/\/sinodrew.pl\/en\/product\/pila-poprz-automat-vk-j602\/","og_site_name":"SINODREW","article_modified_time":"2025-10-28T12:40:18+00:00","og_image":[{"width":1040,"height":834,"url":"https:\/\/sinodrew.pl\/wp-content\/uploads\/2025\/02\/602-1.png","type":"image\/png"}],"twitter_card":"summary_large_image","twitter_misc":{"Estimated reading time":"1 minute"},"schema":{"@context":"https:\/\/schema.org","@graph":[{"@type":"WebPage","@id":"https:\/\/sinodrew.pl\/en\/product\/pila-poprz-automat-vk-j602\/","url":"https:\/\/sinodrew.pl\/en\/product\/pila-poprz-automat-vk-j602\/","name":"Pi\u0142a poprzeczna automatyczna VK-J602 - SINODREW","isPartOf":{"@id":"https:\/\/sinodrew.pl\/en\/#website"},"primaryImageOfPage":{"@id":"https:\/\/sinodrew.pl\/en\/product\/pila-poprz-automat-vk-j602\/#primaryimage"},"image":{"@id":"https:\/\/sinodrew.pl\/en\/product\/pila-poprz-automat-vk-j602\/#primaryimage"},"thumbnailUrl":"https:\/\/sinodrew.pl\/wp-content\/uploads\/2025\/02\/602-1.png","datePublished":"2024-11-26T20:58:16+00:00","dateModified":"2025-10-28T12:40:18+00:00","breadcrumb":{"@id":"https:\/\/sinodrew.pl\/en\/product\/pila-poprz-automat-vk-j602\/#breadcrumb"},"inLanguage":"en-GB","potentialAction":[{"@type":"ReadAction","target":["https:\/\/sinodrew.pl\/en\/product\/pila-poprz-automat-vk-j602\/"]}]},{"@type":"ImageObject","inLanguage":"en-GB","@id":"https:\/\/sinodrew.pl\/en\/product\/pila-poprz-automat-vk-j602\/#primaryimage","url":"https:\/\/sinodrew.pl\/wp-content\/uploads\/2025\/02\/602-1.png","contentUrl":"https:\/\/sinodrew.pl\/wp-content\/uploads\/2025\/02\/602-1.png","width":1040,"height":834},{"@type":"BreadcrumbList","@id":"https:\/\/sinodrew.pl\/en\/product\/pila-poprz-automat-vk-j602\/#breadcrumb","itemListElement":[{"@type":"ListItem","position":1,"name":"Strona g\u0142\u00f3wna","item":"https:\/\/sinodrew.pl\/en\/"},{"@type":"ListItem","position":2,"name":"Kategorie","item":"https:\/\/sinodrew.pl\/maszyny\/"},{"@type":"ListItem","position":3,"name":"Pi\u0142a poprzeczna automatyczna VK-J602"}]},{"@type":"WebSite","@id":"https:\/\/sinodrew.pl\/en\/#website","url":"https:\/\/sinodrew.pl\/en\/","name":"SINODREW","description":"","publisher":{"@id":"https:\/\/sinodrew.pl\/en\/#organization"},"potentialAction":[{"@type":"SearchAction","target":{"@type":"EntryPoint","urlTemplate":"https:\/\/sinodrew.pl\/en\/?s={search_term_string}"},"query-input":{"@type":"PropertyValueSpecification","valueRequired":true,"valueName":"search_term_string"}}],"inLanguage":"en-GB"},{"@type":"Organization","@id":"https:\/\/sinodrew.pl\/en\/#organization","name":"SINODREW","url":"https:\/\/sinodrew.pl\/en\/","logo":{"@type":"ImageObject","inLanguage":"en-GB","@id":"https:\/\/sinodrew.pl\/en\/#\/schema\/logo\/image\/","url":"https:\/\/sinodrew.pl\/wp-content\/uploads\/2024\/12\/sinodrew_logo.jpg","contentUrl":"https:\/\/sinodrew.pl\/wp-content\/uploads\/2024\/12\/sinodrew_logo.jpg","width":2300,"height":971,"caption":"SINODREW"},"image":{"@id":"https:\/\/sinodrew.pl\/en\/#\/schema\/logo\/image\/"}}]}},"_links":{"self":[{"href":"https:\/\/sinodrew.pl\/en\/wp-json\/wp\/v2\/product\/157","targetHints":{"allow":["GET"]}}],"collection":[{"href":"https:\/\/sinodrew.pl\/en\/wp-json\/wp\/v2\/product"}],"about":[{"href":"https:\/\/sinodrew.pl\/en\/wp-json\/wp\/v2\/types\/product"}],"replies":[{"embeddable":true,"href":"https:\/\/sinodrew.pl\/en\/wp-json\/wp\/v2\/comments?post=157"}],"wp:featuredmedia":[{"embeddable":true,"href":"https:\/\/sinodrew.pl\/en\/wp-json\/wp\/v2\/media\/1228"}],"wp:attachment":[{"href":"https:\/\/sinodrew.pl\/en\/wp-json\/wp\/v2\/media?parent=157"}],"wp:term":[{"taxonomy":"product_brand","embeddable":true,"href":"https:\/\/sinodrew.pl\/en\/wp-json\/wp\/v2\/product_brand?post=157"},{"taxonomy":"product_cat","embeddable":true,"href":"https:\/\/sinodrew.pl\/en\/wp-json\/wp\/v2\/product_cat?post=157"},{"taxonomy":"product_tag","embeddable":true,"href":"https:\/\/sinodrew.pl\/en\/wp-json\/wp\/v2\/product_tag?post=157"}],"curies":[{"name":"wp","href":"https:\/\/api.w.org\/{rel}","templated":true}]}}