{"id":155,"date":"2024-11-26T21:54:04","date_gmt":"2024-11-26T20:54:04","guid":{"rendered":"https:\/\/sinodrew.austor.pl\/?post_type=product&#038;p=155"},"modified":"2025-10-28T13:37:59","modified_gmt":"2025-10-28T12:37:59","slug":"pila-tarczowa-poprzeczna-vk-j274b","status":"publish","type":"product","link":"https:\/\/sinodrew.pl\/en\/product\/pila-tarczowa-poprzeczna-vk-j274b\/","title":{"rendered":"Pi\u0142a tarczowa poprzeczna VK-J274B"},"content":{"rendered":"<p>Pi\u0142a tarczowa poprzeczna VK-J274B<\/p>\n<div>\n<table style=\"border: 1px solid black;\">\n<tbody>\n<tr><\/tr>\n<tr>\n<th colspan=\"2\" style=\"text-align: center;\">Specyfikacja techniczna:&lt;\/<\/th>\n<\/tr>\n<tr>\n<td>Max. cut-off width<\/td>\n<td>530 mm (thickness under 70 mm)<\/td>\n<\/tr>\n<tr>\n<td>Saw blade size<\/td>\n<td>\u03a6400 mm<\/td>\n<\/tr>\n<tr>\n<td>Spindle speed<\/td>\n<td>2500 rpm<\/td>\n<\/tr>\n<tr>\n<td>Power<\/td>\n<td>4 kW<\/td>\n<\/tr>\n<tr>\n<td>Weight<\/td>\n<td>400 kg<\/td>\n<\/tr>\n<tr>\n<td>Dimensions<\/td>\n<td>2700 x 1000 x 1200 mm<\/td>\n<\/tr>\n<\/tbody>\n<\/table>\n<div><\/div>\n<\/div>","protected":false},"excerpt":{"rendered":"<p>Pi\u0142a tarczowa poprzeczna VK-J274B Specyfikacja techniczna:&lt;\/ Maksymalna szeroko\u015b\u0107 ci\u0119cia 530 mm (przy grubo\u015bci do 70 mm) Rozmiar pi\u0142y \u03a6400 mm Pr\u0119dko\u015b\u0107 nap\u0119du 2500 obr.\/min. Moc silnika 4 kW Waga 400 kg Wymiar ca\u0142kowity 2700 x 1000 x 1200 mm<\/p>","protected":false},"featured_media":156,"comment_status":"open","ping_status":"closed","template":"","meta":[],"product_brand":[],"product_cat":[37],"product_tag":[],"class_list":{"0":"post-155","1":"product","2":"type-product","3":"status-publish","4":"has-post-thumbnail","6":"product_cat-pily-tarczowe-poprzeczne","8":"first","9":"onbackorder","10":"featured","11":"shipping-taxable","12":"product-type-simple"},"yoast_head":"<!-- This site is optimized with the Yoast SEO plugin v25.6 - https:\/\/yoast.com\/wordpress\/plugins\/seo\/ -->\n<title>Pi\u0142a tarczowa poprzeczna VK-J274B - SINODREW<\/title>\n<meta name=\"robots\" content=\"noindex, follow\" \/>\n<meta property=\"og:locale\" content=\"en_GB\" \/>\n<meta property=\"og:type\" content=\"article\" \/>\n<meta property=\"og:title\" content=\"Pi\u0142a tarczowa poprzeczna VK-J274B - SINODREW\" \/>\n<meta property=\"og:description\" content=\"Pi\u0142a tarczowa poprzeczna VK-J274B Specyfikacja techniczna:&lt;\/ Maksymalna szeroko\u015b\u0107 ci\u0119cia 530 mm (przy grubo\u015bci do 70 mm) Rozmiar pi\u0142y \u03a6400 mm Pr\u0119dko\u015b\u0107 nap\u0119du 2500 obr.\/min. Moc silnika 4 kW Waga 400 kg Wymiar ca\u0142kowity 2700 x 1000 x 1200 mm\" \/>\n<meta property=\"og:url\" content=\"https:\/\/sinodrew.pl\/en\/product\/pila-tarczowa-poprzeczna-vk-j274b\/\" \/>\n<meta property=\"og:site_name\" content=\"SINODREW\" \/>\n<meta property=\"article:modified_time\" content=\"2025-10-28T12:37:59+00:00\" \/>\n<meta property=\"og:image\" content=\"https:\/\/sinodrew.pl\/wp-content\/uploads\/2024\/11\/VK-J274B.png\" \/>\n\t<meta property=\"og:image:width\" content=\"799\" \/>\n\t<meta property=\"og:image:height\" content=\"655\" \/>\n\t<meta property=\"og:image:type\" content=\"image\/png\" \/>\n<meta name=\"twitter:card\" content=\"summary_large_image\" \/>\n<meta name=\"twitter:label1\" content=\"Estimated reading time\" \/>\n\t<meta name=\"twitter:data1\" content=\"1 minute\" \/>\n<script type=\"application\/ld+json\" class=\"yoast-schema-graph\">{\"@context\":\"https:\/\/schema.org\",\"@graph\":[{\"@type\":\"WebPage\",\"@id\":\"https:\/\/sinodrew.pl\/en\/product\/pila-tarczowa-poprzeczna-vk-j274b\/\",\"url\":\"https:\/\/sinodrew.pl\/en\/product\/pila-tarczowa-poprzeczna-vk-j274b\/\",\"name\":\"Pi\u0142a tarczowa poprzeczna VK-J274B - SINODREW\",\"isPartOf\":{\"@id\":\"https:\/\/sinodrew.pl\/en\/#website\"},\"primaryImageOfPage\":{\"@id\":\"https:\/\/sinodrew.pl\/en\/product\/pila-tarczowa-poprzeczna-vk-j274b\/#primaryimage\"},\"image\":{\"@id\":\"https:\/\/sinodrew.pl\/en\/product\/pila-tarczowa-poprzeczna-vk-j274b\/#primaryimage\"},\"thumbnailUrl\":\"https:\/\/sinodrew.pl\/wp-content\/uploads\/2024\/11\/VK-J274B.png\",\"datePublished\":\"2024-11-26T20:54:04+00:00\",\"dateModified\":\"2025-10-28T12:37:59+00:00\",\"breadcrumb\":{\"@id\":\"https:\/\/sinodrew.pl\/en\/product\/pila-tarczowa-poprzeczna-vk-j274b\/#breadcrumb\"},\"inLanguage\":\"en-GB\",\"potentialAction\":[{\"@type\":\"ReadAction\",\"target\":[\"https:\/\/sinodrew.pl\/en\/product\/pila-tarczowa-poprzeczna-vk-j274b\/\"]}]},{\"@type\":\"ImageObject\",\"inLanguage\":\"en-GB\",\"@id\":\"https:\/\/sinodrew.pl\/en\/product\/pila-tarczowa-poprzeczna-vk-j274b\/#primaryimage\",\"url\":\"https:\/\/sinodrew.pl\/wp-content\/uploads\/2024\/11\/VK-J274B.png\",\"contentUrl\":\"https:\/\/sinodrew.pl\/wp-content\/uploads\/2024\/11\/VK-J274B.png\",\"width\":799,\"height\":655},{\"@type\":\"BreadcrumbList\",\"@id\":\"https:\/\/sinodrew.pl\/en\/product\/pila-tarczowa-poprzeczna-vk-j274b\/#breadcrumb\",\"itemListElement\":[{\"@type\":\"ListItem\",\"position\":1,\"name\":\"Strona g\u0142\u00f3wna\",\"item\":\"https:\/\/sinodrew.pl\/en\/\"},{\"@type\":\"ListItem\",\"position\":2,\"name\":\"Kategorie\",\"item\":\"https:\/\/sinodrew.pl\/maszyny\/\"},{\"@type\":\"ListItem\",\"position\":3,\"name\":\"Pi\u0142a tarczowa poprzeczna VK-J274B\"}]},{\"@type\":\"WebSite\",\"@id\":\"https:\/\/sinodrew.pl\/en\/#website\",\"url\":\"https:\/\/sinodrew.pl\/en\/\",\"name\":\"SINODREW\",\"description\":\"\",\"publisher\":{\"@id\":\"https:\/\/sinodrew.pl\/en\/#organization\"},\"potentialAction\":[{\"@type\":\"SearchAction\",\"target\":{\"@type\":\"EntryPoint\",\"urlTemplate\":\"https:\/\/sinodrew.pl\/en\/?s={search_term_string}\"},\"query-input\":{\"@type\":\"PropertyValueSpecification\",\"valueRequired\":true,\"valueName\":\"search_term_string\"}}],\"inLanguage\":\"en-GB\"},{\"@type\":\"Organization\",\"@id\":\"https:\/\/sinodrew.pl\/en\/#organization\",\"name\":\"SINODREW\",\"url\":\"https:\/\/sinodrew.pl\/en\/\",\"logo\":{\"@type\":\"ImageObject\",\"inLanguage\":\"en-GB\",\"@id\":\"https:\/\/sinodrew.pl\/en\/#\/schema\/logo\/image\/\",\"url\":\"https:\/\/sinodrew.pl\/wp-content\/uploads\/2024\/12\/sinodrew_logo.jpg\",\"contentUrl\":\"https:\/\/sinodrew.pl\/wp-content\/uploads\/2024\/12\/sinodrew_logo.jpg\",\"width\":2300,\"height\":971,\"caption\":\"SINODREW\"},\"image\":{\"@id\":\"https:\/\/sinodrew.pl\/en\/#\/schema\/logo\/image\/\"}}]}<\/script>\n<!-- \/ Yoast SEO plugin. -->","yoast_head_json":{"title":"Pi\u0142a tarczowa poprzeczna VK-J274B - SINODREW","robots":{"index":"noindex","follow":"follow"},"og_locale":"en_GB","og_type":"article","og_title":"Pi\u0142a tarczowa poprzeczna VK-J274B - SINODREW","og_description":"Pi\u0142a tarczowa poprzeczna VK-J274B Specyfikacja techniczna:&lt;\/ Maksymalna szeroko\u015b\u0107 ci\u0119cia 530 mm (przy grubo\u015bci do 70 mm) Rozmiar pi\u0142y \u03a6400 mm Pr\u0119dko\u015b\u0107 nap\u0119du 2500 obr.\/min. Moc silnika 4 kW Waga 400 kg Wymiar ca\u0142kowity 2700 x 1000 x 1200 mm","og_url":"https:\/\/sinodrew.pl\/en\/product\/pila-tarczowa-poprzeczna-vk-j274b\/","og_site_name":"SINODREW","article_modified_time":"2025-10-28T12:37:59+00:00","og_image":[{"width":799,"height":655,"url":"https:\/\/sinodrew.pl\/wp-content\/uploads\/2024\/11\/VK-J274B.png","type":"image\/png"}],"twitter_card":"summary_large_image","twitter_misc":{"Estimated reading time":"1 minute"},"schema":{"@context":"https:\/\/schema.org","@graph":[{"@type":"WebPage","@id":"https:\/\/sinodrew.pl\/en\/product\/pila-tarczowa-poprzeczna-vk-j274b\/","url":"https:\/\/sinodrew.pl\/en\/product\/pila-tarczowa-poprzeczna-vk-j274b\/","name":"Pi\u0142a tarczowa poprzeczna VK-J274B - SINODREW","isPartOf":{"@id":"https:\/\/sinodrew.pl\/en\/#website"},"primaryImageOfPage":{"@id":"https:\/\/sinodrew.pl\/en\/product\/pila-tarczowa-poprzeczna-vk-j274b\/#primaryimage"},"image":{"@id":"https:\/\/sinodrew.pl\/en\/product\/pila-tarczowa-poprzeczna-vk-j274b\/#primaryimage"},"thumbnailUrl":"https:\/\/sinodrew.pl\/wp-content\/uploads\/2024\/11\/VK-J274B.png","datePublished":"2024-11-26T20:54:04+00:00","dateModified":"2025-10-28T12:37:59+00:00","breadcrumb":{"@id":"https:\/\/sinodrew.pl\/en\/product\/pila-tarczowa-poprzeczna-vk-j274b\/#breadcrumb"},"inLanguage":"en-GB","potentialAction":[{"@type":"ReadAction","target":["https:\/\/sinodrew.pl\/en\/product\/pila-tarczowa-poprzeczna-vk-j274b\/"]}]},{"@type":"ImageObject","inLanguage":"en-GB","@id":"https:\/\/sinodrew.pl\/en\/product\/pila-tarczowa-poprzeczna-vk-j274b\/#primaryimage","url":"https:\/\/sinodrew.pl\/wp-content\/uploads\/2024\/11\/VK-J274B.png","contentUrl":"https:\/\/sinodrew.pl\/wp-content\/uploads\/2024\/11\/VK-J274B.png","width":799,"height":655},{"@type":"BreadcrumbList","@id":"https:\/\/sinodrew.pl\/en\/product\/pila-tarczowa-poprzeczna-vk-j274b\/#breadcrumb","itemListElement":[{"@type":"ListItem","position":1,"name":"Strona g\u0142\u00f3wna","item":"https:\/\/sinodrew.pl\/en\/"},{"@type":"ListItem","position":2,"name":"Kategorie","item":"https:\/\/sinodrew.pl\/maszyny\/"},{"@type":"ListItem","position":3,"name":"Pi\u0142a tarczowa poprzeczna VK-J274B"}]},{"@type":"WebSite","@id":"https:\/\/sinodrew.pl\/en\/#website","url":"https:\/\/sinodrew.pl\/en\/","name":"SINODREW","description":"","publisher":{"@id":"https:\/\/sinodrew.pl\/en\/#organization"},"potentialAction":[{"@type":"SearchAction","target":{"@type":"EntryPoint","urlTemplate":"https:\/\/sinodrew.pl\/en\/?s={search_term_string}"},"query-input":{"@type":"PropertyValueSpecification","valueRequired":true,"valueName":"search_term_string"}}],"inLanguage":"en-GB"},{"@type":"Organization","@id":"https:\/\/sinodrew.pl\/en\/#organization","name":"SINODREW","url":"https:\/\/sinodrew.pl\/en\/","logo":{"@type":"ImageObject","inLanguage":"en-GB","@id":"https:\/\/sinodrew.pl\/en\/#\/schema\/logo\/image\/","url":"https:\/\/sinodrew.pl\/wp-content\/uploads\/2024\/12\/sinodrew_logo.jpg","contentUrl":"https:\/\/sinodrew.pl\/wp-content\/uploads\/2024\/12\/sinodrew_logo.jpg","width":2300,"height":971,"caption":"SINODREW"},"image":{"@id":"https:\/\/sinodrew.pl\/en\/#\/schema\/logo\/image\/"}}]}},"_links":{"self":[{"href":"https:\/\/sinodrew.pl\/en\/wp-json\/wp\/v2\/product\/155","targetHints":{"allow":["GET"]}}],"collection":[{"href":"https:\/\/sinodrew.pl\/en\/wp-json\/wp\/v2\/product"}],"about":[{"href":"https:\/\/sinodrew.pl\/en\/wp-json\/wp\/v2\/types\/product"}],"replies":[{"embeddable":true,"href":"https:\/\/sinodrew.pl\/en\/wp-json\/wp\/v2\/comments?post=155"}],"wp:featuredmedia":[{"embeddable":true,"href":"https:\/\/sinodrew.pl\/en\/wp-json\/wp\/v2\/media\/156"}],"wp:attachment":[{"href":"https:\/\/sinodrew.pl\/en\/wp-json\/wp\/v2\/media?parent=155"}],"wp:term":[{"taxonomy":"product_brand","embeddable":true,"href":"https:\/\/sinodrew.pl\/en\/wp-json\/wp\/v2\/product_brand?post=155"},{"taxonomy":"product_cat","embeddable":true,"href":"https:\/\/sinodrew.pl\/en\/wp-json\/wp\/v2\/product_cat?post=155"},{"taxonomy":"product_tag","embeddable":true,"href":"https:\/\/sinodrew.pl\/en\/wp-json\/wp\/v2\/product_tag?post=155"}],"curies":[{"name":"wp","href":"https:\/\/api.w.org\/{rel}","templated":true}]}}