{"id":142,"date":"2024-11-26T15:34:29","date_gmt":"2024-11-26T14:34:29","guid":{"rendered":"https:\/\/sinodrew.austor.pl\/?post_type=product&#038;p=142"},"modified":"2025-10-28T13:33:12","modified_gmt":"2025-10-28T12:33:12","slug":"wielopila-vk-j1421","status":"publish","type":"product","link":"https:\/\/sinodrew.pl\/en\/product\/wielopila-vk-j1421\/","title":{"rendered":"Wielopi\u0142a VK-J1421"},"content":{"rendered":"<p>Multi-blade rip saw for cutting boards 180\/60 mm, woodworking machine.<\/p>\n<table border=\"1\">\n<tbody>\n<tr>\n<th>Specification<\/th>\n<th>Value<\/th>\n<\/tr>\n<tr>\n<td><strong>Max. processing width<\/strong><\/td>\n<td>180 mm<\/td>\n<\/tr>\n<tr>\n<td><strong>Max. processing thickness<\/strong><\/td>\n<td>60 mm<\/td>\n<\/tr>\n<tr>\n<td><strong>Min. processing height<\/strong><\/td>\n<td>10 mm<\/td>\n<\/tr>\n<tr>\n<td><strong>Min. processing length<\/strong><\/td>\n<td>200 mm<\/td>\n<\/tr>\n<tr>\n<td><strong>Min. discharge width<\/strong><\/td>\n<td>8 mm<\/td>\n<\/tr>\n<tr>\n<td><strong>Spindle diameter<\/strong><\/td>\n<td>\u03a650 mm<\/td>\n<\/tr>\n<tr>\n<td><strong>Sawing motor power<\/strong><\/td>\n<td>11 kW<\/td>\n<\/tr>\n<tr>\n<td><strong>Sawblade diameter<\/strong><\/td>\n<td>\u03a6255 &#8211; \u03a6305 mm<\/td>\n<\/tr>\n<tr>\n<td><strong>Saw shaft speed<\/strong><\/td>\n<td>3-16,5 m\/min<\/td>\n<\/tr>\n<tr>\n<td><strong>Spindle speed<\/strong><\/td>\n<td>4000 rpm<\/td>\n<\/tr>\n<tr>\n<td><strong>Feeding motor power<\/strong><\/td>\n<td>2,2 kW<\/td>\n<\/tr>\n<tr>\n<td><strong>Table lift motor power<\/strong><\/td>\n<td>0,75 kW<\/td>\n<\/tr>\n<tr>\n<td><strong>Total power<\/strong><\/td>\n<td>13,95 kW<\/td>\n<\/tr>\n<tr>\n<td><strong>Dimensions<\/strong><\/td>\n<td>1600 x 980 x 1400 mm<\/td>\n<\/tr>\n<tr>\n<td><strong>Weight<\/strong><\/td>\n<td>850 kg<\/td>\n<\/tr>\n<\/tbody>\n<\/table>","protected":false},"excerpt":{"rendered":"<p>Wielopi\u0142a do rozkroju desek 180\/60 mm, maszyna do obr\u00f3bki drewna. Specyfikacja Warto\u015b\u0107 Maksymalna szeroko\u015b\u0107 elementu 180 mm Maksymalna grubo\u015b\u0107 elementu 60 mm Minimalna wysoko\u015b\u0107 elementu 10 mm Minimalna d\u0142ugo\u015b\u0107 ci\u0119tego elementu 200 mm Minimalna szeroko\u015b\u0107 rozcinania 8 mm \u015arednica wa\u0142u pi\u0142y \u03a650 mm Moc silnika wa\u0142u pi\u0142y 11 kW \u015arednica [&hellip;]<\/p>","protected":false},"featured_media":143,"comment_status":"open","ping_status":"closed","template":"","meta":[],"product_brand":[],"product_cat":[39],"product_tag":[],"class_list":{"0":"post-142","1":"product","2":"type-product","3":"status-publish","4":"has-post-thumbnail","6":"product_cat-wielopily","8":"first","9":"onbackorder","10":"featured","11":"shipping-taxable","12":"product-type-simple"},"yoast_head":"<!-- This site is optimized with the Yoast SEO plugin v25.6 - https:\/\/yoast.com\/wordpress\/plugins\/seo\/ -->\n<title>Wielopi\u0142a VK-J1421 - SINODREW<\/title>\n<meta name=\"robots\" content=\"noindex, follow\" \/>\n<meta property=\"og:locale\" content=\"en_GB\" \/>\n<meta property=\"og:type\" content=\"article\" \/>\n<meta property=\"og:title\" content=\"Wielopi\u0142a VK-J1421 - SINODREW\" \/>\n<meta property=\"og:description\" content=\"Wielopi\u0142a do rozkroju desek 180\/60 mm, maszyna do obr\u00f3bki drewna. Specyfikacja Warto\u015b\u0107 Maksymalna szeroko\u015b\u0107 elementu 180 mm Maksymalna grubo\u015b\u0107 elementu 60 mm Minimalna wysoko\u015b\u0107 elementu 10 mm Minimalna d\u0142ugo\u015b\u0107 ci\u0119tego elementu 200 mm Minimalna szeroko\u015b\u0107 rozcinania 8 mm \u015arednica wa\u0142u pi\u0142y \u03a650 mm Moc silnika wa\u0142u pi\u0142y 11 kW \u015arednica [&hellip;]\" \/>\n<meta property=\"og:url\" content=\"https:\/\/sinodrew.pl\/en\/product\/wielopila-vk-j1421\/\" \/>\n<meta property=\"og:site_name\" content=\"SINODREW\" \/>\n<meta property=\"article:modified_time\" content=\"2025-10-28T12:33:12+00:00\" \/>\n<meta property=\"og:image\" content=\"https:\/\/sinodrew.pl\/wp-content\/uploads\/2024\/11\/VK-J1421.png\" \/>\n\t<meta property=\"og:image:width\" content=\"799\" \/>\n\t<meta property=\"og:image:height\" content=\"655\" \/>\n\t<meta property=\"og:image:type\" content=\"image\/png\" \/>\n<meta name=\"twitter:card\" content=\"summary_large_image\" \/>\n<meta name=\"twitter:label1\" content=\"Estimated reading time\" \/>\n\t<meta name=\"twitter:data1\" content=\"1 minute\" \/>\n<script type=\"application\/ld+json\" class=\"yoast-schema-graph\">{\"@context\":\"https:\/\/schema.org\",\"@graph\":[{\"@type\":\"WebPage\",\"@id\":\"https:\/\/sinodrew.pl\/en\/product\/wielopila-vk-j1421\/\",\"url\":\"https:\/\/sinodrew.pl\/en\/product\/wielopila-vk-j1421\/\",\"name\":\"Wielopi\u0142a VK-J1421 - SINODREW\",\"isPartOf\":{\"@id\":\"https:\/\/sinodrew.pl\/en\/#website\"},\"primaryImageOfPage\":{\"@id\":\"https:\/\/sinodrew.pl\/en\/product\/wielopila-vk-j1421\/#primaryimage\"},\"image\":{\"@id\":\"https:\/\/sinodrew.pl\/en\/product\/wielopila-vk-j1421\/#primaryimage\"},\"thumbnailUrl\":\"https:\/\/sinodrew.pl\/wp-content\/uploads\/2024\/11\/VK-J1421.png\",\"datePublished\":\"2024-11-26T14:34:29+00:00\",\"dateModified\":\"2025-10-28T12:33:12+00:00\",\"breadcrumb\":{\"@id\":\"https:\/\/sinodrew.pl\/en\/product\/wielopila-vk-j1421\/#breadcrumb\"},\"inLanguage\":\"en-GB\",\"potentialAction\":[{\"@type\":\"ReadAction\",\"target\":[\"https:\/\/sinodrew.pl\/en\/product\/wielopila-vk-j1421\/\"]}]},{\"@type\":\"ImageObject\",\"inLanguage\":\"en-GB\",\"@id\":\"https:\/\/sinodrew.pl\/en\/product\/wielopila-vk-j1421\/#primaryimage\",\"url\":\"https:\/\/sinodrew.pl\/wp-content\/uploads\/2024\/11\/VK-J1421.png\",\"contentUrl\":\"https:\/\/sinodrew.pl\/wp-content\/uploads\/2024\/11\/VK-J1421.png\",\"width\":799,\"height\":655},{\"@type\":\"BreadcrumbList\",\"@id\":\"https:\/\/sinodrew.pl\/en\/product\/wielopila-vk-j1421\/#breadcrumb\",\"itemListElement\":[{\"@type\":\"ListItem\",\"position\":1,\"name\":\"Strona g\u0142\u00f3wna\",\"item\":\"https:\/\/sinodrew.pl\/en\/\"},{\"@type\":\"ListItem\",\"position\":2,\"name\":\"Kategorie\",\"item\":\"https:\/\/sinodrew.pl\/maszyny\/\"},{\"@type\":\"ListItem\",\"position\":3,\"name\":\"Wielopi\u0142a VK-J1421\"}]},{\"@type\":\"WebSite\",\"@id\":\"https:\/\/sinodrew.pl\/en\/#website\",\"url\":\"https:\/\/sinodrew.pl\/en\/\",\"name\":\"SINODREW\",\"description\":\"\",\"publisher\":{\"@id\":\"https:\/\/sinodrew.pl\/en\/#organization\"},\"potentialAction\":[{\"@type\":\"SearchAction\",\"target\":{\"@type\":\"EntryPoint\",\"urlTemplate\":\"https:\/\/sinodrew.pl\/en\/?s={search_term_string}\"},\"query-input\":{\"@type\":\"PropertyValueSpecification\",\"valueRequired\":true,\"valueName\":\"search_term_string\"}}],\"inLanguage\":\"en-GB\"},{\"@type\":\"Organization\",\"@id\":\"https:\/\/sinodrew.pl\/en\/#organization\",\"name\":\"SINODREW\",\"url\":\"https:\/\/sinodrew.pl\/en\/\",\"logo\":{\"@type\":\"ImageObject\",\"inLanguage\":\"en-GB\",\"@id\":\"https:\/\/sinodrew.pl\/en\/#\/schema\/logo\/image\/\",\"url\":\"https:\/\/sinodrew.pl\/wp-content\/uploads\/2024\/12\/sinodrew_logo.jpg\",\"contentUrl\":\"https:\/\/sinodrew.pl\/wp-content\/uploads\/2024\/12\/sinodrew_logo.jpg\",\"width\":2300,\"height\":971,\"caption\":\"SINODREW\"},\"image\":{\"@id\":\"https:\/\/sinodrew.pl\/en\/#\/schema\/logo\/image\/\"}}]}<\/script>\n<!-- \/ Yoast SEO plugin. -->","yoast_head_json":{"title":"Wielopi\u0142a VK-J1421 - SINODREW","robots":{"index":"noindex","follow":"follow"},"og_locale":"en_GB","og_type":"article","og_title":"Wielopi\u0142a VK-J1421 - SINODREW","og_description":"Wielopi\u0142a do rozkroju desek 180\/60 mm, maszyna do obr\u00f3bki drewna. Specyfikacja Warto\u015b\u0107 Maksymalna szeroko\u015b\u0107 elementu 180 mm Maksymalna grubo\u015b\u0107 elementu 60 mm Minimalna wysoko\u015b\u0107 elementu 10 mm Minimalna d\u0142ugo\u015b\u0107 ci\u0119tego elementu 200 mm Minimalna szeroko\u015b\u0107 rozcinania 8 mm \u015arednica wa\u0142u pi\u0142y \u03a650 mm Moc silnika wa\u0142u pi\u0142y 11 kW \u015arednica [&hellip;]","og_url":"https:\/\/sinodrew.pl\/en\/product\/wielopila-vk-j1421\/","og_site_name":"SINODREW","article_modified_time":"2025-10-28T12:33:12+00:00","og_image":[{"width":799,"height":655,"url":"https:\/\/sinodrew.pl\/wp-content\/uploads\/2024\/11\/VK-J1421.png","type":"image\/png"}],"twitter_card":"summary_large_image","twitter_misc":{"Estimated reading time":"1 minute"},"schema":{"@context":"https:\/\/schema.org","@graph":[{"@type":"WebPage","@id":"https:\/\/sinodrew.pl\/en\/product\/wielopila-vk-j1421\/","url":"https:\/\/sinodrew.pl\/en\/product\/wielopila-vk-j1421\/","name":"Wielopi\u0142a VK-J1421 - SINODREW","isPartOf":{"@id":"https:\/\/sinodrew.pl\/en\/#website"},"primaryImageOfPage":{"@id":"https:\/\/sinodrew.pl\/en\/product\/wielopila-vk-j1421\/#primaryimage"},"image":{"@id":"https:\/\/sinodrew.pl\/en\/product\/wielopila-vk-j1421\/#primaryimage"},"thumbnailUrl":"https:\/\/sinodrew.pl\/wp-content\/uploads\/2024\/11\/VK-J1421.png","datePublished":"2024-11-26T14:34:29+00:00","dateModified":"2025-10-28T12:33:12+00:00","breadcrumb":{"@id":"https:\/\/sinodrew.pl\/en\/product\/wielopila-vk-j1421\/#breadcrumb"},"inLanguage":"en-GB","potentialAction":[{"@type":"ReadAction","target":["https:\/\/sinodrew.pl\/en\/product\/wielopila-vk-j1421\/"]}]},{"@type":"ImageObject","inLanguage":"en-GB","@id":"https:\/\/sinodrew.pl\/en\/product\/wielopila-vk-j1421\/#primaryimage","url":"https:\/\/sinodrew.pl\/wp-content\/uploads\/2024\/11\/VK-J1421.png","contentUrl":"https:\/\/sinodrew.pl\/wp-content\/uploads\/2024\/11\/VK-J1421.png","width":799,"height":655},{"@type":"BreadcrumbList","@id":"https:\/\/sinodrew.pl\/en\/product\/wielopila-vk-j1421\/#breadcrumb","itemListElement":[{"@type":"ListItem","position":1,"name":"Strona g\u0142\u00f3wna","item":"https:\/\/sinodrew.pl\/en\/"},{"@type":"ListItem","position":2,"name":"Kategorie","item":"https:\/\/sinodrew.pl\/maszyny\/"},{"@type":"ListItem","position":3,"name":"Wielopi\u0142a VK-J1421"}]},{"@type":"WebSite","@id":"https:\/\/sinodrew.pl\/en\/#website","url":"https:\/\/sinodrew.pl\/en\/","name":"SINODREW","description":"","publisher":{"@id":"https:\/\/sinodrew.pl\/en\/#organization"},"potentialAction":[{"@type":"SearchAction","target":{"@type":"EntryPoint","urlTemplate":"https:\/\/sinodrew.pl\/en\/?s={search_term_string}"},"query-input":{"@type":"PropertyValueSpecification","valueRequired":true,"valueName":"search_term_string"}}],"inLanguage":"en-GB"},{"@type":"Organization","@id":"https:\/\/sinodrew.pl\/en\/#organization","name":"SINODREW","url":"https:\/\/sinodrew.pl\/en\/","logo":{"@type":"ImageObject","inLanguage":"en-GB","@id":"https:\/\/sinodrew.pl\/en\/#\/schema\/logo\/image\/","url":"https:\/\/sinodrew.pl\/wp-content\/uploads\/2024\/12\/sinodrew_logo.jpg","contentUrl":"https:\/\/sinodrew.pl\/wp-content\/uploads\/2024\/12\/sinodrew_logo.jpg","width":2300,"height":971,"caption":"SINODREW"},"image":{"@id":"https:\/\/sinodrew.pl\/en\/#\/schema\/logo\/image\/"}}]}},"_links":{"self":[{"href":"https:\/\/sinodrew.pl\/en\/wp-json\/wp\/v2\/product\/142","targetHints":{"allow":["GET"]}}],"collection":[{"href":"https:\/\/sinodrew.pl\/en\/wp-json\/wp\/v2\/product"}],"about":[{"href":"https:\/\/sinodrew.pl\/en\/wp-json\/wp\/v2\/types\/product"}],"replies":[{"embeddable":true,"href":"https:\/\/sinodrew.pl\/en\/wp-json\/wp\/v2\/comments?post=142"}],"wp:featuredmedia":[{"embeddable":true,"href":"https:\/\/sinodrew.pl\/en\/wp-json\/wp\/v2\/media\/143"}],"wp:attachment":[{"href":"https:\/\/sinodrew.pl\/en\/wp-json\/wp\/v2\/media?parent=142"}],"wp:term":[{"taxonomy":"product_brand","embeddable":true,"href":"https:\/\/sinodrew.pl\/en\/wp-json\/wp\/v2\/product_brand?post=142"},{"taxonomy":"product_cat","embeddable":true,"href":"https:\/\/sinodrew.pl\/en\/wp-json\/wp\/v2\/product_cat?post=142"},{"taxonomy":"product_tag","embeddable":true,"href":"https:\/\/sinodrew.pl\/en\/wp-json\/wp\/v2\/product_tag?post=142"}],"curies":[{"name":"wp","href":"https:\/\/api.w.org\/{rel}","templated":true}]}}