{"id":139,"date":"2024-11-26T15:30:47","date_gmt":"2024-11-26T14:30:47","guid":{"rendered":"https:\/\/sinodrew.austor.pl\/?post_type=product&#038;p=139"},"modified":"2025-10-28T12:35:50","modified_gmt":"2025-10-28T11:35:50","slug":"wielopila-vk-j1418","status":"publish","type":"product","link":"https:\/\/sinodrew.pl\/en\/product\/wielopila-vk-j1418\/","title":{"rendered":"VK-J1418 Multi-blade rip saw"},"content":{"rendered":"<p>VK-J1418 multi-blade rip saw for cutting 180\/60 mm boards.<\/p>\n<p>Parametry techniczne:<\/p>\n<table border=\"1\">\n<tr>\n<th>Specification<\/th>\n<th>Value<\/th>\n<\/tr>\n<tr>\n<td>Max. processing width<\/td>\n<td>180 mm<\/td>\n<\/tr>\n<tr>\n<td>Max. processing thickness<\/td>\n<td>60 mm<\/td>\n<\/tr>\n<tr>\n<td>Min. processing height<\/td>\n<td>10 mm<\/td>\n<\/tr>\n<tr>\n<td>Min. processing length<\/td>\n<td>200 mm<\/td>\n<\/tr>\n<tr>\n<td>Min. discharge width<\/td>\n<td>8 mm<\/td>\n<\/tr>\n<tr>\n<td>Spindle diameter<\/td>\n<td>\u03a650 mm<\/td>\n<\/tr>\n<tr>\n<td>Sawing motor power<\/td>\n<td>11 kW<\/td>\n<\/tr>\n<tr>\n<td>Sawblade diameter<\/td>\n<td>\u03a6255 &#8211; \u03a6305 mm<\/td>\n<\/tr>\n<tr>\n<td>Saw shaft speed<\/td>\n<td>3-16,5 m\/min<\/td>\n<\/tr>\n<tr>\n<td>Spindle speed<\/td>\n<td>4000 rpm<\/td>\n<\/tr>\n<tr>\n<td>Feeding motor power<\/td>\n<td>2,2 kW<\/td>\n<\/tr>\n<tr>\n<td>Table lift motor power<\/td>\n<td>0,75 kW<\/td>\n<\/tr>\n<tr>\n<td>Total power<\/td>\n<td>13,95 kW<\/td>\n<\/tr>\n<tr>\n<td>Dimensions<\/td>\n<td>1600 x 980 x 1400 mm<\/td>\n<\/tr>\n<tr>\n<td>Weight<\/td>\n<td>850 kg<\/td>\n<\/tr>\n<\/table>","protected":false},"excerpt":{"rendered":"<p>Wielopi\u0142a VK-J1418 do rozkroju desek 180\/60 mm. Parametry techniczne: Specification Value Maksymalna szeroko\u015b\u0107 elementu 180 mm Maksymalna grubo\u015b\u0107 elementu 60 mm Minimalna wysoko\u015b\u0107 elementu 10 mm Minimalna d\u0142ugo\u015b\u0107 ci\u0119tego elementu 200 mm Minimalna szeroko\u015b\u0107 rozcinania 8 mm \u015arednica wa\u0142u pi\u0142y \u03a650 mm Moc silnika wa\u0142u pi\u0142y 11 kW \u015arednica tarczy [&hellip;]<\/p>","protected":false},"featured_media":140,"comment_status":"open","ping_status":"closed","template":"","meta":[],"product_brand":[],"product_cat":[39],"product_tag":[],"class_list":{"0":"post-139","1":"product","2":"type-product","3":"status-publish","4":"has-post-thumbnail","6":"product_cat-wielopily","8":"first","9":"onbackorder","10":"featured","11":"shipping-taxable","12":"product-type-simple"},"yoast_head":"<!-- This site is optimized with the Yoast SEO plugin v25.6 - https:\/\/yoast.com\/wordpress\/plugins\/seo\/ -->\n<title>Wielopi\u0142a VK-J1418 - SINODREW<\/title>\n<meta name=\"robots\" content=\"index, follow, max-snippet:-1, max-image-preview:large, max-video-preview:-1\" \/>\n<link rel=\"canonical\" href=\"https:\/\/sinodrew.pl\/en\/product\/wielopila-vk-j1418\/\" \/>\n<meta property=\"og:locale\" content=\"en_GB\" \/>\n<meta property=\"og:type\" content=\"article\" \/>\n<meta property=\"og:title\" content=\"Wielopi\u0142a VK-J1418 - SINODREW\" \/>\n<meta property=\"og:description\" content=\"Wielopi\u0142a VK-J1418 do rozkroju desek 180\/60 mm. Parametry techniczne: Specification Value Maksymalna szeroko\u015b\u0107 elementu 180 mm Maksymalna grubo\u015b\u0107 elementu 60 mm Minimalna wysoko\u015b\u0107 elementu 10 mm Minimalna d\u0142ugo\u015b\u0107 ci\u0119tego elementu 200 mm Minimalna szeroko\u015b\u0107 rozcinania 8 mm \u015arednica wa\u0142u pi\u0142y \u03a650 mm Moc silnika wa\u0142u pi\u0142y 11 kW \u015arednica tarczy [&hellip;]\" \/>\n<meta property=\"og:url\" content=\"https:\/\/sinodrew.pl\/en\/product\/wielopila-vk-j1418\/\" \/>\n<meta property=\"og:site_name\" content=\"SINODREW\" \/>\n<meta property=\"article:modified_time\" content=\"2025-10-28T11:35:50+00:00\" \/>\n<meta property=\"og:image\" content=\"https:\/\/sinodrew.pl\/wp-content\/uploads\/2024\/11\/VK-J1418.png\" \/>\n\t<meta property=\"og:image:width\" content=\"750\" \/>\n\t<meta property=\"og:image:height\" content=\"700\" \/>\n\t<meta property=\"og:image:type\" content=\"image\/png\" \/>\n<meta name=\"twitter:card\" content=\"summary_large_image\" \/>\n<script type=\"application\/ld+json\" class=\"yoast-schema-graph\">{\"@context\":\"https:\/\/schema.org\",\"@graph\":[{\"@type\":\"WebPage\",\"@id\":\"https:\/\/sinodrew.pl\/en\/product\/wielopila-vk-j1418\/\",\"url\":\"https:\/\/sinodrew.pl\/en\/product\/wielopila-vk-j1418\/\",\"name\":\"Wielopi\u0142a VK-J1418 - SINODREW\",\"isPartOf\":{\"@id\":\"https:\/\/sinodrew.pl\/en\/#website\"},\"primaryImageOfPage\":{\"@id\":\"https:\/\/sinodrew.pl\/en\/product\/wielopila-vk-j1418\/#primaryimage\"},\"image\":{\"@id\":\"https:\/\/sinodrew.pl\/en\/product\/wielopila-vk-j1418\/#primaryimage\"},\"thumbnailUrl\":\"https:\/\/sinodrew.pl\/wp-content\/uploads\/2024\/11\/VK-J1418.png\",\"datePublished\":\"2024-11-26T14:30:47+00:00\",\"dateModified\":\"2025-10-28T11:35:50+00:00\",\"breadcrumb\":{\"@id\":\"https:\/\/sinodrew.pl\/en\/product\/wielopila-vk-j1418\/#breadcrumb\"},\"inLanguage\":\"en-GB\",\"potentialAction\":[{\"@type\":\"ReadAction\",\"target\":[\"https:\/\/sinodrew.pl\/en\/product\/wielopila-vk-j1418\/\"]}]},{\"@type\":\"ImageObject\",\"inLanguage\":\"en-GB\",\"@id\":\"https:\/\/sinodrew.pl\/en\/product\/wielopila-vk-j1418\/#primaryimage\",\"url\":\"https:\/\/sinodrew.pl\/wp-content\/uploads\/2024\/11\/VK-J1418.png\",\"contentUrl\":\"https:\/\/sinodrew.pl\/wp-content\/uploads\/2024\/11\/VK-J1418.png\",\"width\":750,\"height\":700},{\"@type\":\"BreadcrumbList\",\"@id\":\"https:\/\/sinodrew.pl\/en\/product\/wielopila-vk-j1418\/#breadcrumb\",\"itemListElement\":[{\"@type\":\"ListItem\",\"position\":1,\"name\":\"Strona g\u0142\u00f3wna\",\"item\":\"https:\/\/sinodrew.pl\/en\/\"},{\"@type\":\"ListItem\",\"position\":2,\"name\":\"Kategorie\",\"item\":\"https:\/\/sinodrew.pl\/maszyny\/\"},{\"@type\":\"ListItem\",\"position\":3,\"name\":\"Wielopi\u0142a VK-J1418\"}]},{\"@type\":\"WebSite\",\"@id\":\"https:\/\/sinodrew.pl\/en\/#website\",\"url\":\"https:\/\/sinodrew.pl\/en\/\",\"name\":\"SINODREW\",\"description\":\"\",\"publisher\":{\"@id\":\"https:\/\/sinodrew.pl\/en\/#organization\"},\"potentialAction\":[{\"@type\":\"SearchAction\",\"target\":{\"@type\":\"EntryPoint\",\"urlTemplate\":\"https:\/\/sinodrew.pl\/en\/?s={search_term_string}\"},\"query-input\":{\"@type\":\"PropertyValueSpecification\",\"valueRequired\":true,\"valueName\":\"search_term_string\"}}],\"inLanguage\":\"en-GB\"},{\"@type\":\"Organization\",\"@id\":\"https:\/\/sinodrew.pl\/en\/#organization\",\"name\":\"SINODREW\",\"url\":\"https:\/\/sinodrew.pl\/en\/\",\"logo\":{\"@type\":\"ImageObject\",\"inLanguage\":\"en-GB\",\"@id\":\"https:\/\/sinodrew.pl\/en\/#\/schema\/logo\/image\/\",\"url\":\"https:\/\/sinodrew.pl\/wp-content\/uploads\/2024\/12\/sinodrew_logo.jpg\",\"contentUrl\":\"https:\/\/sinodrew.pl\/wp-content\/uploads\/2024\/12\/sinodrew_logo.jpg\",\"width\":2300,\"height\":971,\"caption\":\"SINODREW\"},\"image\":{\"@id\":\"https:\/\/sinodrew.pl\/en\/#\/schema\/logo\/image\/\"}}]}<\/script>\n<!-- \/ Yoast SEO plugin. -->","yoast_head_json":{"title":"Wielopi\u0142a VK-J1418 - SINODREW","robots":{"index":"index","follow":"follow","max-snippet":"max-snippet:-1","max-image-preview":"max-image-preview:large","max-video-preview":"max-video-preview:-1"},"canonical":"https:\/\/sinodrew.pl\/en\/product\/wielopila-vk-j1418\/","og_locale":"en_GB","og_type":"article","og_title":"Wielopi\u0142a VK-J1418 - SINODREW","og_description":"Wielopi\u0142a VK-J1418 do rozkroju desek 180\/60 mm. Parametry techniczne: Specification Value Maksymalna szeroko\u015b\u0107 elementu 180 mm Maksymalna grubo\u015b\u0107 elementu 60 mm Minimalna wysoko\u015b\u0107 elementu 10 mm Minimalna d\u0142ugo\u015b\u0107 ci\u0119tego elementu 200 mm Minimalna szeroko\u015b\u0107 rozcinania 8 mm \u015arednica wa\u0142u pi\u0142y \u03a650 mm Moc silnika wa\u0142u pi\u0142y 11 kW \u015arednica tarczy [&hellip;]","og_url":"https:\/\/sinodrew.pl\/en\/product\/wielopila-vk-j1418\/","og_site_name":"SINODREW","article_modified_time":"2025-10-28T11:35:50+00:00","og_image":[{"width":750,"height":700,"url":"https:\/\/sinodrew.pl\/wp-content\/uploads\/2024\/11\/VK-J1418.png","type":"image\/png"}],"twitter_card":"summary_large_image","schema":{"@context":"https:\/\/schema.org","@graph":[{"@type":"WebPage","@id":"https:\/\/sinodrew.pl\/en\/product\/wielopila-vk-j1418\/","url":"https:\/\/sinodrew.pl\/en\/product\/wielopila-vk-j1418\/","name":"Wielopi\u0142a VK-J1418 - SINODREW","isPartOf":{"@id":"https:\/\/sinodrew.pl\/en\/#website"},"primaryImageOfPage":{"@id":"https:\/\/sinodrew.pl\/en\/product\/wielopila-vk-j1418\/#primaryimage"},"image":{"@id":"https:\/\/sinodrew.pl\/en\/product\/wielopila-vk-j1418\/#primaryimage"},"thumbnailUrl":"https:\/\/sinodrew.pl\/wp-content\/uploads\/2024\/11\/VK-J1418.png","datePublished":"2024-11-26T14:30:47+00:00","dateModified":"2025-10-28T11:35:50+00:00","breadcrumb":{"@id":"https:\/\/sinodrew.pl\/en\/product\/wielopila-vk-j1418\/#breadcrumb"},"inLanguage":"en-GB","potentialAction":[{"@type":"ReadAction","target":["https:\/\/sinodrew.pl\/en\/product\/wielopila-vk-j1418\/"]}]},{"@type":"ImageObject","inLanguage":"en-GB","@id":"https:\/\/sinodrew.pl\/en\/product\/wielopila-vk-j1418\/#primaryimage","url":"https:\/\/sinodrew.pl\/wp-content\/uploads\/2024\/11\/VK-J1418.png","contentUrl":"https:\/\/sinodrew.pl\/wp-content\/uploads\/2024\/11\/VK-J1418.png","width":750,"height":700},{"@type":"BreadcrumbList","@id":"https:\/\/sinodrew.pl\/en\/product\/wielopila-vk-j1418\/#breadcrumb","itemListElement":[{"@type":"ListItem","position":1,"name":"Strona g\u0142\u00f3wna","item":"https:\/\/sinodrew.pl\/en\/"},{"@type":"ListItem","position":2,"name":"Kategorie","item":"https:\/\/sinodrew.pl\/maszyny\/"},{"@type":"ListItem","position":3,"name":"Wielopi\u0142a VK-J1418"}]},{"@type":"WebSite","@id":"https:\/\/sinodrew.pl\/en\/#website","url":"https:\/\/sinodrew.pl\/en\/","name":"SINODREW","description":"","publisher":{"@id":"https:\/\/sinodrew.pl\/en\/#organization"},"potentialAction":[{"@type":"SearchAction","target":{"@type":"EntryPoint","urlTemplate":"https:\/\/sinodrew.pl\/en\/?s={search_term_string}"},"query-input":{"@type":"PropertyValueSpecification","valueRequired":true,"valueName":"search_term_string"}}],"inLanguage":"en-GB"},{"@type":"Organization","@id":"https:\/\/sinodrew.pl\/en\/#organization","name":"SINODREW","url":"https:\/\/sinodrew.pl\/en\/","logo":{"@type":"ImageObject","inLanguage":"en-GB","@id":"https:\/\/sinodrew.pl\/en\/#\/schema\/logo\/image\/","url":"https:\/\/sinodrew.pl\/wp-content\/uploads\/2024\/12\/sinodrew_logo.jpg","contentUrl":"https:\/\/sinodrew.pl\/wp-content\/uploads\/2024\/12\/sinodrew_logo.jpg","width":2300,"height":971,"caption":"SINODREW"},"image":{"@id":"https:\/\/sinodrew.pl\/en\/#\/schema\/logo\/image\/"}}]}},"_links":{"self":[{"href":"https:\/\/sinodrew.pl\/en\/wp-json\/wp\/v2\/product\/139","targetHints":{"allow":["GET"]}}],"collection":[{"href":"https:\/\/sinodrew.pl\/en\/wp-json\/wp\/v2\/product"}],"about":[{"href":"https:\/\/sinodrew.pl\/en\/wp-json\/wp\/v2\/types\/product"}],"replies":[{"embeddable":true,"href":"https:\/\/sinodrew.pl\/en\/wp-json\/wp\/v2\/comments?post=139"}],"wp:featuredmedia":[{"embeddable":true,"href":"https:\/\/sinodrew.pl\/en\/wp-json\/wp\/v2\/media\/140"}],"wp:attachment":[{"href":"https:\/\/sinodrew.pl\/en\/wp-json\/wp\/v2\/media?parent=139"}],"wp:term":[{"taxonomy":"product_brand","embeddable":true,"href":"https:\/\/sinodrew.pl\/en\/wp-json\/wp\/v2\/product_brand?post=139"},{"taxonomy":"product_cat","embeddable":true,"href":"https:\/\/sinodrew.pl\/en\/wp-json\/wp\/v2\/product_cat?post=139"},{"taxonomy":"product_tag","embeddable":true,"href":"https:\/\/sinodrew.pl\/en\/wp-json\/wp\/v2\/product_tag?post=139"}],"curies":[{"name":"wp","href":"https:\/\/api.w.org\/{rel}","templated":true}]}}