{"id":136,"date":"2024-11-26T15:26:54","date_gmt":"2024-11-26T14:26:54","guid":{"rendered":"https:\/\/sinodrew.austor.pl\/?post_type=product&#038;p=136"},"modified":"2025-10-28T13:31:13","modified_gmt":"2025-10-28T12:31:13","slug":"pila-poprz-automat-vk-j601","status":"publish","type":"product","link":"https:\/\/sinodrew.pl\/en\/product\/pila-poprz-automat-vk-j601\/","title":{"rendered":"Pi\u0142a poprzeczna automatyczna VK-J601"},"content":{"rendered":"<p><strong>Pi\u0142a poprzeczna automatyczna VK-J601<\/strong><\/p>\n<p><strong>Cena:<\/strong> 66 000 z\u0142<\/p>\n<table border=\"1\" cellpadding=\"10\" cellspacing=\"0\">\n<thead>\n<tr>\n<th>Specification<\/th>\n<th>Value<\/th>\n<\/tr>\n<\/thead>\n<tbody>\n<tr>\n<td>Cutting length<\/td>\n<td>Up to 4000mm<\/td>\n<\/tr>\n<tr>\n<td>Cutting thickness<\/td>\n<td>18-250 mm<\/td>\n<\/tr>\n<tr>\n<td>Working thickness<\/td>\n<td>10-90 mm<\/td>\n<\/tr>\n<tr>\n<td>Min. sawing area<\/td>\n<td>310-30 mm<\/td>\n<\/tr>\n<tr>\n<td>Max. sawing area<\/td>\n<td>250-90 mm<\/td>\n<\/tr>\n<tr>\n<td>Saw blade diameter<\/td>\n<td>455 mm<\/td>\n<\/tr>\n<tr>\n<td>Saw shaft speed<\/td>\n<td>7,5 kW \/ 3600 rpm<\/td>\n<\/tr>\n<tr>\n<td>Servo<\/td>\n<td>0,75 kW<\/td>\n<\/tr>\n<tr>\n<td>Air pressure<\/td>\n<td>5-6 kg\/cm<sup>2<\/sup><\/td>\n<\/tr>\n<tr>\n<td>Suction port diameter<\/td>\n<td>2 x 120 mm<\/td>\n<\/tr>\n<tr>\n<td>Weight<\/td>\n<td>1200 kg<\/td>\n<\/tr>\n<tr>\n<td>Dimensions<\/td>\n<td>6700 x 990 x 1660 mm<\/td>\n<\/tr>\n<\/tbody>\n<\/table>\n<p>Firma w ci\u0105g\u0142ej sprzeda\u017cy posiada maszyny do obr\u00f3bki drewna, tartaczne i stolarskie &#8211; pi\u0142a formatowa, tarczowa, ta\u015bmowa, poprzeczna, pi\u0142a poprzeczna, kap\u00f3wka automatyczna, kapownica, trak cienkotn\u0105cy, trak tarczowy, trak ta\u015bmowy, trak pionowy, wielopi\u0142a, strugarka, strugarka czterostronna, trzystronna, 4-stronna, 3-stronna, grubo\u015bci\u00f3wka, grubo\u015bci\u00f3wka dwustronna, strugarko-grubo\u015bci\u00f3wka, wielowrzecionowa, optymalizerka, peletyzerka, do palet, nak\u0142adarka kleju, szlifierka, szlifierka szerokota\u015bmowa, szeroko ta\u015bmowa, nak\u0142adarka kleju, frezarka, frezarka dolnowrzecionowa, w\u00f3zek boczny, prasa hydrauliczna do fornirowania, maszyny i linie do produkcji palet, linie do \u201efinger jointing\u201d.<\/p>\n<p>We also invite trade companies to cooperate with us; we offer attractive discounts for regular cooperation.<\/p>","protected":false},"excerpt":{"rendered":"<p>Pi\u0142a poprzeczna automatyczna VK-J601 Cena: 66 000 z\u0142 Specyfikacja Warto\u015b\u0107 D\u0142ugo\u015b\u0107 ci\u0119cia do 4000 mm Szeroko\u015b\u0107 ci\u0119cia 18-250 mm Grubo\u015b\u0107 ci\u0119cia 10-90 mm Minimalny zakres ci\u0119cia 310-30 mm Maksymalny zakres ci\u0119cia 250-90 mm Pi\u0142a\/\u015brednica 455 mm Silnik 7,5 kW \/ 3600 rpm Servo 0,75 kW Ci\u015bnienie powietrza 5-6 kg\/cm2 Odci\u0105g [&hellip;]<\/p>","protected":false},"featured_media":137,"comment_status":"open","ping_status":"closed","template":"","meta":[],"product_brand":[],"product_cat":[34],"product_tag":[],"class_list":{"0":"post-136","1":"product","2":"type-product","3":"status-publish","4":"has-post-thumbnail","6":"product_cat-pily-poprz-automat-sinodrew","8":"first","9":"onbackorder","10":"featured","11":"shipping-taxable","12":"purchasable","13":"product-type-simple"},"yoast_head":"<!-- This site is optimized with the Yoast SEO plugin v25.6 - https:\/\/yoast.com\/wordpress\/plugins\/seo\/ -->\n<title>Pi\u0142a poprzeczna automatyczna VK-J601 - SINODREW<\/title>\n<meta name=\"robots\" content=\"noindex, follow\" \/>\n<meta property=\"og:locale\" content=\"en_GB\" \/>\n<meta property=\"og:type\" content=\"article\" \/>\n<meta property=\"og:title\" content=\"Pi\u0142a poprzeczna automatyczna VK-J601 - SINODREW\" \/>\n<meta property=\"og:description\" content=\"Pi\u0142a poprzeczna automatyczna VK-J601 Cena: 66 000 z\u0142 Specyfikacja Warto\u015b\u0107 D\u0142ugo\u015b\u0107 ci\u0119cia do 4000 mm Szeroko\u015b\u0107 ci\u0119cia 18-250 mm Grubo\u015b\u0107 ci\u0119cia 10-90 mm Minimalny zakres ci\u0119cia 310-30 mm Maksymalny zakres ci\u0119cia 250-90 mm Pi\u0142a\/\u015brednica 455 mm Silnik 7,5 kW \/ 3600 rpm Servo 0,75 kW Ci\u015bnienie powietrza 5-6 kg\/cm2 Odci\u0105g [&hellip;]\" \/>\n<meta property=\"og:url\" content=\"https:\/\/sinodrew.pl\/en\/product\/pila-poprz-automat-vk-j601\/\" \/>\n<meta property=\"og:site_name\" content=\"SINODREW\" \/>\n<meta property=\"article:modified_time\" content=\"2025-10-28T12:31:13+00:00\" \/>\n<meta property=\"og:image\" content=\"https:\/\/sinodrew.pl\/wp-content\/uploads\/2024\/11\/VK-J601.png\" \/>\n\t<meta property=\"og:image:width\" content=\"799\" \/>\n\t<meta property=\"og:image:height\" content=\"655\" \/>\n\t<meta property=\"og:image:type\" content=\"image\/png\" \/>\n<meta name=\"twitter:card\" content=\"summary_large_image\" \/>\n<meta name=\"twitter:label1\" content=\"Estimated reading time\" \/>\n\t<meta name=\"twitter:data1\" content=\"2 minutes\" \/>\n<script type=\"application\/ld+json\" class=\"yoast-schema-graph\">{\"@context\":\"https:\/\/schema.org\",\"@graph\":[{\"@type\":\"WebPage\",\"@id\":\"https:\/\/sinodrew.pl\/en\/product\/pila-poprz-automat-vk-j601\/\",\"url\":\"https:\/\/sinodrew.pl\/en\/product\/pila-poprz-automat-vk-j601\/\",\"name\":\"Pi\u0142a poprzeczna automatyczna VK-J601 - SINODREW\",\"isPartOf\":{\"@id\":\"https:\/\/sinodrew.pl\/en\/#website\"},\"primaryImageOfPage\":{\"@id\":\"https:\/\/sinodrew.pl\/en\/product\/pila-poprz-automat-vk-j601\/#primaryimage\"},\"image\":{\"@id\":\"https:\/\/sinodrew.pl\/en\/product\/pila-poprz-automat-vk-j601\/#primaryimage\"},\"thumbnailUrl\":\"https:\/\/sinodrew.pl\/wp-content\/uploads\/2024\/11\/VK-J601.png\",\"datePublished\":\"2024-11-26T14:26:54+00:00\",\"dateModified\":\"2025-10-28T12:31:13+00:00\",\"breadcrumb\":{\"@id\":\"https:\/\/sinodrew.pl\/en\/product\/pila-poprz-automat-vk-j601\/#breadcrumb\"},\"inLanguage\":\"en-GB\",\"potentialAction\":[{\"@type\":\"ReadAction\",\"target\":[\"https:\/\/sinodrew.pl\/en\/product\/pila-poprz-automat-vk-j601\/\"]}]},{\"@type\":\"ImageObject\",\"inLanguage\":\"en-GB\",\"@id\":\"https:\/\/sinodrew.pl\/en\/product\/pila-poprz-automat-vk-j601\/#primaryimage\",\"url\":\"https:\/\/sinodrew.pl\/wp-content\/uploads\/2024\/11\/VK-J601.png\",\"contentUrl\":\"https:\/\/sinodrew.pl\/wp-content\/uploads\/2024\/11\/VK-J601.png\",\"width\":799,\"height\":655},{\"@type\":\"BreadcrumbList\",\"@id\":\"https:\/\/sinodrew.pl\/en\/product\/pila-poprz-automat-vk-j601\/#breadcrumb\",\"itemListElement\":[{\"@type\":\"ListItem\",\"position\":1,\"name\":\"Strona g\u0142\u00f3wna\",\"item\":\"https:\/\/sinodrew.pl\/en\/\"},{\"@type\":\"ListItem\",\"position\":2,\"name\":\"Kategorie\",\"item\":\"https:\/\/sinodrew.pl\/maszyny\/\"},{\"@type\":\"ListItem\",\"position\":3,\"name\":\"Pi\u0142a poprzeczna automatyczna VK-J601\"}]},{\"@type\":\"WebSite\",\"@id\":\"https:\/\/sinodrew.pl\/en\/#website\",\"url\":\"https:\/\/sinodrew.pl\/en\/\",\"name\":\"SINODREW\",\"description\":\"\",\"publisher\":{\"@id\":\"https:\/\/sinodrew.pl\/en\/#organization\"},\"potentialAction\":[{\"@type\":\"SearchAction\",\"target\":{\"@type\":\"EntryPoint\",\"urlTemplate\":\"https:\/\/sinodrew.pl\/en\/?s={search_term_string}\"},\"query-input\":{\"@type\":\"PropertyValueSpecification\",\"valueRequired\":true,\"valueName\":\"search_term_string\"}}],\"inLanguage\":\"en-GB\"},{\"@type\":\"Organization\",\"@id\":\"https:\/\/sinodrew.pl\/en\/#organization\",\"name\":\"SINODREW\",\"url\":\"https:\/\/sinodrew.pl\/en\/\",\"logo\":{\"@type\":\"ImageObject\",\"inLanguage\":\"en-GB\",\"@id\":\"https:\/\/sinodrew.pl\/en\/#\/schema\/logo\/image\/\",\"url\":\"https:\/\/sinodrew.pl\/wp-content\/uploads\/2024\/12\/sinodrew_logo.jpg\",\"contentUrl\":\"https:\/\/sinodrew.pl\/wp-content\/uploads\/2024\/12\/sinodrew_logo.jpg\",\"width\":2300,\"height\":971,\"caption\":\"SINODREW\"},\"image\":{\"@id\":\"https:\/\/sinodrew.pl\/en\/#\/schema\/logo\/image\/\"}}]}<\/script>\n<!-- \/ Yoast SEO plugin. -->","yoast_head_json":{"title":"Pi\u0142a poprzeczna automatyczna VK-J601 - SINODREW","robots":{"index":"noindex","follow":"follow"},"og_locale":"en_GB","og_type":"article","og_title":"Pi\u0142a poprzeczna automatyczna VK-J601 - SINODREW","og_description":"Pi\u0142a poprzeczna automatyczna VK-J601 Cena: 66 000 z\u0142 Specyfikacja Warto\u015b\u0107 D\u0142ugo\u015b\u0107 ci\u0119cia do 4000 mm Szeroko\u015b\u0107 ci\u0119cia 18-250 mm Grubo\u015b\u0107 ci\u0119cia 10-90 mm Minimalny zakres ci\u0119cia 310-30 mm Maksymalny zakres ci\u0119cia 250-90 mm Pi\u0142a\/\u015brednica 455 mm Silnik 7,5 kW \/ 3600 rpm Servo 0,75 kW Ci\u015bnienie powietrza 5-6 kg\/cm2 Odci\u0105g [&hellip;]","og_url":"https:\/\/sinodrew.pl\/en\/product\/pila-poprz-automat-vk-j601\/","og_site_name":"SINODREW","article_modified_time":"2025-10-28T12:31:13+00:00","og_image":[{"width":799,"height":655,"url":"https:\/\/sinodrew.pl\/wp-content\/uploads\/2024\/11\/VK-J601.png","type":"image\/png"}],"twitter_card":"summary_large_image","twitter_misc":{"Estimated reading time":"2 minutes"},"schema":{"@context":"https:\/\/schema.org","@graph":[{"@type":"WebPage","@id":"https:\/\/sinodrew.pl\/en\/product\/pila-poprz-automat-vk-j601\/","url":"https:\/\/sinodrew.pl\/en\/product\/pila-poprz-automat-vk-j601\/","name":"Pi\u0142a poprzeczna automatyczna VK-J601 - SINODREW","isPartOf":{"@id":"https:\/\/sinodrew.pl\/en\/#website"},"primaryImageOfPage":{"@id":"https:\/\/sinodrew.pl\/en\/product\/pila-poprz-automat-vk-j601\/#primaryimage"},"image":{"@id":"https:\/\/sinodrew.pl\/en\/product\/pila-poprz-automat-vk-j601\/#primaryimage"},"thumbnailUrl":"https:\/\/sinodrew.pl\/wp-content\/uploads\/2024\/11\/VK-J601.png","datePublished":"2024-11-26T14:26:54+00:00","dateModified":"2025-10-28T12:31:13+00:00","breadcrumb":{"@id":"https:\/\/sinodrew.pl\/en\/product\/pila-poprz-automat-vk-j601\/#breadcrumb"},"inLanguage":"en-GB","potentialAction":[{"@type":"ReadAction","target":["https:\/\/sinodrew.pl\/en\/product\/pila-poprz-automat-vk-j601\/"]}]},{"@type":"ImageObject","inLanguage":"en-GB","@id":"https:\/\/sinodrew.pl\/en\/product\/pila-poprz-automat-vk-j601\/#primaryimage","url":"https:\/\/sinodrew.pl\/wp-content\/uploads\/2024\/11\/VK-J601.png","contentUrl":"https:\/\/sinodrew.pl\/wp-content\/uploads\/2024\/11\/VK-J601.png","width":799,"height":655},{"@type":"BreadcrumbList","@id":"https:\/\/sinodrew.pl\/en\/product\/pila-poprz-automat-vk-j601\/#breadcrumb","itemListElement":[{"@type":"ListItem","position":1,"name":"Strona g\u0142\u00f3wna","item":"https:\/\/sinodrew.pl\/en\/"},{"@type":"ListItem","position":2,"name":"Kategorie","item":"https:\/\/sinodrew.pl\/maszyny\/"},{"@type":"ListItem","position":3,"name":"Pi\u0142a poprzeczna automatyczna VK-J601"}]},{"@type":"WebSite","@id":"https:\/\/sinodrew.pl\/en\/#website","url":"https:\/\/sinodrew.pl\/en\/","name":"SINODREW","description":"","publisher":{"@id":"https:\/\/sinodrew.pl\/en\/#organization"},"potentialAction":[{"@type":"SearchAction","target":{"@type":"EntryPoint","urlTemplate":"https:\/\/sinodrew.pl\/en\/?s={search_term_string}"},"query-input":{"@type":"PropertyValueSpecification","valueRequired":true,"valueName":"search_term_string"}}],"inLanguage":"en-GB"},{"@type":"Organization","@id":"https:\/\/sinodrew.pl\/en\/#organization","name":"SINODREW","url":"https:\/\/sinodrew.pl\/en\/","logo":{"@type":"ImageObject","inLanguage":"en-GB","@id":"https:\/\/sinodrew.pl\/en\/#\/schema\/logo\/image\/","url":"https:\/\/sinodrew.pl\/wp-content\/uploads\/2024\/12\/sinodrew_logo.jpg","contentUrl":"https:\/\/sinodrew.pl\/wp-content\/uploads\/2024\/12\/sinodrew_logo.jpg","width":2300,"height":971,"caption":"SINODREW"},"image":{"@id":"https:\/\/sinodrew.pl\/en\/#\/schema\/logo\/image\/"}}]}},"_links":{"self":[{"href":"https:\/\/sinodrew.pl\/en\/wp-json\/wp\/v2\/product\/136","targetHints":{"allow":["GET"]}}],"collection":[{"href":"https:\/\/sinodrew.pl\/en\/wp-json\/wp\/v2\/product"}],"about":[{"href":"https:\/\/sinodrew.pl\/en\/wp-json\/wp\/v2\/types\/product"}],"replies":[{"embeddable":true,"href":"https:\/\/sinodrew.pl\/en\/wp-json\/wp\/v2\/comments?post=136"}],"wp:featuredmedia":[{"embeddable":true,"href":"https:\/\/sinodrew.pl\/en\/wp-json\/wp\/v2\/media\/137"}],"wp:attachment":[{"href":"https:\/\/sinodrew.pl\/en\/wp-json\/wp\/v2\/media?parent=136"}],"wp:term":[{"taxonomy":"product_brand","embeddable":true,"href":"https:\/\/sinodrew.pl\/en\/wp-json\/wp\/v2\/product_brand?post=136"},{"taxonomy":"product_cat","embeddable":true,"href":"https:\/\/sinodrew.pl\/en\/wp-json\/wp\/v2\/product_cat?post=136"},{"taxonomy":"product_tag","embeddable":true,"href":"https:\/\/sinodrew.pl\/en\/wp-json\/wp\/v2\/product_tag?post=136"}],"curies":[{"name":"wp","href":"https:\/\/api.w.org\/{rel}","templated":true}]}}