{"id":130,"date":"2024-11-24T16:05:34","date_gmt":"2024-11-24T15:05:34","guid":{"rendered":"https:\/\/sinodrew.austor.pl\/?post_type=product&#038;p=130"},"modified":"2025-10-28T13:27:52","modified_gmt":"2025-10-28T12:27:52","slug":"wielopila-vk-j1300x3","status":"publish","type":"product","link":"https:\/\/sinodrew.pl\/en\/product\/wielopila-vk-j1300x3\/","title":{"rendered":"VK-J1300X3 Multi-blade saw"},"content":{"rendered":"<p>The VK-J1300X3 multi-blade saw is ideal for cutting board, strips, planks and worktops.<\/p>\n<p>Technical specifications:<\/p>\n<table border=\"1\" cellpadding=\"10\" cellspacing=\"0\">\n<thead>\n<tr>\n<th>Specification<\/th>\n<th>Value<\/th>\n<\/tr>\n<\/thead>\n<tbody>\n<tr>\n<td>Max. working width<\/td>\n<td>1220 mm<\/td>\n<\/tr>\n<tr>\n<td>Max. working thickness<\/td>\n<td>30 mm<\/td>\n<\/tr>\n<tr>\n<td>Min. working thickness<\/td>\n<td>5 mm<\/td>\n<\/tr>\n<tr>\n<td>Min. working length<\/td>\n<td>550 mm<\/td>\n<\/tr>\n<tr>\n<td>Shaft diameter\/saw diameter<\/td>\n<td>74 mm \/ 205 mm<\/td>\n<\/tr>\n<tr>\n<td>Main motor power \/ feed drive motor power<\/td>\n<td>22 kW \/ 1,5 kW<\/td>\n<\/tr>\n<tr>\n<td>Total power<\/td>\n<td>23,5 kW<\/td>\n<\/tr>\n<tr>\n<td>Feeding speed<\/td>\n<td>0-12 m\/min.<\/td>\n<\/tr>\n<tr>\n<td>Number of upper\/lower drive rollers<\/td>\n<td>6 \/ 12<\/td>\n<\/tr>\n<tr>\n<td>Extraction port diameter<\/td>\n<td>150 mm<\/td>\n<\/tr>\n<tr>\n<td>Dimensions<\/td>\n<td>2000 x 1800 x 1250 mm<\/td>\n<\/tr>\n<tr>\n<td>Weight<\/td>\n<td>1800 kg<\/td>\n<\/tr>\n<\/tbody>\n<\/table>","protected":false},"excerpt":{"rendered":"<p>Wielopi\u0142a VK-J1300X3 idealna do rozkroju p\u0142yty, listew, desek, blat\u00f3w. Specyfikacja techniczna: Specyfikacja Warto\u015b\u0107 Maksymalna szeroko\u015b\u0107 robocza 1220 mm Maksymalna grubo\u015b\u0107 robocza 30 mm Minimalna grubo\u015b\u0107 robocza 5 mm Minimalna d\u0142ugo\u015b\u0107 elementu 550 mm \u015arednica wa\u0142u\/\u015brednica pi\u0142y 74 mm \/ 205 mm G\u0142\u00f3wny silnik-moc\/moc silnika nap\u0119du posuwu 22 kW \/ 1,5 [&hellip;]<\/p>","protected":false},"featured_media":1535,"comment_status":"open","ping_status":"closed","template":"","meta":[],"product_brand":[],"product_cat":[39],"product_tag":[],"class_list":{"0":"post-130","1":"product","2":"type-product","3":"status-publish","4":"has-post-thumbnail","6":"product_cat-wielopily","8":"first","9":"onbackorder","10":"featured","11":"shipping-taxable","12":"product-type-simple"},"yoast_head":"<!-- This site is optimized with the Yoast SEO plugin v25.6 - https:\/\/yoast.com\/wordpress\/plugins\/seo\/ -->\n<title>Wielopi\u0142a VK-J1300X3 - SINODREW<\/title>\n<meta name=\"robots\" content=\"noindex, follow\" \/>\n<meta property=\"og:locale\" content=\"en_GB\" \/>\n<meta property=\"og:type\" content=\"article\" \/>\n<meta property=\"og:title\" content=\"Wielopi\u0142a VK-J1300X3 - SINODREW\" \/>\n<meta property=\"og:description\" content=\"Wielopi\u0142a VK-J1300X3 idealna do rozkroju p\u0142yty, listew, desek, blat\u00f3w. Specyfikacja techniczna: Specyfikacja Warto\u015b\u0107 Maksymalna szeroko\u015b\u0107 robocza 1220 mm Maksymalna grubo\u015b\u0107 robocza 30 mm Minimalna grubo\u015b\u0107 robocza 5 mm Minimalna d\u0142ugo\u015b\u0107 elementu 550 mm \u015arednica wa\u0142u\/\u015brednica pi\u0142y 74 mm \/ 205 mm G\u0142\u00f3wny silnik-moc\/moc silnika nap\u0119du posuwu 22 kW \/ 1,5 [&hellip;]\" \/>\n<meta property=\"og:url\" content=\"https:\/\/sinodrew.pl\/en\/product\/wielopila-vk-j1300x3\/\" \/>\n<meta property=\"og:site_name\" content=\"SINODREW\" \/>\n<meta property=\"article:modified_time\" content=\"2025-10-28T12:27:52+00:00\" \/>\n<meta property=\"og:image\" content=\"https:\/\/sinodrew.pl\/wp-content\/uploads\/2025\/02\/1300x3-1.png\" \/>\n\t<meta property=\"og:image:width\" content=\"1040\" \/>\n\t<meta property=\"og:image:height\" content=\"834\" \/>\n\t<meta property=\"og:image:type\" content=\"image\/png\" \/>\n<meta name=\"twitter:card\" content=\"summary_large_image\" \/>\n<meta name=\"twitter:label1\" content=\"Estimated reading time\" \/>\n\t<meta name=\"twitter:data1\" content=\"1 minute\" \/>\n<script type=\"application\/ld+json\" class=\"yoast-schema-graph\">{\"@context\":\"https:\/\/schema.org\",\"@graph\":[{\"@type\":\"WebPage\",\"@id\":\"https:\/\/sinodrew.pl\/en\/product\/wielopila-vk-j1300x3\/\",\"url\":\"https:\/\/sinodrew.pl\/en\/product\/wielopila-vk-j1300x3\/\",\"name\":\"Wielopi\u0142a VK-J1300X3 - SINODREW\",\"isPartOf\":{\"@id\":\"https:\/\/sinodrew.pl\/en\/#website\"},\"primaryImageOfPage\":{\"@id\":\"https:\/\/sinodrew.pl\/en\/product\/wielopila-vk-j1300x3\/#primaryimage\"},\"image\":{\"@id\":\"https:\/\/sinodrew.pl\/en\/product\/wielopila-vk-j1300x3\/#primaryimage\"},\"thumbnailUrl\":\"https:\/\/sinodrew.pl\/wp-content\/uploads\/2025\/02\/1300x3-1.png\",\"datePublished\":\"2024-11-24T15:05:34+00:00\",\"dateModified\":\"2025-10-28T12:27:52+00:00\",\"breadcrumb\":{\"@id\":\"https:\/\/sinodrew.pl\/en\/product\/wielopila-vk-j1300x3\/#breadcrumb\"},\"inLanguage\":\"en-GB\",\"potentialAction\":[{\"@type\":\"ReadAction\",\"target\":[\"https:\/\/sinodrew.pl\/en\/product\/wielopila-vk-j1300x3\/\"]}]},{\"@type\":\"ImageObject\",\"inLanguage\":\"en-GB\",\"@id\":\"https:\/\/sinodrew.pl\/en\/product\/wielopila-vk-j1300x3\/#primaryimage\",\"url\":\"https:\/\/sinodrew.pl\/wp-content\/uploads\/2025\/02\/1300x3-1.png\",\"contentUrl\":\"https:\/\/sinodrew.pl\/wp-content\/uploads\/2025\/02\/1300x3-1.png\",\"width\":1040,\"height\":834},{\"@type\":\"BreadcrumbList\",\"@id\":\"https:\/\/sinodrew.pl\/en\/product\/wielopila-vk-j1300x3\/#breadcrumb\",\"itemListElement\":[{\"@type\":\"ListItem\",\"position\":1,\"name\":\"Strona g\u0142\u00f3wna\",\"item\":\"https:\/\/sinodrew.pl\/en\/\"},{\"@type\":\"ListItem\",\"position\":2,\"name\":\"Kategorie\",\"item\":\"https:\/\/sinodrew.pl\/maszyny\/\"},{\"@type\":\"ListItem\",\"position\":3,\"name\":\"Wielopi\u0142a VK-J1300X3\"}]},{\"@type\":\"WebSite\",\"@id\":\"https:\/\/sinodrew.pl\/en\/#website\",\"url\":\"https:\/\/sinodrew.pl\/en\/\",\"name\":\"SINODREW\",\"description\":\"\",\"publisher\":{\"@id\":\"https:\/\/sinodrew.pl\/en\/#organization\"},\"potentialAction\":[{\"@type\":\"SearchAction\",\"target\":{\"@type\":\"EntryPoint\",\"urlTemplate\":\"https:\/\/sinodrew.pl\/en\/?s={search_term_string}\"},\"query-input\":{\"@type\":\"PropertyValueSpecification\",\"valueRequired\":true,\"valueName\":\"search_term_string\"}}],\"inLanguage\":\"en-GB\"},{\"@type\":\"Organization\",\"@id\":\"https:\/\/sinodrew.pl\/en\/#organization\",\"name\":\"SINODREW\",\"url\":\"https:\/\/sinodrew.pl\/en\/\",\"logo\":{\"@type\":\"ImageObject\",\"inLanguage\":\"en-GB\",\"@id\":\"https:\/\/sinodrew.pl\/en\/#\/schema\/logo\/image\/\",\"url\":\"https:\/\/sinodrew.pl\/wp-content\/uploads\/2024\/12\/sinodrew_logo.jpg\",\"contentUrl\":\"https:\/\/sinodrew.pl\/wp-content\/uploads\/2024\/12\/sinodrew_logo.jpg\",\"width\":2300,\"height\":971,\"caption\":\"SINODREW\"},\"image\":{\"@id\":\"https:\/\/sinodrew.pl\/en\/#\/schema\/logo\/image\/\"}}]}<\/script>\n<!-- \/ Yoast SEO plugin. -->","yoast_head_json":{"title":"Wielopi\u0142a VK-J1300X3 - SINODREW","robots":{"index":"noindex","follow":"follow"},"og_locale":"en_GB","og_type":"article","og_title":"Wielopi\u0142a VK-J1300X3 - SINODREW","og_description":"Wielopi\u0142a VK-J1300X3 idealna do rozkroju p\u0142yty, listew, desek, blat\u00f3w. Specyfikacja techniczna: Specyfikacja Warto\u015b\u0107 Maksymalna szeroko\u015b\u0107 robocza 1220 mm Maksymalna grubo\u015b\u0107 robocza 30 mm Minimalna grubo\u015b\u0107 robocza 5 mm Minimalna d\u0142ugo\u015b\u0107 elementu 550 mm \u015arednica wa\u0142u\/\u015brednica pi\u0142y 74 mm \/ 205 mm G\u0142\u00f3wny silnik-moc\/moc silnika nap\u0119du posuwu 22 kW \/ 1,5 [&hellip;]","og_url":"https:\/\/sinodrew.pl\/en\/product\/wielopila-vk-j1300x3\/","og_site_name":"SINODREW","article_modified_time":"2025-10-28T12:27:52+00:00","og_image":[{"width":1040,"height":834,"url":"https:\/\/sinodrew.pl\/wp-content\/uploads\/2025\/02\/1300x3-1.png","type":"image\/png"}],"twitter_card":"summary_large_image","twitter_misc":{"Estimated reading time":"1 minute"},"schema":{"@context":"https:\/\/schema.org","@graph":[{"@type":"WebPage","@id":"https:\/\/sinodrew.pl\/en\/product\/wielopila-vk-j1300x3\/","url":"https:\/\/sinodrew.pl\/en\/product\/wielopila-vk-j1300x3\/","name":"Wielopi\u0142a VK-J1300X3 - SINODREW","isPartOf":{"@id":"https:\/\/sinodrew.pl\/en\/#website"},"primaryImageOfPage":{"@id":"https:\/\/sinodrew.pl\/en\/product\/wielopila-vk-j1300x3\/#primaryimage"},"image":{"@id":"https:\/\/sinodrew.pl\/en\/product\/wielopila-vk-j1300x3\/#primaryimage"},"thumbnailUrl":"https:\/\/sinodrew.pl\/wp-content\/uploads\/2025\/02\/1300x3-1.png","datePublished":"2024-11-24T15:05:34+00:00","dateModified":"2025-10-28T12:27:52+00:00","breadcrumb":{"@id":"https:\/\/sinodrew.pl\/en\/product\/wielopila-vk-j1300x3\/#breadcrumb"},"inLanguage":"en-GB","potentialAction":[{"@type":"ReadAction","target":["https:\/\/sinodrew.pl\/en\/product\/wielopila-vk-j1300x3\/"]}]},{"@type":"ImageObject","inLanguage":"en-GB","@id":"https:\/\/sinodrew.pl\/en\/product\/wielopila-vk-j1300x3\/#primaryimage","url":"https:\/\/sinodrew.pl\/wp-content\/uploads\/2025\/02\/1300x3-1.png","contentUrl":"https:\/\/sinodrew.pl\/wp-content\/uploads\/2025\/02\/1300x3-1.png","width":1040,"height":834},{"@type":"BreadcrumbList","@id":"https:\/\/sinodrew.pl\/en\/product\/wielopila-vk-j1300x3\/#breadcrumb","itemListElement":[{"@type":"ListItem","position":1,"name":"Strona g\u0142\u00f3wna","item":"https:\/\/sinodrew.pl\/en\/"},{"@type":"ListItem","position":2,"name":"Kategorie","item":"https:\/\/sinodrew.pl\/maszyny\/"},{"@type":"ListItem","position":3,"name":"Wielopi\u0142a VK-J1300X3"}]},{"@type":"WebSite","@id":"https:\/\/sinodrew.pl\/en\/#website","url":"https:\/\/sinodrew.pl\/en\/","name":"SINODREW","description":"","publisher":{"@id":"https:\/\/sinodrew.pl\/en\/#organization"},"potentialAction":[{"@type":"SearchAction","target":{"@type":"EntryPoint","urlTemplate":"https:\/\/sinodrew.pl\/en\/?s={search_term_string}"},"query-input":{"@type":"PropertyValueSpecification","valueRequired":true,"valueName":"search_term_string"}}],"inLanguage":"en-GB"},{"@type":"Organization","@id":"https:\/\/sinodrew.pl\/en\/#organization","name":"SINODREW","url":"https:\/\/sinodrew.pl\/en\/","logo":{"@type":"ImageObject","inLanguage":"en-GB","@id":"https:\/\/sinodrew.pl\/en\/#\/schema\/logo\/image\/","url":"https:\/\/sinodrew.pl\/wp-content\/uploads\/2024\/12\/sinodrew_logo.jpg","contentUrl":"https:\/\/sinodrew.pl\/wp-content\/uploads\/2024\/12\/sinodrew_logo.jpg","width":2300,"height":971,"caption":"SINODREW"},"image":{"@id":"https:\/\/sinodrew.pl\/en\/#\/schema\/logo\/image\/"}}]}},"_links":{"self":[{"href":"https:\/\/sinodrew.pl\/en\/wp-json\/wp\/v2\/product\/130","targetHints":{"allow":["GET"]}}],"collection":[{"href":"https:\/\/sinodrew.pl\/en\/wp-json\/wp\/v2\/product"}],"about":[{"href":"https:\/\/sinodrew.pl\/en\/wp-json\/wp\/v2\/types\/product"}],"replies":[{"embeddable":true,"href":"https:\/\/sinodrew.pl\/en\/wp-json\/wp\/v2\/comments?post=130"}],"wp:featuredmedia":[{"embeddable":true,"href":"https:\/\/sinodrew.pl\/en\/wp-json\/wp\/v2\/media\/1535"}],"wp:attachment":[{"href":"https:\/\/sinodrew.pl\/en\/wp-json\/wp\/v2\/media?parent=130"}],"wp:term":[{"taxonomy":"product_brand","embeddable":true,"href":"https:\/\/sinodrew.pl\/en\/wp-json\/wp\/v2\/product_brand?post=130"},{"taxonomy":"product_cat","embeddable":true,"href":"https:\/\/sinodrew.pl\/en\/wp-json\/wp\/v2\/product_cat?post=130"},{"taxonomy":"product_tag","embeddable":true,"href":"https:\/\/sinodrew.pl\/en\/wp-json\/wp\/v2\/product_tag?post=130"}],"curies":[{"name":"wp","href":"https:\/\/api.w.org\/{rel}","templated":true}]}}