{"id":122,"date":"2024-11-24T13:58:06","date_gmt":"2024-11-24T12:58:06","guid":{"rendered":"https:\/\/sinodrew.austor.pl\/?post_type=product&#038;p=122"},"modified":"2025-10-28T13:26:39","modified_gmt":"2025-10-28T12:26:39","slug":"pila-tarczowa-poprzeczna-vk-j276b","status":"publish","type":"product","link":"https:\/\/sinodrew.pl\/en\/product\/pila-tarczowa-poprzeczna-vk-j276b\/","title":{"rendered":"Pi\u0142a tarczowa poprzeczna VK-J276B"},"content":{"rendered":"<p>VK-J276B High-speed Cut-off saw, complete with roller infeed and outfeed table.<br \/>\nThe machine is ideal for cutting, for example, kitchen worktops, plywood, beams or other wooden parts of large thickness and width.<\/p>\n<p><strong>Technical specifications:<\/strong><\/p>\n<table border=\"1\" cellpadding=\"10\" cellspacing=\"0\">\n<thead>\n<tr>\n<th>Specification<\/th>\n<th>Value<\/th>\n<\/tr>\n<\/thead>\n<tbody>\n<tr>\n<td>Max. cut-off width<\/td>\n<td>600 mm (thickness under 50 mm)<\/td>\n<\/tr>\n<tr>\n<td>Max. cutting thickness<\/td>\n<td>200 mm (width up to 200mm)<\/td>\n<\/tr>\n<tr>\n<td>Saw blade size<\/td>\n<td>\u03a6630 x \u03a630 x 90T x 5 mm<\/td>\n<\/tr>\n<tr>\n<td>Cutting angle<\/td>\n<td>90\u00b0<\/td>\n<\/tr>\n<tr>\n<td>Spindle speed<\/td>\n<td>1850 rpm<\/td>\n<\/tr>\n<tr>\n<td>Cylinder stroke<\/td>\n<td>200 mm\/100 mm<\/td>\n<\/tr>\n<tr>\n<td>Power<\/td>\n<td>5,5 kW<\/td>\n<\/tr>\n<tr>\n<td>Weight<\/td>\n<td>700 kg<\/td>\n<\/tr>\n<tr>\n<td>Dimensions<\/td>\n<td>4250 x 1150 x 1300 mm<\/td>\n<\/tr>\n<tr>\n<td>Docisk pneumatyczny<\/td>\n<td>Tak<\/td>\n<\/tr>\n<tr>\n<td>Laser<\/td>\n<td>Tak<\/td>\n<\/tr>\n<\/tbody>\n<\/table>","protected":false},"excerpt":{"rendered":"<p>Pi\u0142a poprzeczna VK-J276B, kap\u00f3wka tarczowa w komplecie z rolkowym sto\u0142em podawczym i odbiorczym. Maszyna idealna do rozcinania np. blat\u00f3w kuchennych, klejonki, belek czy innych drewnianych element\u00f3w o du\u017cej grubo\u015bci i szeroko\u015bci. Specyfikacja techniczna: Specyfikacja Warto\u015b\u0107 Maksymalna szeroko\u015b\u0107 ci\u0119cia 600 mm (przy grubo\u015bci do 50 mm) Maksymalna grubo\u015b\u0107 ci\u0119cia 200 mm [&hellip;]<\/p>","protected":false},"featured_media":123,"comment_status":"open","ping_status":"closed","template":"","meta":[],"product_brand":[],"product_cat":[37],"product_tag":[],"class_list":{"0":"post-122","1":"product","2":"type-product","3":"status-publish","4":"has-post-thumbnail","6":"product_cat-pily-tarczowe-poprzeczne","8":"first","9":"onbackorder","10":"featured","11":"shipping-taxable","12":"product-type-simple"},"yoast_head":"<!-- This site is optimized with the Yoast SEO plugin v25.6 - https:\/\/yoast.com\/wordpress\/plugins\/seo\/ -->\n<title>Pi\u0142a tarczowa poprzeczna VK-J276B - SINODREW<\/title>\n<meta name=\"robots\" content=\"noindex, follow\" \/>\n<meta property=\"og:locale\" content=\"en_GB\" \/>\n<meta property=\"og:type\" content=\"article\" \/>\n<meta property=\"og:title\" content=\"Pi\u0142a tarczowa poprzeczna VK-J276B - SINODREW\" \/>\n<meta property=\"og:description\" content=\"Pi\u0142a poprzeczna VK-J276B, kap\u00f3wka tarczowa w komplecie z rolkowym sto\u0142em podawczym i odbiorczym. Maszyna idealna do rozcinania np. blat\u00f3w kuchennych, klejonki, belek czy innych drewnianych element\u00f3w o du\u017cej grubo\u015bci i szeroko\u015bci. Specyfikacja techniczna: Specyfikacja Warto\u015b\u0107 Maksymalna szeroko\u015b\u0107 ci\u0119cia 600 mm (przy grubo\u015bci do 50 mm) Maksymalna grubo\u015b\u0107 ci\u0119cia 200 mm [&hellip;]\" \/>\n<meta property=\"og:url\" content=\"https:\/\/sinodrew.pl\/en\/product\/pila-tarczowa-poprzeczna-vk-j276b\/\" \/>\n<meta property=\"og:site_name\" content=\"SINODREW\" \/>\n<meta property=\"article:modified_time\" content=\"2025-10-28T12:26:39+00:00\" \/>\n<meta property=\"og:image\" content=\"https:\/\/sinodrew.pl\/wp-content\/uploads\/2024\/11\/VK-J276B.png\" \/>\n\t<meta property=\"og:image:width\" content=\"799\" \/>\n\t<meta property=\"og:image:height\" content=\"655\" \/>\n\t<meta property=\"og:image:type\" content=\"image\/png\" \/>\n<meta name=\"twitter:card\" content=\"summary_large_image\" \/>\n<meta name=\"twitter:label1\" content=\"Estimated reading time\" \/>\n\t<meta name=\"twitter:data1\" content=\"1 minute\" \/>\n<script type=\"application\/ld+json\" class=\"yoast-schema-graph\">{\"@context\":\"https:\/\/schema.org\",\"@graph\":[{\"@type\":\"WebPage\",\"@id\":\"https:\/\/sinodrew.pl\/en\/product\/pila-tarczowa-poprzeczna-vk-j276b\/\",\"url\":\"https:\/\/sinodrew.pl\/en\/product\/pila-tarczowa-poprzeczna-vk-j276b\/\",\"name\":\"Pi\u0142a tarczowa poprzeczna VK-J276B - SINODREW\",\"isPartOf\":{\"@id\":\"https:\/\/sinodrew.pl\/en\/#website\"},\"primaryImageOfPage\":{\"@id\":\"https:\/\/sinodrew.pl\/en\/product\/pila-tarczowa-poprzeczna-vk-j276b\/#primaryimage\"},\"image\":{\"@id\":\"https:\/\/sinodrew.pl\/en\/product\/pila-tarczowa-poprzeczna-vk-j276b\/#primaryimage\"},\"thumbnailUrl\":\"https:\/\/sinodrew.pl\/wp-content\/uploads\/2024\/11\/VK-J276B.png\",\"datePublished\":\"2024-11-24T12:58:06+00:00\",\"dateModified\":\"2025-10-28T12:26:39+00:00\",\"breadcrumb\":{\"@id\":\"https:\/\/sinodrew.pl\/en\/product\/pila-tarczowa-poprzeczna-vk-j276b\/#breadcrumb\"},\"inLanguage\":\"en-GB\",\"potentialAction\":[{\"@type\":\"ReadAction\",\"target\":[\"https:\/\/sinodrew.pl\/en\/product\/pila-tarczowa-poprzeczna-vk-j276b\/\"]}]},{\"@type\":\"ImageObject\",\"inLanguage\":\"en-GB\",\"@id\":\"https:\/\/sinodrew.pl\/en\/product\/pila-tarczowa-poprzeczna-vk-j276b\/#primaryimage\",\"url\":\"https:\/\/sinodrew.pl\/wp-content\/uploads\/2024\/11\/VK-J276B.png\",\"contentUrl\":\"https:\/\/sinodrew.pl\/wp-content\/uploads\/2024\/11\/VK-J276B.png\",\"width\":799,\"height\":655},{\"@type\":\"BreadcrumbList\",\"@id\":\"https:\/\/sinodrew.pl\/en\/product\/pila-tarczowa-poprzeczna-vk-j276b\/#breadcrumb\",\"itemListElement\":[{\"@type\":\"ListItem\",\"position\":1,\"name\":\"Strona g\u0142\u00f3wna\",\"item\":\"https:\/\/sinodrew.pl\/en\/\"},{\"@type\":\"ListItem\",\"position\":2,\"name\":\"Kategorie\",\"item\":\"https:\/\/sinodrew.pl\/maszyny\/\"},{\"@type\":\"ListItem\",\"position\":3,\"name\":\"Pi\u0142a tarczowa poprzeczna VK-J276B\"}]},{\"@type\":\"WebSite\",\"@id\":\"https:\/\/sinodrew.pl\/en\/#website\",\"url\":\"https:\/\/sinodrew.pl\/en\/\",\"name\":\"SINODREW\",\"description\":\"\",\"publisher\":{\"@id\":\"https:\/\/sinodrew.pl\/en\/#organization\"},\"potentialAction\":[{\"@type\":\"SearchAction\",\"target\":{\"@type\":\"EntryPoint\",\"urlTemplate\":\"https:\/\/sinodrew.pl\/en\/?s={search_term_string}\"},\"query-input\":{\"@type\":\"PropertyValueSpecification\",\"valueRequired\":true,\"valueName\":\"search_term_string\"}}],\"inLanguage\":\"en-GB\"},{\"@type\":\"Organization\",\"@id\":\"https:\/\/sinodrew.pl\/en\/#organization\",\"name\":\"SINODREW\",\"url\":\"https:\/\/sinodrew.pl\/en\/\",\"logo\":{\"@type\":\"ImageObject\",\"inLanguage\":\"en-GB\",\"@id\":\"https:\/\/sinodrew.pl\/en\/#\/schema\/logo\/image\/\",\"url\":\"https:\/\/sinodrew.pl\/wp-content\/uploads\/2024\/12\/sinodrew_logo.jpg\",\"contentUrl\":\"https:\/\/sinodrew.pl\/wp-content\/uploads\/2024\/12\/sinodrew_logo.jpg\",\"width\":2300,\"height\":971,\"caption\":\"SINODREW\"},\"image\":{\"@id\":\"https:\/\/sinodrew.pl\/en\/#\/schema\/logo\/image\/\"}}]}<\/script>\n<!-- \/ Yoast SEO plugin. -->","yoast_head_json":{"title":"Pi\u0142a tarczowa poprzeczna VK-J276B - SINODREW","robots":{"index":"noindex","follow":"follow"},"og_locale":"en_GB","og_type":"article","og_title":"Pi\u0142a tarczowa poprzeczna VK-J276B - SINODREW","og_description":"Pi\u0142a poprzeczna VK-J276B, kap\u00f3wka tarczowa w komplecie z rolkowym sto\u0142em podawczym i odbiorczym. Maszyna idealna do rozcinania np. blat\u00f3w kuchennych, klejonki, belek czy innych drewnianych element\u00f3w o du\u017cej grubo\u015bci i szeroko\u015bci. Specyfikacja techniczna: Specyfikacja Warto\u015b\u0107 Maksymalna szeroko\u015b\u0107 ci\u0119cia 600 mm (przy grubo\u015bci do 50 mm) Maksymalna grubo\u015b\u0107 ci\u0119cia 200 mm [&hellip;]","og_url":"https:\/\/sinodrew.pl\/en\/product\/pila-tarczowa-poprzeczna-vk-j276b\/","og_site_name":"SINODREW","article_modified_time":"2025-10-28T12:26:39+00:00","og_image":[{"width":799,"height":655,"url":"https:\/\/sinodrew.pl\/wp-content\/uploads\/2024\/11\/VK-J276B.png","type":"image\/png"}],"twitter_card":"summary_large_image","twitter_misc":{"Estimated reading time":"1 minute"},"schema":{"@context":"https:\/\/schema.org","@graph":[{"@type":"WebPage","@id":"https:\/\/sinodrew.pl\/en\/product\/pila-tarczowa-poprzeczna-vk-j276b\/","url":"https:\/\/sinodrew.pl\/en\/product\/pila-tarczowa-poprzeczna-vk-j276b\/","name":"Pi\u0142a tarczowa poprzeczna VK-J276B - SINODREW","isPartOf":{"@id":"https:\/\/sinodrew.pl\/en\/#website"},"primaryImageOfPage":{"@id":"https:\/\/sinodrew.pl\/en\/product\/pila-tarczowa-poprzeczna-vk-j276b\/#primaryimage"},"image":{"@id":"https:\/\/sinodrew.pl\/en\/product\/pila-tarczowa-poprzeczna-vk-j276b\/#primaryimage"},"thumbnailUrl":"https:\/\/sinodrew.pl\/wp-content\/uploads\/2024\/11\/VK-J276B.png","datePublished":"2024-11-24T12:58:06+00:00","dateModified":"2025-10-28T12:26:39+00:00","breadcrumb":{"@id":"https:\/\/sinodrew.pl\/en\/product\/pila-tarczowa-poprzeczna-vk-j276b\/#breadcrumb"},"inLanguage":"en-GB","potentialAction":[{"@type":"ReadAction","target":["https:\/\/sinodrew.pl\/en\/product\/pila-tarczowa-poprzeczna-vk-j276b\/"]}]},{"@type":"ImageObject","inLanguage":"en-GB","@id":"https:\/\/sinodrew.pl\/en\/product\/pila-tarczowa-poprzeczna-vk-j276b\/#primaryimage","url":"https:\/\/sinodrew.pl\/wp-content\/uploads\/2024\/11\/VK-J276B.png","contentUrl":"https:\/\/sinodrew.pl\/wp-content\/uploads\/2024\/11\/VK-J276B.png","width":799,"height":655},{"@type":"BreadcrumbList","@id":"https:\/\/sinodrew.pl\/en\/product\/pila-tarczowa-poprzeczna-vk-j276b\/#breadcrumb","itemListElement":[{"@type":"ListItem","position":1,"name":"Strona g\u0142\u00f3wna","item":"https:\/\/sinodrew.pl\/en\/"},{"@type":"ListItem","position":2,"name":"Kategorie","item":"https:\/\/sinodrew.pl\/maszyny\/"},{"@type":"ListItem","position":3,"name":"Pi\u0142a tarczowa poprzeczna VK-J276B"}]},{"@type":"WebSite","@id":"https:\/\/sinodrew.pl\/en\/#website","url":"https:\/\/sinodrew.pl\/en\/","name":"SINODREW","description":"","publisher":{"@id":"https:\/\/sinodrew.pl\/en\/#organization"},"potentialAction":[{"@type":"SearchAction","target":{"@type":"EntryPoint","urlTemplate":"https:\/\/sinodrew.pl\/en\/?s={search_term_string}"},"query-input":{"@type":"PropertyValueSpecification","valueRequired":true,"valueName":"search_term_string"}}],"inLanguage":"en-GB"},{"@type":"Organization","@id":"https:\/\/sinodrew.pl\/en\/#organization","name":"SINODREW","url":"https:\/\/sinodrew.pl\/en\/","logo":{"@type":"ImageObject","inLanguage":"en-GB","@id":"https:\/\/sinodrew.pl\/en\/#\/schema\/logo\/image\/","url":"https:\/\/sinodrew.pl\/wp-content\/uploads\/2024\/12\/sinodrew_logo.jpg","contentUrl":"https:\/\/sinodrew.pl\/wp-content\/uploads\/2024\/12\/sinodrew_logo.jpg","width":2300,"height":971,"caption":"SINODREW"},"image":{"@id":"https:\/\/sinodrew.pl\/en\/#\/schema\/logo\/image\/"}}]}},"_links":{"self":[{"href":"https:\/\/sinodrew.pl\/en\/wp-json\/wp\/v2\/product\/122","targetHints":{"allow":["GET"]}}],"collection":[{"href":"https:\/\/sinodrew.pl\/en\/wp-json\/wp\/v2\/product"}],"about":[{"href":"https:\/\/sinodrew.pl\/en\/wp-json\/wp\/v2\/types\/product"}],"replies":[{"embeddable":true,"href":"https:\/\/sinodrew.pl\/en\/wp-json\/wp\/v2\/comments?post=122"}],"wp:featuredmedia":[{"embeddable":true,"href":"https:\/\/sinodrew.pl\/en\/wp-json\/wp\/v2\/media\/123"}],"wp:attachment":[{"href":"https:\/\/sinodrew.pl\/en\/wp-json\/wp\/v2\/media?parent=122"}],"wp:term":[{"taxonomy":"product_brand","embeddable":true,"href":"https:\/\/sinodrew.pl\/en\/wp-json\/wp\/v2\/product_brand?post=122"},{"taxonomy":"product_cat","embeddable":true,"href":"https:\/\/sinodrew.pl\/en\/wp-json\/wp\/v2\/product_cat?post=122"},{"taxonomy":"product_tag","embeddable":true,"href":"https:\/\/sinodrew.pl\/en\/wp-json\/wp\/v2\/product_tag?post=122"}],"curies":[{"name":"wp","href":"https:\/\/api.w.org\/{rel}","templated":true}]}}