{"id":117,"date":"2024-11-20T16:31:14","date_gmt":"2024-11-20T15:31:14","guid":{"rendered":"https:\/\/sinodrew.austor.pl\/?post_type=product&#038;p=117"},"modified":"2025-10-28T13:24:19","modified_gmt":"2025-10-28T12:24:19","slug":"optymalizerka-vk-j100","status":"publish","type":"product","link":"https:\/\/sinodrew.pl\/en\/product\/optymalizerka-vk-j100\/","title":{"rendered":"Optymalizerka VK-J100"},"content":{"rendered":"<p>Optimizing Cut-off saws <strong>VK-J100<\/strong><\/p>\n<p><strong>Technical specifications:<\/strong><\/p>\n<table border=\"1\" cellpadding=\"10\" cellspacing=\"0\">\n<thead>\n<tr>\n<th>Specification<\/th>\n<th>Value<\/th>\n<\/tr>\n<\/thead>\n<tbody>\n<tr>\n<td>Sawblade diameter<\/td>\n<td>\u03a6405 mm<\/td>\n<\/tr>\n<tr>\n<td>Max. cutting size<\/td>\n<td>75*125 (50*180) mm<\/td>\n<\/tr>\n<tr>\n<td>Max. cutting thickness<\/td>\n<td>75 mm<\/td>\n<\/tr>\n<tr>\n<td>Min. working length<\/td>\n<td>250 mm<\/td>\n<\/tr>\n<tr>\n<td>Saw shaft speed<\/td>\n<td>4000 rpm<\/td>\n<\/tr>\n<tr>\n<td>Saw spindle motor<\/td>\n<td>5,5 kW<\/td>\n<\/tr>\n<tr>\n<td>Feed\/lifting motor power<\/td>\n<td>2 x 4,5 kW<\/td>\n<\/tr>\n<tr>\n<td>Number of upper pressure rollers<\/td>\n<td>6<\/td>\n<\/tr>\n<tr>\n<td>Number of lower feeding rollers<\/td>\n<td>6<\/td>\n<\/tr>\n<tr>\n<td>Conveyor band width<\/td>\n<td>200 mm<\/td>\n<\/tr>\n<tr>\n<td>Dimensions<\/td>\n<td>6000 mm x 1400 mm x 1550 mm<\/td>\n<\/tr>\n<tr>\n<td>Max. feeding speed<\/td>\n<td>100 m\/min<\/td>\n<\/tr>\n<tr>\n<td>Max. efficiency<\/td>\n<td>25-35 m\/min<\/td>\n<\/tr>\n<tr>\n<td>Weight<\/td>\n<td>1500 kg<\/td>\n<\/tr>\n<\/tbody>\n<\/table>","protected":false},"excerpt":{"rendered":"<p>Optymalizerka VK-J100 Specyfikacja techniczna: Specyfikacja Warto\u015b\u0107 \u015arednica pi\u0142y \u03a6405 mm Maksymalny rozmiar ci\u0119cia 75*125 (50*180) mm Maksymalna wysoko\u015b\u0107 ci\u0119cia 75 mm Minimalna d\u0142ugo\u015b\u0107 elementu 250 mm Obroty\/min. (pi\u0142a) 4000 obrot\u00f3w na minut\u0119 Moc silnika (pi\u0142a) 5,5 kW Moc silnika (podawanie i odbi\u00f3r) 2 x 4,5 kW Ilo\u015b\u0107 rolek dociskowych g\u00f3rnych [&hellip;]<\/p>","protected":false},"featured_media":1200,"comment_status":"open","ping_status":"closed","template":"","meta":[],"product_brand":[],"product_cat":[35],"product_tag":[],"class_list":{"0":"post-117","1":"product","2":"type-product","3":"status-publish","4":"has-post-thumbnail","6":"product_cat-optymalizerki","8":"first","9":"onbackorder","10":"featured","11":"shipping-taxable","12":"product-type-simple"},"yoast_head":"<!-- This site is optimized with the Yoast SEO plugin v25.6 - https:\/\/yoast.com\/wordpress\/plugins\/seo\/ -->\n<title>Optymalizerka VK-J100 - SINODREW<\/title>\n<meta name=\"robots\" content=\"noindex, follow\" \/>\n<meta property=\"og:locale\" content=\"en_GB\" \/>\n<meta property=\"og:type\" content=\"article\" \/>\n<meta property=\"og:title\" content=\"Optymalizerka VK-J100 - SINODREW\" \/>\n<meta property=\"og:description\" content=\"Optymalizerka VK-J100 Specyfikacja techniczna: Specyfikacja Warto\u015b\u0107 \u015arednica pi\u0142y \u03a6405 mm Maksymalny rozmiar ci\u0119cia 75*125 (50*180) mm Maksymalna wysoko\u015b\u0107 ci\u0119cia 75 mm Minimalna d\u0142ugo\u015b\u0107 elementu 250 mm Obroty\/min. (pi\u0142a) 4000 obrot\u00f3w na minut\u0119 Moc silnika (pi\u0142a) 5,5 kW Moc silnika (podawanie i odbi\u00f3r) 2 x 4,5 kW Ilo\u015b\u0107 rolek dociskowych g\u00f3rnych [&hellip;]\" \/>\n<meta property=\"og:url\" content=\"https:\/\/sinodrew.pl\/en\/product\/optymalizerka-vk-j100\/\" \/>\n<meta property=\"og:site_name\" content=\"SINODREW\" \/>\n<meta property=\"article:modified_time\" content=\"2025-10-28T12:24:19+00:00\" \/>\n<meta property=\"og:image\" content=\"https:\/\/sinodrew.pl\/wp-content\/uploads\/2025\/02\/100.png\" \/>\n\t<meta property=\"og:image:width\" content=\"1040\" \/>\n\t<meta property=\"og:image:height\" content=\"834\" \/>\n\t<meta property=\"og:image:type\" content=\"image\/png\" \/>\n<meta name=\"twitter:card\" content=\"summary_large_image\" \/>\n<meta name=\"twitter:label1\" content=\"Estimated reading time\" \/>\n\t<meta name=\"twitter:data1\" content=\"1 minute\" \/>\n<script type=\"application\/ld+json\" class=\"yoast-schema-graph\">{\"@context\":\"https:\/\/schema.org\",\"@graph\":[{\"@type\":\"WebPage\",\"@id\":\"https:\/\/sinodrew.pl\/en\/product\/optymalizerka-vk-j100\/\",\"url\":\"https:\/\/sinodrew.pl\/en\/product\/optymalizerka-vk-j100\/\",\"name\":\"Optymalizerka VK-J100 - SINODREW\",\"isPartOf\":{\"@id\":\"https:\/\/sinodrew.pl\/en\/#website\"},\"primaryImageOfPage\":{\"@id\":\"https:\/\/sinodrew.pl\/en\/product\/optymalizerka-vk-j100\/#primaryimage\"},\"image\":{\"@id\":\"https:\/\/sinodrew.pl\/en\/product\/optymalizerka-vk-j100\/#primaryimage\"},\"thumbnailUrl\":\"https:\/\/sinodrew.pl\/wp-content\/uploads\/2025\/02\/100.png\",\"datePublished\":\"2024-11-20T15:31:14+00:00\",\"dateModified\":\"2025-10-28T12:24:19+00:00\",\"breadcrumb\":{\"@id\":\"https:\/\/sinodrew.pl\/en\/product\/optymalizerka-vk-j100\/#breadcrumb\"},\"inLanguage\":\"en-GB\",\"potentialAction\":[{\"@type\":\"ReadAction\",\"target\":[\"https:\/\/sinodrew.pl\/en\/product\/optymalizerka-vk-j100\/\"]}]},{\"@type\":\"ImageObject\",\"inLanguage\":\"en-GB\",\"@id\":\"https:\/\/sinodrew.pl\/en\/product\/optymalizerka-vk-j100\/#primaryimage\",\"url\":\"https:\/\/sinodrew.pl\/wp-content\/uploads\/2025\/02\/100.png\",\"contentUrl\":\"https:\/\/sinodrew.pl\/wp-content\/uploads\/2025\/02\/100.png\",\"width\":1040,\"height\":834},{\"@type\":\"BreadcrumbList\",\"@id\":\"https:\/\/sinodrew.pl\/en\/product\/optymalizerka-vk-j100\/#breadcrumb\",\"itemListElement\":[{\"@type\":\"ListItem\",\"position\":1,\"name\":\"Strona g\u0142\u00f3wna\",\"item\":\"https:\/\/sinodrew.pl\/en\/\"},{\"@type\":\"ListItem\",\"position\":2,\"name\":\"Kategorie\",\"item\":\"https:\/\/sinodrew.pl\/maszyny\/\"},{\"@type\":\"ListItem\",\"position\":3,\"name\":\"Optymalizerka VK-J100\"}]},{\"@type\":\"WebSite\",\"@id\":\"https:\/\/sinodrew.pl\/en\/#website\",\"url\":\"https:\/\/sinodrew.pl\/en\/\",\"name\":\"SINODREW\",\"description\":\"\",\"publisher\":{\"@id\":\"https:\/\/sinodrew.pl\/en\/#organization\"},\"potentialAction\":[{\"@type\":\"SearchAction\",\"target\":{\"@type\":\"EntryPoint\",\"urlTemplate\":\"https:\/\/sinodrew.pl\/en\/?s={search_term_string}\"},\"query-input\":{\"@type\":\"PropertyValueSpecification\",\"valueRequired\":true,\"valueName\":\"search_term_string\"}}],\"inLanguage\":\"en-GB\"},{\"@type\":\"Organization\",\"@id\":\"https:\/\/sinodrew.pl\/en\/#organization\",\"name\":\"SINODREW\",\"url\":\"https:\/\/sinodrew.pl\/en\/\",\"logo\":{\"@type\":\"ImageObject\",\"inLanguage\":\"en-GB\",\"@id\":\"https:\/\/sinodrew.pl\/en\/#\/schema\/logo\/image\/\",\"url\":\"https:\/\/sinodrew.pl\/wp-content\/uploads\/2024\/12\/sinodrew_logo.jpg\",\"contentUrl\":\"https:\/\/sinodrew.pl\/wp-content\/uploads\/2024\/12\/sinodrew_logo.jpg\",\"width\":2300,\"height\":971,\"caption\":\"SINODREW\"},\"image\":{\"@id\":\"https:\/\/sinodrew.pl\/en\/#\/schema\/logo\/image\/\"}}]}<\/script>\n<!-- \/ Yoast SEO plugin. -->","yoast_head_json":{"title":"Optymalizerka VK-J100 - SINODREW","robots":{"index":"noindex","follow":"follow"},"og_locale":"en_GB","og_type":"article","og_title":"Optymalizerka VK-J100 - SINODREW","og_description":"Optymalizerka VK-J100 Specyfikacja techniczna: Specyfikacja Warto\u015b\u0107 \u015arednica pi\u0142y \u03a6405 mm Maksymalny rozmiar ci\u0119cia 75*125 (50*180) mm Maksymalna wysoko\u015b\u0107 ci\u0119cia 75 mm Minimalna d\u0142ugo\u015b\u0107 elementu 250 mm Obroty\/min. (pi\u0142a) 4000 obrot\u00f3w na minut\u0119 Moc silnika (pi\u0142a) 5,5 kW Moc silnika (podawanie i odbi\u00f3r) 2 x 4,5 kW Ilo\u015b\u0107 rolek dociskowych g\u00f3rnych [&hellip;]","og_url":"https:\/\/sinodrew.pl\/en\/product\/optymalizerka-vk-j100\/","og_site_name":"SINODREW","article_modified_time":"2025-10-28T12:24:19+00:00","og_image":[{"width":1040,"height":834,"url":"https:\/\/sinodrew.pl\/wp-content\/uploads\/2025\/02\/100.png","type":"image\/png"}],"twitter_card":"summary_large_image","twitter_misc":{"Estimated reading time":"1 minute"},"schema":{"@context":"https:\/\/schema.org","@graph":[{"@type":"WebPage","@id":"https:\/\/sinodrew.pl\/en\/product\/optymalizerka-vk-j100\/","url":"https:\/\/sinodrew.pl\/en\/product\/optymalizerka-vk-j100\/","name":"Optymalizerka VK-J100 - SINODREW","isPartOf":{"@id":"https:\/\/sinodrew.pl\/en\/#website"},"primaryImageOfPage":{"@id":"https:\/\/sinodrew.pl\/en\/product\/optymalizerka-vk-j100\/#primaryimage"},"image":{"@id":"https:\/\/sinodrew.pl\/en\/product\/optymalizerka-vk-j100\/#primaryimage"},"thumbnailUrl":"https:\/\/sinodrew.pl\/wp-content\/uploads\/2025\/02\/100.png","datePublished":"2024-11-20T15:31:14+00:00","dateModified":"2025-10-28T12:24:19+00:00","breadcrumb":{"@id":"https:\/\/sinodrew.pl\/en\/product\/optymalizerka-vk-j100\/#breadcrumb"},"inLanguage":"en-GB","potentialAction":[{"@type":"ReadAction","target":["https:\/\/sinodrew.pl\/en\/product\/optymalizerka-vk-j100\/"]}]},{"@type":"ImageObject","inLanguage":"en-GB","@id":"https:\/\/sinodrew.pl\/en\/product\/optymalizerka-vk-j100\/#primaryimage","url":"https:\/\/sinodrew.pl\/wp-content\/uploads\/2025\/02\/100.png","contentUrl":"https:\/\/sinodrew.pl\/wp-content\/uploads\/2025\/02\/100.png","width":1040,"height":834},{"@type":"BreadcrumbList","@id":"https:\/\/sinodrew.pl\/en\/product\/optymalizerka-vk-j100\/#breadcrumb","itemListElement":[{"@type":"ListItem","position":1,"name":"Strona g\u0142\u00f3wna","item":"https:\/\/sinodrew.pl\/en\/"},{"@type":"ListItem","position":2,"name":"Kategorie","item":"https:\/\/sinodrew.pl\/maszyny\/"},{"@type":"ListItem","position":3,"name":"Optymalizerka VK-J100"}]},{"@type":"WebSite","@id":"https:\/\/sinodrew.pl\/en\/#website","url":"https:\/\/sinodrew.pl\/en\/","name":"SINODREW","description":"","publisher":{"@id":"https:\/\/sinodrew.pl\/en\/#organization"},"potentialAction":[{"@type":"SearchAction","target":{"@type":"EntryPoint","urlTemplate":"https:\/\/sinodrew.pl\/en\/?s={search_term_string}"},"query-input":{"@type":"PropertyValueSpecification","valueRequired":true,"valueName":"search_term_string"}}],"inLanguage":"en-GB"},{"@type":"Organization","@id":"https:\/\/sinodrew.pl\/en\/#organization","name":"SINODREW","url":"https:\/\/sinodrew.pl\/en\/","logo":{"@type":"ImageObject","inLanguage":"en-GB","@id":"https:\/\/sinodrew.pl\/en\/#\/schema\/logo\/image\/","url":"https:\/\/sinodrew.pl\/wp-content\/uploads\/2024\/12\/sinodrew_logo.jpg","contentUrl":"https:\/\/sinodrew.pl\/wp-content\/uploads\/2024\/12\/sinodrew_logo.jpg","width":2300,"height":971,"caption":"SINODREW"},"image":{"@id":"https:\/\/sinodrew.pl\/en\/#\/schema\/logo\/image\/"}}]}},"_links":{"self":[{"href":"https:\/\/sinodrew.pl\/en\/wp-json\/wp\/v2\/product\/117","targetHints":{"allow":["GET"]}}],"collection":[{"href":"https:\/\/sinodrew.pl\/en\/wp-json\/wp\/v2\/product"}],"about":[{"href":"https:\/\/sinodrew.pl\/en\/wp-json\/wp\/v2\/types\/product"}],"replies":[{"embeddable":true,"href":"https:\/\/sinodrew.pl\/en\/wp-json\/wp\/v2\/comments?post=117"}],"wp:featuredmedia":[{"embeddable":true,"href":"https:\/\/sinodrew.pl\/en\/wp-json\/wp\/v2\/media\/1200"}],"wp:attachment":[{"href":"https:\/\/sinodrew.pl\/en\/wp-json\/wp\/v2\/media?parent=117"}],"wp:term":[{"taxonomy":"product_brand","embeddable":true,"href":"https:\/\/sinodrew.pl\/en\/wp-json\/wp\/v2\/product_brand?post=117"},{"taxonomy":"product_cat","embeddable":true,"href":"https:\/\/sinodrew.pl\/en\/wp-json\/wp\/v2\/product_cat?post=117"},{"taxonomy":"product_tag","embeddable":true,"href":"https:\/\/sinodrew.pl\/en\/wp-json\/wp\/v2\/product_tag?post=117"}],"curies":[{"name":"wp","href":"https:\/\/api.w.org\/{rel}","templated":true}]}}