{"id":996,"date":"2025-02-03T23:18:28","date_gmt":"2025-02-03T22:18:28","guid":{"rendered":"https:\/\/sinodrew.pl\/?page_id=996"},"modified":"2025-03-21T15:01:30","modified_gmt":"2025-03-21T14:01:30","slug":"vk-j14xx-multi-saws","status":"publish","type":"page","link":"https:\/\/sinodrew.pl\/en\/vk-j14xx-multi-saws\/","title":{"rendered":"VK-J14xx Multi-saws"},"content":{"rendered":"<div class=\"wp-block-group alignfull\"><div class=\"wp-block-group__inner-container is-layout-constrained wp-block-group-is-layout-constrained\">\n<style>\n\/*ciemny szary pasek na g\u00f3rze*\/\n.main.main-raised\n{\nbackground: rgb(255,255,255);\nbackground: linear-gradient(180deg, rgba(27,27,27,1) 0%, rgba(27,27,27,1) 37%, rgba(255,255,255,1) 37%);\n}\n.machine-tab table {\n  border-collapse: collapse;\n  border: 0px solid !important;\n  padding-top: 3px !important; padding-bottom: 3px !important; padding-left: 3px !important; \nfont-size: 1.1rem !important;\n}\n.machine-tab th {\n  border-collapse: collapse;\n  padding-top: 6px; padding-bottom: 6px; padding-left: 6px;\n}\n.machine-tab td {\n  border-collapse: collapse;\n  border-bottom-color: #7F7F7F !important;\n  padding-top: 6px; padding-bottom: 6px; padding-left: 6px;\n}\n.parametr\n{\nbackground-color: #dcdcdc;\nborder-bottom-color: #7F7F7F !important;\nborder-top-color: #7F7F7F !important;\n}\n.model {\nborder-bottom-color: #aa0005 !important;\nborder-bottom-width: 0.3em !important;\n}\n<\/style>\n<\/div><\/div>\n\n\n\n<div class=\"wp-block-group alignfull is-content-justification-center is-layout-flex wp-container-core-group-is-layout-0957cd76 wp-block-group-is-layout-flex\">\n<figure class=\"wp-block-image size-large is-resized\" style=\"margin-right:var(--wp--preset--spacing--80);margin-left:var(--wp--preset--spacing--80)\"><img decoding=\"async\" src=\"https:\/\/sinodrew.pl\/machine\/img\/1432.png\" alt=\"\" style=\"width:526px;height:auto\"\/><\/figure>\n\n\n\n<div class=\"wp-block-group\"><div class=\"wp-block-group__inner-container is-layout-constrained wp-block-group-is-layout-constrained\">\n<div class=\"machine-tab\">\n<table width=\"100%\">\n        <tr class=\"model\" style=\"background-color: #ffffff;\"><strong>\n            <td width=\"15%\">Model<\/td>\n            <td>VK-J1418<\/td>\n            <td>VK-J1421<\/td>\n            <td>VK-J1432<\/td>\n            <td>VK-J1440<\/td><\/strong>\n        <\/tr>\n        <tr style=\"background-color: #eeeeee;\">\n            <td width=\"15%\" class=\"parametr\">Cutting thickness<br><\/td>\n            <td>10-80mm<\/td>\n            <td>10-80mm<\/td>\n            <td>10-100mm<\/td>\n            <td>10-100mm<\/td>\n        <\/tr>\n        <tr style=\"background-color: #ffffff;\">\n            <td width=\"15%\" class=\"parametr\">Max. cutting width<br><\/td>\n            <td>180mm<\/td>\n            <td>210mm<\/td>\n            <td>320mm<\/td>\n            <td>400mm<\/td>\n        <\/tr>\n        <tr style=\"background-color: #eeeeee;\">\n            <td width=\"15%\" class=\"parametr\">Min. work length<br><\/td>\n            <td>260mm<br><\/td>\n            <td>340mm<\/td>\n            <td>360\/250mm<\/td>\n            <td>360\/250mm<\/td>\n        <\/tr>\n        <tr style=\"background-color: #ffffff;\">\n            <td width=\"15%\" class=\"parametr\">Spindle diameter<\/td>\n            <td>\u03a650mm<\/td>\n            <td>\u03a650mm<\/td>\n            <td>\u03a650mm<\/td>\n            <td>\u03a650mm<\/td>\n        <\/tr>\n        <tr style=\"background-color: #eeeeee;\">\n            <td width=\"15%\" class=\"parametr\">Saw blade diameter<\/td>\n            <td>\u03a6255-305 x \u03a6 50mm<\/td>\n            <td>\u03a6255-305 x \u03a6 50mm<\/td>\n            <td>\u03a6305-355 x \u03a6 70mm<\/td>\n            <td>\u03a6305-355 x \u03a6 70mm<\/td>\n        <\/tr>\n        <tr style=\"background-color: #ffffff;\">\n            <td width=\"15%\" class=\"parametr\">Spindle speed<\/td>\n            <td>4000 rpm<\/td>\n            <td>4000 rpm<\/td>\n            <td>4400 rpm<\/td>\n            <td>4400 rpm<\/td>\n        <\/tr>\n        <tr style=\"background-color: #eeeeee;\">\n            <td width=\"15%\" class=\"parametr\">Feeding speed<\/td>\n            <td>3-16 m\/min<\/td>\n            <td>6-16 m\/min<\/td>\n            <td>3-18 m\/min<\/td>\n            <td>3-18 m\/min<\/td>\n        <\/tr>\n        <tr style=\"background-color: #ffffff;\">\n\t\t\t<td width=\"15%\" class=\"parametr\">Total power<\/td>\n            <td>13,95 kW<\/td>\n            <td>17,95 kW<\/td>\n            <td>34,5 kW<\/td>\n            <td>42,5 kW<\/td>\n        <\/tr>\n        <tr style=\"background-color: #eeeeee;\">\n\t\t\t<td width=\"15%\" class=\"parametr\">Feeding motor power<\/td>\n            <td>2,2 kW<\/td>\n            <td>2,2 kW<\/td>\n            <td>3 kW<\/td>\n            <td>4 kW<\/td>\n        <\/tr>\n        <tr style=\"background-color: #ffffff;\">\n\t\t\t<td width=\"15%\" class=\"parametr\">Table lifting motor power<\/td>\n            <td>0,75 kW<\/td>\n            <td>&#8211;<\/td>\n            <td>0,75 kW<\/td>\n            <td>0,75 kW<\/td>\n        <\/tr>\n        <tr style=\"background-color: #eeeeee;\">\n\t\t\t<td width=\"15%\" class=\"parametr\">Saw shaft lifting motor power<\/td>\n            <td>&#8211;<\/td>\n            <td>0,75 kW<\/td>\n            <td>0,75 kW<\/td>\n            <td>0,75 kW<\/td>\n        <\/tr>\n        <tr style=\"background-color: #ffffff;\">\n\t\t\t<td width=\"15%\" class=\"parametr\">Saw shaft lifting motor power<\/td>\n            <td>&#8211;<\/td>\n            <td>0,75 kW<\/td>\n            <td>0,75 kW<\/td>\n            <td>0,75 kW<\/td>\n        <\/tr>\n        <tr style=\"background-color: #eeeeee;\">\n            <td width=\"15%\" class=\"parametr\">Voltage<\/td>\n            <td>380V<\/td>\n            <td>380V<\/td>\n            <td>380V<\/td>\n            <td>380V<\/td>\n        <\/tr>\n        <tr style=\"background-color: #ffffff;\">\n            <td width=\"15%\" class=\"parametr\">Dust outlet diameter<\/td>\n            <td>\u03a6125mm \/ \u03a6140mm<\/td>\n            <td>\u03a6125mm \/ \u03a6140mm<\/td>\n            <td>2 * \u03a6150mm<\/td>\n            <td>2 * \u03a6150mm<\/td>\n        <\/tr>\n        <tr style=\"background-color: #eeeeee;\">\n            <td width=\"15%\" class=\"parametr\">Weight<\/td>\n            <td>850 kg<\/td>\n            <td>950 kg<\/td>\n            <td>1890 kg<br><\/td>\n            <td>2000 kg<br><\/td>\n        <\/tr>\n        <tr style=\"background-color: #ffffff;\">\n            <td width=\"15%\" class=\"parametr\">Dimensions<\/td>\n            <td>1600 x 980 x 1400 mm<\/td>\n            <td>1600 x 980 x 1400 mm<\/td>\n            <td>2800 x 1200 x 1700 mm<\/td>\n            <td>2750 x 1300 x 1600 mm<\/td>\n        <\/tr>\n<\/table>\n\t<\/div>\n<\/div><\/div>\n<\/div>\n\n\n\n<div class=\"wp-block-group alignfull\" style=\"padding-top:var(--wp--preset--spacing--50);padding-bottom:var(--wp--preset--spacing--50)\"><div class=\"wp-block-group__inner-container is-layout-constrained wp-block-group-is-layout-constrained\"><div class=\"wp-block-image\">\n<figure class=\"aligncenter size-large\"><img loading=\"lazy\" decoding=\"async\" width=\"1024\" height=\"209\" src=\"https:\/\/sinodrew.pl\/wp-content\/uploads\/2025\/03\/j14xx-1024x209.png\" alt=\"\" class=\"wp-image-1987\" srcset=\"https:\/\/sinodrew.pl\/wp-content\/uploads\/2025\/03\/j14xx-1024x209.png 1024w, https:\/\/sinodrew.pl\/wp-content\/uploads\/2025\/03\/j14xx-300x61.png 300w, https:\/\/sinodrew.pl\/wp-content\/uploads\/2025\/03\/j14xx-768x157.png 768w, https:\/\/sinodrew.pl\/wp-content\/uploads\/2025\/03\/j14xx-18x4.png 18w, https:\/\/sinodrew.pl\/wp-content\/uploads\/2025\/03\/j14xx-600x123.png 600w, https:\/\/sinodrew.pl\/wp-content\/uploads\/2025\/03\/j14xx.png 1146w\" sizes=\"auto, (max-width: 1024px) 100vw, 1024px\" \/><\/figure>\n<\/div><\/div><\/div>\n\n\n\n<div class=\"wp-block-group alignwide\"><div class=\"wp-block-group__inner-container is-layout-constrained wp-container-core-group-is-layout-19e250f3 wp-block-group-is-layout-constrained\">\n<div class=\"wp-block-group is-content-justification-center is-layout-flex wp-container-core-group-is-layout-8e2b01c5 wp-block-group-is-layout-flex\" style=\"padding-top:var(--wp--preset--spacing--60);padding-bottom:var(--wp--preset--spacing--50)\">\n<div class=\"wp-block-group has-border-color has-background-color-border-color\" style=\"border-width:2px;min-height:0px;padding-top:0;padding-bottom:0\"><div class=\"wp-block-group__inner-container is-layout-constrained wp-container-core-group-is-layout-95730b41 wp-block-group-is-layout-constrained\">\n<figure class=\"wp-block-image size-full is-resized is-style-default\" style=\"margin-top:0;margin-bottom:0\"><a href=\"https:\/\/sinodrew.pl\/en\/product\/wielopila-vk-j1418\/\"><img loading=\"lazy\" decoding=\"async\" width=\"750\" height=\"700\" src=\"https:\/\/sinodrew.pl\/wp-content\/uploads\/2024\/11\/VK-J1418.png\" alt=\"\" class=\"wp-image-140\" style=\"width:176px\" srcset=\"https:\/\/sinodrew.pl\/wp-content\/uploads\/2024\/11\/VK-J1418.png 750w, https:\/\/sinodrew.pl\/wp-content\/uploads\/2024\/11\/VK-J1418-600x560.png 600w, https:\/\/sinodrew.pl\/wp-content\/uploads\/2024\/11\/VK-J1418-300x280.png 300w\" sizes=\"auto, (max-width: 750px) 100vw, 750px\" \/><\/a><\/figure>\n\n\n\n<div class=\"wp-block-buttons is-content-justification-left is-layout-flex wp-container-core-buttons-is-layout-fc4fd283 wp-block-buttons-is-layout-flex\">\n<div class=\"wp-block-button has-custom-width wp-block-button__width-100 has-custom-font-size has-medium-font-size\"><a class=\"wp-block-button__link has-white-color has-text-color has-background has-link-color has-text-align-left wp-element-button\" href=\"https:\/\/sinodrew.pl\/en\/product\/wielopila-vk-j1418\/\" style=\"border-radius:0px;background-color:#ff4e00;padding-top:var(--wp--preset--spacing--20);padding-right:var(--wp--preset--spacing--40);padding-bottom:var(--wp--preset--spacing--20);padding-left:var(--wp--preset--spacing--40)\">VK-J1418<\/a><\/div>\n<\/div>\n<\/div><\/div>\n\n\n\n<div class=\"wp-block-group has-border-color has-background-color-border-color\" style=\"border-width:2px;min-height:0px;padding-top:0;padding-bottom:0\"><div class=\"wp-block-group__inner-container is-layout-constrained wp-container-core-group-is-layout-95730b41 wp-block-group-is-layout-constrained\">\n<figure class=\"wp-block-image size-full is-resized is-style-default\" style=\"margin-top:0;margin-bottom:0\"><a href=\"https:\/\/sinodrew.pl\/en\/product\/wielopila-vk-j1421\/\"><img loading=\"lazy\" decoding=\"async\" width=\"799\" height=\"655\" src=\"https:\/\/sinodrew.pl\/wp-content\/uploads\/2024\/11\/VK-J1421.png\" alt=\"\" class=\"wp-image-143\" style=\"width:200px\" srcset=\"https:\/\/sinodrew.pl\/wp-content\/uploads\/2024\/11\/VK-J1421.png 799w, https:\/\/sinodrew.pl\/wp-content\/uploads\/2024\/11\/VK-J1421-600x492.png 600w, https:\/\/sinodrew.pl\/wp-content\/uploads\/2024\/11\/VK-J1421-300x246.png 300w, https:\/\/sinodrew.pl\/wp-content\/uploads\/2024\/11\/VK-J1421-768x630.png 768w\" sizes=\"auto, (max-width: 799px) 100vw, 799px\" \/><\/a><\/figure>\n\n\n\n<div class=\"wp-block-buttons is-content-justification-left is-layout-flex wp-container-core-buttons-is-layout-fc4fd283 wp-block-buttons-is-layout-flex\">\n<div class=\"wp-block-button has-custom-width wp-block-button__width-100 has-custom-font-size has-medium-font-size\"><a class=\"wp-block-button__link has-white-color has-text-color has-background has-link-color has-text-align-left wp-element-button\" href=\"https:\/\/sinodrew.pl\/en\/product\/wielopila-vk-j1421\/\" style=\"border-radius:0px;background-color:#ff4e00;padding-top:var(--wp--preset--spacing--20);padding-right:var(--wp--preset--spacing--40);padding-bottom:var(--wp--preset--spacing--20);padding-left:var(--wp--preset--spacing--40)\">VK-J1421<\/a><\/div>\n<\/div>\n<\/div><\/div>\n\n\n\n<div class=\"wp-block-group has-border-color has-background-color-border-color\" style=\"border-width:2px;min-height:0px;padding-top:0;padding-bottom:0\"><div class=\"wp-block-group__inner-container is-layout-constrained wp-container-core-group-is-layout-95730b41 wp-block-group-is-layout-constrained\">\n<figure class=\"wp-block-image size-full is-resized is-style-default\" style=\"margin-top:0;margin-bottom:0\"><a href=\"https:\/\/sinodrew.pl\/en\/product\/wielopila-vk-j1432\/\"><img loading=\"lazy\" decoding=\"async\" width=\"1383\" height=\"1080\" src=\"https:\/\/sinodrew.pl\/wp-content\/uploads\/2024\/11\/VK-J1432.png\" alt=\"\" class=\"wp-image-116\" style=\"width:208px\" srcset=\"https:\/\/sinodrew.pl\/wp-content\/uploads\/2024\/11\/VK-J1432.png 1383w, https:\/\/sinodrew.pl\/wp-content\/uploads\/2024\/11\/VK-J1432-600x469.png 600w, https:\/\/sinodrew.pl\/wp-content\/uploads\/2024\/11\/VK-J1432-300x234.png 300w, https:\/\/sinodrew.pl\/wp-content\/uploads\/2024\/11\/VK-J1432-1024x800.png 1024w, https:\/\/sinodrew.pl\/wp-content\/uploads\/2024\/11\/VK-J1432-768x600.png 768w\" sizes=\"auto, (max-width: 1383px) 100vw, 1383px\" \/><\/a><\/figure>\n\n\n\n<div class=\"wp-block-buttons is-content-justification-left is-layout-flex wp-container-core-buttons-is-layout-fc4fd283 wp-block-buttons-is-layout-flex\">\n<div class=\"wp-block-button has-custom-width wp-block-button__width-100 has-custom-font-size has-medium-font-size\"><a class=\"wp-block-button__link has-white-color has-text-color has-background has-link-color has-text-align-left wp-element-button\" href=\"https:\/\/sinodrew.pl\/en\/product\/wielopila-vk-j1432\/\" style=\"border-radius:0px;background-color:#ff4e00;padding-top:var(--wp--preset--spacing--20);padding-right:var(--wp--preset--spacing--40);padding-bottom:var(--wp--preset--spacing--20);padding-left:var(--wp--preset--spacing--40)\">VK-J1432<\/a><\/div>\n<\/div>\n<\/div><\/div>\n\n\n\n<div class=\"wp-block-group has-border-color has-background-color-border-color\" style=\"border-width:2px;min-height:0px;padding-top:0;padding-bottom:0\"><div class=\"wp-block-group__inner-container is-layout-constrained wp-container-core-group-is-layout-95730b41 wp-block-group-is-layout-constrained\">\n<figure class=\"wp-block-image size-full is-resized is-style-default\" style=\"margin-top:0;margin-bottom:0\"><a href=\"https:\/\/sinodrew.pl\/en\/product\/wielopila-vk-j1440\/\"><img loading=\"lazy\" decoding=\"async\" width=\"799\" height=\"655\" src=\"https:\/\/sinodrew.pl\/wp-content\/uploads\/2024\/11\/VK-J1440.png\" alt=\"\" class=\"wp-image-160\" style=\"width:200px\" srcset=\"https:\/\/sinodrew.pl\/wp-content\/uploads\/2024\/11\/VK-J1440.png 799w, https:\/\/sinodrew.pl\/wp-content\/uploads\/2024\/11\/VK-J1440-600x492.png 600w, https:\/\/sinodrew.pl\/wp-content\/uploads\/2024\/11\/VK-J1440-300x246.png 300w, https:\/\/sinodrew.pl\/wp-content\/uploads\/2024\/11\/VK-J1440-768x630.png 768w\" sizes=\"auto, (max-width: 799px) 100vw, 799px\" \/><\/a><\/figure>\n\n\n\n<div class=\"wp-block-buttons is-content-justification-left is-layout-flex wp-container-core-buttons-is-layout-fc4fd283 wp-block-buttons-is-layout-flex\">\n<div class=\"wp-block-button has-custom-width wp-block-button__width-100 has-custom-font-size has-medium-font-size\"><a class=\"wp-block-button__link has-white-color has-text-color has-background has-link-color has-text-align-left wp-element-button\" href=\"https:\/\/sinodrew.pl\/en\/product\/wielopila-vk-j1440\/\" style=\"border-radius:0px;background-color:#ff4e00;padding-top:var(--wp--preset--spacing--20);padding-right:var(--wp--preset--spacing--40);padding-bottom:var(--wp--preset--spacing--20);padding-left:var(--wp--preset--spacing--40)\">VK-J1440<\/a><\/div>\n<\/div>\n<\/div><\/div>\n<\/div>\n<\/div><\/div>","protected":false},"excerpt":{"rendered":"<p>Model VK-J1418 VK-J1421 VK-J1432 VK-J1440 Zakres grubo\u015bci ci\u0119cia 10-80mm 10-80mm 10-100mm 10-100mm Maks. szeroko\u015b\u0107 ci\u0119cia 180mm 210mm 320mm 400mm Min. d\u0142ugo\u015b\u0107 robocza 260mm 340mm 360\/250mm 360\/250mm \u015arednica wa\u0142u \u03a650mm \u03a650mm \u03a650mm \u03a650mm \u015arednica pi\u0142 \u03a6255-305 x \u03a6 50mm \u03a6255-305 x \u03a6 50mm \u03a6305-355 x \u03a6 70mm \u03a6305-355 x \u03a6 70mm [&hellip;]<\/p>","protected":false},"author":1,"featured_media":0,"parent":0,"menu_order":0,"comment_status":"closed","ping_status":"closed","template":"","meta":{"footnotes":""},"class_list":["post-996","page","type-page","status-publish","hentry"],"yoast_head":"<!-- This site is optimized with the Yoast SEO plugin v25.6 - https:\/\/yoast.com\/wordpress\/plugins\/seo\/ -->\n<title>VK-J14xx Multi-saws - SINODREW<\/title>\n<meta name=\"robots\" content=\"index, follow, max-snippet:-1, max-image-preview:large, max-video-preview:-1\" \/>\n<link rel=\"canonical\" href=\"https:\/\/sinodrew.pl\/en\/vk-j14xx-multi-saws\/\" \/>\n<meta property=\"og:locale\" content=\"en_GB\" \/>\n<meta property=\"og:type\" content=\"article\" \/>\n<meta property=\"og:title\" content=\"VK-J14xx Multi-saws - SINODREW\" \/>\n<meta property=\"og:description\" content=\"Model VK-J1418 VK-J1421 VK-J1432 VK-J1440 Zakres grubo\u015bci ci\u0119cia 10-80mm 10-80mm 10-100mm 10-100mm Maks. szeroko\u015b\u0107 ci\u0119cia 180mm 210mm 320mm 400mm Min. d\u0142ugo\u015b\u0107 robocza 260mm 340mm 360\/250mm 360\/250mm \u015arednica wa\u0142u \u03a650mm \u03a650mm \u03a650mm \u03a650mm \u015arednica pi\u0142 \u03a6255-305 x \u03a6 50mm \u03a6255-305 x \u03a6 50mm \u03a6305-355 x \u03a6 70mm \u03a6305-355 x \u03a6 70mm [&hellip;]\" \/>\n<meta property=\"og:url\" content=\"https:\/\/sinodrew.pl\/en\/vk-j14xx-multi-saws\/\" \/>\n<meta property=\"og:site_name\" content=\"SINODREW\" \/>\n<meta property=\"article:modified_time\" content=\"2025-03-21T14:01:30+00:00\" \/>\n<meta property=\"og:image\" content=\"https:\/\/sinodrew.pl\/machine\/img\/1432.png\" \/>\n<meta name=\"twitter:card\" content=\"summary_large_image\" \/>\n<meta name=\"twitter:label1\" content=\"Estimated reading time\" \/>\n\t<meta name=\"twitter:data1\" content=\"3 minutes\" \/>\n<script type=\"application\/ld+json\" class=\"yoast-schema-graph\">{\"@context\":\"https:\/\/schema.org\",\"@graph\":[{\"@type\":\"WebPage\",\"@id\":\"https:\/\/sinodrew.pl\/en\/vk-j14xx-multi-saws\/\",\"url\":\"https:\/\/sinodrew.pl\/en\/vk-j14xx-multi-saws\/\",\"name\":\"VK-J14xx Multi-saws - SINODREW\",\"isPartOf\":{\"@id\":\"https:\/\/sinodrew.pl\/en\/#website\"},\"primaryImageOfPage\":{\"@id\":\"https:\/\/sinodrew.pl\/en\/vk-j14xx-multi-saws\/#primaryimage\"},\"image\":{\"@id\":\"https:\/\/sinodrew.pl\/en\/vk-j14xx-multi-saws\/#primaryimage\"},\"thumbnailUrl\":\"https:\/\/sinodrew.pl\/machine\/img\/1432.png\",\"datePublished\":\"2025-02-03T22:18:28+00:00\",\"dateModified\":\"2025-03-21T14:01:30+00:00\",\"breadcrumb\":{\"@id\":\"https:\/\/sinodrew.pl\/en\/vk-j14xx-multi-saws\/#breadcrumb\"},\"inLanguage\":\"en-GB\",\"potentialAction\":[{\"@type\":\"ReadAction\",\"target\":[\"https:\/\/sinodrew.pl\/en\/vk-j14xx-multi-saws\/\"]}]},{\"@type\":\"ImageObject\",\"inLanguage\":\"en-GB\",\"@id\":\"https:\/\/sinodrew.pl\/en\/vk-j14xx-multi-saws\/#primaryimage\",\"url\":\"https:\/\/sinodrew.pl\/machine\/img\/1432.png\",\"contentUrl\":\"https:\/\/sinodrew.pl\/machine\/img\/1432.png\"},{\"@type\":\"BreadcrumbList\",\"@id\":\"https:\/\/sinodrew.pl\/en\/vk-j14xx-multi-saws\/#breadcrumb\",\"itemListElement\":[{\"@type\":\"ListItem\",\"position\":1,\"name\":\"Strona g\u0142\u00f3wna\",\"item\":\"https:\/\/sinodrew.pl\/en\/\"},{\"@type\":\"ListItem\",\"position\":2,\"name\":\"VK-J14xx Multi-saws\"}]},{\"@type\":\"WebSite\",\"@id\":\"https:\/\/sinodrew.pl\/en\/#website\",\"url\":\"https:\/\/sinodrew.pl\/en\/\",\"name\":\"SINODREW\",\"description\":\"\",\"publisher\":{\"@id\":\"https:\/\/sinodrew.pl\/en\/#organization\"},\"potentialAction\":[{\"@type\":\"SearchAction\",\"target\":{\"@type\":\"EntryPoint\",\"urlTemplate\":\"https:\/\/sinodrew.pl\/en\/?s={search_term_string}\"},\"query-input\":{\"@type\":\"PropertyValueSpecification\",\"valueRequired\":true,\"valueName\":\"search_term_string\"}}],\"inLanguage\":\"en-GB\"},{\"@type\":\"Organization\",\"@id\":\"https:\/\/sinodrew.pl\/en\/#organization\",\"name\":\"SINODREW\",\"url\":\"https:\/\/sinodrew.pl\/en\/\",\"logo\":{\"@type\":\"ImageObject\",\"inLanguage\":\"en-GB\",\"@id\":\"https:\/\/sinodrew.pl\/en\/#\/schema\/logo\/image\/\",\"url\":\"https:\/\/sinodrew.pl\/wp-content\/uploads\/2024\/12\/sinodrew_logo.jpg\",\"contentUrl\":\"https:\/\/sinodrew.pl\/wp-content\/uploads\/2024\/12\/sinodrew_logo.jpg\",\"width\":2300,\"height\":971,\"caption\":\"SINODREW\"},\"image\":{\"@id\":\"https:\/\/sinodrew.pl\/en\/#\/schema\/logo\/image\/\"}}]}<\/script>\n<!-- \/ Yoast SEO plugin. -->","yoast_head_json":{"title":"VK-J14xx Multi-saws - SINODREW","robots":{"index":"index","follow":"follow","max-snippet":"max-snippet:-1","max-image-preview":"max-image-preview:large","max-video-preview":"max-video-preview:-1"},"canonical":"https:\/\/sinodrew.pl\/en\/vk-j14xx-multi-saws\/","og_locale":"en_GB","og_type":"article","og_title":"VK-J14xx Multi-saws - SINODREW","og_description":"Model VK-J1418 VK-J1421 VK-J1432 VK-J1440 Zakres grubo\u015bci ci\u0119cia 10-80mm 10-80mm 10-100mm 10-100mm Maks. szeroko\u015b\u0107 ci\u0119cia 180mm 210mm 320mm 400mm Min. d\u0142ugo\u015b\u0107 robocza 260mm 340mm 360\/250mm 360\/250mm \u015arednica wa\u0142u \u03a650mm \u03a650mm \u03a650mm \u03a650mm \u015arednica pi\u0142 \u03a6255-305 x \u03a6 50mm \u03a6255-305 x \u03a6 50mm \u03a6305-355 x \u03a6 70mm \u03a6305-355 x \u03a6 70mm [&hellip;]","og_url":"https:\/\/sinodrew.pl\/en\/vk-j14xx-multi-saws\/","og_site_name":"SINODREW","article_modified_time":"2025-03-21T14:01:30+00:00","og_image":[{"url":"https:\/\/sinodrew.pl\/machine\/img\/1432.png","type":"","width":"","height":""}],"twitter_card":"summary_large_image","twitter_misc":{"Estimated reading time":"3 minutes"},"schema":{"@context":"https:\/\/schema.org","@graph":[{"@type":"WebPage","@id":"https:\/\/sinodrew.pl\/en\/vk-j14xx-multi-saws\/","url":"https:\/\/sinodrew.pl\/en\/vk-j14xx-multi-saws\/","name":"VK-J14xx Multi-saws - SINODREW","isPartOf":{"@id":"https:\/\/sinodrew.pl\/en\/#website"},"primaryImageOfPage":{"@id":"https:\/\/sinodrew.pl\/en\/vk-j14xx-multi-saws\/#primaryimage"},"image":{"@id":"https:\/\/sinodrew.pl\/en\/vk-j14xx-multi-saws\/#primaryimage"},"thumbnailUrl":"https:\/\/sinodrew.pl\/machine\/img\/1432.png","datePublished":"2025-02-03T22:18:28+00:00","dateModified":"2025-03-21T14:01:30+00:00","breadcrumb":{"@id":"https:\/\/sinodrew.pl\/en\/vk-j14xx-multi-saws\/#breadcrumb"},"inLanguage":"en-GB","potentialAction":[{"@type":"ReadAction","target":["https:\/\/sinodrew.pl\/en\/vk-j14xx-multi-saws\/"]}]},{"@type":"ImageObject","inLanguage":"en-GB","@id":"https:\/\/sinodrew.pl\/en\/vk-j14xx-multi-saws\/#primaryimage","url":"https:\/\/sinodrew.pl\/machine\/img\/1432.png","contentUrl":"https:\/\/sinodrew.pl\/machine\/img\/1432.png"},{"@type":"BreadcrumbList","@id":"https:\/\/sinodrew.pl\/en\/vk-j14xx-multi-saws\/#breadcrumb","itemListElement":[{"@type":"ListItem","position":1,"name":"Strona g\u0142\u00f3wna","item":"https:\/\/sinodrew.pl\/en\/"},{"@type":"ListItem","position":2,"name":"VK-J14xx Multi-saws"}]},{"@type":"WebSite","@id":"https:\/\/sinodrew.pl\/en\/#website","url":"https:\/\/sinodrew.pl\/en\/","name":"SINODREW","description":"","publisher":{"@id":"https:\/\/sinodrew.pl\/en\/#organization"},"potentialAction":[{"@type":"SearchAction","target":{"@type":"EntryPoint","urlTemplate":"https:\/\/sinodrew.pl\/en\/?s={search_term_string}"},"query-input":{"@type":"PropertyValueSpecification","valueRequired":true,"valueName":"search_term_string"}}],"inLanguage":"en-GB"},{"@type":"Organization","@id":"https:\/\/sinodrew.pl\/en\/#organization","name":"SINODREW","url":"https:\/\/sinodrew.pl\/en\/","logo":{"@type":"ImageObject","inLanguage":"en-GB","@id":"https:\/\/sinodrew.pl\/en\/#\/schema\/logo\/image\/","url":"https:\/\/sinodrew.pl\/wp-content\/uploads\/2024\/12\/sinodrew_logo.jpg","contentUrl":"https:\/\/sinodrew.pl\/wp-content\/uploads\/2024\/12\/sinodrew_logo.jpg","width":2300,"height":971,"caption":"SINODREW"},"image":{"@id":"https:\/\/sinodrew.pl\/en\/#\/schema\/logo\/image\/"}}]}},"_links":{"self":[{"href":"https:\/\/sinodrew.pl\/en\/wp-json\/wp\/v2\/pages\/996","targetHints":{"allow":["GET"]}}],"collection":[{"href":"https:\/\/sinodrew.pl\/en\/wp-json\/wp\/v2\/pages"}],"about":[{"href":"https:\/\/sinodrew.pl\/en\/wp-json\/wp\/v2\/types\/page"}],"author":[{"embeddable":true,"href":"https:\/\/sinodrew.pl\/en\/wp-json\/wp\/v2\/users\/1"}],"replies":[{"embeddable":true,"href":"https:\/\/sinodrew.pl\/en\/wp-json\/wp\/v2\/comments?post=996"}],"version-history":[{"count":0,"href":"https:\/\/sinodrew.pl\/en\/wp-json\/wp\/v2\/pages\/996\/revisions"}],"wp:attachment":[{"href":"https:\/\/sinodrew.pl\/en\/wp-json\/wp\/v2\/media?parent=996"}],"curies":[{"name":"wp","href":"https:\/\/api.w.org\/{rel}","templated":true}]}}