{"id":934,"date":"2025-02-03T12:07:09","date_gmt":"2025-02-03T11:07:09","guid":{"rendered":"https:\/\/sinodrew.pl\/?page_id=934"},"modified":"2025-05-28T20:42:51","modified_gmt":"2025-05-28T18:42:51","slug":"contact-us","status":"publish","type":"page","link":"https:\/\/sinodrew.pl\/en\/contact-us\/","title":{"rendered":"Contact us"},"content":{"rendered":"<h2 class=\"wp-block-heading\"><\/h2>\n\n\n\n<div class=\"wp-block-group alignwide\" style=\"padding-bottom:var(--wp--preset--spacing--80)\"><div class=\"wp-block-group__inner-container is-layout-constrained wp-block-group-is-layout-constrained\">\n<p style=\"font-size:1em\">Our company offers a wide range of woodworking, sawmilling and joinery machines &#8211; panel saw, circular saw, band saw, cross-cut saw, automatic band saw, band saw, thin-cutting band saw, circular sawmill, band sawmill, vertical sawmill, multi-saw, planer, four-sided planer, three-sided planer, four-sided planer, three-sided planer, thicknesser, two-side thicknesser, planer-thicknesser, multi-spindle planer, optimiser, pelletiser, for pallets, glue spreader, sander, wide-belt sander, wide-belt sander, glue spreader, milling machine, bottom spindle moulder, side carriage, hydraulic press for veneering, machines and lines for pallet production, lines for \u2018finger jointing\u2019. We also invite trade companies to cooperate with us, in case of permanent cooperation we offer attractive discounts.<\/p>\n\n\n\n<section class=\"hestia-contact contactus\" id=\"contact\" data-sorder=\"hestia_contact\" style=\"\">\n\t\t\t\t\t\t<div class=\"container\">\n\t\t\t\t\t\t\t\t<div class=\"row\">\n\t\t\t\t\t<div class=\"col-md-5 hestia-contact-title-area\">\n\t\t\t\t\t\t\t\t\t\t\t\t\t<h2 class=\"hestia-title\">Contact Information<\/h2>\n\t\t\t\t\t\t\t\t\t\t\t\t\t\t\t\t\t\t<div class=\"hestia-description\"><div class=\"hestia-info info info-horizontal\"><h4 class=\"description\"><span>Address<\/span><\/h4><h5 class=\"description\"><span>ul. 1905 Roku 47,<\/span><br><span>26-612 Radom, Poland<\/span><\/h5><h4 class=\"description\"><span>Phone<\/span><\/h4><h5 class=\"description\"><span>+48 508 375 004<\/span><\/h5><h4 class=\"description\"><span>E-Mail<\/span><\/h4><h5 class=\"description\"><span>biuro@sinodrew.pl<\/span><\/h5><\/div><div class=\"hestia-info info info-horizontal\"><div><\/div><\/div><\/div>\t\t\t\t\t<\/div>\n\t\t\t\t\t\t\t\t\t\t\t<div class=\"col-md-5 col-md-offset-2 hestia-contact-form-col\">\n\t\t\t\t\t\t\t<div class=\"card card-contact\">\n\t\t\t\t\t\t\t\t\t\t\t\t\t\t\t\t\t<div class=\"header header-raised header-primary text-center\">\n\t\t\t\t\t\t\t\t\t\t<h4 class=\"card-title\" data-no-translation=\"\" data-trp-gettext=\"\">Contact us<\/h4>\n\t\t\t\t\t\t\t\t\t<\/div>\n\t\t\t\t\t\t\t\t\t\t\t\t\t\t\t\t<div class=\"content\">\n\t\t\t\t\t\t\t\t\t<div class=\"wpforms-container wpforms-container-full\" id=\"wpforms-198\"><form id=\"wpforms-form-198\" class=\"wpforms-validate wpforms-form form-group\" data-formid=\"198\" method=\"post\" enctype=\"multipart\/form-data\" action=\"\/en\/\" data-token=\"061be9ec73f1425d0ebbacd791a76963\" data-token-time=\"1739617146\" data-trp-original-action=\"\/en\/\" novalidate=\"novalidate\"><noscript class=\"wpforms-error-noscript\" data-no-translation=\"\" data-trp-gettext=\"\">Aby wype\u0142ni\u0107 ten formularz, w\u0142\u0105cz obs\u0142ug\u0119 JavaScript w przegl\u0105darce.<\/noscript><div class=\"wpforms-field-container\"><div id=\"wpforms-198-field_0-container\" class=\"wpforms-field wpforms-field-name wpforms-one-half wpforms-first form-group\" data-field-id=\"0\"><label class=\"wpforms-field-label wpforms-label-hide\" for=\"wpforms-198-field_0\">Name <span class=\"wpforms-required-label\">*<\/span><\/label><input type=\"text\" id=\"wpforms-198-field_0\" class=\"wpforms-field-large wpforms-field-required form-control\" name=\"wpforms[fields][0]\" placeholder=\"Your name...\" required=\"\"><\/div><div id=\"wpforms-198-field_3-container\" class=\"wpforms-field wpforms-field-email wpforms-one-half form-group\" data-field-id=\"3\"><label class=\"wpforms-field-label wpforms-label-hide\" for=\"wpforms-198-field_3\">E-mail address <span class=\"wpforms-required-label\">*<\/span><\/label><input type=\"email\" id=\"wpforms-198-field_3\" class=\"wpforms-field-large wpforms-field-required form-control\" name=\"wpforms[fields][3]\" placeholder=\"E-mail address\" spellcheck=\"false\" required=\"\"><\/div><div id=\"wpforms-198-field_4-container\" class=\"wpforms-field wpforms-field-text form-group\" data-field-id=\"4\"><label class=\"wpforms-field-label wpforms-label-hide\" for=\"wpforms-198-field_4\">Subject<\/label><input type=\"text\" id=\"wpforms-198-field_4\" class=\"wpforms-field-large form-control\" name=\"wpforms[fields][4]\" placeholder=\"Subject\"><\/div><div id=\"wpforms-198-field_2-container\" class=\"wpforms-field wpforms-field-textarea form-group\" data-field-id=\"2\"><label class=\"wpforms-field-label wpforms-label-hide\" for=\"wpforms-198-field_2\">Your message <span class=\"wpforms-required-label\">*<\/span><\/label><textarea id=\"wpforms-198-field_2\" class=\"wpforms-field-medium wpforms-field-required form-control\" name=\"wpforms[fields][2]\" placeholder=\"Your message\" required=\"\"><\/textarea><\/div><\/div><!-- .wpforms-field-container --><div class=\"wpforms-submit-container\"><input type=\"hidden\" name=\"wpforms[id]\" value=\"198\">\t\t\t<input type=\"hidden\" name=\"wpforms[nonce]\" value=\"1e6d0a2602\">\n\t\t\t<input type=\"hidden\" name=\"page_title\" value=\"Main website\"><input type=\"hidden\" name=\"page_url\" value=\"https:\/\/sinodrew.pl\/en\/\"><input type=\"hidden\" name=\"page_id\" value=\"251\"><input type=\"hidden\" name=\"wpforms[post_id]\" value=\"251\"><button type=\"submit\" name=\"wpforms[submit]\" id=\"wpforms-submit-198\" class=\"wpforms-submit\" data-alt-text=\"Sending...\" data-submit-text=\"Send\" aria-live=\"assertive\" value=\"wpforms-submit\">Send<\/button><\/div><input type=\"hidden\" name=\"trp-form-language\" value=\"en\"><input type=\"hidden\" name=\"trp-form-language\" value=\"en\"\/><\/form><\/div>  <!-- .wpforms-container -->\t\t\t\t\t\t\t\t<\/div>\n\t\t\t\t\t\t\t<\/div>\n\t\t\t\t\t\t<\/div>\n\t\t\t\t\t\t\t\t\t\t<\/div>\n\t\t\t\t\t\t\t<\/div>\n\t\t\t\t\t<\/section>\n<\/div><\/div>","protected":false},"excerpt":{"rendered":"<p>Our company offers a wide range of woodworking, sawmilling and joinery machines &#8211; panel saw, circular saw, band saw, cross-cut saw, automatic band saw, band saw, thin-cutting band saw, circular sawmill, band sawmill, vertical sawmill, multi-saw, planer, four-sided planer, three-sided planer, four-sided planer, three-sided planer, thicknesser, two-side thicknesser, planer-thicknesser, multi-spindle [&hellip;]<\/p>","protected":false},"author":1,"featured_media":0,"parent":0,"menu_order":0,"comment_status":"closed","ping_status":"closed","template":"","meta":{"footnotes":""},"class_list":["post-934","page","type-page","status-publish","hentry"],"yoast_head":"<!-- This site is optimized with the Yoast SEO plugin v25.6 - https:\/\/yoast.com\/wordpress\/plugins\/seo\/ -->\n<title>Contact us - SINODREW<\/title>\n<meta name=\"robots\" content=\"index, follow, max-snippet:-1, max-image-preview:large, max-video-preview:-1\" \/>\n<link rel=\"canonical\" href=\"https:\/\/sinodrew.pl\/en\/contact-us\/\" \/>\n<meta property=\"og:locale\" content=\"en_GB\" \/>\n<meta property=\"og:type\" content=\"article\" \/>\n<meta property=\"og:title\" content=\"Contact us - SINODREW\" \/>\n<meta property=\"og:description\" content=\"Our company offers a wide range of woodworking, sawmilling and joinery machines &#8211; panel saw, circular saw, band saw, cross-cut saw, automatic band saw, band saw, thin-cutting band saw, circular sawmill, band sawmill, vertical sawmill, multi-saw, planer, four-sided planer, three-sided planer, four-sided planer, three-sided planer, thicknesser, two-side thicknesser, planer-thicknesser, multi-spindle [&hellip;]\" \/>\n<meta property=\"og:url\" content=\"https:\/\/sinodrew.pl\/en\/contact-us\/\" \/>\n<meta property=\"og:site_name\" content=\"SINODREW\" \/>\n<meta property=\"article:modified_time\" content=\"2025-05-28T18:42:51+00:00\" \/>\n<meta name=\"twitter:card\" content=\"summary_large_image\" \/>\n<meta name=\"twitter:label1\" content=\"Estimated reading time\" \/>\n\t<meta name=\"twitter:data1\" content=\"1 minute\" \/>\n<script type=\"application\/ld+json\" class=\"yoast-schema-graph\">{\"@context\":\"https:\/\/schema.org\",\"@graph\":[{\"@type\":\"WebPage\",\"@id\":\"https:\/\/sinodrew.pl\/en\/contact-us\/\",\"url\":\"https:\/\/sinodrew.pl\/en\/contact-us\/\",\"name\":\"Contact us - SINODREW\",\"isPartOf\":{\"@id\":\"https:\/\/sinodrew.pl\/en\/#website\"},\"datePublished\":\"2025-02-03T11:07:09+00:00\",\"dateModified\":\"2025-05-28T18:42:51+00:00\",\"breadcrumb\":{\"@id\":\"https:\/\/sinodrew.pl\/en\/contact-us\/#breadcrumb\"},\"inLanguage\":\"en-GB\",\"potentialAction\":[{\"@type\":\"ReadAction\",\"target\":[\"https:\/\/sinodrew.pl\/en\/contact-us\/\"]}]},{\"@type\":\"BreadcrumbList\",\"@id\":\"https:\/\/sinodrew.pl\/en\/contact-us\/#breadcrumb\",\"itemListElement\":[{\"@type\":\"ListItem\",\"position\":1,\"name\":\"Strona g\u0142\u00f3wna\",\"item\":\"https:\/\/sinodrew.pl\/en\/\"},{\"@type\":\"ListItem\",\"position\":2,\"name\":\"Contact us\"}]},{\"@type\":\"WebSite\",\"@id\":\"https:\/\/sinodrew.pl\/en\/#website\",\"url\":\"https:\/\/sinodrew.pl\/en\/\",\"name\":\"SINODREW\",\"description\":\"\",\"publisher\":{\"@id\":\"https:\/\/sinodrew.pl\/en\/#organization\"},\"potentialAction\":[{\"@type\":\"SearchAction\",\"target\":{\"@type\":\"EntryPoint\",\"urlTemplate\":\"https:\/\/sinodrew.pl\/en\/?s={search_term_string}\"},\"query-input\":{\"@type\":\"PropertyValueSpecification\",\"valueRequired\":true,\"valueName\":\"search_term_string\"}}],\"inLanguage\":\"en-GB\"},{\"@type\":\"Organization\",\"@id\":\"https:\/\/sinodrew.pl\/en\/#organization\",\"name\":\"SINODREW\",\"url\":\"https:\/\/sinodrew.pl\/en\/\",\"logo\":{\"@type\":\"ImageObject\",\"inLanguage\":\"en-GB\",\"@id\":\"https:\/\/sinodrew.pl\/en\/#\/schema\/logo\/image\/\",\"url\":\"https:\/\/sinodrew.pl\/wp-content\/uploads\/2024\/12\/sinodrew_logo.jpg\",\"contentUrl\":\"https:\/\/sinodrew.pl\/wp-content\/uploads\/2024\/12\/sinodrew_logo.jpg\",\"width\":2300,\"height\":971,\"caption\":\"SINODREW\"},\"image\":{\"@id\":\"https:\/\/sinodrew.pl\/en\/#\/schema\/logo\/image\/\"}}]}<\/script>\n<!-- \/ Yoast SEO plugin. -->","yoast_head_json":{"title":"Contact us - SINODREW","robots":{"index":"index","follow":"follow","max-snippet":"max-snippet:-1","max-image-preview":"max-image-preview:large","max-video-preview":"max-video-preview:-1"},"canonical":"https:\/\/sinodrew.pl\/en\/contact-us\/","og_locale":"en_GB","og_type":"article","og_title":"Contact us - SINODREW","og_description":"Our company offers a wide range of woodworking, sawmilling and joinery machines &#8211; panel saw, circular saw, band saw, cross-cut saw, automatic band saw, band saw, thin-cutting band saw, circular sawmill, band sawmill, vertical sawmill, multi-saw, planer, four-sided planer, three-sided planer, four-sided planer, three-sided planer, thicknesser, two-side thicknesser, planer-thicknesser, multi-spindle [&hellip;]","og_url":"https:\/\/sinodrew.pl\/en\/contact-us\/","og_site_name":"SINODREW","article_modified_time":"2025-05-28T18:42:51+00:00","twitter_card":"summary_large_image","twitter_misc":{"Estimated reading time":"1 minute"},"schema":{"@context":"https:\/\/schema.org","@graph":[{"@type":"WebPage","@id":"https:\/\/sinodrew.pl\/en\/contact-us\/","url":"https:\/\/sinodrew.pl\/en\/contact-us\/","name":"Contact us - SINODREW","isPartOf":{"@id":"https:\/\/sinodrew.pl\/en\/#website"},"datePublished":"2025-02-03T11:07:09+00:00","dateModified":"2025-05-28T18:42:51+00:00","breadcrumb":{"@id":"https:\/\/sinodrew.pl\/en\/contact-us\/#breadcrumb"},"inLanguage":"en-GB","potentialAction":[{"@type":"ReadAction","target":["https:\/\/sinodrew.pl\/en\/contact-us\/"]}]},{"@type":"BreadcrumbList","@id":"https:\/\/sinodrew.pl\/en\/contact-us\/#breadcrumb","itemListElement":[{"@type":"ListItem","position":1,"name":"Strona g\u0142\u00f3wna","item":"https:\/\/sinodrew.pl\/en\/"},{"@type":"ListItem","position":2,"name":"Contact us"}]},{"@type":"WebSite","@id":"https:\/\/sinodrew.pl\/en\/#website","url":"https:\/\/sinodrew.pl\/en\/","name":"SINODREW","description":"","publisher":{"@id":"https:\/\/sinodrew.pl\/en\/#organization"},"potentialAction":[{"@type":"SearchAction","target":{"@type":"EntryPoint","urlTemplate":"https:\/\/sinodrew.pl\/en\/?s={search_term_string}"},"query-input":{"@type":"PropertyValueSpecification","valueRequired":true,"valueName":"search_term_string"}}],"inLanguage":"en-GB"},{"@type":"Organization","@id":"https:\/\/sinodrew.pl\/en\/#organization","name":"SINODREW","url":"https:\/\/sinodrew.pl\/en\/","logo":{"@type":"ImageObject","inLanguage":"en-GB","@id":"https:\/\/sinodrew.pl\/en\/#\/schema\/logo\/image\/","url":"https:\/\/sinodrew.pl\/wp-content\/uploads\/2024\/12\/sinodrew_logo.jpg","contentUrl":"https:\/\/sinodrew.pl\/wp-content\/uploads\/2024\/12\/sinodrew_logo.jpg","width":2300,"height":971,"caption":"SINODREW"},"image":{"@id":"https:\/\/sinodrew.pl\/en\/#\/schema\/logo\/image\/"}}]}},"_links":{"self":[{"href":"https:\/\/sinodrew.pl\/en\/wp-json\/wp\/v2\/pages\/934","targetHints":{"allow":["GET"]}}],"collection":[{"href":"https:\/\/sinodrew.pl\/en\/wp-json\/wp\/v2\/pages"}],"about":[{"href":"https:\/\/sinodrew.pl\/en\/wp-json\/wp\/v2\/types\/page"}],"author":[{"embeddable":true,"href":"https:\/\/sinodrew.pl\/en\/wp-json\/wp\/v2\/users\/1"}],"replies":[{"embeddable":true,"href":"https:\/\/sinodrew.pl\/en\/wp-json\/wp\/v2\/comments?post=934"}],"version-history":[{"count":0,"href":"https:\/\/sinodrew.pl\/en\/wp-json\/wp\/v2\/pages\/934\/revisions"}],"wp:attachment":[{"href":"https:\/\/sinodrew.pl\/en\/wp-json\/wp\/v2\/media?parent=934"}],"curies":[{"name":"wp","href":"https:\/\/api.w.org\/{rel}","templated":true}]}}