{"id":830,"date":"2025-01-27T17:19:34","date_gmt":"2025-01-27T16:19:34","guid":{"rendered":"https:\/\/sinodrew.pl\/?page_id=830"},"modified":"2025-09-08T22:53:40","modified_gmt":"2025-09-08T20:53:40","slug":"cnc-high-speed-cut-off-saws","status":"publish","type":"page","link":"https:\/\/sinodrew.pl\/en\/cnc-high-speed-cut-off-saws\/","title":{"rendered":"CNC High-speed cut-off saws"},"content":{"rendered":"<div class=\"wp-block-group alignfull\"><div class=\"wp-block-group__inner-container is-layout-constrained wp-block-group-is-layout-constrained\">\n<style>\n\/*ciemny szary pasek na g\u00f3rze*\/\n.main.main-raised\n{\nbackground: rgb(255,255,255);\nbackground: linear-gradient(180deg, rgba(27,27,27,1) 0%, rgba(27,27,27,1) 30%, rgba(255,255,255,1) 30%);\n}\n.machine-tab table {\n  border-collapse: collapse;\n  border: 0px solid !important;\n  padding-top: 6px !important; padding-bottom: 6px !important; padding-left: 6px !important; \nfont-size: 0.85em !important;\n}\n.machine-tab th {\n  border-collapse: collapse;\n  padding-top: 6px; padding-bottom: 6px; padding-left: 6px;\n}\n.machine-tab td {\n  border-collapse: collapse;\n  border-bottom-color: #7F7F7F !important;\n  padding-top: 6px; padding-bottom: 6px; padding-left: 6px;\n}\n.parametr\n{\nbackground-color: #dcdcdc;\nborder-bottom-color: #7F7F7F !important;\nborder-top-color: #7F7F7F !important;\n}\n.model {\nborder-bottom-color: #D44F00 !important;\nborder-bottom-width: 0.3em !important;\n}\n\n\n\/*zoom do przycisk\u00f3w*\/\n.zoom {\n  transition: transform .2s;\n}\n.zoom:hover {\n  -ms-transform: scale(1.05); \/* IE 9 *\/\n  -webkit-transform: scale(1.05); \/* Safari 3-8 *\/\n  transform: scale(1.05); \n}\n\n<\/style>\n<\/div><\/div>\n\n\n\n<div class=\"wp-block-group alignfull is-content-justification-center is-layout-flex wp-container-core-group-is-layout-0957cd76 wp-block-group-is-layout-flex\">\n<figure data-wp-context=\"{&quot;imageId&quot;:&quot;69e9760e75b6e&quot;}\" data-wp-interactive=\"core\/image\" data-wp-key=\"69e9760e75b6e\" class=\"wp-block-image size-large is-resized wp-lightbox-container\" style=\"margin-right:var(--wp--preset--spacing--80);margin-left:var(--wp--preset--spacing--80)\"><img decoding=\"async\" data-wp-class--hide=\"state.isContentHidden\" data-wp-class--show=\"state.isContentVisible\" data-wp-init=\"callbacks.setButtonStyles\" data-wp-on--click=\"actions.showLightbox\" data-wp-on--load=\"callbacks.setButtonStyles\" data-wp-on-window--resize=\"callbacks.setButtonStyles\" src=\"https:\/\/sinodrew.pl\/machine\/img\/601.png\" alt=\"\" style=\"width:547px;height:auto\"\/><button\n\t\t\tclass=\"lightbox-trigger\"\n\t\t\ttype=\"button\"\n\t\t\taria-haspopup=\"dialog\"\n\t\t\taria-label=\"Enlarge\"\n\t\t\tdata-wp-init=\"callbacks.initTriggerButton\"\n\t\t\tdata-wp-on--click=\"actions.showLightbox\"\n\t\t\tdata-wp-style--right=\"state.imageButtonRight\"\n\t\t\tdata-wp-style--top=\"state.imageButtonTop\"\n\t\t>\n\t\t\t<svg xmlns=\"http:\/\/www.w3.org\/2000\/svg\" width=\"12\" height=\"12\" fill=\"none\" viewbox=\"0 0 12 12\">\n\t\t\t\t<path fill=\"#fff\" d=\"M2 0a2 2 0 0 0-2 2v2h1.5V2a.5.5 0 0 1 .5-.5h2V0H2Zm2 10.5H2a.5.5 0 0 1-.5-.5V8H0v2a2 2 0 0 0 2 2h2v-1.5ZM8 12v-1.5h2a.5.5 0 0 0 .5-.5V8H12v2a2 2 0 0 1-2 2H8Zm2-12a2 2 0 0 1 2 2v2h-1.5V2a.5.5 0 0 0-.5-.5H8V0h2Z\" \/>\n\t\t\t<\/svg>\n\t\t<\/button><\/figure>\n\n\n\n<div class=\"wp-block-group wp-container-content-9cfa9a5a\" style=\"padding-right:var(--wp--preset--spacing--60);padding-left:var(--wp--preset--spacing--60)\"><div class=\"wp-block-group__inner-container is-layout-constrained wp-container-core-group-is-layout-4bf2bd6a wp-block-group-is-layout-constrained\">\n<div class=\"machine-tab\">\n\t<table width=\"100%\">\n\t<tr class=\"model\" style=\"background-color: #ffffff;\"><td width=\"25%\">Model<\/td><td>VK-J601<\/td>\t<td>VK-J602<\/td>\t<td>VK-J603<\/td><\/tr>\n\t<tr style=\"background-color: #eeeeee;\"><td width=\"25%\" class=\"parametr\">Cutting length<\/td>\t\t<td>Up to 4000mm<\/td>\t<td>Up to 4000mm<\/td>\t<td>Up to 4000mm<\/td><\/tr>\n\t<tr style=\"background-color: #ffffff;\"><td width=\"25%\" class=\"parametr\">Cutting thickness<\/td>\t<td>18-250 mm<\/td>\t<td>40-440 mm<\/td>\t<td>10-250 mm<\/td><\/tr>\n\t<tr style=\"background-color: #eeeeee;\"><td width=\"25%\" class=\"parametr\">Working thickness<\/td>\t\t<td>10-90 mm<\/td>\t<td>10-200 mm<\/td>\t<td>10-90 mm<\/td><\/tr>\n\t<tr style=\"background-color: #ffffff;\"><td width=\"25%\" class=\"parametr\">Min. sawing area<\/td>\t<td>310-30 mm<\/td>\t<td>600 mm (Thickness up to 50mm)<\/td><td>30x10mm<\/td><\/tr>\n\t<tr style=\"background-color: #eeeeee;\"><td width=\"25%\" class=\"parametr\">Max. sawing area<\/td>\t<td>250-90 mm<\/td>\t<td>200 mm (Width up to 200mm)<\/td><td>230x40mm<\/td><\/tr>\n\t<tr style=\"background-color: #ffffff;\"><td width=\"25%\" class=\"parametr\">Saw blade diameter<\/td>\t\t<td>455 mm<\/td>\t\t<td>550-650 mm<\/td>\t<td>455 mm<\/td><\/tr>\n\t<tr style=\"background-color: #eeeeee;\"><td width=\"25%\" class=\"parametr\">Saw shaft speed<\/td>\t<td>7,5 kW\/3600 rpm<\/td><td>7,5 kW\/3000 rpm<\/td><td>7,5 kW\/3600 rpm<\/td><\/tr>\n\t<tr style=\"background-color: #ffffff;\"><td width=\"25%\" class=\"parametr\">Servo<\/td><td>0,75 kW<\/td>\t<td>0,75 kW<\/td>\t<td>0,75 kW<\/td><\/tr>\n\t<tr style=\"background-color: #eeeeee;\"><td width=\"25%\" class=\"parametr\">Air pressure<\/td>\t<td>5-6 kg\/cm\u00b2<\/td>\t<td>5-6 kg\/cm\u00b2<\/td>\t<td>5-6 kg\/cm\u00b2<\/td><\/tr>\n\t<tr style=\"background-color: #ffffff;\"><td width=\"25%\" class=\"parametr\">Suction port diameter<\/td><td>2 x 120 mm<\/td>\t<td>2 x 120 mm<\/td>\t<td>2 x 120 mm<\/td><\/tr>\n\t<tr style=\"background-color: #eeeeee;\"><td width=\"25%\" class=\"parametr\">Weight<\/td><td>1200 kg<\/td>\t<td>1200 kg<\/td>\t<td>1000 kg<\/td><\/tr>\n\t<tr style=\"background-color: #ffffff;\"><td width=\"25%\" class=\"parametr\">Dimensions<\/td><td>6700 x 990 x 1660 mm<\/td><td>9600 x 1470 x 1650 mm<\/td><td>6770 x 950 x 1750 mm<\/td><\/tr>\n\t<\/table>\n\t<\/div>\n<\/div><\/div>\n<\/div>\n\n\n\n<div class=\"wp-block-group alignfull is-content-justification-center is-layout-flex wp-container-core-group-is-layout-c3dcd5af wp-block-group-is-layout-flex\" style=\"padding-top:var(--wp--preset--spacing--60);padding-bottom:0\">\n<figure data-wp-context=\"{&quot;imageId&quot;:&quot;69e9760e788bb&quot;}\" data-wp-interactive=\"core\/image\" data-wp-key=\"69e9760e788bb\" class=\"wp-block-image size-full is-resized wp-lightbox-container\"><img loading=\"lazy\" decoding=\"async\" width=\"913\" height=\"338\" data-wp-class--hide=\"state.isContentHidden\" data-wp-class--show=\"state.isContentVisible\" data-wp-init=\"callbacks.setButtonStyles\" data-wp-on--click=\"actions.showLightbox\" data-wp-on--load=\"callbacks.setButtonStyles\" data-wp-on-window--resize=\"callbacks.setButtonStyles\" src=\"https:\/\/sinodrew.pl\/wp-content\/uploads\/2025\/03\/j60x1.png\" alt=\"\" class=\"wp-image-1975\" style=\"width:auto;height:290px\" srcset=\"https:\/\/sinodrew.pl\/wp-content\/uploads\/2025\/03\/j60x1.png 913w, https:\/\/sinodrew.pl\/wp-content\/uploads\/2025\/03\/j60x1-300x111.png 300w, https:\/\/sinodrew.pl\/wp-content\/uploads\/2025\/03\/j60x1-768x284.png 768w, https:\/\/sinodrew.pl\/wp-content\/uploads\/2025\/03\/j60x1-18x7.png 18w, https:\/\/sinodrew.pl\/wp-content\/uploads\/2025\/03\/j60x1-600x222.png 600w\" sizes=\"auto, (max-width: 913px) 100vw, 913px\" \/><button\n\t\t\tclass=\"lightbox-trigger\"\n\t\t\ttype=\"button\"\n\t\t\taria-haspopup=\"dialog\"\n\t\t\taria-label=\"Enlarge\"\n\t\t\tdata-wp-init=\"callbacks.initTriggerButton\"\n\t\t\tdata-wp-on--click=\"actions.showLightbox\"\n\t\t\tdata-wp-style--right=\"state.imageButtonRight\"\n\t\t\tdata-wp-style--top=\"state.imageButtonTop\"\n\t\t>\n\t\t\t<svg xmlns=\"http:\/\/www.w3.org\/2000\/svg\" width=\"12\" height=\"12\" fill=\"none\" viewbox=\"0 0 12 12\">\n\t\t\t\t<path fill=\"#fff\" d=\"M2 0a2 2 0 0 0-2 2v2h1.5V2a.5.5 0 0 1 .5-.5h2V0H2Zm2 10.5H2a.5.5 0 0 1-.5-.5V8H0v2a2 2 0 0 0 2 2h2v-1.5ZM8 12v-1.5h2a.5.5 0 0 0 .5-.5V8H12v2a2 2 0 0 1-2 2H8Zm2-12a2 2 0 0 1 2 2v2h-1.5V2a.5.5 0 0 0-.5-.5H8V0h2Z\" \/>\n\t\t\t<\/svg>\n\t\t<\/button><\/figure>\n\n\n\n<figure data-wp-context=\"{&quot;imageId&quot;:&quot;69e9760e7b3a0&quot;}\" data-wp-interactive=\"core\/image\" data-wp-key=\"69e9760e7b3a0\" class=\"wp-block-image size-full is-resized wp-lightbox-container\"><img loading=\"lazy\" decoding=\"async\" width=\"511\" height=\"338\" data-wp-class--hide=\"state.isContentHidden\" data-wp-class--show=\"state.isContentVisible\" data-wp-init=\"callbacks.setButtonStyles\" data-wp-on--click=\"actions.showLightbox\" data-wp-on--load=\"callbacks.setButtonStyles\" data-wp-on-window--resize=\"callbacks.setButtonStyles\" src=\"https:\/\/sinodrew.pl\/wp-content\/uploads\/2025\/03\/j60x2.png\" alt=\"\" class=\"wp-image-1977\" style=\"width:auto;height:290px\" srcset=\"https:\/\/sinodrew.pl\/wp-content\/uploads\/2025\/03\/j60x2.png 511w, https:\/\/sinodrew.pl\/wp-content\/uploads\/2025\/03\/j60x2-300x198.png 300w, https:\/\/sinodrew.pl\/wp-content\/uploads\/2025\/03\/j60x2-18x12.png 18w\" sizes=\"auto, (max-width: 511px) 100vw, 511px\" \/><button\n\t\t\tclass=\"lightbox-trigger\"\n\t\t\ttype=\"button\"\n\t\t\taria-haspopup=\"dialog\"\n\t\t\taria-label=\"Enlarge\"\n\t\t\tdata-wp-init=\"callbacks.initTriggerButton\"\n\t\t\tdata-wp-on--click=\"actions.showLightbox\"\n\t\t\tdata-wp-style--right=\"state.imageButtonRight\"\n\t\t\tdata-wp-style--top=\"state.imageButtonTop\"\n\t\t>\n\t\t\t<svg xmlns=\"http:\/\/www.w3.org\/2000\/svg\" width=\"12\" height=\"12\" fill=\"none\" viewbox=\"0 0 12 12\">\n\t\t\t\t<path fill=\"#fff\" d=\"M2 0a2 2 0 0 0-2 2v2h1.5V2a.5.5 0 0 1 .5-.5h2V0H2Zm2 10.5H2a.5.5 0 0 1-.5-.5V8H0v2a2 2 0 0 0 2 2h2v-1.5ZM8 12v-1.5h2a.5.5 0 0 0 .5-.5V8H12v2a2 2 0 0 1-2 2H8Zm2-12a2 2 0 0 1 2 2v2h-1.5V2a.5.5 0 0 0-.5-.5H8V0h2Z\" \/>\n\t\t\t<\/svg>\n\t\t<\/button><\/figure>\n<\/div>\n\n\n\n<div class=\"wp-block-group alignwide\"><div class=\"wp-block-group__inner-container is-layout-constrained wp-container-core-group-is-layout-19e250f3 wp-block-group-is-layout-constrained\">\n<div class=\"wp-block-group is-content-justification-center is-layout-flex wp-container-core-group-is-layout-8e2b01c5 wp-block-group-is-layout-flex\" style=\"padding-top:var(--wp--preset--spacing--60);padding-bottom:var(--wp--preset--spacing--50)\">\n<div class=\"wp-block-group zoom has-border-color has-background-color-border-color\" style=\"border-width:2px;min-height:0px;padding-top:0;padding-bottom:0\"><div class=\"wp-block-group__inner-container is-layout-constrained wp-container-core-group-is-layout-95730b41 wp-block-group-is-layout-constrained\">\n<figure class=\"wp-block-image size-full is-resized is-style-default\" style=\"margin-top:0;margin-bottom:0\"><a href=\"https:\/\/sinodrew.pl\/en\/vk-j601-cnc-high-speed-cut-off-saw\/\"><img loading=\"lazy\" decoding=\"async\" width=\"799\" height=\"655\" src=\"https:\/\/sinodrew.pl\/wp-content\/uploads\/2024\/11\/VK-J602.png\" alt=\"\" class=\"wp-image-158\" style=\"width:200px\" srcset=\"https:\/\/sinodrew.pl\/wp-content\/uploads\/2024\/11\/VK-J602.png 799w, https:\/\/sinodrew.pl\/wp-content\/uploads\/2024\/11\/VK-J602-600x492.png 600w, https:\/\/sinodrew.pl\/wp-content\/uploads\/2024\/11\/VK-J602-300x246.png 300w, https:\/\/sinodrew.pl\/wp-content\/uploads\/2024\/11\/VK-J602-768x630.png 768w\" sizes=\"auto, (max-width: 799px) 100vw, 799px\" \/><\/a><\/figure>\n\n\n\n<div class=\"wp-block-buttons is-content-justification-left is-layout-flex wp-container-core-buttons-is-layout-fc4fd283 wp-block-buttons-is-layout-flex\">\n<div class=\"wp-block-button has-custom-width wp-block-button__width-100\"><a class=\"wp-block-button__link has-white-color has-text-color has-background has-link-color has-text-align-left has-custom-font-size wp-element-button\" href=\"https:\/\/sinodrew.pl\/en\/vk-j601-cnc-high-speed-cut-off-saw\/\" style=\"border-radius:0px;background-color:#ff4e00;padding-top:var(--wp--preset--spacing--20);padding-right:var(--wp--preset--spacing--40);padding-bottom:var(--wp--preset--spacing--20);padding-left:var(--wp--preset--spacing--40);font-size:1em\">VK-601<\/a><\/div>\n<\/div>\n<\/div><\/div>\n\n\n\n<div class=\"wp-block-group zoom has-border-color has-background-color-border-color\" style=\"border-width:2px;min-height:0px;padding-top:0;padding-bottom:0\"><div class=\"wp-block-group__inner-container is-layout-constrained wp-container-core-group-is-layout-95730b41 wp-block-group-is-layout-constrained\">\n<figure class=\"wp-block-image size-full is-resized is-style-default\" style=\"margin-top:0;margin-bottom:0\"><a href=\"https:\/\/sinodrew.pl\/en\/vk-j602-cnc-high-speed-cut-off-saw\/\"><img loading=\"lazy\" decoding=\"async\" width=\"799\" height=\"655\" src=\"https:\/\/sinodrew.pl\/wp-content\/uploads\/2024\/11\/VK-J602.png\" alt=\"\" class=\"wp-image-158\" style=\"width:200px\" srcset=\"https:\/\/sinodrew.pl\/wp-content\/uploads\/2024\/11\/VK-J602.png 799w, https:\/\/sinodrew.pl\/wp-content\/uploads\/2024\/11\/VK-J602-600x492.png 600w, https:\/\/sinodrew.pl\/wp-content\/uploads\/2024\/11\/VK-J602-300x246.png 300w, https:\/\/sinodrew.pl\/wp-content\/uploads\/2024\/11\/VK-J602-768x630.png 768w\" sizes=\"auto, (max-width: 799px) 100vw, 799px\" \/><\/a><\/figure>\n\n\n\n<div class=\"wp-block-buttons is-content-justification-left is-layout-flex wp-container-core-buttons-is-layout-fc4fd283 wp-block-buttons-is-layout-flex\">\n<div class=\"wp-block-button has-custom-width wp-block-button__width-100\"><a class=\"wp-block-button__link has-white-color has-text-color has-background has-link-color has-text-align-left has-custom-font-size wp-element-button\" href=\"https:\/\/sinodrew.pl\/en\/vk-j602-cnc-high-speed-cut-off-saw\/\" style=\"border-radius:0px;background-color:#ff4e00;padding-top:var(--wp--preset--spacing--20);padding-right:var(--wp--preset--spacing--40);padding-bottom:var(--wp--preset--spacing--20);padding-left:var(--wp--preset--spacing--40);font-size:1em\">VK-602<\/a><\/div>\n<\/div>\n<\/div><\/div>\n\n\n\n<div class=\"wp-block-group zoom has-border-color has-background-color-border-color\" style=\"border-width:2px;min-height:0px;padding-top:0;padding-bottom:0\"><div class=\"wp-block-group__inner-container is-layout-constrained wp-container-core-group-is-layout-95730b41 wp-block-group-is-layout-constrained\">\n<figure class=\"wp-block-image size-full is-resized is-style-default\" style=\"margin-top:0;margin-bottom:0\"><a href=\"https:\/\/sinodrew.pl\/en\/vk-j603-cnc-high-speed-cut-off-saw\/\"><img loading=\"lazy\" decoding=\"async\" width=\"799\" height=\"655\" src=\"https:\/\/sinodrew.pl\/wp-content\/uploads\/2024\/11\/VK-J602.png\" alt=\"\" class=\"wp-image-158\" style=\"width:200px\" srcset=\"https:\/\/sinodrew.pl\/wp-content\/uploads\/2024\/11\/VK-J602.png 799w, https:\/\/sinodrew.pl\/wp-content\/uploads\/2024\/11\/VK-J602-600x492.png 600w, https:\/\/sinodrew.pl\/wp-content\/uploads\/2024\/11\/VK-J602-300x246.png 300w, https:\/\/sinodrew.pl\/wp-content\/uploads\/2024\/11\/VK-J602-768x630.png 768w\" sizes=\"auto, (max-width: 799px) 100vw, 799px\" \/><\/a><\/figure>\n\n\n\n<div class=\"wp-block-buttons is-content-justification-left is-layout-flex wp-container-core-buttons-is-layout-fc4fd283 wp-block-buttons-is-layout-flex\">\n<div class=\"wp-block-button has-custom-width wp-block-button__width-100\"><a class=\"wp-block-button__link has-white-color has-text-color has-background has-link-color has-text-align-left has-custom-font-size wp-element-button\" href=\"https:\/\/sinodrew.pl\/en\/vk-j603-cnc-high-speed-cut-off-saw\/\" style=\"border-radius:0px;background-color:#ff4e00;padding-top:var(--wp--preset--spacing--20);padding-right:var(--wp--preset--spacing--40);padding-bottom:var(--wp--preset--spacing--20);padding-left:var(--wp--preset--spacing--40);font-size:1em\">VK-603<\/a><\/div>\n<\/div>\n<\/div><\/div>\n<\/div>\n<\/div><\/div>\n\n\n\n<p><\/p>","protected":false},"excerpt":{"rendered":"<p>Model VK-J601 VK-J602 VK-J603 D\u0142ugo\u015bc ci\u0119cia do 4000 mm do 4000 mm do 4000 mm Szeroko\u015b\u0107 ci\u0119cia 18-250 mm 40-440 mm 10-250 mm Grubo\u015b\u0107 ci\u0119cia 10-90 mm 10-200 mm 10-90 mm Min. zakres ci\u0119cia 310-30 mm 600 mm (Thickness up to 50mm) 30x10mm Maks. zakres ci\u0119cia 250-90 mm 200 mm [&hellip;]<\/p>","protected":false},"author":1,"featured_media":0,"parent":0,"menu_order":0,"comment_status":"closed","ping_status":"closed","template":"","meta":{"footnotes":""},"class_list":["post-830","page","type-page","status-publish","hentry"],"yoast_head":"<!-- This site is optimized with the Yoast SEO plugin v25.6 - https:\/\/yoast.com\/wordpress\/plugins\/seo\/ -->\n<title>CNC High-speed cut-off saws - SINODREW<\/title>\n<meta name=\"robots\" content=\"index, follow, max-snippet:-1, max-image-preview:large, max-video-preview:-1\" \/>\n<link rel=\"canonical\" href=\"https:\/\/sinodrew.pl\/en\/cnc-high-speed-cut-off-saws\/\" \/>\n<meta property=\"og:locale\" content=\"en_GB\" \/>\n<meta property=\"og:type\" content=\"article\" \/>\n<meta property=\"og:title\" content=\"CNC High-speed cut-off saws - SINODREW\" \/>\n<meta property=\"og:description\" content=\"Model VK-J601 VK-J602 VK-J603 D\u0142ugo\u015bc ci\u0119cia do 4000 mm do 4000 mm do 4000 mm Szeroko\u015b\u0107 ci\u0119cia 18-250 mm 40-440 mm 10-250 mm Grubo\u015b\u0107 ci\u0119cia 10-90 mm 10-200 mm 10-90 mm Min. zakres ci\u0119cia 310-30 mm 600 mm (Thickness up to 50mm) 30x10mm Maks. zakres ci\u0119cia 250-90 mm 200 mm [&hellip;]\" \/>\n<meta property=\"og:url\" content=\"https:\/\/sinodrew.pl\/en\/cnc-high-speed-cut-off-saws\/\" \/>\n<meta property=\"og:site_name\" content=\"SINODREW\" \/>\n<meta property=\"article:modified_time\" content=\"2025-09-08T20:53:40+00:00\" \/>\n<meta property=\"og:image\" content=\"https:\/\/sinodrew.pl\/machine\/img\/601.png\" \/>\n<meta name=\"twitter:card\" content=\"summary_large_image\" \/>\n<meta name=\"twitter:label1\" content=\"Estimated reading time\" \/>\n\t<meta name=\"twitter:data1\" content=\"2 minutes\" \/>\n<script type=\"application\/ld+json\" class=\"yoast-schema-graph\">{\"@context\":\"https:\/\/schema.org\",\"@graph\":[{\"@type\":\"WebPage\",\"@id\":\"https:\/\/sinodrew.pl\/en\/cnc-high-speed-cut-off-saws\/\",\"url\":\"https:\/\/sinodrew.pl\/en\/cnc-high-speed-cut-off-saws\/\",\"name\":\"CNC High-speed cut-off saws - SINODREW\",\"isPartOf\":{\"@id\":\"https:\/\/sinodrew.pl\/en\/#website\"},\"primaryImageOfPage\":{\"@id\":\"https:\/\/sinodrew.pl\/en\/cnc-high-speed-cut-off-saws\/#primaryimage\"},\"image\":{\"@id\":\"https:\/\/sinodrew.pl\/en\/cnc-high-speed-cut-off-saws\/#primaryimage\"},\"thumbnailUrl\":\"https:\/\/sinodrew.pl\/machine\/img\/601.png\",\"datePublished\":\"2025-01-27T16:19:34+00:00\",\"dateModified\":\"2025-09-08T20:53:40+00:00\",\"breadcrumb\":{\"@id\":\"https:\/\/sinodrew.pl\/en\/cnc-high-speed-cut-off-saws\/#breadcrumb\"},\"inLanguage\":\"en-GB\",\"potentialAction\":[{\"@type\":\"ReadAction\",\"target\":[\"https:\/\/sinodrew.pl\/en\/cnc-high-speed-cut-off-saws\/\"]}]},{\"@type\":\"ImageObject\",\"inLanguage\":\"en-GB\",\"@id\":\"https:\/\/sinodrew.pl\/en\/cnc-high-speed-cut-off-saws\/#primaryimage\",\"url\":\"https:\/\/sinodrew.pl\/machine\/img\/601.png\",\"contentUrl\":\"https:\/\/sinodrew.pl\/machine\/img\/601.png\"},{\"@type\":\"BreadcrumbList\",\"@id\":\"https:\/\/sinodrew.pl\/en\/cnc-high-speed-cut-off-saws\/#breadcrumb\",\"itemListElement\":[{\"@type\":\"ListItem\",\"position\":1,\"name\":\"Strona g\u0142\u00f3wna\",\"item\":\"https:\/\/sinodrew.pl\/en\/\"},{\"@type\":\"ListItem\",\"position\":2,\"name\":\"CNC High-speed cut-off saws\"}]},{\"@type\":\"WebSite\",\"@id\":\"https:\/\/sinodrew.pl\/en\/#website\",\"url\":\"https:\/\/sinodrew.pl\/en\/\",\"name\":\"SINODREW\",\"description\":\"\",\"publisher\":{\"@id\":\"https:\/\/sinodrew.pl\/en\/#organization\"},\"potentialAction\":[{\"@type\":\"SearchAction\",\"target\":{\"@type\":\"EntryPoint\",\"urlTemplate\":\"https:\/\/sinodrew.pl\/en\/?s={search_term_string}\"},\"query-input\":{\"@type\":\"PropertyValueSpecification\",\"valueRequired\":true,\"valueName\":\"search_term_string\"}}],\"inLanguage\":\"en-GB\"},{\"@type\":\"Organization\",\"@id\":\"https:\/\/sinodrew.pl\/en\/#organization\",\"name\":\"SINODREW\",\"url\":\"https:\/\/sinodrew.pl\/en\/\",\"logo\":{\"@type\":\"ImageObject\",\"inLanguage\":\"en-GB\",\"@id\":\"https:\/\/sinodrew.pl\/en\/#\/schema\/logo\/image\/\",\"url\":\"https:\/\/sinodrew.pl\/wp-content\/uploads\/2024\/12\/sinodrew_logo.jpg\",\"contentUrl\":\"https:\/\/sinodrew.pl\/wp-content\/uploads\/2024\/12\/sinodrew_logo.jpg\",\"width\":2300,\"height\":971,\"caption\":\"SINODREW\"},\"image\":{\"@id\":\"https:\/\/sinodrew.pl\/en\/#\/schema\/logo\/image\/\"}}]}<\/script>\n<!-- \/ Yoast SEO plugin. -->","yoast_head_json":{"title":"CNC High-speed cut-off saws - SINODREW","robots":{"index":"index","follow":"follow","max-snippet":"max-snippet:-1","max-image-preview":"max-image-preview:large","max-video-preview":"max-video-preview:-1"},"canonical":"https:\/\/sinodrew.pl\/en\/cnc-high-speed-cut-off-saws\/","og_locale":"en_GB","og_type":"article","og_title":"CNC High-speed cut-off saws - SINODREW","og_description":"Model VK-J601 VK-J602 VK-J603 D\u0142ugo\u015bc ci\u0119cia do 4000 mm do 4000 mm do 4000 mm Szeroko\u015b\u0107 ci\u0119cia 18-250 mm 40-440 mm 10-250 mm Grubo\u015b\u0107 ci\u0119cia 10-90 mm 10-200 mm 10-90 mm Min. zakres ci\u0119cia 310-30 mm 600 mm (Thickness up to 50mm) 30x10mm Maks. zakres ci\u0119cia 250-90 mm 200 mm [&hellip;]","og_url":"https:\/\/sinodrew.pl\/en\/cnc-high-speed-cut-off-saws\/","og_site_name":"SINODREW","article_modified_time":"2025-09-08T20:53:40+00:00","og_image":[{"url":"https:\/\/sinodrew.pl\/machine\/img\/601.png","type":"","width":"","height":""}],"twitter_card":"summary_large_image","twitter_misc":{"Estimated reading time":"2 minutes"},"schema":{"@context":"https:\/\/schema.org","@graph":[{"@type":"WebPage","@id":"https:\/\/sinodrew.pl\/en\/cnc-high-speed-cut-off-saws\/","url":"https:\/\/sinodrew.pl\/en\/cnc-high-speed-cut-off-saws\/","name":"CNC High-speed cut-off saws - SINODREW","isPartOf":{"@id":"https:\/\/sinodrew.pl\/en\/#website"},"primaryImageOfPage":{"@id":"https:\/\/sinodrew.pl\/en\/cnc-high-speed-cut-off-saws\/#primaryimage"},"image":{"@id":"https:\/\/sinodrew.pl\/en\/cnc-high-speed-cut-off-saws\/#primaryimage"},"thumbnailUrl":"https:\/\/sinodrew.pl\/machine\/img\/601.png","datePublished":"2025-01-27T16:19:34+00:00","dateModified":"2025-09-08T20:53:40+00:00","breadcrumb":{"@id":"https:\/\/sinodrew.pl\/en\/cnc-high-speed-cut-off-saws\/#breadcrumb"},"inLanguage":"en-GB","potentialAction":[{"@type":"ReadAction","target":["https:\/\/sinodrew.pl\/en\/cnc-high-speed-cut-off-saws\/"]}]},{"@type":"ImageObject","inLanguage":"en-GB","@id":"https:\/\/sinodrew.pl\/en\/cnc-high-speed-cut-off-saws\/#primaryimage","url":"https:\/\/sinodrew.pl\/machine\/img\/601.png","contentUrl":"https:\/\/sinodrew.pl\/machine\/img\/601.png"},{"@type":"BreadcrumbList","@id":"https:\/\/sinodrew.pl\/en\/cnc-high-speed-cut-off-saws\/#breadcrumb","itemListElement":[{"@type":"ListItem","position":1,"name":"Strona g\u0142\u00f3wna","item":"https:\/\/sinodrew.pl\/en\/"},{"@type":"ListItem","position":2,"name":"CNC High-speed cut-off saws"}]},{"@type":"WebSite","@id":"https:\/\/sinodrew.pl\/en\/#website","url":"https:\/\/sinodrew.pl\/en\/","name":"SINODREW","description":"","publisher":{"@id":"https:\/\/sinodrew.pl\/en\/#organization"},"potentialAction":[{"@type":"SearchAction","target":{"@type":"EntryPoint","urlTemplate":"https:\/\/sinodrew.pl\/en\/?s={search_term_string}"},"query-input":{"@type":"PropertyValueSpecification","valueRequired":true,"valueName":"search_term_string"}}],"inLanguage":"en-GB"},{"@type":"Organization","@id":"https:\/\/sinodrew.pl\/en\/#organization","name":"SINODREW","url":"https:\/\/sinodrew.pl\/en\/","logo":{"@type":"ImageObject","inLanguage":"en-GB","@id":"https:\/\/sinodrew.pl\/en\/#\/schema\/logo\/image\/","url":"https:\/\/sinodrew.pl\/wp-content\/uploads\/2024\/12\/sinodrew_logo.jpg","contentUrl":"https:\/\/sinodrew.pl\/wp-content\/uploads\/2024\/12\/sinodrew_logo.jpg","width":2300,"height":971,"caption":"SINODREW"},"image":{"@id":"https:\/\/sinodrew.pl\/en\/#\/schema\/logo\/image\/"}}]}},"_links":{"self":[{"href":"https:\/\/sinodrew.pl\/en\/wp-json\/wp\/v2\/pages\/830","targetHints":{"allow":["GET"]}}],"collection":[{"href":"https:\/\/sinodrew.pl\/en\/wp-json\/wp\/v2\/pages"}],"about":[{"href":"https:\/\/sinodrew.pl\/en\/wp-json\/wp\/v2\/types\/page"}],"author":[{"embeddable":true,"href":"https:\/\/sinodrew.pl\/en\/wp-json\/wp\/v2\/users\/1"}],"replies":[{"embeddable":true,"href":"https:\/\/sinodrew.pl\/en\/wp-json\/wp\/v2\/comments?post=830"}],"version-history":[{"count":0,"href":"https:\/\/sinodrew.pl\/en\/wp-json\/wp\/v2\/pages\/830\/revisions"}],"wp:attachment":[{"href":"https:\/\/sinodrew.pl\/en\/wp-json\/wp\/v2\/media?parent=830"}],"curies":[{"name":"wp","href":"https:\/\/api.w.org\/{rel}","templated":true}]}}