{"id":804,"date":"2025-01-27T13:00:15","date_gmt":"2025-01-27T12:00:15","guid":{"rendered":"https:\/\/sinodrew.pl\/?page_id=804"},"modified":"2025-09-09T16:01:52","modified_gmt":"2025-09-09T14:01:52","slug":"four-sided-moulders","status":"publish","type":"page","link":"https:\/\/sinodrew.pl\/en\/four-sided-moulders\/","title":{"rendered":"Four-sided moulders"},"content":{"rendered":"<div class=\"wp-block-group alignfull\"><div class=\"wp-block-group__inner-container is-layout-constrained wp-block-group-is-layout-constrained\">\n<style>\n\/*ciemny szary pasek na g\u00f3rze*\/\n.main.main-raised\n{\nbackground: rgb(255,255,255);\nbackground: linear-gradient(180deg, rgba(27,27,27,1) 0%, rgba(27,27,27,1) 37%, rgba(255,255,255,1) 37%);\n}\n.machine-tab table {\n  border-collapse: collapse;\n  border: 0px solid !important;\n  padding-top: 3px !important; padding-bottom: 3px !important; padding-left: 3px !important; \nfont-size: 1rem !important;\n}\n.machine-tab th {\n  border-collapse: collapse;\n  padding-top: 6px; padding-bottom: 6px; padding-left: 6px;\n}\n.machine-tab td {\n  border-collapse: collapse;\n  border-bottom-color: #7F7F7F !important;\n  padding-top: 6px; padding-bottom: 6px; padding-left: 6px;\n}\n.parametr\n{\nbackground-color: #dcdcdc;\nborder-bottom-color: #7F7F7F !important;\nborder-top-color: #7F7F7F !important;\n}\n.model {\nborder-bottom-color: #D44F00 !important;\nborder-bottom-width: 0.3em !important;\n}\n\n\/*zoom do przycisk\u00f3w*\/\n.zoom {\n  transition: transform .2s;\n}\n.zoom:hover {\n  -ms-transform: scale(1.05); \/* IE 9 *\/\n  -webkit-transform: scale(1.05); \/* Safari 3-8 *\/\n  transform: scale(1.05); \n}\n\n<\/style>\n<\/div><\/div>\n\n\n\n<div class=\"wp-block-group alignfull is-content-justification-center is-layout-flex wp-container-core-group-is-layout-0957cd76 wp-block-group-is-layout-flex\">\n<figure data-wp-context=\"{&quot;imageId&quot;:&quot;69e9474beefb7&quot;}\" data-wp-interactive=\"core\/image\" data-wp-key=\"69e9474beefb7\" class=\"wp-block-image size-large is-resized wp-lightbox-container\" style=\"margin-right:var(--wp--preset--spacing--80);margin-left:var(--wp--preset--spacing--80)\"><img decoding=\"async\" data-wp-class--hide=\"state.isContentHidden\" data-wp-class--show=\"state.isContentVisible\" data-wp-init=\"callbacks.setButtonStyles\" data-wp-on--click=\"actions.showLightbox\" data-wp-on--load=\"callbacks.setButtonStyles\" data-wp-on-window--resize=\"callbacks.setButtonStyles\" src=\"https:\/\/sinodrew.pl\/machine\/img\/630D.png\" alt=\"\" style=\"width:526px;height:auto\"\/><button\n\t\t\tclass=\"lightbox-trigger\"\n\t\t\ttype=\"button\"\n\t\t\taria-haspopup=\"dialog\"\n\t\t\taria-label=\"Enlarge\"\n\t\t\tdata-wp-init=\"callbacks.initTriggerButton\"\n\t\t\tdata-wp-on--click=\"actions.showLightbox\"\n\t\t\tdata-wp-style--right=\"state.imageButtonRight\"\n\t\t\tdata-wp-style--top=\"state.imageButtonTop\"\n\t\t>\n\t\t\t<svg xmlns=\"http:\/\/www.w3.org\/2000\/svg\" width=\"12\" height=\"12\" fill=\"none\" viewbox=\"0 0 12 12\">\n\t\t\t\t<path fill=\"#fff\" d=\"M2 0a2 2 0 0 0-2 2v2h1.5V2a.5.5 0 0 1 .5-.5h2V0H2Zm2 10.5H2a.5.5 0 0 1-.5-.5V8H0v2a2 2 0 0 0 2 2h2v-1.5ZM8 12v-1.5h2a.5.5 0 0 0 .5-.5V8H12v2a2 2 0 0 1-2 2H8Zm2-12a2 2 0 0 1 2 2v2h-1.5V2a.5.5 0 0 0-.5-.5H8V0h2Z\" \/>\n\t\t\t<\/svg>\n\t\t<\/button><\/figure>\n\n\n\n<div class=\"machine-tab\">\n<table width=\"100%\">\n        <tr class=\"model\" style=\"background-color: #ffffff;\"><strong>\n            <td width=\"15%\">Model<\/td>\n            <td>VK-B630D<\/td>\n            <td>VK-B618D<\/td>\n            <td>VK-B416B<\/td>\n            <td>VK-B418B<\/td><\/strong>\n        <\/tr>\n        <tr style=\"background-color: #eeeeee;\">\n            <td width=\"15%\" class=\"parametr\">Working width<br><\/td>\n            <td>50-300mm<\/td>\n            <td>25-180mm<\/td>\n            <td>25-160mm<\/td>\n            <td>25-180mm<\/td>\n        <\/tr>\n        <tr style=\"background-color: #ffffff;\">\n            <td width=\"15%\" class=\"parametr\">Working thickness<br><\/td>\n            <td>8-230mm<\/td>\n            <td>8-130mm<\/td>\n            <td>8-100mm<\/td>\n            <td>8-130mm<\/td>\n        <\/tr>\n        <tr style=\"background-color: #eeeeee;\">\n            <td width=\"15%\" class=\"parametr\">Main spindle speed<\/td>\n            <td>6000 rpm<br><\/td>\n            <td>7000 rpm<\/td>\n            <td>6000 rpm<\/td>\n            <td>7000 rpm<\/td>\n        <\/tr>\n        <tr style=\"background-color: #ffffff;\">\n            <td width=\"15%\" class=\"parametr\">Feeding speed<\/td>\n            <td>5-25 m\/min<\/td>\n            <td>5-40 m\/min<\/td>\n            <td>5-36 m\/min<\/td>\n            <td>5-40 m\/min<\/td>\n        <\/tr>\n        <tr style=\"background-color: #eeeeee;\">\n            <td width=\"15%\" class=\"parametr\">Total power<\/td>\n            <td>74,6 kW<\/td>\n            <td>38,25 kW<\/td>\n            <td>15,95 kW<br><\/td>\n            <td>28,75 kW<br><\/td>\n        <\/tr>\n        <tr style=\"background-color: #ffffff;\">\n            <td width=\"15%\" class=\"parametr\">Trimming blade diameter<br><\/td>\n            <td>&#8211;<\/td>\n            <td>\u03a6145\/\u03a6150mm<\/td>\n            <td>\u03a6120mm<\/td>\n            <td>\u03a6145\/\u03a6150mm<\/td>\n        <\/tr>\n        <tr style=\"background-color: #eeeeee;\">\n            <td width=\"15%\" class=\"parametr\" rowspan=\"6\">Blades diameter<\/td>\n            <td>Left: \u03a6110 \u2013 \u03a6200mm<\/td>\n            <td>Left: \u03a6110 \u2013 \u03a6160mm<\/td>\n            <td>Left: \u03a6100 \u2013 \u03a6120mm<\/td>\n            <td>Left: \u03a6110 \u2013 \u03a6160mm<\/td>\n        <\/tr>\n        <tr style=\"background-color: #ffffff;\">\n            <td>Right: \u03a6110 \u2013 \u03a6200mm<\/td>\n            <td>Right: \u03a6110 \u2013 \u03a6160mm<\/td>\n            <td>Right: \u03a6100 \u2013 \u03a6120mm<\/td>\n            <td>Right: \u03a6110 \u2013 \u03a6160mm<\/td>\n        <\/tr>\n        <tr style=\"background-color: #eeeeee;\">\n            <td>1st upper: \u03a6110 \u2013 \u03a6200mm<\/td>\n            <td>1st upper: \u03a6125 \u2013 \u03a6160mm<\/td>\n            <td>1st upper: \u03a6100 \u2013 \u03a6120mm<\/td>\n            <td>1st upper: \u03a6125 \u2013 \u03a6160mm<\/td>\n        <\/tr>\n        <tr style=\"background-color: #ffffff;\">\n            <td>1st lower: \u03a6110 \u2013 \u03a6200mm<\/td>\n            <td>1st lower: \u03a6125mm<\/td>\n            <td>1st lower: \u03a6100mm<\/td>\n            <td>1st lower: \u03a6125mm<\/td>\n        <\/tr>\n        <tr style=\"background-color: #eeeeee;\">\n            <td>2nd upper: \u03a6110 \u2013 \u03a6200mm<\/td>\n            <td>2nd upper: \u03a6125 \u2013 \u03a6160mm<\/td>\n            <td>&#8211;<\/td>\n            <td>&#8211;<\/td>\n        <\/tr>\n        <tr style=\"background-color: #ffffff;\">\n            <td>2nd lower: \u03a6110 \u2013 \u03a6200mm<\/td>\n            <td>2nd lower: \u03a6125 \u2013 \u03a6180mm<\/td>\n            <td>&#8211;<\/td>\n            <td>&#8211;<\/td>\n        <\/tr>\n        <tr style=\"background-color: #eeeeee;\">\n            <td width=\"15%\" class=\"parametr\">Blade diameter<\/td>\n            <td>\u03a650 mm<br><\/td>\n            <td>\u03a640 mm<\/td>\n            <td>\u03a640 mm<\/td>\n            <td>\u03a640 mm<\/td>\n        <\/tr>\n        <tr style=\"background-color: #ffffff;\">\n            <td width=\"15%\" class=\"parametr\">Press lifting motor power<\/td>\n            <td>1.1 kW<\/td>\n            <td>0.75 kW<\/td>\n            <td>0.75 kW<\/td>\n            <td>0.75 kW<\/td>\n        <\/tr>\n        <tr style=\"background-color: #eeeeee;\">\n            <td width=\"15%\" class=\"parametr\">Feeding motor power<\/td>\n            <td>7.5 kW<\/td>\n            <td>4 kW<\/td>\n            <td>2.2 kW<\/td>\n            <td>4 kW<\/td>\n        <\/tr>\n        <tr style=\"background-color: #ffffff;\">\n            <td width=\"15%\" class=\"parametr\" rowspan=\"6\">Blades power<\/td>\n            <td>Left: 11 kW<\/td>\n            <td>Left: 5,5 kW<\/td>\n            <td>Left: 3 kW<\/td>\n            <td>Left: 5,5 kW<\/td>\n        <\/tr>\n        <tr style=\"background-color: #eeeeee;\">\n            <td>Right: 11 kW<\/td>\n            <td>Right: 5,5 kW<\/td>\n            <td>Right: 3 kW<\/td>\n            <td>Right: 5,5 kW<\/td>\n        <\/tr>\n        <tr style=\"background-color: #ffffff;\">\n            <td>1st upper: 11 kW<\/td>\n            <td>1st upper: 7,5 kW<\/td>\n            <td>1st upper: 4 kW<\/td>\n            <td>1st upper: 5 kW<\/td>\n        <\/tr>\n        <tr style=\"background-color: #eeeeee;\">\n            <td>1st lower: 11 kW<\/td>\n            <td>1st lower: 4 kW<\/td>\n            <td>1st lower: 3 kW<\/td>\n            <td>1st lower: 4 kW<\/td>\n        <\/tr>\n        <tr style=\"background-color: #ffffff;\">\n            <td>2nd upper: 11 kW<\/td>\n            <td>2nd upper: 5,5 kW<\/td>\n            <td>&#8211;<\/td>\n            <td>&#8211;<\/td>\n        <\/tr>\n        <tr style=\"background-color: #eeeeee;\">\n            <td>2nd lower: 11 kW<\/td>\n            <td>2nd lower: 5,5 kW<\/td>\n            <td>&#8211;<\/td>\n            <td>&#8211;<\/td>\n        <\/tr>\n        <tr style=\"background-color: #ffffff;\">\n            <td width=\"15%\" class=\"parametr\">Pneumatic source pressure<\/td>\n            <td>&#8211;<br><\/td>\n            <td>0,6 MPa<\/td>\n            <td>0,6 MPa<\/td>\n            <td>0,6 MPa<\/td>\n        <\/tr>\n        <tr style=\"background-color: #eeeeee;\">\n            <td width=\"15%\" class=\"parametr\">Suction port diameter<\/td>\n            <td>\u03a6150mm<\/td>\n            <td>6 * \u03a6150mm<\/td>\n            <td>&#8211;<\/td>\n            <td>4 * \u03a6150mm<\/td>\n        <\/tr>\n        <tr style=\"background-color: #ffffff;\">\n            <td width=\"15%\" class=\"parametr\">Weight<\/td>\n            <td>6300 kg<\/td>\n            <td>3000 kg<\/td>\n            <td>3000 kg<br><\/td>\n            <td>2700 kg<br><\/td>\n        <\/tr>\n        <tr style=\"background-color: #eeeeee;\">\n            <td width=\"15%\" class=\"parametr\">Dimensions<\/td>\n            <td>4950 x 2120 x 2000 mm<\/td>\n            <td>3770 x 1550 x 1660 mm<\/td>\n            <td>3770 x 1550 x 1660 mm<\/td>\n            <td>3150 x 1550 x 1800 mm<\/td>\n        <\/tr>\n<\/table>\n\t<\/div>\n<\/div>\n\n\n\n<div class=\"wp-block-group alignwide\"><div class=\"wp-block-group__inner-container is-layout-constrained wp-container-core-group-is-layout-19e250f3 wp-block-group-is-layout-constrained\">\n<div class=\"wp-block-group is-content-justification-center is-layout-flex wp-container-core-group-is-layout-8e2b01c5 wp-block-group-is-layout-flex\" style=\"padding-top:var(--wp--preset--spacing--60);padding-bottom:var(--wp--preset--spacing--50)\">\n<div class=\"wp-block-group zoom has-border-color has-background-color-border-color\" style=\"border-width:2px;min-height:0px;padding-top:0;padding-bottom:0\"><div class=\"wp-block-group__inner-container is-layout-constrained wp-container-core-group-is-layout-95730b41 wp-block-group-is-layout-constrained\">\n<figure class=\"wp-block-image size-full is-resized is-style-default\" style=\"margin-top:0;margin-bottom:0\"><a href=\"https:\/\/sinodrew.pl\/en\/produkt\/strugarka-czterostronna-vk-b630d\/\"><img loading=\"lazy\" decoding=\"async\" width=\"800\" height=\"655\" src=\"https:\/\/sinodrew.pl\/wp-content\/uploads\/2025\/01\/B630D.png\" alt=\"\" class=\"wp-image-457\" style=\"width:200px\" srcset=\"https:\/\/sinodrew.pl\/wp-content\/uploads\/2025\/01\/B630D.png 800w, https:\/\/sinodrew.pl\/wp-content\/uploads\/2025\/01\/B630D-300x246.png 300w, https:\/\/sinodrew.pl\/wp-content\/uploads\/2025\/01\/B630D-768x629.png 768w, https:\/\/sinodrew.pl\/wp-content\/uploads\/2025\/01\/B630D-15x12.png 15w, https:\/\/sinodrew.pl\/wp-content\/uploads\/2025\/01\/B630D-600x491.png 600w\" sizes=\"auto, (max-width: 800px) 100vw, 800px\" \/><\/a><\/figure>\n\n\n\n<div class=\"wp-block-buttons is-content-justification-left is-layout-flex wp-container-core-buttons-is-layout-fc4fd283 wp-block-buttons-is-layout-flex\">\n<div class=\"wp-block-button has-custom-width wp-block-button__width-100\"><a class=\"wp-block-button__link has-white-color has-text-color has-background has-link-color has-medium-font-size has-text-align-left has-custom-font-size wp-element-button\" href=\"https:\/\/sinodrew.pl\/en\/produkt\/strugarka-czterostronna-vk-b630d\/\" style=\"border-radius:0px;background-color:#ff4e00;padding-top:var(--wp--preset--spacing--20);padding-right:var(--wp--preset--spacing--40);padding-bottom:var(--wp--preset--spacing--20);padding-left:var(--wp--preset--spacing--40)\">VK-B630D<\/a><\/div>\n<\/div>\n<\/div><\/div>\n\n\n\n<div class=\"wp-block-group zoom has-border-color has-background-color-border-color\" style=\"border-width:2px;min-height:0px;padding-top:0;padding-bottom:0\"><div class=\"wp-block-group__inner-container is-layout-constrained wp-container-core-group-is-layout-95730b41 wp-block-group-is-layout-constrained\">\n<figure class=\"wp-block-image size-full is-resized is-style-default\" style=\"margin-top:0;margin-bottom:0\"><a href=\"https:\/\/sinodrew.pl\/en\/produkt\/strugarka-czterostronna-vk-b618d\/\"><img loading=\"lazy\" decoding=\"async\" width=\"800\" height=\"655\" src=\"https:\/\/sinodrew.pl\/wp-content\/uploads\/2025\/01\/B618D.png\" alt=\"\" class=\"wp-image-454\" style=\"width:200px\" srcset=\"https:\/\/sinodrew.pl\/wp-content\/uploads\/2025\/01\/B618D.png 800w, https:\/\/sinodrew.pl\/wp-content\/uploads\/2025\/01\/B618D-300x246.png 300w, https:\/\/sinodrew.pl\/wp-content\/uploads\/2025\/01\/B618D-768x629.png 768w, https:\/\/sinodrew.pl\/wp-content\/uploads\/2025\/01\/B618D-15x12.png 15w, https:\/\/sinodrew.pl\/wp-content\/uploads\/2025\/01\/B618D-600x491.png 600w\" sizes=\"auto, (max-width: 800px) 100vw, 800px\" \/><\/a><\/figure>\n\n\n\n<div class=\"wp-block-buttons is-content-justification-left is-layout-flex wp-container-core-buttons-is-layout-fc4fd283 wp-block-buttons-is-layout-flex\">\n<div class=\"wp-block-button has-custom-width wp-block-button__width-100\"><a class=\"wp-block-button__link has-white-color has-text-color has-background has-link-color has-medium-font-size has-text-align-left has-custom-font-size wp-element-button\" href=\"https:\/\/sinodrew.pl\/en\/produkt\/strugarka-czterostronna-vk-b618d\/\" style=\"border-radius:0px;background-color:#ff4e00;padding-top:var(--wp--preset--spacing--20);padding-right:var(--wp--preset--spacing--40);padding-bottom:var(--wp--preset--spacing--20);padding-left:var(--wp--preset--spacing--40)\">VK-B618D<\/a><\/div>\n<\/div>\n<\/div><\/div>\n\n\n\n<div class=\"wp-block-group zoom has-border-color has-background-color-border-color\" style=\"border-width:2px;min-height:0px;padding-top:0;padding-bottom:0\"><div class=\"wp-block-group__inner-container is-layout-constrained wp-container-core-group-is-layout-95730b41 wp-block-group-is-layout-constrained\">\n<figure class=\"wp-block-image size-large is-resized is-style-default\" style=\"margin-top:0;margin-bottom:0\"><a href=\"https:\/\/sinodrew.pl\/en\/product\/strugarka-czterostronna-vk-b418d\/\"><img decoding=\"async\" src=\"https:\/\/sinodrew.pl\/wp-content\/uploads\/2025\/01\/B618D.png\" alt=\"\" style=\"width:200px\"\/><\/a><\/figure>\n\n\n\n<div class=\"wp-block-buttons is-content-justification-left is-layout-flex wp-container-core-buttons-is-layout-fc4fd283 wp-block-buttons-is-layout-flex\">\n<div class=\"wp-block-button has-custom-width wp-block-button__width-100\"><a class=\"wp-block-button__link has-white-color has-text-color has-background has-link-color has-medium-font-size has-text-align-left has-custom-font-size wp-element-button\" href=\"https:\/\/sinodrew.pl\/en\/produkt\/strugarka-czterostronna-vk-b418d\/\" style=\"border-radius:0px;background-color:#ff4e00;padding-top:var(--wp--preset--spacing--20);padding-right:var(--wp--preset--spacing--40);padding-bottom:var(--wp--preset--spacing--20);padding-left:var(--wp--preset--spacing--40)\">VK-B418B<\/a><\/div>\n<\/div>\n<\/div><\/div>\n<\/div>\n<\/div><\/div>\n\n\n\n<div class=\"wp-block-group wp-container-content-9cfa9a5a\" style=\"padding-right:var(--wp--preset--spacing--80);padding-left:var(--wp--preset--spacing--80)\"><div class=\"wp-block-group__inner-container is-layout-constrained wp-container-core-group-is-layout-8d90bd3d wp-block-group-is-layout-constrained\"><\/div><\/div>\n\n\n\n<p><\/p>","protected":false},"excerpt":{"rendered":"<p>Model VK-B630D VK-B618D VK-B416B VK-B418B Szeroko\u015b\u0107 robocza 50-300mm 25-180mm 25-160mm 25-180mm Grubo\u015b\u0107 robocza 8-230mm 8-130mm 8-100mm 8-130mm Pr\u0119dko\u015b\u0107 wrzeciona 6000 obr\/min. 7000 obr\/min. 6000 obr\/min. 7000 obr\/min. Pr\u0119dko\u015b\u0107 posuwu 5-25 m\/min 5-40 m\/min 5-36 m\/min 5-40 m\/min Moc ca\u0142kowita 74,6 kW 38,25 kW 15,95 kW 28,75 kW \u015arednica ostrza przycinaj\u0105cego [&hellip;]<\/p>","protected":false},"author":1,"featured_media":0,"parent":0,"menu_order":0,"comment_status":"closed","ping_status":"closed","template":"","meta":{"footnotes":""},"class_list":["post-804","page","type-page","status-publish","hentry"],"yoast_head":"<!-- This site is optimized with the Yoast SEO plugin v25.6 - https:\/\/yoast.com\/wordpress\/plugins\/seo\/ -->\n<title>Four-sided moulders - SINODREW<\/title>\n<meta name=\"robots\" content=\"index, follow, max-snippet:-1, max-image-preview:large, max-video-preview:-1\" \/>\n<link rel=\"canonical\" href=\"https:\/\/sinodrew.pl\/en\/four-sided-moulders\/\" \/>\n<meta property=\"og:locale\" content=\"en_GB\" \/>\n<meta property=\"og:type\" content=\"article\" \/>\n<meta property=\"og:title\" content=\"Four-sided moulders - SINODREW\" \/>\n<meta property=\"og:description\" content=\"Model VK-B630D VK-B618D VK-B416B VK-B418B Szeroko\u015b\u0107 robocza 50-300mm 25-180mm 25-160mm 25-180mm Grubo\u015b\u0107 robocza 8-230mm 8-130mm 8-100mm 8-130mm Pr\u0119dko\u015b\u0107 wrzeciona 6000 obr\/min. 7000 obr\/min. 6000 obr\/min. 7000 obr\/min. Pr\u0119dko\u015b\u0107 posuwu 5-25 m\/min 5-40 m\/min 5-36 m\/min 5-40 m\/min Moc ca\u0142kowita 74,6 kW 38,25 kW 15,95 kW 28,75 kW \u015arednica ostrza przycinaj\u0105cego [&hellip;]\" \/>\n<meta property=\"og:url\" content=\"https:\/\/sinodrew.pl\/en\/four-sided-moulders\/\" \/>\n<meta property=\"og:site_name\" content=\"SINODREW\" \/>\n<meta property=\"article:modified_time\" content=\"2025-09-09T14:01:52+00:00\" \/>\n<meta property=\"og:image\" content=\"https:\/\/sinodrew.pl\/machine\/img\/630D.png\" \/>\n<meta name=\"twitter:card\" content=\"summary_large_image\" \/>\n<meta name=\"twitter:label1\" content=\"Estimated reading time\" \/>\n\t<meta name=\"twitter:data1\" content=\"3 minutes\" \/>\n<script type=\"application\/ld+json\" class=\"yoast-schema-graph\">{\"@context\":\"https:\/\/schema.org\",\"@graph\":[{\"@type\":\"WebPage\",\"@id\":\"https:\/\/sinodrew.pl\/en\/four-sided-moulders\/\",\"url\":\"https:\/\/sinodrew.pl\/en\/four-sided-moulders\/\",\"name\":\"Four-sided moulders - SINODREW\",\"isPartOf\":{\"@id\":\"https:\/\/sinodrew.pl\/en\/#website\"},\"primaryImageOfPage\":{\"@id\":\"https:\/\/sinodrew.pl\/en\/four-sided-moulders\/#primaryimage\"},\"image\":{\"@id\":\"https:\/\/sinodrew.pl\/en\/four-sided-moulders\/#primaryimage\"},\"thumbnailUrl\":\"https:\/\/sinodrew.pl\/machine\/img\/630D.png\",\"datePublished\":\"2025-01-27T12:00:15+00:00\",\"dateModified\":\"2025-09-09T14:01:52+00:00\",\"breadcrumb\":{\"@id\":\"https:\/\/sinodrew.pl\/en\/four-sided-moulders\/#breadcrumb\"},\"inLanguage\":\"en-GB\",\"potentialAction\":[{\"@type\":\"ReadAction\",\"target\":[\"https:\/\/sinodrew.pl\/en\/four-sided-moulders\/\"]}]},{\"@type\":\"ImageObject\",\"inLanguage\":\"en-GB\",\"@id\":\"https:\/\/sinodrew.pl\/en\/four-sided-moulders\/#primaryimage\",\"url\":\"https:\/\/sinodrew.pl\/machine\/img\/630D.png\",\"contentUrl\":\"https:\/\/sinodrew.pl\/machine\/img\/630D.png\"},{\"@type\":\"BreadcrumbList\",\"@id\":\"https:\/\/sinodrew.pl\/en\/four-sided-moulders\/#breadcrumb\",\"itemListElement\":[{\"@type\":\"ListItem\",\"position\":1,\"name\":\"Strona g\u0142\u00f3wna\",\"item\":\"https:\/\/sinodrew.pl\/en\/\"},{\"@type\":\"ListItem\",\"position\":2,\"name\":\"Four-sided moulders\"}]},{\"@type\":\"WebSite\",\"@id\":\"https:\/\/sinodrew.pl\/en\/#website\",\"url\":\"https:\/\/sinodrew.pl\/en\/\",\"name\":\"SINODREW\",\"description\":\"\",\"publisher\":{\"@id\":\"https:\/\/sinodrew.pl\/en\/#organization\"},\"potentialAction\":[{\"@type\":\"SearchAction\",\"target\":{\"@type\":\"EntryPoint\",\"urlTemplate\":\"https:\/\/sinodrew.pl\/en\/?s={search_term_string}\"},\"query-input\":{\"@type\":\"PropertyValueSpecification\",\"valueRequired\":true,\"valueName\":\"search_term_string\"}}],\"inLanguage\":\"en-GB\"},{\"@type\":\"Organization\",\"@id\":\"https:\/\/sinodrew.pl\/en\/#organization\",\"name\":\"SINODREW\",\"url\":\"https:\/\/sinodrew.pl\/en\/\",\"logo\":{\"@type\":\"ImageObject\",\"inLanguage\":\"en-GB\",\"@id\":\"https:\/\/sinodrew.pl\/en\/#\/schema\/logo\/image\/\",\"url\":\"https:\/\/sinodrew.pl\/wp-content\/uploads\/2024\/12\/sinodrew_logo.jpg\",\"contentUrl\":\"https:\/\/sinodrew.pl\/wp-content\/uploads\/2024\/12\/sinodrew_logo.jpg\",\"width\":2300,\"height\":971,\"caption\":\"SINODREW\"},\"image\":{\"@id\":\"https:\/\/sinodrew.pl\/en\/#\/schema\/logo\/image\/\"}}]}<\/script>\n<!-- \/ Yoast SEO plugin. -->","yoast_head_json":{"title":"Four-sided moulders - SINODREW","robots":{"index":"index","follow":"follow","max-snippet":"max-snippet:-1","max-image-preview":"max-image-preview:large","max-video-preview":"max-video-preview:-1"},"canonical":"https:\/\/sinodrew.pl\/en\/four-sided-moulders\/","og_locale":"en_GB","og_type":"article","og_title":"Four-sided moulders - SINODREW","og_description":"Model VK-B630D VK-B618D VK-B416B VK-B418B Szeroko\u015b\u0107 robocza 50-300mm 25-180mm 25-160mm 25-180mm Grubo\u015b\u0107 robocza 8-230mm 8-130mm 8-100mm 8-130mm Pr\u0119dko\u015b\u0107 wrzeciona 6000 obr\/min. 7000 obr\/min. 6000 obr\/min. 7000 obr\/min. Pr\u0119dko\u015b\u0107 posuwu 5-25 m\/min 5-40 m\/min 5-36 m\/min 5-40 m\/min Moc ca\u0142kowita 74,6 kW 38,25 kW 15,95 kW 28,75 kW \u015arednica ostrza przycinaj\u0105cego [&hellip;]","og_url":"https:\/\/sinodrew.pl\/en\/four-sided-moulders\/","og_site_name":"SINODREW","article_modified_time":"2025-09-09T14:01:52+00:00","og_image":[{"url":"https:\/\/sinodrew.pl\/machine\/img\/630D.png","type":"","width":"","height":""}],"twitter_card":"summary_large_image","twitter_misc":{"Estimated reading time":"3 minutes"},"schema":{"@context":"https:\/\/schema.org","@graph":[{"@type":"WebPage","@id":"https:\/\/sinodrew.pl\/en\/four-sided-moulders\/","url":"https:\/\/sinodrew.pl\/en\/four-sided-moulders\/","name":"Four-sided moulders - SINODREW","isPartOf":{"@id":"https:\/\/sinodrew.pl\/en\/#website"},"primaryImageOfPage":{"@id":"https:\/\/sinodrew.pl\/en\/four-sided-moulders\/#primaryimage"},"image":{"@id":"https:\/\/sinodrew.pl\/en\/four-sided-moulders\/#primaryimage"},"thumbnailUrl":"https:\/\/sinodrew.pl\/machine\/img\/630D.png","datePublished":"2025-01-27T12:00:15+00:00","dateModified":"2025-09-09T14:01:52+00:00","breadcrumb":{"@id":"https:\/\/sinodrew.pl\/en\/four-sided-moulders\/#breadcrumb"},"inLanguage":"en-GB","potentialAction":[{"@type":"ReadAction","target":["https:\/\/sinodrew.pl\/en\/four-sided-moulders\/"]}]},{"@type":"ImageObject","inLanguage":"en-GB","@id":"https:\/\/sinodrew.pl\/en\/four-sided-moulders\/#primaryimage","url":"https:\/\/sinodrew.pl\/machine\/img\/630D.png","contentUrl":"https:\/\/sinodrew.pl\/machine\/img\/630D.png"},{"@type":"BreadcrumbList","@id":"https:\/\/sinodrew.pl\/en\/four-sided-moulders\/#breadcrumb","itemListElement":[{"@type":"ListItem","position":1,"name":"Strona g\u0142\u00f3wna","item":"https:\/\/sinodrew.pl\/en\/"},{"@type":"ListItem","position":2,"name":"Four-sided moulders"}]},{"@type":"WebSite","@id":"https:\/\/sinodrew.pl\/en\/#website","url":"https:\/\/sinodrew.pl\/en\/","name":"SINODREW","description":"","publisher":{"@id":"https:\/\/sinodrew.pl\/en\/#organization"},"potentialAction":[{"@type":"SearchAction","target":{"@type":"EntryPoint","urlTemplate":"https:\/\/sinodrew.pl\/en\/?s={search_term_string}"},"query-input":{"@type":"PropertyValueSpecification","valueRequired":true,"valueName":"search_term_string"}}],"inLanguage":"en-GB"},{"@type":"Organization","@id":"https:\/\/sinodrew.pl\/en\/#organization","name":"SINODREW","url":"https:\/\/sinodrew.pl\/en\/","logo":{"@type":"ImageObject","inLanguage":"en-GB","@id":"https:\/\/sinodrew.pl\/en\/#\/schema\/logo\/image\/","url":"https:\/\/sinodrew.pl\/wp-content\/uploads\/2024\/12\/sinodrew_logo.jpg","contentUrl":"https:\/\/sinodrew.pl\/wp-content\/uploads\/2024\/12\/sinodrew_logo.jpg","width":2300,"height":971,"caption":"SINODREW"},"image":{"@id":"https:\/\/sinodrew.pl\/en\/#\/schema\/logo\/image\/"}}]}},"_links":{"self":[{"href":"https:\/\/sinodrew.pl\/en\/wp-json\/wp\/v2\/pages\/804","targetHints":{"allow":["GET"]}}],"collection":[{"href":"https:\/\/sinodrew.pl\/en\/wp-json\/wp\/v2\/pages"}],"about":[{"href":"https:\/\/sinodrew.pl\/en\/wp-json\/wp\/v2\/types\/page"}],"author":[{"embeddable":true,"href":"https:\/\/sinodrew.pl\/en\/wp-json\/wp\/v2\/users\/1"}],"replies":[{"embeddable":true,"href":"https:\/\/sinodrew.pl\/en\/wp-json\/wp\/v2\/comments?post=804"}],"version-history":[{"count":0,"href":"https:\/\/sinodrew.pl\/en\/wp-json\/wp\/v2\/pages\/804\/revisions"}],"wp:attachment":[{"href":"https:\/\/sinodrew.pl\/en\/wp-json\/wp\/v2\/media?parent=804"}],"curies":[{"name":"wp","href":"https:\/\/api.w.org\/{rel}","templated":true}]}}