{"id":2165,"date":"2025-04-03T22:54:18","date_gmt":"2025-04-03T20:54:18","guid":{"rendered":"https:\/\/sinodrew.pl\/?page_id=2165"},"modified":"2025-05-28T20:54:43","modified_gmt":"2025-05-28T18:54:43","slug":"four-sided-planing-milling-machine","status":"publish","type":"page","link":"https:\/\/sinodrew.pl\/en\/four-sided-planing-milling-machine\/","title":{"rendered":"Four-sided planing\/milling machine"},"content":{"rendered":"<div class=\"wp-block-group alignfull\"><div class=\"wp-block-group__inner-container is-layout-constrained wp-block-group-is-layout-constrained\">\n<style>\n\/*ciemny szary pasek na g\u00f3rze*\/\n.main.main-raised\n{\nbackground: rgb(255,255,255);\nbackground: linear-gradient(180deg, rgba(27,27,27,1) 0%, rgba(27,27,27,1) 37%, rgba(255,255,255,1) 37%);\n}\n.machine-tab table {\n  border-collapse: collapse;\n  border: 0px solid !important;\n  padding-top: 6px !important; padding-bottom: 6px !important; padding-left: 6px !important; \nfont-size: 0.8em !important;\n}\n\n@media (max-width: 768px){         .machine-tab table {\n  border-collapse: collapse;\n  border: 0px solid !important;\n  padding-top: 0px !important; padding-bottom: 0px !important; padding-left: 0px !important padding-right: 0px !important; \nfont-size: 1rem !important;\n}}\n\n@media (max-width: 1280px){         .machine-tab table {\n  border-collapse: collapse;\n  border: 0px solid !important;\n  padding-top: 0px !important; padding-bottom: 0px !important; padding-left: 0px !important padding-right: 0px !important; \nfont-size: 0.8em !important;\n}}\n\n.machine-tab th {\n  border-collapse: collapse;\n  padding-top: 6px; padding-bottom: 6px; padding-left: 6px;\n}\n.machine-tab td {\n  border-collapse: collapse;\n  border-bottom-color: #7F7F7F !important;\n  padding-top: 6px; padding-bottom: 6px; padding-left: 6px;\n}\n.parametr\n{\nbackground-color: #dcdcdc;\nborder-bottom-color: #7F7F7F !important;\nborder-top-color: #7F7F7F !important;\n}\n.model {\nborder-bottom-color: #aa0005 !important;\nborder-bottom-width: 0.3em !important;\n}\n\n<\/style>\n<\/div><\/div>\n\n\n\n<div class=\"wp-block-group alignfull is-content-justification-center is-layout-flex wp-container-core-group-is-layout-d76966b1 wp-block-group-is-layout-flex\" style=\"padding-bottom:3.9rem\">\n<figure class=\"wp-block-image size-full is-resized has-custom-border\" style=\"margin-right:var(--wp--preset--spacing--60);margin-left:var(--wp--preset--spacing--60)\"><img loading=\"lazy\" decoding=\"async\" width=\"338\" height=\"451\" src=\"https:\/\/sinodrew.pl\/wp-content\/uploads\/2025\/04\/frezarka1-edited.png\" alt=\"\" class=\"wp-image-2149\" style=\"border-radius:21px;object-fit:cover;width:384px;height:auto\" srcset=\"https:\/\/sinodrew.pl\/wp-content\/uploads\/2025\/04\/frezarka1-edited.png 338w, https:\/\/sinodrew.pl\/wp-content\/uploads\/2025\/04\/frezarka1-edited-225x300.png 225w, https:\/\/sinodrew.pl\/wp-content\/uploads\/2025\/04\/frezarka1-edited-9x12.png 9w\" sizes=\"auto, (max-width: 338px) 100vw, 338px\" \/><\/figure>\n\n\n\n<div class=\"wp-block-group wp-container-content-9cfa9a5a\" style=\"padding-right:var(--wp--preset--spacing--50);padding-left:var(--wp--preset--spacing--50)\"><div class=\"wp-block-group__inner-container is-layout-constrained wp-container-core-group-is-layout-e1a24a51 wp-block-group-is-layout-constrained\">\n<div class=\"machine-tab\">\n\t<table width=\"100%\">\n\t<tr class=\"model\" style=\"background-color: #ffffff;\">\n\t<td width=\"25%\">Max. thickness<\/td>\n\n\t<td>400 mm<\/td>\n\t<\/tr>\n\t<tr style=\"background-color: #eeeeee;\">\n\t\t<td width=\"25%\" class=\"parametr\">Height \/ thickness<\/td>\n\n\t\t<td>od 20 do 120 mm<\/td>\n\t<\/tr>\n\t<tr style=\"background-color: #ffffff;\">\n\t\t<td width=\"25%\" class=\"parametr\">Left\/right spindles<\/td>\n\n\t\t<td>3 kW + 3 kW \u2013 7000 obr.\/min.<\/td>\n\t<\/tr>\n\t<tr style=\"background-color: #eeeeee;\">\n\t\t<td width=\"25%\" class=\"parametr\">Horizontal planings<\/td>\n\n\t\t<td>5 kW \u2013 8000 obr.\/min.<\/td>\n\t<\/tr>\n\t<\/table>\n<\/div>\n<\/div><\/div>\n<\/div>\n\n\n\n<div class=\"wp-block-group alignwide\"><div class=\"wp-block-group__inner-container is-layout-constrained wp-block-group-is-layout-constrained\">\n<p>Machine capable of planing on four sides.<\/p>\n<\/div><\/div>\n\n\n\n<div class=\"wp-block-group alignwide\"><div class=\"wp-block-group__inner-container is-layout-constrained wp-block-group-is-layout-constrained\">\n<p>Machine new, in stock. A simple and very functional machine, very solid construction.<br>Possible transportation within Poland.<br>Feel free to contact us about purchases or cooperating with us on woodworking machines and more.<br>We are an importer with many years of experience. We import customised machines and models in standard configuration. Our product range includes: <a href=\"https:\/\/sinodrew.pl\/en\/product-category\/wielopila\/\">multi-saws<\/a>, adhesive application machines, <a href=\"https:\/\/sinodrew.pl\/en\/product-category\/strugarki\/\">planers<\/a>, moulders, etc.<\/p>\n<\/div><\/div>\n\n\n\n<div class=\"wp-block-group alignfull is-content-justification-center is-layout-flex wp-container-core-group-is-layout-7ae93b4d wp-block-group-is-layout-flex\" style=\"padding-top:0;padding-right:var(--wp--preset--spacing--80);padding-bottom:10rem;padding-left:var(--wp--preset--spacing--80)\">\n<figure class=\"wp-block-image size-full is-resized has-custom-border\"><img loading=\"lazy\" decoding=\"async\" width=\"600\" height=\"450\" src=\"https:\/\/sinodrew.pl\/wp-content\/uploads\/2025\/04\/frezarka2.jpg\" alt=\"\" class=\"wp-image-2150\" style=\"border-radius:6px;width:auto;height:260px\" srcset=\"https:\/\/sinodrew.pl\/wp-content\/uploads\/2025\/04\/frezarka2.jpg 600w, https:\/\/sinodrew.pl\/wp-content\/uploads\/2025\/04\/frezarka2-300x225.jpg 300w, https:\/\/sinodrew.pl\/wp-content\/uploads\/2025\/04\/frezarka2-16x12.jpg 16w\" sizes=\"auto, (max-width: 600px) 100vw, 600px\" \/><\/figure>\n\n\n\n<figure class=\"wp-block-image size-full is-resized has-custom-border\"><img loading=\"lazy\" decoding=\"async\" width=\"169\" height=\"300\" src=\"https:\/\/sinodrew.pl\/wp-content\/uploads\/2025\/04\/frezarka3.jpg\" alt=\"\" class=\"wp-image-2151\" style=\"border-radius:6px;width:auto;height:260px\" srcset=\"https:\/\/sinodrew.pl\/wp-content\/uploads\/2025\/04\/frezarka3.jpg 169w, https:\/\/sinodrew.pl\/wp-content\/uploads\/2025\/04\/frezarka3-7x12.jpg 7w\" sizes=\"auto, (max-width: 169px) 100vw, 169px\" \/><\/figure>\n\n\n\n<figure class=\"wp-block-image size-full is-resized has-custom-border\"><img loading=\"lazy\" decoding=\"async\" width=\"169\" height=\"300\" src=\"https:\/\/sinodrew.pl\/wp-content\/uploads\/2025\/04\/frezarka4.jpg\" alt=\"\" class=\"wp-image-2152\" style=\"border-radius:6px;width:auto;height:260px\" srcset=\"https:\/\/sinodrew.pl\/wp-content\/uploads\/2025\/04\/frezarka4.jpg 169w, https:\/\/sinodrew.pl\/wp-content\/uploads\/2025\/04\/frezarka4-7x12.jpg 7w\" sizes=\"auto, (max-width: 169px) 100vw, 169px\" \/><\/figure>\n\n\n\n<figure class=\"wp-block-image size-full is-resized has-custom-border\"><img loading=\"lazy\" decoding=\"async\" width=\"246\" height=\"300\" src=\"https:\/\/sinodrew.pl\/wp-content\/uploads\/2025\/04\/frezarka5.jpg\" alt=\"\" class=\"wp-image-2153\" style=\"border-radius:6px;width:auto;height:260px\" srcset=\"https:\/\/sinodrew.pl\/wp-content\/uploads\/2025\/04\/frezarka5.jpg 246w, https:\/\/sinodrew.pl\/wp-content\/uploads\/2025\/04\/frezarka5-10x12.jpg 10w\" sizes=\"auto, (max-width: 246px) 100vw, 246px\" \/><\/figure>\n\n\n\n<figure class=\"wp-block-image size-full is-resized has-custom-border\"><img loading=\"lazy\" decoding=\"async\" width=\"600\" height=\"450\" src=\"https:\/\/sinodrew.pl\/wp-content\/uploads\/2025\/04\/frezarka6.jpg\" alt=\"\" class=\"wp-image-2154\" style=\"border-radius:6px;width:auto;height:260px\" srcset=\"https:\/\/sinodrew.pl\/wp-content\/uploads\/2025\/04\/frezarka6.jpg 600w, https:\/\/sinodrew.pl\/wp-content\/uploads\/2025\/04\/frezarka6-300x225.jpg 300w, https:\/\/sinodrew.pl\/wp-content\/uploads\/2025\/04\/frezarka6-16x12.jpg 16w\" sizes=\"auto, (max-width: 600px) 100vw, 600px\" \/><\/figure>\n\n\n\n<figure class=\"wp-block-image size-full is-resized has-custom-border\"><img loading=\"lazy\" decoding=\"async\" width=\"600\" height=\"450\" src=\"https:\/\/sinodrew.pl\/wp-content\/uploads\/2025\/04\/frezarka7.jpg\" alt=\"\" class=\"wp-image-2155\" style=\"border-radius:6px;width:auto;height:260px\" srcset=\"https:\/\/sinodrew.pl\/wp-content\/uploads\/2025\/04\/frezarka7.jpg 600w, https:\/\/sinodrew.pl\/wp-content\/uploads\/2025\/04\/frezarka7-300x225.jpg 300w, https:\/\/sinodrew.pl\/wp-content\/uploads\/2025\/04\/frezarka7-16x12.jpg 16w\" sizes=\"auto, (max-width: 600px) 100vw, 600px\" \/><\/figure>\n<\/div>","protected":false},"excerpt":{"rendered":"<p>Maksymalna szeroko\u015b\u0107 400 mm Wysoko\u015b\u0107\/grubo\u015b\u0107 od 20 do 120 mm Wrzeciona lewe\/prawe 3 kW + 3 kW \u2013 7000 obr.\/min. Strugania poziome silnik 5 kW \u2013 8000 obr.\/min. Machine capable of planing on four sides. Machine new, in stock. A simple and very functional machine, very solid construction.Possible transportation within [&hellip;]<\/p>","protected":false},"author":1,"featured_media":0,"parent":0,"menu_order":0,"comment_status":"closed","ping_status":"closed","template":"","meta":{"footnotes":""},"class_list":["post-2165","page","type-page","status-publish","hentry"],"yoast_head":"<!-- This site is optimized with the Yoast SEO plugin v25.6 - https:\/\/yoast.com\/wordpress\/plugins\/seo\/ -->\n<title>Four-sided planing\/milling machine - SINODREW<\/title>\n<meta name=\"robots\" content=\"index, follow, max-snippet:-1, max-image-preview:large, max-video-preview:-1\" \/>\n<link rel=\"canonical\" href=\"https:\/\/sinodrew.pl\/en\/four-sided-planing-milling-machine\/\" \/>\n<meta property=\"og:locale\" content=\"en_GB\" \/>\n<meta property=\"og:type\" content=\"article\" \/>\n<meta property=\"og:title\" content=\"Four-sided planing\/milling machine - SINODREW\" \/>\n<meta property=\"og:description\" content=\"Maksymalna szeroko\u015b\u0107 400 mm Wysoko\u015b\u0107\/grubo\u015b\u0107 od 20 do 120 mm Wrzeciona lewe\/prawe 3 kW + 3 kW \u2013 7000 obr.\/min. Strugania poziome silnik 5 kW \u2013 8000 obr.\/min. Machine capable of planing on four sides. Machine new, in stock. A simple and very functional machine, very solid construction.Possible transportation within [&hellip;]\" \/>\n<meta property=\"og:url\" content=\"https:\/\/sinodrew.pl\/en\/four-sided-planing-milling-machine\/\" \/>\n<meta property=\"og:site_name\" content=\"SINODREW\" \/>\n<meta property=\"article:modified_time\" content=\"2025-05-28T18:54:43+00:00\" \/>\n<meta property=\"og:image\" content=\"https:\/\/sinodrew.pl\/wp-content\/uploads\/2025\/04\/frezarka1-edited.png\" \/>\n\t<meta property=\"og:image:width\" content=\"338\" \/>\n\t<meta property=\"og:image:height\" content=\"451\" \/>\n\t<meta property=\"og:image:type\" content=\"image\/png\" \/>\n<meta name=\"twitter:card\" content=\"summary_large_image\" \/>\n<meta name=\"twitter:label1\" content=\"Estimated reading time\" \/>\n\t<meta name=\"twitter:data1\" content=\"2 minutes\" \/>\n<script type=\"application\/ld+json\" class=\"yoast-schema-graph\">{\"@context\":\"https:\/\/schema.org\",\"@graph\":[{\"@type\":\"WebPage\",\"@id\":\"https:\/\/sinodrew.pl\/en\/four-sided-planing-milling-machine\/\",\"url\":\"https:\/\/sinodrew.pl\/en\/four-sided-planing-milling-machine\/\",\"name\":\"Four-sided planing\/milling machine - SINODREW\",\"isPartOf\":{\"@id\":\"https:\/\/sinodrew.pl\/en\/#website\"},\"primaryImageOfPage\":{\"@id\":\"https:\/\/sinodrew.pl\/en\/four-sided-planing-milling-machine\/#primaryimage\"},\"image\":{\"@id\":\"https:\/\/sinodrew.pl\/en\/four-sided-planing-milling-machine\/#primaryimage\"},\"thumbnailUrl\":\"https:\/\/sinodrew.pl\/wp-content\/uploads\/2025\/04\/frezarka1-edited.png\",\"datePublished\":\"2025-04-03T20:54:18+00:00\",\"dateModified\":\"2025-05-28T18:54:43+00:00\",\"breadcrumb\":{\"@id\":\"https:\/\/sinodrew.pl\/en\/four-sided-planing-milling-machine\/#breadcrumb\"},\"inLanguage\":\"en-GB\",\"potentialAction\":[{\"@type\":\"ReadAction\",\"target\":[\"https:\/\/sinodrew.pl\/en\/four-sided-planing-milling-machine\/\"]}]},{\"@type\":\"ImageObject\",\"inLanguage\":\"en-GB\",\"@id\":\"https:\/\/sinodrew.pl\/en\/four-sided-planing-milling-machine\/#primaryimage\",\"url\":\"https:\/\/sinodrew.pl\/wp-content\/uploads\/2025\/04\/frezarka1-edited.png\",\"contentUrl\":\"https:\/\/sinodrew.pl\/wp-content\/uploads\/2025\/04\/frezarka1-edited.png\"},{\"@type\":\"BreadcrumbList\",\"@id\":\"https:\/\/sinodrew.pl\/en\/four-sided-planing-milling-machine\/#breadcrumb\",\"itemListElement\":[{\"@type\":\"ListItem\",\"position\":1,\"name\":\"Strona g\u0142\u00f3wna\",\"item\":\"https:\/\/sinodrew.pl\/en\/\"},{\"@type\":\"ListItem\",\"position\":2,\"name\":\"Four-sided planing\/milling machine\"}]},{\"@type\":\"WebSite\",\"@id\":\"https:\/\/sinodrew.pl\/en\/#website\",\"url\":\"https:\/\/sinodrew.pl\/en\/\",\"name\":\"SINODREW\",\"description\":\"\",\"publisher\":{\"@id\":\"https:\/\/sinodrew.pl\/en\/#organization\"},\"potentialAction\":[{\"@type\":\"SearchAction\",\"target\":{\"@type\":\"EntryPoint\",\"urlTemplate\":\"https:\/\/sinodrew.pl\/en\/?s={search_term_string}\"},\"query-input\":{\"@type\":\"PropertyValueSpecification\",\"valueRequired\":true,\"valueName\":\"search_term_string\"}}],\"inLanguage\":\"en-GB\"},{\"@type\":\"Organization\",\"@id\":\"https:\/\/sinodrew.pl\/en\/#organization\",\"name\":\"SINODREW\",\"url\":\"https:\/\/sinodrew.pl\/en\/\",\"logo\":{\"@type\":\"ImageObject\",\"inLanguage\":\"en-GB\",\"@id\":\"https:\/\/sinodrew.pl\/en\/#\/schema\/logo\/image\/\",\"url\":\"https:\/\/sinodrew.pl\/wp-content\/uploads\/2024\/12\/sinodrew_logo.jpg\",\"contentUrl\":\"https:\/\/sinodrew.pl\/wp-content\/uploads\/2024\/12\/sinodrew_logo.jpg\",\"width\":2300,\"height\":971,\"caption\":\"SINODREW\"},\"image\":{\"@id\":\"https:\/\/sinodrew.pl\/en\/#\/schema\/logo\/image\/\"}}]}<\/script>\n<!-- \/ Yoast SEO plugin. -->","yoast_head_json":{"title":"Four-sided planing\/milling machine - SINODREW","robots":{"index":"index","follow":"follow","max-snippet":"max-snippet:-1","max-image-preview":"max-image-preview:large","max-video-preview":"max-video-preview:-1"},"canonical":"https:\/\/sinodrew.pl\/en\/four-sided-planing-milling-machine\/","og_locale":"en_GB","og_type":"article","og_title":"Four-sided planing\/milling machine - SINODREW","og_description":"Maksymalna szeroko\u015b\u0107 400 mm Wysoko\u015b\u0107\/grubo\u015b\u0107 od 20 do 120 mm Wrzeciona lewe\/prawe 3 kW + 3 kW \u2013 7000 obr.\/min. Strugania poziome silnik 5 kW \u2013 8000 obr.\/min. Machine capable of planing on four sides. Machine new, in stock. A simple and very functional machine, very solid construction.Possible transportation within [&hellip;]","og_url":"https:\/\/sinodrew.pl\/en\/four-sided-planing-milling-machine\/","og_site_name":"SINODREW","article_modified_time":"2025-05-28T18:54:43+00:00","og_image":[{"width":338,"height":451,"url":"https:\/\/sinodrew.pl\/wp-content\/uploads\/2025\/04\/frezarka1-edited.png","type":"image\/png"}],"twitter_card":"summary_large_image","twitter_misc":{"Estimated reading time":"2 minutes"},"schema":{"@context":"https:\/\/schema.org","@graph":[{"@type":"WebPage","@id":"https:\/\/sinodrew.pl\/en\/four-sided-planing-milling-machine\/","url":"https:\/\/sinodrew.pl\/en\/four-sided-planing-milling-machine\/","name":"Four-sided planing\/milling machine - SINODREW","isPartOf":{"@id":"https:\/\/sinodrew.pl\/en\/#website"},"primaryImageOfPage":{"@id":"https:\/\/sinodrew.pl\/en\/four-sided-planing-milling-machine\/#primaryimage"},"image":{"@id":"https:\/\/sinodrew.pl\/en\/four-sided-planing-milling-machine\/#primaryimage"},"thumbnailUrl":"https:\/\/sinodrew.pl\/wp-content\/uploads\/2025\/04\/frezarka1-edited.png","datePublished":"2025-04-03T20:54:18+00:00","dateModified":"2025-05-28T18:54:43+00:00","breadcrumb":{"@id":"https:\/\/sinodrew.pl\/en\/four-sided-planing-milling-machine\/#breadcrumb"},"inLanguage":"en-GB","potentialAction":[{"@type":"ReadAction","target":["https:\/\/sinodrew.pl\/en\/four-sided-planing-milling-machine\/"]}]},{"@type":"ImageObject","inLanguage":"en-GB","@id":"https:\/\/sinodrew.pl\/en\/four-sided-planing-milling-machine\/#primaryimage","url":"https:\/\/sinodrew.pl\/wp-content\/uploads\/2025\/04\/frezarka1-edited.png","contentUrl":"https:\/\/sinodrew.pl\/wp-content\/uploads\/2025\/04\/frezarka1-edited.png"},{"@type":"BreadcrumbList","@id":"https:\/\/sinodrew.pl\/en\/four-sided-planing-milling-machine\/#breadcrumb","itemListElement":[{"@type":"ListItem","position":1,"name":"Strona g\u0142\u00f3wna","item":"https:\/\/sinodrew.pl\/en\/"},{"@type":"ListItem","position":2,"name":"Four-sided planing\/milling machine"}]},{"@type":"WebSite","@id":"https:\/\/sinodrew.pl\/en\/#website","url":"https:\/\/sinodrew.pl\/en\/","name":"SINODREW","description":"","publisher":{"@id":"https:\/\/sinodrew.pl\/en\/#organization"},"potentialAction":[{"@type":"SearchAction","target":{"@type":"EntryPoint","urlTemplate":"https:\/\/sinodrew.pl\/en\/?s={search_term_string}"},"query-input":{"@type":"PropertyValueSpecification","valueRequired":true,"valueName":"search_term_string"}}],"inLanguage":"en-GB"},{"@type":"Organization","@id":"https:\/\/sinodrew.pl\/en\/#organization","name":"SINODREW","url":"https:\/\/sinodrew.pl\/en\/","logo":{"@type":"ImageObject","inLanguage":"en-GB","@id":"https:\/\/sinodrew.pl\/en\/#\/schema\/logo\/image\/","url":"https:\/\/sinodrew.pl\/wp-content\/uploads\/2024\/12\/sinodrew_logo.jpg","contentUrl":"https:\/\/sinodrew.pl\/wp-content\/uploads\/2024\/12\/sinodrew_logo.jpg","width":2300,"height":971,"caption":"SINODREW"},"image":{"@id":"https:\/\/sinodrew.pl\/en\/#\/schema\/logo\/image\/"}}]}},"_links":{"self":[{"href":"https:\/\/sinodrew.pl\/en\/wp-json\/wp\/v2\/pages\/2165","targetHints":{"allow":["GET"]}}],"collection":[{"href":"https:\/\/sinodrew.pl\/en\/wp-json\/wp\/v2\/pages"}],"about":[{"href":"https:\/\/sinodrew.pl\/en\/wp-json\/wp\/v2\/types\/page"}],"author":[{"embeddable":true,"href":"https:\/\/sinodrew.pl\/en\/wp-json\/wp\/v2\/users\/1"}],"replies":[{"embeddable":true,"href":"https:\/\/sinodrew.pl\/en\/wp-json\/wp\/v2\/comments?post=2165"}],"version-history":[{"count":0,"href":"https:\/\/sinodrew.pl\/en\/wp-json\/wp\/v2\/pages\/2165\/revisions"}],"wp:attachment":[{"href":"https:\/\/sinodrew.pl\/en\/wp-json\/wp\/v2\/media?parent=2165"}],"curies":[{"name":"wp","href":"https:\/\/api.w.org\/{rel}","templated":true}]}}