{"id":1024,"date":"2025-02-04T00:08:17","date_gmt":"2025-02-03T23:08:17","guid":{"rendered":"https:\/\/sinodrew.pl\/?page_id=1024"},"modified":"2025-02-04T00:08:19","modified_gmt":"2025-02-03T23:08:19","slug":"vk-j16xx-rip-saws","status":"publish","type":"page","link":"https:\/\/sinodrew.pl\/en\/vk-j16xx-rip-saws\/","title":{"rendered":"VK-J16xx Rip saws"},"content":{"rendered":"<div class=\"wp-block-group alignfull\"><div class=\"wp-block-group__inner-container is-layout-constrained wp-block-group-is-layout-constrained\">\n<style>\n\/*ciemny szary pasek na g\u00f3rze*\/\n.main.main-raised\n{\nbackground: rgb(255,255,255);\nbackground: linear-gradient(180deg, rgba(27,27,27,1) 0%, rgba(27,27,27,1) 37%, rgba(255,255,255,1) 37%);\n}\n.machine-tab table {\n  border-collapse: collapse;\n  border: 0px solid !important;\n  padding-top: 6px !important; padding-bottom: 6px !important; padding-left: 6px !important; \nfont-size: 0.85em !important;\n}\n.machine-tab th {\n  border-collapse: collapse;\n  padding-top: 6px; padding-bottom: 6px; padding-left: 6px;\n}\n.machine-tab td {\n  border-collapse: collapse;\n  border-bottom-color: #7F7F7F !important;\n  padding-top: 6px; padding-bottom: 6px; padding-left: 6px;\n}\n.parametr\n{\nbackground-color: #dcdcdc;\nborder-bottom-color: #7F7F7F !important;\nborder-top-color: #7F7F7F !important;\n}\n.model {\nborder-bottom-color: #aa0005 !important;\nborder-bottom-width: 0.3em !important;\n}\n\n<\/style>\n<\/div><\/div>\n\n\n\n<div class=\"wp-block-group alignfull is-content-justification-center is-layout-flex wp-container-core-group-is-layout-0957cd76 wp-block-group-is-layout-flex\">\n<figure class=\"wp-block-image size-large is-resized\" style=\"margin-right:var(--wp--preset--spacing--80);margin-left:var(--wp--preset--spacing--80)\"><img decoding=\"async\" src=\"https:\/\/sinodrew.pl\/machine\/img\/163.png\" alt=\"\" style=\"width:547px;height:auto\"\/><\/figure>\n\n\n\n<div class=\"wp-block-group wp-container-content-9cfa9a5a\" style=\"padding-right:var(--wp--preset--spacing--60);padding-left:var(--wp--preset--spacing--60)\"><div class=\"wp-block-group__inner-container is-layout-constrained wp-container-core-group-is-layout-4bf2bd6a wp-block-group-is-layout-constrained\">\n<div class=\"machine-tab\">\n\t<table width=\"100%\">\n\t<tr class=\"model\" style=\"background-color: #ffffff;\">\n\t<td width=\"25%\">Model<\/td>\n\t<td>VK-J163B<\/td>\n\t<td>VK-J164<\/td>\n\t<\/tr>\n\t<tr style=\"background-color: #eeeeee;\">\n\t\t<td width=\"25%\" class=\"parametr\">Cutting thickness<\/td>\n\t\t<td>10-90 mm<\/td>\n\t\t<td>10-120 mm<\/td>\n\t<\/tr>\n\t<tr style=\"background-color: #ffffff;\">\n\t\t<td width=\"25%\" class=\"parametr\">Max. working width<\/td>\n\t\t<td>460 mm<\/td>\n\t\t<td>640 mm<\/td>\n\t<tr style=\"background-color: #eeeeee;\">\n\t\t<td width=\"25%\" class=\"parametr\">Min. feed length<\/td>\n\t\t<td>230 mm<\/td>\n\t\t<td>260 mm<\/td>\n\t<\/tr>\n\t<tr style=\"background-color: #ffffff;\">\n\t\t<td width=\"25%\" class=\"parametr\">Sawblade diameter<\/td>\n\t\t<td>355-445 mm<\/td>\n\t\t<td>405-500 mm<\/td>\n\t<\/tr>\n\t<tr style=\"background-color: #eeeeee;\">\n\t\t<td width=\"25%\" class=\"parametr\">Feeding speed<\/td>\n\t\t<td>10-33 m\/min.<\/td>\n\t\t<td>10-33 m\/min.<\/td>\n\t<\/tr>\n\t<tr style=\"background-color: #ffffff;\">\n\t\t<td width=\"25%\" class=\"parametr\">Spindle motor power<\/td>\n\t\t<td>11 kW<\/td>\n\t\t<td>15 kW<\/td>\n\t<\/tr>\n\t<tr style=\"background-color: #eeeeee;\">\n\t\t<td width=\"25%\" class=\"parametr\">Feeding motor power<\/td>\n\t\t<td>1.5\/0.25 KW<\/td>\n\t\t<td>2.2\/0.25 kW<\/td>\n\t<\/tr>\n\t<tr style=\"background-color: #ffffff;\">\n\t\t<td width=\"25%\" class=\"parametr\">Total power<\/td>\n\t\t<td>12.75 kW<\/td>\n\t\t<td>17.45 kW<\/td>\n\t<\/tr>\n\t<tr style=\"background-color: #eeeeee;\">\n\t\t<td width=\"25%\" class=\"parametr\">Voltage<\/td>\n\t\t<td>380V<\/td>\n\t\t<td>380V<\/td>\n\t<\/tr>\n\t<tr style=\"background-color: #ffffff;\">\n\t\t<td width=\"25%\" class=\"parametr\">Work desk size<\/td>\n\t\t<td>1820 x 970mm<\/td>\n\t\t<td>2020 x 1170mm<\/td>\n\t<\/tr>\t\n\t<tr style=\"background-color: #eeeeee;\">\n\t\t<td width=\"25%\" class=\"parametr\">Weight<\/td>\n\t\t<td>1600 kg<\/td>\n\t\t<td>1900 kg<\/td>\n\t<\/tr>\n\t<tr style=\"background-color: #ffffff;\">\n\t\t<td width=\"25%\" class=\"parametr\">Dimensions<\/td>\n\t\t<td>2100 x 1600 x 1450 mm<\/td>\n\t\t<td>2260 x 1850 x 1450 mm<\/td>\n\t<\/tr>\t\n\t<\/table>\n<\/div>\n<\/div><\/div>\n<\/div>\n\n\n\n<div class=\"wp-block-group alignwide\"><div class=\"wp-block-group__inner-container is-layout-constrained wp-container-core-group-is-layout-19e250f3 wp-block-group-is-layout-constrained\">\n<div class=\"wp-block-group is-content-justification-center is-layout-flex wp-container-core-group-is-layout-8e2b01c5 wp-block-group-is-layout-flex\" style=\"padding-top:var(--wp--preset--spacing--60);padding-bottom:var(--wp--preset--spacing--50)\">\n<div class=\"wp-block-group has-border-color has-background-color-border-color\" style=\"border-width:2px;min-height:0px;padding-top:0;padding-bottom:0\"><div class=\"wp-block-group__inner-container is-layout-constrained wp-container-core-group-is-layout-95730b41 wp-block-group-is-layout-constrained\">\n<figure class=\"wp-block-image size-full is-resized is-style-default\" style=\"margin-top:0;margin-bottom:0\"><a href=\"https:\/\/sinodrew.pl\/en\/product\/pila-wzdluzna-dolna-vk-j163b\/\"><img loading=\"lazy\" decoding=\"async\" width=\"799\" height=\"655\" src=\"https:\/\/sinodrew.pl\/wp-content\/uploads\/2024\/11\/VK-J163B.png\" alt=\"\" class=\"wp-image-162\" style=\"width:200px\" srcset=\"https:\/\/sinodrew.pl\/wp-content\/uploads\/2024\/11\/VK-J163B.png 799w, https:\/\/sinodrew.pl\/wp-content\/uploads\/2024\/11\/VK-J163B-600x492.png 600w, https:\/\/sinodrew.pl\/wp-content\/uploads\/2024\/11\/VK-J163B-300x246.png 300w, https:\/\/sinodrew.pl\/wp-content\/uploads\/2024\/11\/VK-J163B-768x630.png 768w\" sizes=\"auto, (max-width: 799px) 100vw, 799px\" \/><\/a><\/figure>\n\n\n\n<div class=\"wp-block-buttons is-content-justification-left is-layout-flex wp-container-core-buttons-is-layout-fc4fd283 wp-block-buttons-is-layout-flex\">\n<div class=\"wp-block-button has-custom-width wp-block-button__width-100 has-custom-font-size has-medium-font-size\"><a class=\"wp-block-button__link has-white-color has-accent-background-color has-text-color has-background has-link-color has-text-align-left wp-element-button\" href=\"https:\/\/sinodrew.pl\/en\/product\/pila-wzdluzna-dolna-vk-j163b\/\" style=\"border-radius:0px;padding-top:var(--wp--preset--spacing--20);padding-right:var(--wp--preset--spacing--40);padding-bottom:var(--wp--preset--spacing--20);padding-left:var(--wp--preset--spacing--40)\">VK-J163B<\/a><\/div>\n<\/div>\n<\/div><\/div>\n\n\n\n<div class=\"wp-block-group has-border-color has-background-color-border-color\" style=\"border-width:2px;min-height:0px;padding-top:0;padding-bottom:0\"><div class=\"wp-block-group__inner-container is-layout-constrained wp-container-core-group-is-layout-95730b41 wp-block-group-is-layout-constrained\">\n<figure class=\"wp-block-image size-full is-resized is-style-default\" style=\"margin-top:0;margin-bottom:0\"><a href=\"https:\/\/sinodrew.pl\/en\/product\/pila-wzdluzna-dolna-vk-j164\/\"><img loading=\"lazy\" decoding=\"async\" width=\"800\" height=\"640\" src=\"https:\/\/sinodrew.pl\/wp-content\/uploads\/2024\/11\/VK-J164.png\" alt=\"\" class=\"wp-image-164\" style=\"width:205px\" srcset=\"https:\/\/sinodrew.pl\/wp-content\/uploads\/2024\/11\/VK-J164.png 800w, https:\/\/sinodrew.pl\/wp-content\/uploads\/2024\/11\/VK-J164-600x480.png 600w, https:\/\/sinodrew.pl\/wp-content\/uploads\/2024\/11\/VK-J164-300x240.png 300w, https:\/\/sinodrew.pl\/wp-content\/uploads\/2024\/11\/VK-J164-768x614.png 768w\" sizes=\"auto, (max-width: 800px) 100vw, 800px\" \/><\/a><\/figure>\n\n\n\n<div class=\"wp-block-buttons is-content-justification-left is-layout-flex wp-container-core-buttons-is-layout-fc4fd283 wp-block-buttons-is-layout-flex\">\n<div class=\"wp-block-button has-custom-width wp-block-button__width-100 has-custom-font-size has-medium-font-size\"><a class=\"wp-block-button__link has-white-color has-accent-background-color has-text-color has-background has-link-color has-text-align-left wp-element-button\" href=\"https:\/\/sinodrew.pl\/en\/product\/pila-wzdluzna-dolna-vk-j164\/\" style=\"border-radius:0px;padding-top:var(--wp--preset--spacing--20);padding-right:var(--wp--preset--spacing--40);padding-bottom:var(--wp--preset--spacing--20);padding-left:var(--wp--preset--spacing--40)\">VK-J164<\/a><\/div>\n<\/div>\n<\/div><\/div>\n<\/div>\n<\/div><\/div>","protected":false},"excerpt":{"rendered":"<p>Model VK-J163B VK-J164 Zakres grubo\u015b\u0107i ci\u0119cia 10-90 mm 10-120 mm Maks. szeroko\u015b\u0107 robocza 460 mm 640 mm Min. d\u0142ugo\u015b\u0107 elementu 230 mm 260 mm \u015arednica pi\u0142y 355-445 mm 405-500 mm Pr\u0119dko\u015b\u0107 podawania (falownik) 10-33 m\/min. 10-33 m\/min. Moc silnika pi\u0142y 11 kW 15 kW Moc nap\u0119du posuwu 1.5\/0.25 KW 2.2\/0.25 [&hellip;]<\/p>","protected":false},"author":1,"featured_media":0,"parent":0,"menu_order":0,"comment_status":"closed","ping_status":"closed","template":"","meta":{"footnotes":""},"class_list":["post-1024","page","type-page","status-publish","hentry"],"yoast_head":"<!-- This site is optimized with the Yoast SEO plugin v25.6 - https:\/\/yoast.com\/wordpress\/plugins\/seo\/ -->\n<title>VK-J16xx Rip saws - SINODREW<\/title>\n<meta name=\"robots\" content=\"index, follow, max-snippet:-1, max-image-preview:large, max-video-preview:-1\" \/>\n<link rel=\"canonical\" href=\"https:\/\/sinodrew.pl\/en\/vk-j16xx-rip-saws\/\" \/>\n<meta property=\"og:locale\" content=\"en_GB\" \/>\n<meta property=\"og:type\" content=\"article\" \/>\n<meta property=\"og:title\" content=\"VK-J16xx Rip saws - SINODREW\" \/>\n<meta property=\"og:description\" content=\"Model VK-J163B VK-J164 Zakres grubo\u015b\u0107i ci\u0119cia 10-90 mm 10-120 mm Maks. szeroko\u015b\u0107 robocza 460 mm 640 mm Min. d\u0142ugo\u015b\u0107 elementu 230 mm 260 mm \u015arednica pi\u0142y 355-445 mm 405-500 mm Pr\u0119dko\u015b\u0107 podawania (falownik) 10-33 m\/min. 10-33 m\/min. Moc silnika pi\u0142y 11 kW 15 kW Moc nap\u0119du posuwu 1.5\/0.25 KW 2.2\/0.25 [&hellip;]\" \/>\n<meta property=\"og:url\" content=\"https:\/\/sinodrew.pl\/en\/vk-j16xx-rip-saws\/\" \/>\n<meta property=\"og:site_name\" content=\"SINODREW\" \/>\n<meta property=\"article:modified_time\" content=\"2025-02-03T23:08:19+00:00\" \/>\n<meta property=\"og:image\" content=\"https:\/\/sinodrew.pl\/machine\/img\/163.png\" \/>\n<meta name=\"twitter:card\" content=\"summary_large_image\" \/>\n<meta name=\"twitter:label1\" content=\"Estimated reading time\" \/>\n\t<meta name=\"twitter:data1\" content=\"2 minutes\" \/>\n<script type=\"application\/ld+json\" class=\"yoast-schema-graph\">{\"@context\":\"https:\/\/schema.org\",\"@graph\":[{\"@type\":\"WebPage\",\"@id\":\"https:\/\/sinodrew.pl\/en\/vk-j16xx-rip-saws\/\",\"url\":\"https:\/\/sinodrew.pl\/en\/vk-j16xx-rip-saws\/\",\"name\":\"VK-J16xx Rip saws - SINODREW\",\"isPartOf\":{\"@id\":\"https:\/\/sinodrew.pl\/en\/#website\"},\"primaryImageOfPage\":{\"@id\":\"https:\/\/sinodrew.pl\/en\/vk-j16xx-rip-saws\/#primaryimage\"},\"image\":{\"@id\":\"https:\/\/sinodrew.pl\/en\/vk-j16xx-rip-saws\/#primaryimage\"},\"thumbnailUrl\":\"https:\/\/sinodrew.pl\/machine\/img\/163.png\",\"datePublished\":\"2025-02-03T23:08:17+00:00\",\"dateModified\":\"2025-02-03T23:08:19+00:00\",\"breadcrumb\":{\"@id\":\"https:\/\/sinodrew.pl\/en\/vk-j16xx-rip-saws\/#breadcrumb\"},\"inLanguage\":\"en-GB\",\"potentialAction\":[{\"@type\":\"ReadAction\",\"target\":[\"https:\/\/sinodrew.pl\/en\/vk-j16xx-rip-saws\/\"]}]},{\"@type\":\"ImageObject\",\"inLanguage\":\"en-GB\",\"@id\":\"https:\/\/sinodrew.pl\/en\/vk-j16xx-rip-saws\/#primaryimage\",\"url\":\"https:\/\/sinodrew.pl\/machine\/img\/163.png\",\"contentUrl\":\"https:\/\/sinodrew.pl\/machine\/img\/163.png\"},{\"@type\":\"BreadcrumbList\",\"@id\":\"https:\/\/sinodrew.pl\/en\/vk-j16xx-rip-saws\/#breadcrumb\",\"itemListElement\":[{\"@type\":\"ListItem\",\"position\":1,\"name\":\"Strona g\u0142\u00f3wna\",\"item\":\"https:\/\/sinodrew.pl\/en\/\"},{\"@type\":\"ListItem\",\"position\":2,\"name\":\"VK-J16xx Rip saws\"}]},{\"@type\":\"WebSite\",\"@id\":\"https:\/\/sinodrew.pl\/en\/#website\",\"url\":\"https:\/\/sinodrew.pl\/en\/\",\"name\":\"SINODREW\",\"description\":\"\",\"publisher\":{\"@id\":\"https:\/\/sinodrew.pl\/en\/#organization\"},\"potentialAction\":[{\"@type\":\"SearchAction\",\"target\":{\"@type\":\"EntryPoint\",\"urlTemplate\":\"https:\/\/sinodrew.pl\/en\/?s={search_term_string}\"},\"query-input\":{\"@type\":\"PropertyValueSpecification\",\"valueRequired\":true,\"valueName\":\"search_term_string\"}}],\"inLanguage\":\"en-GB\"},{\"@type\":\"Organization\",\"@id\":\"https:\/\/sinodrew.pl\/en\/#organization\",\"name\":\"SINODREW\",\"url\":\"https:\/\/sinodrew.pl\/en\/\",\"logo\":{\"@type\":\"ImageObject\",\"inLanguage\":\"en-GB\",\"@id\":\"https:\/\/sinodrew.pl\/en\/#\/schema\/logo\/image\/\",\"url\":\"https:\/\/sinodrew.pl\/wp-content\/uploads\/2024\/12\/sinodrew_logo.jpg\",\"contentUrl\":\"https:\/\/sinodrew.pl\/wp-content\/uploads\/2024\/12\/sinodrew_logo.jpg\",\"width\":2300,\"height\":971,\"caption\":\"SINODREW\"},\"image\":{\"@id\":\"https:\/\/sinodrew.pl\/en\/#\/schema\/logo\/image\/\"}}]}<\/script>\n<!-- \/ Yoast SEO plugin. -->","yoast_head_json":{"title":"VK-J16xx Rip saws - SINODREW","robots":{"index":"index","follow":"follow","max-snippet":"max-snippet:-1","max-image-preview":"max-image-preview:large","max-video-preview":"max-video-preview:-1"},"canonical":"https:\/\/sinodrew.pl\/en\/vk-j16xx-rip-saws\/","og_locale":"en_GB","og_type":"article","og_title":"VK-J16xx Rip saws - SINODREW","og_description":"Model VK-J163B VK-J164 Zakres grubo\u015b\u0107i ci\u0119cia 10-90 mm 10-120 mm Maks. szeroko\u015b\u0107 robocza 460 mm 640 mm Min. d\u0142ugo\u015b\u0107 elementu 230 mm 260 mm \u015arednica pi\u0142y 355-445 mm 405-500 mm Pr\u0119dko\u015b\u0107 podawania (falownik) 10-33 m\/min. 10-33 m\/min. Moc silnika pi\u0142y 11 kW 15 kW Moc nap\u0119du posuwu 1.5\/0.25 KW 2.2\/0.25 [&hellip;]","og_url":"https:\/\/sinodrew.pl\/en\/vk-j16xx-rip-saws\/","og_site_name":"SINODREW","article_modified_time":"2025-02-03T23:08:19+00:00","og_image":[{"url":"https:\/\/sinodrew.pl\/machine\/img\/163.png","type":"","width":"","height":""}],"twitter_card":"summary_large_image","twitter_misc":{"Estimated reading time":"2 minutes"},"schema":{"@context":"https:\/\/schema.org","@graph":[{"@type":"WebPage","@id":"https:\/\/sinodrew.pl\/en\/vk-j16xx-rip-saws\/","url":"https:\/\/sinodrew.pl\/en\/vk-j16xx-rip-saws\/","name":"VK-J16xx Rip saws - SINODREW","isPartOf":{"@id":"https:\/\/sinodrew.pl\/en\/#website"},"primaryImageOfPage":{"@id":"https:\/\/sinodrew.pl\/en\/vk-j16xx-rip-saws\/#primaryimage"},"image":{"@id":"https:\/\/sinodrew.pl\/en\/vk-j16xx-rip-saws\/#primaryimage"},"thumbnailUrl":"https:\/\/sinodrew.pl\/machine\/img\/163.png","datePublished":"2025-02-03T23:08:17+00:00","dateModified":"2025-02-03T23:08:19+00:00","breadcrumb":{"@id":"https:\/\/sinodrew.pl\/en\/vk-j16xx-rip-saws\/#breadcrumb"},"inLanguage":"en-GB","potentialAction":[{"@type":"ReadAction","target":["https:\/\/sinodrew.pl\/en\/vk-j16xx-rip-saws\/"]}]},{"@type":"ImageObject","inLanguage":"en-GB","@id":"https:\/\/sinodrew.pl\/en\/vk-j16xx-rip-saws\/#primaryimage","url":"https:\/\/sinodrew.pl\/machine\/img\/163.png","contentUrl":"https:\/\/sinodrew.pl\/machine\/img\/163.png"},{"@type":"BreadcrumbList","@id":"https:\/\/sinodrew.pl\/en\/vk-j16xx-rip-saws\/#breadcrumb","itemListElement":[{"@type":"ListItem","position":1,"name":"Strona g\u0142\u00f3wna","item":"https:\/\/sinodrew.pl\/en\/"},{"@type":"ListItem","position":2,"name":"VK-J16xx Rip saws"}]},{"@type":"WebSite","@id":"https:\/\/sinodrew.pl\/en\/#website","url":"https:\/\/sinodrew.pl\/en\/","name":"SINODREW","description":"","publisher":{"@id":"https:\/\/sinodrew.pl\/en\/#organization"},"potentialAction":[{"@type":"SearchAction","target":{"@type":"EntryPoint","urlTemplate":"https:\/\/sinodrew.pl\/en\/?s={search_term_string}"},"query-input":{"@type":"PropertyValueSpecification","valueRequired":true,"valueName":"search_term_string"}}],"inLanguage":"en-GB"},{"@type":"Organization","@id":"https:\/\/sinodrew.pl\/en\/#organization","name":"SINODREW","url":"https:\/\/sinodrew.pl\/en\/","logo":{"@type":"ImageObject","inLanguage":"en-GB","@id":"https:\/\/sinodrew.pl\/en\/#\/schema\/logo\/image\/","url":"https:\/\/sinodrew.pl\/wp-content\/uploads\/2024\/12\/sinodrew_logo.jpg","contentUrl":"https:\/\/sinodrew.pl\/wp-content\/uploads\/2024\/12\/sinodrew_logo.jpg","width":2300,"height":971,"caption":"SINODREW"},"image":{"@id":"https:\/\/sinodrew.pl\/en\/#\/schema\/logo\/image\/"}}]}},"_links":{"self":[{"href":"https:\/\/sinodrew.pl\/en\/wp-json\/wp\/v2\/pages\/1024","targetHints":{"allow":["GET"]}}],"collection":[{"href":"https:\/\/sinodrew.pl\/en\/wp-json\/wp\/v2\/pages"}],"about":[{"href":"https:\/\/sinodrew.pl\/en\/wp-json\/wp\/v2\/types\/page"}],"author":[{"embeddable":true,"href":"https:\/\/sinodrew.pl\/en\/wp-json\/wp\/v2\/users\/1"}],"replies":[{"embeddable":true,"href":"https:\/\/sinodrew.pl\/en\/wp-json\/wp\/v2\/comments?post=1024"}],"version-history":[{"count":0,"href":"https:\/\/sinodrew.pl\/en\/wp-json\/wp\/v2\/pages\/1024\/revisions"}],"wp:attachment":[{"href":"https:\/\/sinodrew.pl\/en\/wp-json\/wp\/v2\/media?parent=1024"}],"curies":[{"name":"wp","href":"https:\/\/api.w.org\/{rel}","templated":true}]}}