{"id":1017,"date":"2025-02-03T23:46:05","date_gmt":"2025-02-03T22:46:05","guid":{"rendered":"https:\/\/sinodrew.pl\/?page_id=1017"},"modified":"2025-02-03T23:46:08","modified_gmt":"2025-02-03T22:46:08","slug":"vk-j276-cut-off-saws","status":"publish","type":"page","link":"https:\/\/sinodrew.pl\/en\/vk-j276-cut-off-saws\/","title":{"rendered":"VK-J276 Cut-off saws"},"content":{"rendered":"<div class=\"wp-block-group alignfull\"><div class=\"wp-block-group__inner-container is-layout-constrained wp-block-group-is-layout-constrained\">\n<style>\n\/*ciemny szary pasek na g\u00f3rze*\/\n.main.main-raised\n{background: rgb(255,255,255);\nbackground: linear-gradient(180deg, rgba(27,27,27,1) 0%, rgba(27,27,27,1) 37%, rgba(255,255,255,1) 37%);}\n\n.machine-tab table {\n  border-collapse: collapse;\n  border: none !important;\n  padding-top: 6px !important; padding-bottom: 6px !important; padding-left: 6px !important; \nfont-size: 0.85em !important;\n}\n.machine-tab th {\n  border-collapse: collapse;\n  padding-top: 6px; padding-bottom: 6px; padding-left: 6px;\n}\n.machine-tab td {\n  border-collapse: collapse;\n  border-bottom-color: #7F7F7F !important;\n  padding-top: 6px; padding-bottom: 6px; padding-left: 6px;\n}\n.parametr\n{\nbackground-color: #dcdcdc;\nborder-bottom-color: #7F7F7F !important;\nborder-top-color: #7F7F7F !important;\n}\n.model {\nborder-bottom-color: #aa0005 !important;\nborder-bottom-width: 0.3em !important;\n}\n<\/style>\n<\/div><\/div>\n\n\n\n<div class=\"wp-block-group alignfull is-content-justification-center is-layout-flex wp-container-core-group-is-layout-0957cd76 wp-block-group-is-layout-flex\">\n<figure class=\"wp-block-image size-large is-resized\" style=\"margin-right:var(--wp--preset--spacing--80);margin-left:var(--wp--preset--spacing--80)\"><img decoding=\"async\" src=\"https:\/\/sinodrew.pl\/machine\/img\/276.png\" alt=\"\" style=\"width:547px;height:auto\"\/><\/figure>\n\n\n\n<div class=\"wp-block-group wp-container-content-9cfa9a5a\" style=\"padding-right:var(--wp--preset--spacing--60);padding-left:var(--wp--preset--spacing--60)\"><div class=\"wp-block-group__inner-container is-layout-constrained wp-container-core-group-is-layout-4bf2bd6a wp-block-group-is-layout-constrained\">\n<div class=\"machine-tab\">\n<table width=\"100%\">\n\t<tr class=\"model\" style=\"background-color: #ffffff;\"><td width=\"25%\">Model<\/td><td>VK-J276<\/td><td>VK-J276B<\/td><\/tr>\n\t<tr style=\"background-color: #eeeeee;\"><td width=\"25%\" class=\"parametr\">Max. cutting width<\/td><td>520 mm<\/td><td>600 mm (thickness under 50 mm)<\/td><\/tr>\n\t<tr style=\"background-color: #ffffff;\"><td width=\"25%\" class=\"parametr\">Max. cutting thickness<\/td><td>200 mm<\/td><td>200 mm (width up to 200mm)<\/td><\/tr>\n\t<tr style=\"background-color: #eeeeee;\"><td width=\"25%\" class=\"parametr\">Saw blade size<\/td><td>\u03a6610 x \u03a630 x 90T x 5 mm<\/td><td>\u03a6630 x \u03a630 x 90T x 5 mm<\/td><\/tr>\n\t<tr style=\"background-color: #ffffff;\"><td width=\"25%\" class=\"parametr\">Cutting angle<\/td><td>90\u00b0<\/td><td>90\u00b0<\/td><\/tr>\n\t<tr style=\"background-color: #eeeeee;\"><td width=\"25%\" class=\"parametr\">Spindle speed<\/td><td>1850 rpm<\/td><td>1850 rpm<\/td><\/tr>\n\t<tr style=\"background-color: #ffffff;\"><td width=\"25%\" class=\"parametr\">Cylinder stroke<\/td><td>250 mm<\/td><td>200 mm\/100 mm<\/td><\/tr>\n\t<tr style=\"background-color: #eeeeee;\"><td width=\"25%\" class=\"parametr\">Power<\/td><td>7,5 kW<\/td><td>5,5 kW<\/td><\/tr>\n\t<tr style=\"background-color: #ffffff;\"><td width=\"25%\" class=\"parametr\">Weight<\/td><td>550 kg<\/td><td>700 kg<\/td><\/tr>\n\t<tr style=\"background-color: #eeeeee;\"><td width=\"25%\" class=\"parametr\">Dimensions<\/td><td>4250 x 1150 x 1300 mm<\/td><td>4250 x 1150 x 1300 mm<\/td><\/tr>\n\t<\/table>\n\t<\/div>\n<\/div><\/div>\n<\/div>\n\n\n\n<div class=\"wp-block-group alignwide\"><div class=\"wp-block-group__inner-container is-layout-constrained wp-container-core-group-is-layout-19e250f3 wp-block-group-is-layout-constrained\">\n<div class=\"wp-block-group is-content-justification-center is-layout-flex wp-container-core-group-is-layout-8e2b01c5 wp-block-group-is-layout-flex\" style=\"padding-top:var(--wp--preset--spacing--60);padding-bottom:var(--wp--preset--spacing--50)\">\n<div class=\"wp-block-group has-border-color has-background-color-border-color\" style=\"border-width:2px;min-height:0px;padding-top:0;padding-bottom:0\"><div class=\"wp-block-group__inner-container is-layout-constrained wp-container-core-group-is-layout-95730b41 wp-block-group-is-layout-constrained\">\n<figure class=\"wp-block-image size-full is-resized is-style-default\" style=\"margin-top:0;margin-bottom:0\"><a href=\"https:\/\/sinodrew.pl\/en\/product\/pila-tarczowa-vk-j276\/\"><img loading=\"lazy\" decoding=\"async\" width=\"799\" height=\"655\" src=\"https:\/\/sinodrew.pl\/wp-content\/uploads\/2024\/11\/VK-J276.png\" alt=\"\" class=\"wp-image-152\" style=\"width:200px\" srcset=\"https:\/\/sinodrew.pl\/wp-content\/uploads\/2024\/11\/VK-J276.png 799w, https:\/\/sinodrew.pl\/wp-content\/uploads\/2024\/11\/VK-J276-600x492.png 600w, https:\/\/sinodrew.pl\/wp-content\/uploads\/2024\/11\/VK-J276-300x246.png 300w, https:\/\/sinodrew.pl\/wp-content\/uploads\/2024\/11\/VK-J276-768x630.png 768w\" sizes=\"auto, (max-width: 799px) 100vw, 799px\" \/><\/a><\/figure>\n\n\n\n<div class=\"wp-block-buttons is-content-justification-left is-layout-flex wp-container-core-buttons-is-layout-fc4fd283 wp-block-buttons-is-layout-flex\">\n<div class=\"wp-block-button has-custom-width wp-block-button__width-100 has-custom-font-size is-style-fill has-medium-font-size\"><a class=\"wp-block-button__link has-white-color has-text-color has-background has-link-color has-text-align-left wp-element-button\" href=\"https:\/\/sinodrew.pl\/en\/product\/pila-tarczowa-vk-j276\/\" style=\"border-radius:0px;background:linear-gradient(135deg,rgb(170,0,5) 0%,rgb(170,0,5) 100%);padding-top:var(--wp--preset--spacing--20);padding-right:var(--wp--preset--spacing--40);padding-bottom:var(--wp--preset--spacing--20);padding-left:var(--wp--preset--spacing--40)\">VK-J276<\/a><\/div>\n<\/div>\n<\/div><\/div>\n\n\n\n<div class=\"wp-block-group has-border-color has-background-color-border-color\" style=\"border-width:2px;min-height:0px;padding-top:0;padding-bottom:0\"><div class=\"wp-block-group__inner-container is-layout-constrained wp-container-core-group-is-layout-95730b41 wp-block-group-is-layout-constrained\">\n<figure class=\"wp-block-image size-full is-resized is-style-default\" style=\"margin-top:0;margin-bottom:0\"><img loading=\"lazy\" decoding=\"async\" width=\"799\" height=\"655\" src=\"https:\/\/sinodrew.pl\/wp-content\/uploads\/2024\/11\/VK-J276B.png\" alt=\"\" class=\"wp-image-123\" style=\"width:200px\" srcset=\"https:\/\/sinodrew.pl\/wp-content\/uploads\/2024\/11\/VK-J276B.png 799w, https:\/\/sinodrew.pl\/wp-content\/uploads\/2024\/11\/VK-J276B-600x492.png 600w, https:\/\/sinodrew.pl\/wp-content\/uploads\/2024\/11\/VK-J276B-300x246.png 300w, https:\/\/sinodrew.pl\/wp-content\/uploads\/2024\/11\/VK-J276B-768x630.png 768w\" sizes=\"auto, (max-width: 799px) 100vw, 799px\" \/><\/figure>\n\n\n\n<div class=\"wp-block-buttons is-content-justification-left is-layout-flex wp-container-core-buttons-is-layout-fc4fd283 wp-block-buttons-is-layout-flex\">\n<div class=\"wp-block-button has-custom-width wp-block-button__width-100 has-custom-font-size has-medium-font-size\"><a class=\"wp-block-button__link has-white-color has-text-color has-background has-link-color has-text-align-left wp-element-button\" href=\"https:\/\/sinodrew.pl\/en\/product\/pila-tarczowa-vk-j276b\/\" style=\"border-radius:0px;background:linear-gradient(135deg,rgb(170,0,5) 0%,rgb(170,0,5) 100%);padding-top:var(--wp--preset--spacing--20);padding-right:var(--wp--preset--spacing--40);padding-bottom:var(--wp--preset--spacing--20);padding-left:var(--wp--preset--spacing--40)\">VK-J276B<\/a><\/div>\n<\/div>\n<\/div><\/div>\n<\/div>\n<\/div><\/div>","protected":false},"excerpt":{"rendered":"<p>Model VK-J276 VK-J276B Maks. szeroko\u015b\u0107 ci\u0119cia 520 mm 600 mm (przy grubo\u015bci do 50 mm) Maks. grubo\u015b\u0107 ci\u0119cia 200 mm 200 mm (przy szeroko\u015bci do 200 mm) Rozmiar pi\u0142y \u03a6610 x \u03a630 x 90T x 5 mm \u03a6630 x \u03a630 x 90T x 5 mm K\u0105t ci\u0119cia 90\u00b0 90\u00b0 Pr\u0119dko\u015b\u0107 [&hellip;]<\/p>","protected":false},"author":1,"featured_media":0,"parent":0,"menu_order":0,"comment_status":"closed","ping_status":"closed","template":"","meta":{"footnotes":""},"class_list":["post-1017","page","type-page","status-publish","hentry"],"yoast_head":"<!-- This site is optimized with the Yoast SEO plugin v25.6 - https:\/\/yoast.com\/wordpress\/plugins\/seo\/ -->\n<title>VK-J276 Cut-off saws - SINODREW<\/title>\n<meta name=\"robots\" content=\"index, follow, max-snippet:-1, max-image-preview:large, max-video-preview:-1\" \/>\n<link rel=\"canonical\" href=\"https:\/\/sinodrew.pl\/en\/vk-j276-cut-off-saws\/\" \/>\n<meta property=\"og:locale\" content=\"en_GB\" \/>\n<meta property=\"og:type\" content=\"article\" \/>\n<meta property=\"og:title\" content=\"VK-J276 Cut-off saws - SINODREW\" \/>\n<meta property=\"og:description\" content=\"Model VK-J276 VK-J276B Maks. szeroko\u015b\u0107 ci\u0119cia 520 mm 600 mm (przy grubo\u015bci do 50 mm) Maks. grubo\u015b\u0107 ci\u0119cia 200 mm 200 mm (przy szeroko\u015bci do 200 mm) Rozmiar pi\u0142y \u03a6610 x \u03a630 x 90T x 5 mm \u03a6630 x \u03a630 x 90T x 5 mm K\u0105t ci\u0119cia 90\u00b0 90\u00b0 Pr\u0119dko\u015b\u0107 [&hellip;]\" \/>\n<meta property=\"og:url\" content=\"https:\/\/sinodrew.pl\/en\/vk-j276-cut-off-saws\/\" \/>\n<meta property=\"og:site_name\" content=\"SINODREW\" \/>\n<meta property=\"article:modified_time\" content=\"2025-02-03T22:46:08+00:00\" \/>\n<meta property=\"og:image\" content=\"https:\/\/sinodrew.pl\/machine\/img\/276.png\" \/>\n<meta name=\"twitter:card\" content=\"summary_large_image\" \/>\n<meta name=\"twitter:label1\" content=\"Estimated reading time\" \/>\n\t<meta name=\"twitter:data1\" content=\"2 minutes\" \/>\n<script type=\"application\/ld+json\" class=\"yoast-schema-graph\">{\"@context\":\"https:\/\/schema.org\",\"@graph\":[{\"@type\":\"WebPage\",\"@id\":\"https:\/\/sinodrew.pl\/en\/vk-j276-cut-off-saws\/\",\"url\":\"https:\/\/sinodrew.pl\/en\/vk-j276-cut-off-saws\/\",\"name\":\"VK-J276 Cut-off saws - SINODREW\",\"isPartOf\":{\"@id\":\"https:\/\/sinodrew.pl\/en\/#website\"},\"primaryImageOfPage\":{\"@id\":\"https:\/\/sinodrew.pl\/en\/vk-j276-cut-off-saws\/#primaryimage\"},\"image\":{\"@id\":\"https:\/\/sinodrew.pl\/en\/vk-j276-cut-off-saws\/#primaryimage\"},\"thumbnailUrl\":\"https:\/\/sinodrew.pl\/machine\/img\/276.png\",\"datePublished\":\"2025-02-03T22:46:05+00:00\",\"dateModified\":\"2025-02-03T22:46:08+00:00\",\"breadcrumb\":{\"@id\":\"https:\/\/sinodrew.pl\/en\/vk-j276-cut-off-saws\/#breadcrumb\"},\"inLanguage\":\"en-GB\",\"potentialAction\":[{\"@type\":\"ReadAction\",\"target\":[\"https:\/\/sinodrew.pl\/en\/vk-j276-cut-off-saws\/\"]}]},{\"@type\":\"ImageObject\",\"inLanguage\":\"en-GB\",\"@id\":\"https:\/\/sinodrew.pl\/en\/vk-j276-cut-off-saws\/#primaryimage\",\"url\":\"https:\/\/sinodrew.pl\/machine\/img\/276.png\",\"contentUrl\":\"https:\/\/sinodrew.pl\/machine\/img\/276.png\"},{\"@type\":\"BreadcrumbList\",\"@id\":\"https:\/\/sinodrew.pl\/en\/vk-j276-cut-off-saws\/#breadcrumb\",\"itemListElement\":[{\"@type\":\"ListItem\",\"position\":1,\"name\":\"Strona g\u0142\u00f3wna\",\"item\":\"https:\/\/sinodrew.pl\/en\/\"},{\"@type\":\"ListItem\",\"position\":2,\"name\":\"VK-J276 Cut-off saws\"}]},{\"@type\":\"WebSite\",\"@id\":\"https:\/\/sinodrew.pl\/en\/#website\",\"url\":\"https:\/\/sinodrew.pl\/en\/\",\"name\":\"SINODREW\",\"description\":\"\",\"publisher\":{\"@id\":\"https:\/\/sinodrew.pl\/en\/#organization\"},\"potentialAction\":[{\"@type\":\"SearchAction\",\"target\":{\"@type\":\"EntryPoint\",\"urlTemplate\":\"https:\/\/sinodrew.pl\/en\/?s={search_term_string}\"},\"query-input\":{\"@type\":\"PropertyValueSpecification\",\"valueRequired\":true,\"valueName\":\"search_term_string\"}}],\"inLanguage\":\"en-GB\"},{\"@type\":\"Organization\",\"@id\":\"https:\/\/sinodrew.pl\/en\/#organization\",\"name\":\"SINODREW\",\"url\":\"https:\/\/sinodrew.pl\/en\/\",\"logo\":{\"@type\":\"ImageObject\",\"inLanguage\":\"en-GB\",\"@id\":\"https:\/\/sinodrew.pl\/en\/#\/schema\/logo\/image\/\",\"url\":\"https:\/\/sinodrew.pl\/wp-content\/uploads\/2024\/12\/sinodrew_logo.jpg\",\"contentUrl\":\"https:\/\/sinodrew.pl\/wp-content\/uploads\/2024\/12\/sinodrew_logo.jpg\",\"width\":2300,\"height\":971,\"caption\":\"SINODREW\"},\"image\":{\"@id\":\"https:\/\/sinodrew.pl\/en\/#\/schema\/logo\/image\/\"}}]}<\/script>\n<!-- \/ Yoast SEO plugin. -->","yoast_head_json":{"title":"VK-J276 Cut-off saws - SINODREW","robots":{"index":"index","follow":"follow","max-snippet":"max-snippet:-1","max-image-preview":"max-image-preview:large","max-video-preview":"max-video-preview:-1"},"canonical":"https:\/\/sinodrew.pl\/en\/vk-j276-cut-off-saws\/","og_locale":"en_GB","og_type":"article","og_title":"VK-J276 Cut-off saws - SINODREW","og_description":"Model VK-J276 VK-J276B Maks. szeroko\u015b\u0107 ci\u0119cia 520 mm 600 mm (przy grubo\u015bci do 50 mm) Maks. grubo\u015b\u0107 ci\u0119cia 200 mm 200 mm (przy szeroko\u015bci do 200 mm) Rozmiar pi\u0142y \u03a6610 x \u03a630 x 90T x 5 mm \u03a6630 x \u03a630 x 90T x 5 mm K\u0105t ci\u0119cia 90\u00b0 90\u00b0 Pr\u0119dko\u015b\u0107 [&hellip;]","og_url":"https:\/\/sinodrew.pl\/en\/vk-j276-cut-off-saws\/","og_site_name":"SINODREW","article_modified_time":"2025-02-03T22:46:08+00:00","og_image":[{"url":"https:\/\/sinodrew.pl\/machine\/img\/276.png","type":"","width":"","height":""}],"twitter_card":"summary_large_image","twitter_misc":{"Estimated reading time":"2 minutes"},"schema":{"@context":"https:\/\/schema.org","@graph":[{"@type":"WebPage","@id":"https:\/\/sinodrew.pl\/en\/vk-j276-cut-off-saws\/","url":"https:\/\/sinodrew.pl\/en\/vk-j276-cut-off-saws\/","name":"VK-J276 Cut-off saws - SINODREW","isPartOf":{"@id":"https:\/\/sinodrew.pl\/en\/#website"},"primaryImageOfPage":{"@id":"https:\/\/sinodrew.pl\/en\/vk-j276-cut-off-saws\/#primaryimage"},"image":{"@id":"https:\/\/sinodrew.pl\/en\/vk-j276-cut-off-saws\/#primaryimage"},"thumbnailUrl":"https:\/\/sinodrew.pl\/machine\/img\/276.png","datePublished":"2025-02-03T22:46:05+00:00","dateModified":"2025-02-03T22:46:08+00:00","breadcrumb":{"@id":"https:\/\/sinodrew.pl\/en\/vk-j276-cut-off-saws\/#breadcrumb"},"inLanguage":"en-GB","potentialAction":[{"@type":"ReadAction","target":["https:\/\/sinodrew.pl\/en\/vk-j276-cut-off-saws\/"]}]},{"@type":"ImageObject","inLanguage":"en-GB","@id":"https:\/\/sinodrew.pl\/en\/vk-j276-cut-off-saws\/#primaryimage","url":"https:\/\/sinodrew.pl\/machine\/img\/276.png","contentUrl":"https:\/\/sinodrew.pl\/machine\/img\/276.png"},{"@type":"BreadcrumbList","@id":"https:\/\/sinodrew.pl\/en\/vk-j276-cut-off-saws\/#breadcrumb","itemListElement":[{"@type":"ListItem","position":1,"name":"Strona g\u0142\u00f3wna","item":"https:\/\/sinodrew.pl\/en\/"},{"@type":"ListItem","position":2,"name":"VK-J276 Cut-off saws"}]},{"@type":"WebSite","@id":"https:\/\/sinodrew.pl\/en\/#website","url":"https:\/\/sinodrew.pl\/en\/","name":"SINODREW","description":"","publisher":{"@id":"https:\/\/sinodrew.pl\/en\/#organization"},"potentialAction":[{"@type":"SearchAction","target":{"@type":"EntryPoint","urlTemplate":"https:\/\/sinodrew.pl\/en\/?s={search_term_string}"},"query-input":{"@type":"PropertyValueSpecification","valueRequired":true,"valueName":"search_term_string"}}],"inLanguage":"en-GB"},{"@type":"Organization","@id":"https:\/\/sinodrew.pl\/en\/#organization","name":"SINODREW","url":"https:\/\/sinodrew.pl\/en\/","logo":{"@type":"ImageObject","inLanguage":"en-GB","@id":"https:\/\/sinodrew.pl\/en\/#\/schema\/logo\/image\/","url":"https:\/\/sinodrew.pl\/wp-content\/uploads\/2024\/12\/sinodrew_logo.jpg","contentUrl":"https:\/\/sinodrew.pl\/wp-content\/uploads\/2024\/12\/sinodrew_logo.jpg","width":2300,"height":971,"caption":"SINODREW"},"image":{"@id":"https:\/\/sinodrew.pl\/en\/#\/schema\/logo\/image\/"}}]}},"_links":{"self":[{"href":"https:\/\/sinodrew.pl\/en\/wp-json\/wp\/v2\/pages\/1017","targetHints":{"allow":["GET"]}}],"collection":[{"href":"https:\/\/sinodrew.pl\/en\/wp-json\/wp\/v2\/pages"}],"about":[{"href":"https:\/\/sinodrew.pl\/en\/wp-json\/wp\/v2\/types\/page"}],"author":[{"embeddable":true,"href":"https:\/\/sinodrew.pl\/en\/wp-json\/wp\/v2\/users\/1"}],"replies":[{"embeddable":true,"href":"https:\/\/sinodrew.pl\/en\/wp-json\/wp\/v2\/comments?post=1017"}],"version-history":[{"count":0,"href":"https:\/\/sinodrew.pl\/en\/wp-json\/wp\/v2\/pages\/1017\/revisions"}],"wp:attachment":[{"href":"https:\/\/sinodrew.pl\/en\/wp-json\/wp\/v2\/media?parent=1017"}],"curies":[{"name":"wp","href":"https:\/\/api.w.org\/{rel}","templated":true}]}}